{"id":56859,"date":"2025-03-31T14:13:21","date_gmt":"2025-03-31T12:13:21","guid":{"rendered":"https:\/\/greenbuildingeurope.eu\/?page_id=56859"},"modified":"2025-04-11T00:28:36","modified_gmt":"2025-04-10T22:28:36","slug":"om-os","status":"publish","type":"page","link":"https:\/\/greenbuildingeurope.eu\/da\/om-os\/","title":{"rendered":"Om os"},"content":{"rendered":"\n<h1 class=\"wp-block-heading has-text-align-center\">Velkommen!<\/h1>\n\n<hr class=\"wp-block-separator has-alpha-channel-opacity\"\/>\n\n<p><br\/>Green Building Europe er et netv\u00e6rk, der forbinder b\u00e6redygtighedsfokuserede fagfolk inden for gr\u00f8nt byggeri og husejere med leverand\u00f8rer af energieffektive og b\u00e6redygtige produkter. Vores mission er at fremme gr\u00f8nt byggeri som en m\u00e5de at reducere den massive indvirkning, som bygninger og byggeri har p\u00e5 milj\u00f8et. Det g\u00f8r vi gennem uddannelse, netv\u00e6rk og ops\u00f8gende arbejde.    <\/p>\n\n<p>Med vores bibliotek af ressourceguides, artikler og nyhedsbrev<a href=\"https:\/\/greenbuildingeurope.eu\/da\/abonner\/\">(tilmeld dig her)<\/a> fors\u00f8ger vi at informere og inspirere l\u00e6serne til en b\u00e6redygtig tilgang til byggeriet. For at st\u00f8tte branchen fungerer vi som et knudepunkt, der forbinder udbydere af b\u00e6redygtige produkter og tjenester med dem, der s\u00f8ger efter dem. Vi fremmer vores m\u00e5l ved at lette handelen mellem leverand\u00f8rer af b\u00e6redygtige byggeprodukter i Europa og andre lande.    <\/p>\n\n<div class=\"wp-block-uagb-container uagb-block-81543e0d alignfull uagb-is-root-container\"><div class=\"uagb-container-inner-blocks-wrap\">\n<div class=\"wp-block-uagb-call-to-action uagb-block-94f9622d wp-block-button\"><div class=\"uagb-cta__wrap\"><h3 class=\"uagb-cta__title\">Udvid dit brand<\/h3><p class=\"uagb-cta__desc\">Kontakt os for at f\u00e5 flere oplysninger om, hvordan vi kan hj\u00e6lpe dit brand med at n\u00e5 sit salgspotentiale.<\/p><\/div><div class=\"uagb-cta__buttons\"><a href=\"https:\/\/greenbuildingeurope.eu\/da\/kontakt\/\" class=\"uagb-cta__button-link-wrapper wp-block-button__link\" target=\"_self\" rel=\"noopener noreferrer\">Kontakt os<svg xmlns=\"https:\/\/www.w3.org\/2000\/svg\" viewbox=\"0 0 512 512\"><path d=\"M504.3 273.6l-112.1 104c-6.992 6.484-17.18 8.218-25.94 4.406c-8.758-3.812-14.42-12.45-14.42-21.1L351.9 288H32C14.33 288 .0002 273.7 .0002 255.1S14.33 224 32 224h319.9l0-72c0-9.547 5.66-18.19 14.42-22c8.754-3.809 18.95-2.075 25.94 4.41l112.1 104C514.6 247.9 514.6 264.1 504.3 273.6z\"><\/path><\/svg><\/a><\/div><\/div>\n<\/div><\/div>\n","protected":false},"excerpt":{"rendered":"<p>Velkommen! Green Building Europe er et netv\u00e6rk, der forbinder b\u00e6redygtighedsfokuserede fagfolk inden for gr\u00f8nt byggeri og husejere med leverand\u00f8rer af energieffektive og b\u00e6redygtige produkter. Vores mission er at fremme gr\u00f8nt byggeri som en m\u00e5de at reducere den massive indvirkning, som [&hellip;]<\/p>\n","protected":false},"author":93,"featured_media":0,"parent":0,"menu_order":0,"comment_status":"closed","ping_status":"closed","template":"","meta":{"_uag_custom_page_level_css":"","site-sidebar-layout":"default","site-content-layout":"","ast-site-content-layout":"default","site-content-style":"default","site-sidebar-style":"default","ast-global-header-display":"","ast-banner-title-visibility":"","ast-main-header-display":"","ast-hfb-above-header-display":"","ast-hfb-below-header-display":"","ast-hfb-mobile-header-display":"","site-post-title":"disabled","ast-breadcrumbs-content":"","ast-featured-img":"","footer-sml-layout":"","ast-disable-related-posts":"","theme-transparent-header-meta":"","adv-header-id-meta":"","stick-header-meta":"","header-above-stick-meta":"","header-main-stick-meta":"","header-below-stick-meta":"","astra-migrate-meta-layouts":"default","ast-page-background-enabled":"default","ast-page-background-meta":{"desktop":{"background-color":"var(--ast-global-color-4)","background-image":"","background-repeat":"repeat","background-position":"center center","background-size":"auto","background-attachment":"scroll","background-type":"","background-media":"","overlay-type":"","overlay-color":"","overlay-opacity":"","overlay-gradient":""},"tablet":{"background-color":"","background-image":"","background-repeat":"repeat","background-position":"center center","background-size":"auto","background-attachment":"scroll","background-type":"","background-media":"","overlay-type":"","overlay-color":"","overlay-opacity":"","overlay-gradient":""},"mobile":{"background-color":"","background-image":"","background-repeat":"repeat","background-position":"center center","background-size":"auto","background-attachment":"scroll","background-type":"","background-media":"","overlay-type":"","overlay-color":"","overlay-opacity":"","overlay-gradient":""}},"ast-content-background-meta":{"desktop":{"background-color":"var(--ast-global-color-5)","background-image":"","background-repeat":"repeat","background-position":"center center","background-size":"auto","background-attachment":"scroll","background-type":"","background-media":"","overlay-type":"","overlay-color":"","overlay-opacity":"","overlay-gradient":""},"tablet":{"background-color":"var(--ast-global-color-5)","background-image":"","background-repeat":"repeat","background-position":"center center","background-size":"auto","background-attachment":"scroll","background-type":"","background-media":"","overlay-type":"","overlay-color":"","overlay-opacity":"","overlay-gradient":""},"mobile":{"background-color":"var(--ast-global-color-5)","background-image":"","background-repeat":"repeat","background-position":"center center","background-size":"auto","background-attachment":"scroll","background-type":"","background-media":"","overlay-type":"","overlay-color":"","overlay-opacity":"","overlay-gradient":""}},"footnotes":""},"class_list":["post-56859","page","type-page","status-publish","hentry"],"uagb_featured_image_src":{"full":false,"thumbnail":false,"medium":false,"medium_large":false,"large":false,"1536x1536":false,"2048x2048":false},"uagb_author_info":{"display_name":"","author_link":"https:\/\/greenbuildingeurope.eu\/da\/author\/"},"uagb_comment_info":0,"uagb_excerpt":"Velkommen! Green Building Europe er et netv\u00e6rk, der forbinder b\u00e6redygtighedsfokuserede fagfolk inden for gr\u00f8nt byggeri og husejere med leverand\u00f8rer af energieffektive og b\u00e6redygtige produkter. Vores mission er at fremme gr\u00f8nt byggeri som en m\u00e5de at reducere den massive indvirkning, som [&hellip;]","_links":{"self":[{"href":"https:\/\/greenbuildingeurope.eu\/da\/wp-json\/wp\/v2\/pages\/56859","targetHints":{"allow":["GET"]}}],"collection":[{"href":"https:\/\/greenbuildingeurope.eu\/da\/wp-json\/wp\/v2\/pages"}],"about":[{"href":"https:\/\/greenbuildingeurope.eu\/da\/wp-json\/wp\/v2\/types\/page"}],"author":[{"embeddable":true,"href":"https:\/\/greenbuildingeurope.eu\/da\/wp-json\/wp\/v2\/users\/93"}],"replies":[{"embeddable":true,"href":"https:\/\/greenbuildingeurope.eu\/da\/wp-json\/wp\/v2\/comments?post=56859"}],"version-history":[{"count":0,"href":"https:\/\/greenbuildingeurope.eu\/da\/wp-json\/wp\/v2\/pages\/56859\/revisions"}],"wp:attachment":[{"href":"https:\/\/greenbuildingeurope.eu\/da\/wp-json\/wp\/v2\/media?parent=56859"}],"curies":[{"name":"wp","href":"https:\/\/api.w.org\/{rel}","templated":true}]}}