{"id":57085,"date":"2025-04-10T11:00:46","date_gmt":"2025-04-10T09:00:46","guid":{"rendered":"https:\/\/greenbuildingeurope.eu\/?page_id=57085"},"modified":"2025-04-11T00:28:36","modified_gmt":"2025-04-10T22:28:36","slug":"vilkaar-og-betingelser","status":"publish","type":"page","link":"https:\/\/greenbuildingeurope.eu\/da\/vilkaar-og-betingelser\/","title":{"rendered":"Vilk\u00e5r og betingelser"},"content":{"rendered":"\n<h1 class=\"wp-block-heading has-text-align-center\">Vilk\u00e5r og betingelser<\/h1>\n\n<hr class=\"wp-block-separator has-alpha-channel-opacity\"\/>\n\n<p>Velkommen til vores hjemmeside. Hvis du forts\u00e6tter med at gennemse og bruge dette websted, accepterer du at overholde og v\u00e6re bundet af f\u00f8lgende vilk\u00e5r og betingelser for brug, som sammen med vores privatlivspolitik styrer Green Building Europes forhold til dig i forhold til dette websted. Hvis du er uenig i nogen del af disse vilk\u00e5r og betingelser, bedes du undlade at bruge vores hjemmeside.  <\/p>\n\n<p>Udtrykket &#8218;Green Building Europe&#8219; eller &#8218;os&#8219; eller &#8218;vi&#8219; henviser til ejeren af hjemmesiden. Udtrykket &#8218;du&#8219; henviser til brugeren eller seeren af vores hjemmeside. <\/p>\n\n<p>Brugen af dette websted er underlagt f\u00f8lgende brugsbetingelser:<\/p>\n\n<ul class=\"wp-block-list\">\n<li>Indholdet af siderne p\u00e5 dette websted er kun til din generelle information og brug. Det kan \u00e6ndres uden varsel. <\/li>\n\n\n\n<li>Dette websted bruger cookies til at overv\u00e5ge browserpr\u00e6ferencer. Hvis du tillader, at der bruges cookies, kan f\u00f8lgende personlige oplysninger blive gemt af os til brug for tredjeparter: Google Analytics, Google Adsense, Google Adwords. <\/li>\n\n\n\n<li>Hverken vi eller nogen tredjepart giver nogen garanti for n\u00f8jagtigheden, aktualiteten, ydeevnen, fuldst\u00e6ndigheden eller egnetheden af de oplysninger og materialer, der findes eller tilbydes p\u00e5 dette websted til noget bestemt form\u00e5l. Du anerkender, at s\u00e5danne oplysninger og materialer kan indeholde un\u00f8jagtigheder eller fejl, og vi udelukker udtrykkeligt ansvar for s\u00e5danne un\u00f8jagtigheder eller fejl i det fulde omfang, som loven tillader. <\/li>\n\n\n\n<li>Din brug af oplysninger eller materialer p\u00e5 dette websted er helt p\u00e5 egen risiko, som vi ikke kan holdes ansvarlige for. Det er dit eget ansvar at sikre, at alle produkter, tjenester eller oplysninger, der er tilg\u00e6ngelige via dette websted, opfylder dine specifikke krav. <\/li>\n\n\n\n<li>Dette websted indeholder materiale, der ejes af eller er licenseret til os. Dette materiale omfatter, men er ikke begr\u00e6nset til, design, layout, udseende og grafik. Reproduktion er forbudt undtagen i overensstemmelse med meddelelsen om ophavsret, som er en del af disse vilk\u00e5r og betingelser.  <\/li>\n\n\n\n<li>Alle varem\u00e6rker, der gengives p\u00e5 dette websted, og som ikke tilh\u00f8rer eller er licenseret til operat\u00f8ren, anerkendes p\u00e5 webstedet.<\/li>\n\n\n\n<li>Uautoriseret brug af dette websted kan give anledning til erstatningskrav og\/eller v\u00e6re en strafbar handling.<\/li>\n\n\n\n<li>Fra tid til anden kan dette websted ogs\u00e5 indeholde links til andre websteder. Disse links stilles til r\u00e5dighed for din bekvemmelighed for at give yderligere oplysninger. De betyder ikke, at vi st\u00f8tter hjemmesiden(e). Vi har intet ansvar for indholdet af de linkede hjemmesider.   <\/li>\n\n\n\n<li>Din brug af dette websted og enhver tvist, der opst\u00e5r som f\u00f8lge af en s\u00e5dan brug af webstedet, er underlagt lovgivningen i Italien.<\/li>\n<\/ul>\n\n<h2 class=\"wp-block-heading has-text-align-center\">Ansvarsfraskrivelse p\u00e5 hjemmesiden<\/h2>\n\n<hr class=\"wp-block-separator has-alpha-channel-opacity\"\/>\n\n<div>\n<p>Oplysningerne p\u00e5 dette websted er kun til generel information. Oplysningerne leveres af Green Building Europe, og selvom vi bestr\u00e6ber os p\u00e5 at holde oplysningerne opdaterede og korrekte, frems\u00e6tter vi ingen erkl\u00e6ringer eller garantier af nogen art, udtrykkeligt eller underforst\u00e5et, om fuldst\u00e6ndighed, n\u00f8jagtighed, p\u00e5lidelighed, egnethed eller tilg\u00e6ngelighed med hensyn til webstedet eller oplysningerne, produkterne, tjenesterne eller den relaterede grafik, der findes p\u00e5 webstedet til ethvert form\u00e5l. Enhver tillid, du s\u00e6tter til s\u00e5danne oplysninger, er derfor strengt p\u00e5 din egen risiko.  <\/p>\n<p>Vi er under ingen omst\u00e6ndigheder ansvarlige for tab eller skader, herunder uden begr\u00e6nsning indirekte tab eller f\u00f8lgeskader eller tab eller skader, der opst\u00e5r som f\u00f8lge af tab af data eller fortjeneste, der opst\u00e5r som f\u00f8lge af eller i forbindelse med brugen af dette websted.<\/p>\n<p>Via denne hjemmeside kan du linke til andre hjemmesider, som ikke er under Green Building Europes kontrol. Vi har ingen kontrol over arten, indholdet og tilg\u00e6ngeligheden af disse websteder. Inkluderingen af links indeb\u00e6rer ikke n\u00f8dvendigvis en anbefaling eller godkendelse af de synspunkter, der udtrykkes p\u00e5 dem.  <\/p>\n<p>Vi g\u00f8r alt, hvad vi kan, for at holde hjemmesiden oppe og k\u00f8re problemfrit. Green Building Europe p\u00e5tager sig dog intet ansvar for, at hjemmesiden midlertidigt ikke er tilg\u00e6ngelig p\u00e5 grund af tekniske problemer uden for vores kontrol. <\/p>\n<\/div>\n","protected":false},"excerpt":{"rendered":"<p>Vilk\u00e5r og betingelser Velkommen til vores hjemmeside. Hvis du forts\u00e6tter med at gennemse og bruge dette websted, accepterer du at overholde og v\u00e6re bundet af f\u00f8lgende vilk\u00e5r og betingelser for brug, som sammen med vores privatlivspolitik styrer Green Building Europes [&hellip;]<\/p>\n","protected":false},"author":93,"featured_media":0,"parent":0,"menu_order":0,"comment_status":"open","ping_status":"closed","template":"","meta":{"_uag_custom_page_level_css":"","site-sidebar-layout":"default","site-content-layout":"default","ast-site-content-layout":"default","site-content-style":"default","site-sidebar-style":"default","ast-global-header-display":"","ast-banner-title-visibility":"","ast-main-header-display":"","ast-hfb-above-header-display":"","ast-hfb-below-header-display":"","ast-hfb-mobile-header-display":"","site-post-title":"disabled","ast-breadcrumbs-content":"","ast-featured-img":"","footer-sml-layout":"","ast-disable-related-posts":"","theme-transparent-header-meta":"default","adv-header-id-meta":"","stick-header-meta":"default","header-above-stick-meta":"","header-main-stick-meta":"","header-below-stick-meta":"","astra-migrate-meta-layouts":"default","ast-page-background-enabled":"default","ast-page-background-meta":{"desktop":{"background-color":"var(--ast-global-color-4)","background-image":"","background-repeat":"repeat","background-position":"center center","background-size":"auto","background-attachment":"scroll","background-type":"","background-media":"","overlay-type":"","overlay-color":"","overlay-opacity":"","overlay-gradient":""},"tablet":{"background-color":"","background-image":"","background-repeat":"repeat","background-position":"center center","background-size":"auto","background-attachment":"scroll","background-type":"","background-media":"","overlay-type":"","overlay-color":"","overlay-opacity":"","overlay-gradient":""},"mobile":{"background-color":"","background-image":"","background-repeat":"repeat","background-position":"center center","background-size":"auto","background-attachment":"scroll","background-type":"","background-media":"","overlay-type":"","overlay-color":"","overlay-opacity":"","overlay-gradient":""}},"ast-content-background-meta":{"desktop":{"background-color":"var(--ast-global-color-5)","background-image":"","background-repeat":"repeat","background-position":"center center","background-size":"auto","background-attachment":"scroll","background-type":"","background-media":"","overlay-type":"","overlay-color":"","overlay-opacity":"","overlay-gradient":""},"tablet":{"background-color":"var(--ast-global-color-5)","background-image":"","background-repeat":"repeat","background-position":"center center","background-size":"auto","background-attachment":"scroll","background-type":"","background-media":"","overlay-type":"","overlay-color":"","overlay-opacity":"","overlay-gradient":""},"mobile":{"background-color":"var(--ast-global-color-5)","background-image":"","background-repeat":"repeat","background-position":"center center","background-size":"auto","background-attachment":"scroll","background-type":"","background-media":"","overlay-type":"","overlay-color":"","overlay-opacity":"","overlay-gradient":""}},"footnotes":""},"class_list":["post-57085","page","type-page","status-publish","hentry"],"uagb_featured_image_src":{"full":false,"thumbnail":false,"medium":false,"medium_large":false,"large":false,"1536x1536":false,"2048x2048":false},"uagb_author_info":{"display_name":"","author_link":"https:\/\/greenbuildingeurope.eu\/da\/author\/"},"uagb_comment_info":0,"uagb_excerpt":"Vilk\u00e5r og betingelser Velkommen til vores hjemmeside. Hvis du forts\u00e6tter med at gennemse og bruge dette websted, accepterer du at overholde og v\u00e6re bundet af f\u00f8lgende vilk\u00e5r og betingelser for brug, som sammen med vores privatlivspolitik styrer Green Building Europes [&hellip;]","_links":{"self":[{"href":"https:\/\/greenbuildingeurope.eu\/da\/wp-json\/wp\/v2\/pages\/57085","targetHints":{"allow":["GET"]}}],"collection":[{"href":"https:\/\/greenbuildingeurope.eu\/da\/wp-json\/wp\/v2\/pages"}],"about":[{"href":"https:\/\/greenbuildingeurope.eu\/da\/wp-json\/wp\/v2\/types\/page"}],"author":[{"embeddable":true,"href":"https:\/\/greenbuildingeurope.eu\/da\/wp-json\/wp\/v2\/users\/93"}],"replies":[{"embeddable":true,"href":"https:\/\/greenbuildingeurope.eu\/da\/wp-json\/wp\/v2\/comments?post=57085"}],"version-history":[{"count":0,"href":"https:\/\/greenbuildingeurope.eu\/da\/wp-json\/wp\/v2\/pages\/57085\/revisions"}],"wp:attachment":[{"href":"https:\/\/greenbuildingeurope.eu\/da\/wp-json\/wp\/v2\/media?parent=57085"}],"curies":[{"name":"wp","href":"https:\/\/api.w.org\/{rel}","templated":true}]}}