{"id":57106,"date":"2025-04-10T13:00:06","date_gmt":"2025-04-10T11:00:06","guid":{"rendered":"https:\/\/greenbuildingeurope.eu\/?page_id=57106"},"modified":"2025-04-11T00:28:35","modified_gmt":"2025-04-10T22:28:35","slug":"fortrolighedspolitik","status":"publish","type":"page","link":"https:\/\/greenbuildingeurope.eu\/da\/fortrolighedspolitik\/","title":{"rendered":"Fortrolighedspolitik"},"content":{"rendered":"\n<h1 class=\"wp-block-heading has-text-align-center\">Politik for beskyttelse af personlige oplysninger<\/h1>\n\n<hr class=\"wp-block-separator has-alpha-channel-opacity\"\/>\n\n<p>Det websted, du bes\u00f8ger, ejes og drives af Green Building Europe. Dit privatliv p\u00e5 internettet er af allerst\u00f8rste betydning for os. Hos Green Building Europe \u00f8nsker vi at g\u00f8re din oplevelse online tilfredsstillende og sikker. Da vi indsamler visse typer oplysninger om vores brugere, mener vi, at du fuldt ud b\u00f8r forst\u00e5 vores politik og de vilk\u00e5r og betingelser, der g\u00e6lder for indsamling og brug af disse oplysninger. Denne erkl\u00e6ring om beskyttelse af personlige oplysninger beskriver, hvilke oplysninger vi indsamler, og hvordan disse oplysninger bruges.    <\/p>\n\n<p><strong>Privatlivets fred<\/strong><\/p>\n\n<p>Vi anerkender, at beskyttelse af dine personlige oplysninger er vigtig. Her er oplysninger om, hvilke typer personlige oplysninger vi modtager og indsamler, n\u00e5r du bruger og bes\u00f8ger dette websted, og hvordan vi beskytter dine oplysninger. Vi s\u00e6lger aldrig dine personlige oplysninger til tredjeparter.  <\/p>\n\n<p><strong>Logfiler<\/strong><\/p>\n\n<p>Som med de fleste andre hjemmesider indsamler og bruger vi data i logfiler. Oplysningerne i logfilerne omfatter din IP-adresse (internetprotokol), din ISP (internetudbyder, f.eks. Vodafone eller Orange), den browser, du brugte til at bes\u00f8ge vores websted (f.eks. Chrome eller Firefox), det tidspunkt, hvor du bes\u00f8gte vores websted, og hvilke sider du bes\u00f8gte p\u00e5 vores websted. <\/p>\n\n<p><strong>Cookies og web-beacons<\/strong><\/p>\n\n<p>Vi bruger cookies til at gemme oplysninger, f.eks. dine personlige pr\u00e6ferencer, n\u00e5r du bes\u00f8ger vores hjemmeside. Det kan f.eks. v\u00e6re, at du kun f\u00e5r vist en popup \u00e9n gang under dit bes\u00f8g, eller at du kan logge ind p\u00e5 nogle af vores funktioner, f.eks. fora. <\/p>\n\n<p>Vi bruger ogs\u00e5 tredjepartsreklamer til at underst\u00f8tte dette websted. Nogle af disse annonc\u00f8rer kan bruge teknologi som cookies og web beacons, n\u00e5r de annoncerer p\u00e5 vores websted, hvilket ogs\u00e5 vil sende disse annonc\u00f8rer (s\u00e5som Google gennem Google AdSense-programmet) oplysninger, herunder din IP-adresse, din internetudbyder, den browser, du brugte til at bes\u00f8ge vores websted, og i nogle tilf\u00e6lde, om du har Flash installeret. Dette bruges generelt til geotargeting (f.eks. til at vise ejendomsannoncer fra New York til en person i New York) eller til at vise visse annoncer baseret p\u00e5 specifikke bes\u00f8gte websteder (f.eks. til at vise madlavningsannoncer til en person, der bes\u00f8ger madlavningswebsteder).  <\/p>\n\n<p><strong>DoubleClick DART-cookies<\/strong><\/p>\n\n<p>Vi kan ogs\u00e5 bruge DART-cookies til annoncevisning gennem Googles DoubleClick, som placerer en cookie p\u00e5 din computer, n\u00e5r du surfer p\u00e5 nettet og bes\u00f8ger et websted, der bruger DoubleClick-annoncering (herunder nogle Google AdSense-annoncer). Denne cookie bruges til at vise annoncer, der er specifikke for dig og dine interesser (&#8222;interessebaseret m\u00e5lretning&#8223;). De annoncer, der vises, m\u00e5lrettes ud fra din tidligere browserhistorik (hvis du f.eks. har set sider om at bes\u00f8ge Las Vegas, kan du se Las Vegas-hotelannoncer, n\u00e5r du ser en ikke-relateret side, som f.eks. en side om hockey). DART bruger &#8222;ikke-personligt identificerbare oplysninger&#8223;. Den sporer IKKE personlige oplysninger om dig, s\u00e5som dit navn, din e-mailadresse, din fysiske adresse, dit telefonnummer, dit personnummer, dit bankkontonummer eller dit kreditkortnummer. Du kan frav\u00e6lge denne annoncering p\u00e5 alle websteder, der bruger denne annoncering, ved at bes\u00f8ge:<a href=\"http:\/\/www.doubleclick.com\/privacy\/dart_adserving.aspx\" target=\"_blank\" rel=\"noopener noreferrer\">http:\/\/www.doubleclick.com\/privacy\/dart_adserving.aspx<\/a>     <\/p>\n\n<p>Du kan v\u00e6lge at deaktivere eller selektivt sl\u00e5 vores cookies eller tredjepartscookies fra i dine browserindstillinger eller ved at administrere pr\u00e6ferencer i programmer som Norton Internet Security. Dette kan dog p\u00e5virke, hvordan du er i stand til at interagere med vores websted og andre websteder. Dette kan omfatte manglende evne til at logge ind p\u00e5 tjenester eller programmer, s\u00e5som at logge ind p\u00e5 fora eller konti.  <\/p>\n\n<p>Sletning af cookies betyder ikke, at du er permanent fravalgt i et reklameprogram. Medmindre du har indstillinger, der afviser cookies, vil der blive tilf\u00f8jet en ny cookie, n\u00e6ste gang du bes\u00f8ger et websted, der k\u00f8rer reklamerne. <\/p>\n\n<p><strong>Sporing af brug<\/strong><\/p>\n\n<p>Vi sporer brugernes trafikm\u00f8nstre p\u00e5 alle vores websteder. Vi korrelerer dog ikke disse oplysninger med data om individuelle brugere. Statistikkerne er opdelt efter en brugers dom\u00e6nenavn, browsertype og MIME-type ved at l\u00e6se disse oplysninger fra browserstrengen (oplysninger, der findes i hver brugers browser).  <\/p>\n\n<p>Vi sporer og katalogiserer de s\u00f8getermer, som en bruger indtaster i vores s\u00f8gefunktion, men denne sporing er aldrig forbundet med individuelle brugere. Vi bruger sporingsoplysninger til at bestemme, hvilke omr\u00e5der af vores websteder brugerne kan lide og ikke kan lide, baseret p\u00e5 trafikken til disse omr\u00e5der. Vi sporer ikke, hvad de enkelte brugere l\u00e6ser, men snarere hvor godt hver side klarer sig generelt. Det hj\u00e6lper os med at blive ved med at opbygge en bedre service til dig.   <\/p>\n\n<p><strong>B\u00f8rn<\/strong><\/p>\n\n<p>Vi vil aldrig anmode om personligt identificerbare oplysninger fra nogen under 18 \u00e5r uden at anmode om for\u00e6ldrenes samtykke.<\/p>\n\n<p><strong>Brug af information<\/strong><\/p>\n\n<p>Vi handler p\u00e5 baggrund af oplysninger, som vores brugere frivilligt giver os, for at forbedre deres oplevelse af vores netv\u00e6rk af websteder, hvad enten det er for at levere interaktive eller personlige elementer p\u00e5 webstederne eller for bedre at forberede fremtidigt indhold baseret p\u00e5 vores brugeres interesser.<\/p>\n\n<p>Som n\u00e6vnt ovenfor bruger vi oplysninger, som brugerne frivilligt giver, til at sende elektroniske nyhedsbreve og til at g\u00f8re det muligt for brugerne at deltage i afstemninger, unders\u00f8gelser, opslagstavler og fora. Vi sender nyhedsbreve til abonnenter regelm\u00e6ssigt (afh\u00e6ngigt af nyhedsbrevet) og sender lejlighedsvis s\u00e6rlige udgaver, n\u00e5r vi tror, at abonnenter er s\u00e6rligt interesserede i noget, vi laver. Vi deler aldrig mailinglister til nyhedsbreve med tredjeparter, herunder annonc\u00f8rer, sponsorer eller partnere.  <\/p>\n\n<p>N\u00e5r vi bruger sporingsoplysninger til at bestemme, hvilke omr\u00e5der af vores websteder brugerne kan lide og ikke lide, baseret p\u00e5 trafikken til disse omr\u00e5der. Vi sporer ikke, hvad de enkelte brugere l\u00e6ser, men snarere hvor godt hver side klarer sig generelt. Det hj\u00e6lper os med at forts\u00e6tte med at opbygge en bedre service til dig. Vi sporer s\u00f8getermer, der indtastes i s\u00f8gefunktionen, som et af mange m\u00e5l for, hvad der interesserer vores brugere. Men vi sporer ikke, hvilke termer en bestemt bruger indtaster.    <\/p>\n\n<p>Vi opretter samlede rapporter om brugerdemografi og trafikm\u00f8nstre til annonc\u00f8rer, sponsorer og partnere. Det giver vores annonc\u00f8rer mulighed for at annoncere mere effektivt, og det giver vores brugere mulighed for at modtage reklamer, der er relevante for deres behov. Da vi ikke sporer de enkelte brugeres brugsm\u00f8nstre, vil en annonc\u00f8r eller sponsor aldrig f\u00e5 at vide, at en bestemt bruger har klikket p\u00e5 deres annonce. Vi videregiver ikke oplysninger om nogen individuel bruger, undtagen for at overholde g\u00e6ldende lov eller gyldig juridisk proces eller for at beskytte vores brugeres eller offentlighedens personlige sikkerhed.   <\/p>\n\n<p><strong>DELING AF INFORMATION<\/strong><\/p>\n\n<p>Vi bruger de ovenfor beskrevne oplysninger til at skr\u00e6ddersy vores indhold, s\u00e5 det passer til dine behov, og til at hj\u00e6lpe vores annonc\u00f8rer med bedre at forst\u00e5 vores m\u00e5lgruppes demografi. Dette er afg\u00f8rende for at holde vores tjeneste gratis. Vi deler ikke oplysninger om individuelle brugere med nogen tredjepart, undtagen for at overholde g\u00e6ldende lov eller gyldig juridisk proces eller for at beskytte vores brugeres eller offentlighedens personlige sikkerhed.  <\/p>\n\n<p><strong>SIKKERHED<\/strong><\/p>\n\n<p>Vi driver sikre datanetv\u00e6rk, der er beskyttet af industristandard firewall- og adgangskodebeskyttelsessystemer. Vores sikkerheds- og privatlivspolitikker gennemg\u00e5s regelm\u00e6ssigt og forbedres efter behov, og kun autoriserede personer har adgang til de oplysninger, vores kunder giver os. <\/p>\n\n<p><strong>DIT SAMTYKKE<\/strong><\/p>\n\n<p>Ved at bruge vores sider giver du samtykke til indsamling og brug af disse oplysninger. Hvis vi beslutter at \u00e6ndre vores privatlivspolitik, vil vi offentligg\u00f8re disse \u00e6ndringer p\u00e5 denne side, s\u00e5 du altid er klar over, hvilke oplysninger vi indsamler, hvordan vi bruger dem, og under hvilke omst\u00e6ndigheder vi videregiver dem. <\/p>\n","protected":false},"excerpt":{"rendered":"<p>Politik for beskyttelse af personlige oplysninger Det websted, du bes\u00f8ger, ejes og drives af Green Building Europe. Dit privatliv p\u00e5 internettet er af allerst\u00f8rste betydning for os. Hos Green Building Europe \u00f8nsker vi at g\u00f8re din oplevelse online tilfredsstillende og [&hellip;]<\/p>\n","protected":false},"author":93,"featured_media":0,"parent":0,"menu_order":0,"comment_status":"closed","ping_status":"closed","template":"","meta":{"_uag_custom_page_level_css":"","site-sidebar-layout":"default","site-content-layout":"default","ast-site-content-layout":"default","site-content-style":"default","site-sidebar-style":"default","ast-global-header-display":"","ast-banner-title-visibility":"","ast-main-header-display":"","ast-hfb-above-header-display":"","ast-hfb-below-header-display":"","ast-hfb-mobile-header-display":"","site-post-title":"disabled","ast-breadcrumbs-content":"","ast-featured-img":"","footer-sml-layout":"","ast-disable-related-posts":"","theme-transparent-header-meta":"default","adv-header-id-meta":"","stick-header-meta":"default","header-above-stick-meta":"","header-main-stick-meta":"","header-below-stick-meta":"","astra-migrate-meta-layouts":"default","ast-page-background-enabled":"default","ast-page-background-meta":{"desktop":{"background-color":"var(--ast-global-color-4)","background-image":"","background-repeat":"repeat","background-position":"center center","background-size":"auto","background-attachment":"scroll","background-type":"","background-media":"","overlay-type":"","overlay-color":"","overlay-opacity":"","overlay-gradient":""},"tablet":{"background-color":"","background-image":"","background-repeat":"repeat","background-position":"center center","background-size":"auto","background-attachment":"scroll","background-type":"","background-media":"","overlay-type":"","overlay-color":"","overlay-opacity":"","overlay-gradient":""},"mobile":{"background-color":"","background-image":"","background-repeat":"repeat","background-position":"center center","background-size":"auto","background-attachment":"scroll","background-type":"","background-media":"","overlay-type":"","overlay-color":"","overlay-opacity":"","overlay-gradient":""}},"ast-content-background-meta":{"desktop":{"background-color":"var(--ast-global-color-5)","background-image":"","background-repeat":"repeat","background-position":"center center","background-size":"auto","background-attachment":"scroll","background-type":"","background-media":"","overlay-type":"","overlay-color":"","overlay-opacity":"","overlay-gradient":""},"tablet":{"background-color":"var(--ast-global-color-5)","background-image":"","background-repeat":"repeat","background-position":"center center","background-size":"auto","background-attachment":"scroll","background-type":"","background-media":"","overlay-type":"","overlay-color":"","overlay-opacity":"","overlay-gradient":""},"mobile":{"background-color":"var(--ast-global-color-5)","background-image":"","background-repeat":"repeat","background-position":"center center","background-size":"auto","background-attachment":"scroll","background-type":"","background-media":"","overlay-type":"","overlay-color":"","overlay-opacity":"","overlay-gradient":""}},"footnotes":""},"class_list":["post-57106","page","type-page","status-publish","hentry"],"uagb_featured_image_src":{"full":false,"thumbnail":false,"medium":false,"medium_large":false,"large":false,"1536x1536":false,"2048x2048":false},"uagb_author_info":{"display_name":"","author_link":"https:\/\/greenbuildingeurope.eu\/da\/author\/"},"uagb_comment_info":0,"uagb_excerpt":"Politik for beskyttelse af personlige oplysninger Det websted, du bes\u00f8ger, ejes og drives af Green Building Europe. Dit privatliv p\u00e5 internettet er af allerst\u00f8rste betydning for os. Hos Green Building Europe \u00f8nsker vi at g\u00f8re din oplevelse online tilfredsstillende og [&hellip;]","_links":{"self":[{"href":"https:\/\/greenbuildingeurope.eu\/da\/wp-json\/wp\/v2\/pages\/57106","targetHints":{"allow":["GET"]}}],"collection":[{"href":"https:\/\/greenbuildingeurope.eu\/da\/wp-json\/wp\/v2\/pages"}],"about":[{"href":"https:\/\/greenbuildingeurope.eu\/da\/wp-json\/wp\/v2\/types\/page"}],"author":[{"embeddable":true,"href":"https:\/\/greenbuildingeurope.eu\/da\/wp-json\/wp\/v2\/users\/93"}],"replies":[{"embeddable":true,"href":"https:\/\/greenbuildingeurope.eu\/da\/wp-json\/wp\/v2\/comments?post=57106"}],"version-history":[{"count":0,"href":"https:\/\/greenbuildingeurope.eu\/da\/wp-json\/wp\/v2\/pages\/57106\/revisions"}],"wp:attachment":[{"href":"https:\/\/greenbuildingeurope.eu\/da\/wp-json\/wp\/v2\/media?parent=57106"}],"curies":[{"name":"wp","href":"https:\/\/api.w.org\/{rel}","templated":true}]}}