{"id":56869,"date":"2025-03-31T14:13:21","date_gmt":"2025-03-31T12:13:21","guid":{"rendered":"https:\/\/greenbuildingeurope.eu\/?page_id=56869"},"modified":"2025-04-11T00:30:28","modified_gmt":"2025-04-10T22:30:28","slug":"ueber-uns","status":"publish","type":"page","link":"https:\/\/greenbuildingeurope.eu\/de\/ueber-uns\/","title":{"rendered":"\u00dcber uns"},"content":{"rendered":"\n<h1 class=\"wp-block-heading has-text-align-center\">Willkommen!<\/h1>\n\n<hr class=\"wp-block-separator has-alpha-channel-opacity\"\/>\n\n<p><br\/>Green Building Europe ist ein Netzwerk, das Fachleute f\u00fcr nachhaltiges Bauen und Hausbesitzer mit Anbietern von energieeffizienten und nachhaltigen Produkten verbindet. Unsere Aufgabe ist es, gr\u00fcnes Bauen als eine M\u00f6glichkeit zu f\u00f6rdern, die massiven Auswirkungen von Geb\u00e4uden und Bauwerken auf die Umwelt zu reduzieren. Wir tun dies durch Bildung, Vernetzung und \u00d6ffentlichkeitsarbeit.    <\/p>\n\n<p>Mit unserer Bibliothek von Leitf\u00e4den, Artikeln und unserem Newsletter<a href=\"https:\/\/greenbuildingeurope.eu\/de\/abonnieren\/\">(melden Sie sich hier an<\/a>) m\u00f6chten wir unsere Leser informieren und inspirieren, einen nachhaltigen Ansatz beim Bauen zu verfolgen. Um die Branche zu unterst\u00fctzen, fungieren wir als Drehscheibe, die Anbieter nachhaltiger Produkte und Dienstleistungen mit denjenigen zusammenbringt, die auf der Suche nach ihnen sind. Wir unterst\u00fctzen unser Ziel, indem wir den Handel zwischen Anbietern nachhaltiger Bauprodukte in Europa und anderen L\u00e4ndern erleichtern.    <\/p>\n\n<div class=\"wp-block-uagb-container uagb-block-81543e0d alignfull uagb-is-root-container\"><div class=\"uagb-container-inner-blocks-wrap\">\n<div class=\"wp-block-uagb-call-to-action uagb-block-94f9622d wp-block-button\"><div class=\"uagb-cta__wrap\"><h3 class=\"uagb-cta__title\">Erweitern Sie Ihre Marke<\/h3><p class=\"uagb-cta__desc\">Kontaktieren Sie uns, wenn Sie mehr dar\u00fcber erfahren m\u00f6chten, wie wir Ihrer Marke helfen k\u00f6nnen, ihr Verkaufspotenzial auszusch\u00f6pfen.<\/p><\/div><div class=\"uagb-cta__buttons\"><a href=\"\/de\/?page_id=56897\" class=\"uagb-cta__button-link-wrapper wp-block-button__link\" target=\"_self\" rel=\"noopener noreferrer\">Kontaktieren Sie uns<svg xmlns=\"https:\/\/www.w3.org\/2000\/svg\" viewbox=\"0 0 512 512\"><path d=\"M504.3 273.6l-112.1 104c-6.992 6.484-17.18 8.218-25.94 4.406c-8.758-3.812-14.42-12.45-14.42-21.1L351.9 288H32C14.33 288 .0002 273.7 .0002 255.1S14.33 224 32 224h319.9l0-72c0-9.547 5.66-18.19 14.42-22c8.754-3.809 18.95-2.075 25.94 4.41l112.1 104C514.6 247.9 514.6 264.1 504.3 273.6z\"><\/path><\/svg><\/a><\/div><\/div>\n<\/div><\/div>\n","protected":false},"excerpt":{"rendered":"<p>Willkommen! Green Building Europe ist ein Netzwerk, das Fachleute f\u00fcr nachhaltiges Bauen und Hausbesitzer mit Anbietern von energieeffizienten und nachhaltigen Produkten verbindet. Unsere Aufgabe ist es, gr\u00fcnes Bauen als eine M\u00f6glichkeit zu f\u00f6rdern, die massiven Auswirkungen von Geb\u00e4uden und Bauwerken [&hellip;]<\/p>\n","protected":false},"author":93,"featured_media":0,"parent":0,"menu_order":0,"comment_status":"closed","ping_status":"closed","template":"","meta":{"_uag_custom_page_level_css":"","site-sidebar-layout":"default","site-content-layout":"","ast-site-content-layout":"default","site-content-style":"default","site-sidebar-style":"default","ast-global-header-display":"","ast-banner-title-visibility":"","ast-main-header-display":"","ast-hfb-above-header-display":"","ast-hfb-below-header-display":"","ast-hfb-mobile-header-display":"","site-post-title":"disabled","ast-breadcrumbs-content":"","ast-featured-img":"","footer-sml-layout":"","ast-disable-related-posts":"","theme-transparent-header-meta":"","adv-header-id-meta":"","stick-header-meta":"","header-above-stick-meta":"","header-main-stick-meta":"","header-below-stick-meta":"","astra-migrate-meta-layouts":"set","ast-page-background-enabled":"default","ast-page-background-meta":{"desktop":{"background-color":"var(--ast-global-color-4)","background-image":"","background-repeat":"repeat","background-position":"center center","background-size":"auto","background-attachment":"scroll","background-type":"","background-media":"","overlay-type":"","overlay-color":"","overlay-opacity":"","overlay-gradient":""},"tablet":{"background-color":"","background-image":"","background-repeat":"repeat","background-position":"center center","background-size":"auto","background-attachment":"scroll","background-type":"","background-media":"","overlay-type":"","overlay-color":"","overlay-opacity":"","overlay-gradient":""},"mobile":{"background-color":"","background-image":"","background-repeat":"repeat","background-position":"center center","background-size":"auto","background-attachment":"scroll","background-type":"","background-media":"","overlay-type":"","overlay-color":"","overlay-opacity":"","overlay-gradient":""}},"ast-content-background-meta":{"desktop":{"background-color":"var(--ast-global-color-5)","background-image":"","background-repeat":"repeat","background-position":"center center","background-size":"auto","background-attachment":"scroll","background-type":"","background-media":"","overlay-type":"","overlay-color":"","overlay-opacity":"","overlay-gradient":""},"tablet":{"background-color":"var(--ast-global-color-5)","background-image":"","background-repeat":"repeat","background-position":"center center","background-size":"auto","background-attachment":"scroll","background-type":"","background-media":"","overlay-type":"","overlay-color":"","overlay-opacity":"","overlay-gradient":""},"mobile":{"background-color":"var(--ast-global-color-5)","background-image":"","background-repeat":"repeat","background-position":"center center","background-size":"auto","background-attachment":"scroll","background-type":"","background-media":"","overlay-type":"","overlay-color":"","overlay-opacity":"","overlay-gradient":""}},"footnotes":""},"class_list":["post-56869","page","type-page","status-publish","hentry"],"uagb_featured_image_src":{"full":false,"thumbnail":false,"medium":false,"medium_large":false,"large":false,"1536x1536":false,"2048x2048":false},"uagb_author_info":{"display_name":"","author_link":"https:\/\/greenbuildingeurope.eu\/de\/author\/"},"uagb_comment_info":0,"uagb_excerpt":"Willkommen! Green Building Europe ist ein Netzwerk, das Fachleute f\u00fcr nachhaltiges Bauen und Hausbesitzer mit Anbietern von energieeffizienten und nachhaltigen Produkten verbindet. Unsere Aufgabe ist es, gr\u00fcnes Bauen als eine M\u00f6glichkeit zu f\u00f6rdern, die massiven Auswirkungen von Geb\u00e4uden und Bauwerken [&hellip;]","_links":{"self":[{"href":"https:\/\/greenbuildingeurope.eu\/de\/wp-json\/wp\/v2\/pages\/56869","targetHints":{"allow":["GET"]}}],"collection":[{"href":"https:\/\/greenbuildingeurope.eu\/de\/wp-json\/wp\/v2\/pages"}],"about":[{"href":"https:\/\/greenbuildingeurope.eu\/de\/wp-json\/wp\/v2\/types\/page"}],"author":[{"embeddable":true,"href":"https:\/\/greenbuildingeurope.eu\/de\/wp-json\/wp\/v2\/users\/93"}],"replies":[{"embeddable":true,"href":"https:\/\/greenbuildingeurope.eu\/de\/wp-json\/wp\/v2\/comments?post=56869"}],"version-history":[{"count":0,"href":"https:\/\/greenbuildingeurope.eu\/de\/wp-json\/wp\/v2\/pages\/56869\/revisions"}],"wp:attachment":[{"href":"https:\/\/greenbuildingeurope.eu\/de\/wp-json\/wp\/v2\/media?parent=56869"}],"curies":[{"name":"wp","href":"https:\/\/api.w.org\/{rel}","templated":true}]}}