{"id":57089,"date":"2025-04-10T11:00:46","date_gmt":"2025-04-10T09:00:46","guid":{"rendered":"https:\/\/greenbuildingeurope.eu\/?page_id=57089"},"modified":"2025-04-11T00:30:26","modified_gmt":"2025-04-10T22:30:26","slug":"bedingungen-konditionen","status":"publish","type":"page","link":"https:\/\/greenbuildingeurope.eu\/de\/bedingungen-konditionen\/","title":{"rendered":"Bedingungen &amp; Konditionen"},"content":{"rendered":"\n<h1 class=\"wp-block-heading has-text-align-center\">Bedingungen &amp; Konditionen<\/h1>\n\n<hr class=\"wp-block-separator has-alpha-channel-opacity\"\/>\n\n<p>Willkommen auf unserer Website. Wenn Sie diese Website weiter durchsuchen und nutzen, erkl\u00e4ren Sie sich mit den folgenden Nutzungsbedingungen einverstanden, die zusammen mit unserer Datenschutzrichtlinie die Beziehung zwischen Green Building Europe und Ihnen in Bezug auf diese Website regeln. Wenn Sie mit einem Teil dieser Bedingungen nicht einverstanden sind, nutzen Sie unsere Website bitte nicht.  <\/p>\n\n<p>Der Begriff &#8218;Green Building Europe&#8216; oder &#8218;wir&#8216; oder &#8218;wir&#8216; bezieht sich auf den Eigent\u00fcmer der Website. Der Begriff &#8218;Sie&#8216; bezieht sich auf den Benutzer oder Betrachter unserer Website. <\/p>\n\n<p>Die Nutzung dieser Website unterliegt den folgenden Nutzungsbedingungen:<\/p>\n\n<ul class=\"wp-block-list\">\n<li>Der Inhalt der Seiten dieser Website dient nur zu Ihrer allgemeinen Information und Nutzung. Er kann ohne vorherige Ank\u00fcndigung ge\u00e4ndert werden. <\/li>\n\n\n\n<li>Diese Website verwendet Cookies, um Ihre Browsing-Pr\u00e4ferenzen zu \u00fcberwachen. Wenn Sie die Verwendung von Cookies zulassen, k\u00f6nnen die folgenden pers\u00f6nlichen Informationen von uns zur Verwendung durch Dritte gespeichert werden: Google Analytics, Google Adsense, Google Adwords. <\/li>\n\n\n\n<li>Weder wir noch Dritte \u00fcbernehmen eine Garantie oder Gew\u00e4hrleistung f\u00fcr die Richtigkeit, Aktualit\u00e4t, Leistung, Vollst\u00e4ndigkeit oder Eignung der auf dieser Website gefundenen oder angebotenen Informationen und Materialien f\u00fcr einen bestimmten Zweck. Sie erkennen an, dass diese Informationen und Materialien Ungenauigkeiten oder Fehler enthalten k\u00f6nnen, und wir schlie\u00dfen die Haftung f\u00fcr solche Ungenauigkeiten oder Fehler ausdr\u00fccklich aus, soweit dies gesetzlich zul\u00e4ssig ist. <\/li>\n\n\n\n<li>Die Nutzung von Informationen oder Materialien auf dieser Website erfolgt auf Ihr eigenes Risiko, f\u00fcr das wir keine Haftung \u00fcbernehmen. Es liegt in Ihrer eigenen Verantwortung, sicherzustellen, dass die auf dieser Website verf\u00fcgbaren Produkte, Dienstleistungen oder Informationen Ihren spezifischen Anforderungen entsprechen. <\/li>\n\n\n\n<li>Diese Website enth\u00e4lt Material, das unser Eigentum ist oder an uns lizenziert wurde. Dieses Material umfasst unter anderem das Design, Layout, Aussehen, Erscheinungsbild und die Grafiken. Die Vervielf\u00e4ltigung ist nur in \u00dcbereinstimmung mit dem Urheberrechtsvermerk gestattet, der Teil dieser Bedingungen ist.  <\/li>\n\n\n\n<li>Alle auf dieser Website wiedergegebenen Marken, die nicht Eigentum des Betreibers sind oder von ihm lizenziert wurden, sind auf der Website angegeben.<\/li>\n\n\n\n<li>Die unbefugte Nutzung dieser Website kann zu Schadensersatzanspr\u00fcchen f\u00fchren und\/oder eine Straftat darstellen.<\/li>\n\n\n\n<li>Von Zeit zu Zeit kann diese Website auch Links zu anderen Websites enthalten. Diese Links werden zu Ihrer Bequemlichkeit zur Verf\u00fcgung gestellt, um weitere Informationen zu liefern. Sie bedeuten nicht, dass wir die Website(s) guthei\u00dfen. Wir \u00fcbernehmen keine Verantwortung f\u00fcr den Inhalt der verlinkten Website(s).   <\/li>\n\n\n\n<li>Ihre Nutzung dieser Website und alle Streitigkeiten, die sich aus dieser Nutzung der Website ergeben, unterliegen den Gesetzen Italiens.<\/li>\n<\/ul>\n\n<h2 class=\"wp-block-heading has-text-align-center\">Website Haftungsausschluss<\/h2>\n\n<hr class=\"wp-block-separator has-alpha-channel-opacity\"\/>\n\n<div>\n<p>Die auf dieser Website enthaltenen Informationen dienen lediglich der allgemeinen Information. Die Informationen werden von Green Building Europe zur Verf\u00fcgung gestellt, und obwohl wir uns bem\u00fchen, die Informationen auf dem neuesten Stand und korrekt zu halten, geben wir keinerlei ausdr\u00fcckliche oder stillschweigende Zusicherungen oder Gew\u00e4hrleistungen in Bezug auf die Vollst\u00e4ndigkeit, Genauigkeit, Zuverl\u00e4ssigkeit, Eignung oder Verf\u00fcgbarkeit in Bezug auf die Website oder die auf der Website enthaltenen Informationen, Produkte, Dienstleistungen oder zugeh\u00f6rigen Grafiken f\u00fcr irgendeinen Zweck. Jedes Vertrauen, das Sie auf diese Informationen setzen, geschieht daher auf Ihr eigenes Risiko.  <\/p>\n<p>In keinem Fall haften wir f\u00fcr Verluste oder Sch\u00e4den, einschlie\u00dflich, aber nicht beschr\u00e4nkt auf indirekte oder Folgesch\u00e4den, oder Verluste oder Sch\u00e4den, die sich aus dem Verlust von Daten oder Gewinnen ergeben, die sich aus der Nutzung dieser Website ergeben oder mit ihr in Zusammenhang stehen.<\/p>\n<p>\u00dcber diese Website k\u00f6nnen Sie einen Link zu anderen Websites herstellen, die nicht unter der Kontrolle von Green Building Europe stehen. Wir haben keine Kontrolle \u00fcber die Art, den Inhalt und die Verf\u00fcgbarkeit dieser Websites. Die Aufnahme von Links bedeutet nicht notwendigerweise eine Empfehlung oder Bef\u00fcrwortung der auf diesen Seiten ge\u00e4u\u00dferten Ansichten.  <\/p>\n<p>Es werden alle Anstrengungen unternommen, damit die Website reibungslos funktioniert. Green Building Europe \u00fcbernimmt jedoch keine Verantwortung und haftet nicht daf\u00fcr, dass die Website aufgrund technischer Probleme, die au\u00dferhalb unserer Kontrolle liegen, vor\u00fcbergehend nicht verf\u00fcgbar ist. <\/p>\n<\/div>\n","protected":false},"excerpt":{"rendered":"<p>Bedingungen &amp; Konditionen Willkommen auf unserer Website. Wenn Sie diese Website weiter durchsuchen und nutzen, erkl\u00e4ren Sie sich mit den folgenden Nutzungsbedingungen einverstanden, die zusammen mit unserer Datenschutzrichtlinie die Beziehung zwischen Green Building Europe und Ihnen in Bezug auf diese [&hellip;]<\/p>\n","protected":false},"author":93,"featured_media":0,"parent":0,"menu_order":0,"comment_status":"open","ping_status":"closed","template":"","meta":{"_uag_custom_page_level_css":"","site-sidebar-layout":"default","site-content-layout":"default","ast-site-content-layout":"default","site-content-style":"default","site-sidebar-style":"default","ast-global-header-display":"","ast-banner-title-visibility":"","ast-main-header-display":"","ast-hfb-above-header-display":"","ast-hfb-below-header-display":"","ast-hfb-mobile-header-display":"","site-post-title":"disabled","ast-breadcrumbs-content":"","ast-featured-img":"","footer-sml-layout":"","ast-disable-related-posts":"","theme-transparent-header-meta":"default","adv-header-id-meta":"","stick-header-meta":"default","header-above-stick-meta":"","header-main-stick-meta":"","header-below-stick-meta":"","astra-migrate-meta-layouts":"default","ast-page-background-enabled":"default","ast-page-background-meta":{"desktop":{"background-color":"var(--ast-global-color-4)","background-image":"","background-repeat":"repeat","background-position":"center center","background-size":"auto","background-attachment":"scroll","background-type":"","background-media":"","overlay-type":"","overlay-color":"","overlay-opacity":"","overlay-gradient":""},"tablet":{"background-color":"","background-image":"","background-repeat":"repeat","background-position":"center center","background-size":"auto","background-attachment":"scroll","background-type":"","background-media":"","overlay-type":"","overlay-color":"","overlay-opacity":"","overlay-gradient":""},"mobile":{"background-color":"","background-image":"","background-repeat":"repeat","background-position":"center center","background-size":"auto","background-attachment":"scroll","background-type":"","background-media":"","overlay-type":"","overlay-color":"","overlay-opacity":"","overlay-gradient":""}},"ast-content-background-meta":{"desktop":{"background-color":"var(--ast-global-color-5)","background-image":"","background-repeat":"repeat","background-position":"center center","background-size":"auto","background-attachment":"scroll","background-type":"","background-media":"","overlay-type":"","overlay-color":"","overlay-opacity":"","overlay-gradient":""},"tablet":{"background-color":"var(--ast-global-color-5)","background-image":"","background-repeat":"repeat","background-position":"center center","background-size":"auto","background-attachment":"scroll","background-type":"","background-media":"","overlay-type":"","overlay-color":"","overlay-opacity":"","overlay-gradient":""},"mobile":{"background-color":"var(--ast-global-color-5)","background-image":"","background-repeat":"repeat","background-position":"center center","background-size":"auto","background-attachment":"scroll","background-type":"","background-media":"","overlay-type":"","overlay-color":"","overlay-opacity":"","overlay-gradient":""}},"footnotes":""},"class_list":["post-57089","page","type-page","status-publish","hentry"],"uagb_featured_image_src":{"full":false,"thumbnail":false,"medium":false,"medium_large":false,"large":false,"1536x1536":false,"2048x2048":false},"uagb_author_info":{"display_name":"","author_link":"https:\/\/greenbuildingeurope.eu\/de\/author\/"},"uagb_comment_info":0,"uagb_excerpt":"Bedingungen &amp; Konditionen Willkommen auf unserer Website. Wenn Sie diese Website weiter durchsuchen und nutzen, erkl\u00e4ren Sie sich mit den folgenden Nutzungsbedingungen einverstanden, die zusammen mit unserer Datenschutzrichtlinie die Beziehung zwischen Green Building Europe und Ihnen in Bezug auf diese [&hellip;]","_links":{"self":[{"href":"https:\/\/greenbuildingeurope.eu\/de\/wp-json\/wp\/v2\/pages\/57089","targetHints":{"allow":["GET"]}}],"collection":[{"href":"https:\/\/greenbuildingeurope.eu\/de\/wp-json\/wp\/v2\/pages"}],"about":[{"href":"https:\/\/greenbuildingeurope.eu\/de\/wp-json\/wp\/v2\/types\/page"}],"author":[{"embeddable":true,"href":"https:\/\/greenbuildingeurope.eu\/de\/wp-json\/wp\/v2\/users\/93"}],"replies":[{"embeddable":true,"href":"https:\/\/greenbuildingeurope.eu\/de\/wp-json\/wp\/v2\/comments?post=57089"}],"version-history":[{"count":0,"href":"https:\/\/greenbuildingeurope.eu\/de\/wp-json\/wp\/v2\/pages\/57089\/revisions"}],"wp:attachment":[{"href":"https:\/\/greenbuildingeurope.eu\/de\/wp-json\/wp\/v2\/media?parent=57089"}],"curies":[{"name":"wp","href":"https:\/\/api.w.org\/{rel}","templated":true}]}}