{"id":57110,"date":"2025-04-10T13:00:06","date_gmt":"2025-04-10T11:00:06","guid":{"rendered":"https:\/\/greenbuildingeurope.eu\/?page_id=57110"},"modified":"2025-04-11T00:30:25","modified_gmt":"2025-04-10T22:30:25","slug":"datenschutzbestimmungen","status":"publish","type":"page","link":"https:\/\/greenbuildingeurope.eu\/de\/datenschutzbestimmungen\/","title":{"rendered":"Datenschutzbestimmungen"},"content":{"rendered":"\n<h1 class=\"wp-block-heading has-text-align-center\">Datenschutzbestimmungen<\/h1>\n\n<hr class=\"wp-block-separator has-alpha-channel-opacity\"\/>\n\n<p>Die Website, die Sie besuchen, ist Eigentum von Green Building Europe und wird von ihr betrieben. Ihre Privatsph\u00e4re im Internet ist f\u00fcr uns von gr\u00f6\u00dfter Bedeutung. Wir von Green Building Europe m\u00f6chten, dass Ihre Online-Erfahrung zufriedenstellend und sicher ist. Da wir bestimmte Arten von Informationen \u00fcber unsere Nutzer sammeln, sind wir der Meinung, dass Sie unsere Politik und die Bedingungen f\u00fcr die Erfassung und Verwendung dieser Informationen vollst\u00e4ndig verstehen sollten. In dieser Datenschutzerkl\u00e4rung erfahren Sie, welche Informationen wir sammeln und wie diese Informationen verwendet werden.    <\/p>\n\n<p><strong>Datenschutz<\/strong><\/p>\n\n<p>Wir wissen, dass der Schutz Ihrer pers\u00f6nlichen Daten wichtig ist. Hier finden Sie Informationen dar\u00fcber, welche Arten von pers\u00f6nlichen Daten wir erhalten und sammeln, wenn Sie diese Website nutzen und besuchen, und wie wir Ihre Daten sch\u00fctzen. Wir verkaufen Ihre pers\u00f6nlichen Daten niemals an Dritte.  <\/p>\n\n<p><strong>Log-Dateien<\/strong><\/p>\n\n<p>Wie bei den meisten anderen Websites auch, sammeln und verwenden wir die in den Protokolldateien enthaltenen Daten. Zu den Informationen in den Protokolldateien geh\u00f6ren Ihre IP-Adresse (Internetprotokoll), Ihr ISP (Internetdienstanbieter, z. B. Vodafone oder Orange), der Browser, den Sie f\u00fcr den Besuch unserer Website verwendet haben (z. B. Chrome oder Firefox), die Zeit, zu der Sie unsere Website besucht haben und welche Seiten Sie auf unserer Website besucht haben. <\/p>\n\n<p><strong>Cookies und Web Beacons<\/strong><\/p>\n\n<p>Wir verwenden Cookies, um Informationen zu speichern, z. B. Ihre pers\u00f6nlichen Pr\u00e4ferenzen, wenn Sie unsere Website besuchen. Dazu k\u00f6nnte geh\u00f6ren, dass wir Ihnen nur einmal bei Ihrem Besuch ein Popup-Fenster anzeigen oder dass Sie sich bei einigen unserer Funktionen, wie z.B. den Foren, anmelden k\u00f6nnen. <\/p>\n\n<p>Wir verwenden auch Werbung von Dritten, um diese Website zu unterst\u00fctzen. Einige dieser Werbetreibenden verwenden m\u00f6glicherweise Technologien wie Cookies und Web Beacons, wenn sie auf unserer Website werben. Dadurch erhalten diese Werbetreibenden (wie z.B. Google \u00fcber das Google AdSense-Programm) Informationen wie Ihre IP-Adresse, Ihren ISP, den Browser, den Sie zum Besuch unserer Website verwendet haben, und in einigen F\u00e4llen auch, ob Sie Flash installiert haben. Dies wird im Allgemeinen f\u00fcr Geotargeting-Zwecke verwendet (z.B. um Anzeigen f\u00fcr New Yorker Immobilien an jemanden in New York zu senden) oder um bestimmte Anzeigen auf der Grundlage bestimmter besuchter Websites zu schalten (z.B. um Anzeigen f\u00fcr Kochseiten an jemanden zu senden, der h\u00e4ufig Kochseiten besucht).  <\/p>\n\n<p><strong>DoubleClick DART-Cookies<\/strong><\/p>\n\n<p>Wir k\u00f6nnen auch DART-Cookies f\u00fcr die Anzeigenschaltung durch DoubleClick von Google verwenden, das ein Cookie auf Ihrem Computer platziert, wenn Sie im Internet surfen und eine Website besuchen, die DoubleClick-Werbung verwendet (einschlie\u00dflich einiger Google AdSense-Anzeigen). Dieses Cookie wird verwendet, um Anzeigen zu schalten, die speziell auf Sie und Ihre Interessen zugeschnitten sind (&#8222;interest based targeting&#8220;). Die geschalteten Anzeigen werden auf der Grundlage Ihres bisherigen Surfverhaltens ausgesucht (wenn Sie z.B. Websites zum Thema Las Vegas besucht haben, wird Ihnen m\u00f6glicherweise Werbung f\u00fcr Hotels in Las Vegas angezeigt, wenn Sie eine nicht verwandte Website besuchen, wie z.B. eine Website \u00fcber Eishockey). DART verwendet &#8222;nicht pers\u00f6nlich identifizierbare Informationen&#8220;. Es werden KEINE pers\u00f6nlichen Informationen \u00fcber Sie erfasst, wie z. B. Ihr Name, Ihre E-Mail-Adresse, Ihre Anschrift, Ihre Telefonnummer, Ihre Sozialversicherungsnummer, Ihre Bankkontonummer oder Ihre Kreditkartennummer. Sie k\u00f6nnen die Anzeigenschaltung auf allen Websites, die diese Werbung verwenden, deaktivieren, indem Sie<a href=\"http:\/\/www.doubleclick.com\/privacy\/dart_adserving.aspx\" target=\"_blank\" rel=\"noopener noreferrer\">http:\/\/www.doubleclick.com\/privacy\/dart_adserving.aspx besuchen.<\/a>     <\/p>\n\n<p>Sie k\u00f6nnen unsere Cookies oder die Cookies von Drittanbietern in den Einstellungen Ihres Browsers oder in Programmen wie Norton Internet Security deaktivieren oder selektiv abschalten. Dies kann jedoch Auswirkungen darauf haben, wie Sie mit unserer Website und mit anderen Websites interagieren k\u00f6nnen. Dies kann dazu f\u00fchren, dass Sie sich nicht mehr bei Diensten oder Programmen anmelden k\u00f6nnen, wie z.B. bei Foren oder Konten.  <\/p>\n\n<p>Das L\u00f6schen von Cookies bedeutet nicht, dass Sie sich dauerhaft von einem Werbeprogramm abmelden. Wenn Sie keine Einstellungen haben, die Cookies verbieten, wird beim n\u00e4chsten Besuch einer Website, auf der die Werbung l\u00e4uft, ein neues Cookie hinzugef\u00fcgt. <\/p>\n\n<p><strong>Verfolgung der Nutzung<\/strong><\/p>\n\n<p>Wir verfolgen das Nutzungsverhalten auf allen unseren Websites. Wir bringen diese Informationen jedoch nicht mit Daten \u00fcber einzelne Benutzer in Verbindung. Die Statistiken werden nach dem Dom\u00e4nennamen, dem Browsertyp und dem MIME-Typ eines Benutzers aufgeschl\u00fcsselt, indem diese Informationen aus dem Browser-String ausgelesen werden (Informationen, die im Browser jedes Benutzers enthalten sind).  <\/p>\n\n<p>Wir verfolgen und katalogisieren die Suchbegriffe, die ein Benutzer in unsere Suchfunktion eingibt, aber diese Verfolgung wird niemals mit einzelnen Benutzern in Verbindung gebracht. Wir verwenden Tracking-Informationen, um festzustellen, welche Bereiche unserer Websites den Nutzern gefallen und welche nicht, basierend auf dem Verkehr zu diesen Bereichen. Wir verfolgen nicht, was einzelne Benutzer lesen, sondern wie gut die einzelnen Seiten insgesamt abschneiden. Dies hilft uns, unseren Service f\u00fcr Sie weiter zu verbessern.   <\/p>\n\n<p><strong>Kinder<\/strong><\/p>\n\n<p>Wir werden niemals pers\u00f6nlich identifizierbare Informationen von Personen unter 18 Jahren anfordern, ohne die Zustimmung der Eltern einzuholen.<\/p>\n\n<p><strong>Verwendung von Informationen<\/strong><\/p>\n\n<p>Wir nutzen die Informationen, die uns unsere Nutzer freiwillig zur Verf\u00fcgung stellen, um ihr Erlebnis in unserem Netzwerk von Websites zu verbessern, sei es, um interaktive oder personalisierte Elemente auf den Websites bereitzustellen oder um zuk\u00fcnftige Inhalte auf der Grundlage der Interessen unserer Nutzer besser vorzubereiten.<\/p>\n\n<p>Wie bereits erw\u00e4hnt, verwenden wir Informationen, die Benutzer freiwillig zur Verf\u00fcgung stellen, um elektronische Newsletter zu versenden und Benutzern die M\u00f6glichkeit zu geben, an Umfragen, Message Boards und Foren teilzunehmen. Wir versenden regelm\u00e4\u00dfig Newsletter an unsere Abonnenten (je nach Newsletter) und gelegentlich auch Sonderausgaben, wenn wir glauben, dass unsere Abonnenten besonders an einer unserer Aktionen interessiert sind. Wir geben die Newsletter-Verteilerlisten niemals an Dritte weiter, auch nicht an Werbekunden, Sponsoren oder Partner.  <\/p>\n\n<p>Wenn wir Tracking-Informationen verwenden, um festzustellen, welche Bereiche unserer Websites den Nutzern gefallen und welche nicht, basierend auf dem Verkehr zu diesen Bereichen. Wir verfolgen nicht, was einzelne Benutzer lesen, sondern wie gut die einzelnen Seiten insgesamt abschneiden. Dies hilft uns, unseren Service f\u00fcr Sie weiter zu verbessern. Wir verfolgen die in der Suchfunktion eingegebenen Suchbegriffe als eine von vielen Ma\u00dfnahmen, um festzustellen, was unsere Nutzer interessiert. Aber wir verfolgen nicht, welche Begriffe ein bestimmter Nutzer eingibt.    <\/p>\n\n<p>Wir erstellen aggregierte Berichte \u00fcber demografische Daten der Nutzer und Verkehrsmuster f\u00fcr Werbekunden, Sponsoren und Partner. Auf diese Weise k\u00f6nnen unsere Werbetreibenden effektiver werben und unsere Nutzer erhalten Werbung, die auf ihre Bed\u00fcrfnisse zugeschnitten ist. Da wir das Nutzungsverhalten einzelner Nutzer nicht nachverfolgen, wird ein Werbetreibender oder Sponsor nie erfahren, dass ein bestimmter Nutzer auf seine Anzeige geklickt hat. Wir geben keine Informationen \u00fcber einzelne Nutzer weiter, es sei denn, um geltendem Recht oder einem g\u00fcltigen Gerichtsverfahren zu entsprechen oder um die pers\u00f6nliche Sicherheit unserer Nutzer oder der \u00d6ffentlichkeit zu sch\u00fctzen.   <\/p>\n\n<p><strong>WEITERGABE DER INFORMATIONEN<\/strong><\/p>\n\n<p>Wir verwenden die oben beschriebenen Informationen, um unsere Inhalte auf Ihre Bed\u00fcrfnisse zuzuschneiden und um unseren Werbekunden zu helfen, die demografischen Merkmale unserer Zielgruppe besser zu verstehen. Dies ist wichtig, damit unser Service kostenlos bleibt. Wir geben keine Informationen \u00fcber einzelne Nutzer an Dritte weiter, es sei denn, um geltendem Recht oder einem g\u00fcltigen Gerichtsverfahren zu entsprechen oder um die pers\u00f6nliche Sicherheit unserer Nutzer oder der \u00d6ffentlichkeit zu sch\u00fctzen.  <\/p>\n\n<p><strong>SICHERHEIT<\/strong><\/p>\n\n<p>Wir betreiben sichere Datennetzwerke, die durch branchen\u00fcbliche Firewall- und Passwortschutzsysteme gesch\u00fctzt sind. Unsere Sicherheits- und Datenschutzrichtlinien werden regelm\u00e4\u00dfig \u00fcberpr\u00fcft und bei Bedarf verbessert, und nur autorisierte Personen haben Zugriff auf die von unseren Kunden bereitgestellten Informationen. <\/p>\n\n<p><strong>IHR EINVERST\u00c4NDNIS<\/strong><\/p>\n\n<p>Durch die Nutzung unserer Websites erkl\u00e4ren Sie sich mit der Erfassung und Verwendung dieser Informationen einverstanden. Wenn wir uns entscheiden, unsere Datenschutzrichtlinien zu \u00e4ndern, werden wir diese \u00c4nderungen auf dieser Seite ver\u00f6ffentlichen, damit Sie immer wissen, welche Informationen wir sammeln, wie wir sie verwenden und unter welchen Umst\u00e4nden wir sie weitergeben. <\/p>\n","protected":false},"excerpt":{"rendered":"<p>Datenschutzbestimmungen Die Website, die Sie besuchen, ist Eigentum von Green Building Europe und wird von ihr betrieben. Ihre Privatsph\u00e4re im Internet ist f\u00fcr uns von gr\u00f6\u00dfter Bedeutung. Wir von Green Building Europe m\u00f6chten, dass Ihre Online-Erfahrung zufriedenstellend und sicher ist. [&hellip;]<\/p>\n","protected":false},"author":93,"featured_media":0,"parent":0,"menu_order":0,"comment_status":"closed","ping_status":"closed","template":"","meta":{"_uag_custom_page_level_css":"","site-sidebar-layout":"default","site-content-layout":"default","ast-site-content-layout":"default","site-content-style":"default","site-sidebar-style":"default","ast-global-header-display":"","ast-banner-title-visibility":"","ast-main-header-display":"","ast-hfb-above-header-display":"","ast-hfb-below-header-display":"","ast-hfb-mobile-header-display":"","site-post-title":"disabled","ast-breadcrumbs-content":"","ast-featured-img":"","footer-sml-layout":"","ast-disable-related-posts":"","theme-transparent-header-meta":"default","adv-header-id-meta":"","stick-header-meta":"default","header-above-stick-meta":"","header-main-stick-meta":"","header-below-stick-meta":"","astra-migrate-meta-layouts":"default","ast-page-background-enabled":"default","ast-page-background-meta":{"desktop":{"background-color":"var(--ast-global-color-4)","background-image":"","background-repeat":"repeat","background-position":"center center","background-size":"auto","background-attachment":"scroll","background-type":"","background-media":"","overlay-type":"","overlay-color":"","overlay-opacity":"","overlay-gradient":""},"tablet":{"background-color":"","background-image":"","background-repeat":"repeat","background-position":"center center","background-size":"auto","background-attachment":"scroll","background-type":"","background-media":"","overlay-type":"","overlay-color":"","overlay-opacity":"","overlay-gradient":""},"mobile":{"background-color":"","background-image":"","background-repeat":"repeat","background-position":"center center","background-size":"auto","background-attachment":"scroll","background-type":"","background-media":"","overlay-type":"","overlay-color":"","overlay-opacity":"","overlay-gradient":""}},"ast-content-background-meta":{"desktop":{"background-color":"var(--ast-global-color-5)","background-image":"","background-repeat":"repeat","background-position":"center center","background-size":"auto","background-attachment":"scroll","background-type":"","background-media":"","overlay-type":"","overlay-color":"","overlay-opacity":"","overlay-gradient":""},"tablet":{"background-color":"var(--ast-global-color-5)","background-image":"","background-repeat":"repeat","background-position":"center center","background-size":"auto","background-attachment":"scroll","background-type":"","background-media":"","overlay-type":"","overlay-color":"","overlay-opacity":"","overlay-gradient":""},"mobile":{"background-color":"var(--ast-global-color-5)","background-image":"","background-repeat":"repeat","background-position":"center center","background-size":"auto","background-attachment":"scroll","background-type":"","background-media":"","overlay-type":"","overlay-color":"","overlay-opacity":"","overlay-gradient":""}},"footnotes":""},"class_list":["post-57110","page","type-page","status-publish","hentry"],"uagb_featured_image_src":{"full":false,"thumbnail":false,"medium":false,"medium_large":false,"large":false,"1536x1536":false,"2048x2048":false},"uagb_author_info":{"display_name":"","author_link":"https:\/\/greenbuildingeurope.eu\/de\/author\/"},"uagb_comment_info":0,"uagb_excerpt":"Datenschutzbestimmungen Die Website, die Sie besuchen, ist Eigentum von Green Building Europe und wird von ihr betrieben. Ihre Privatsph\u00e4re im Internet ist f\u00fcr uns von gr\u00f6\u00dfter Bedeutung. Wir von Green Building Europe m\u00f6chten, dass Ihre Online-Erfahrung zufriedenstellend und sicher ist. [&hellip;]","_links":{"self":[{"href":"https:\/\/greenbuildingeurope.eu\/de\/wp-json\/wp\/v2\/pages\/57110","targetHints":{"allow":["GET"]}}],"collection":[{"href":"https:\/\/greenbuildingeurope.eu\/de\/wp-json\/wp\/v2\/pages"}],"about":[{"href":"https:\/\/greenbuildingeurope.eu\/de\/wp-json\/wp\/v2\/types\/page"}],"author":[{"embeddable":true,"href":"https:\/\/greenbuildingeurope.eu\/de\/wp-json\/wp\/v2\/users\/93"}],"replies":[{"embeddable":true,"href":"https:\/\/greenbuildingeurope.eu\/de\/wp-json\/wp\/v2\/comments?post=57110"}],"version-history":[{"count":0,"href":"https:\/\/greenbuildingeurope.eu\/de\/wp-json\/wp\/v2\/pages\/57110\/revisions"}],"wp:attachment":[{"href":"https:\/\/greenbuildingeurope.eu\/de\/wp-json\/wp\/v2\/media?parent=57110"}],"curies":[{"name":"wp","href":"https:\/\/api.w.org\/{rel}","templated":true}]}}