{"id":56883,"date":"2025-03-31T14:13:21","date_gmt":"2025-03-31T12:13:21","guid":{"rendered":"https:\/\/greenbuildingeurope.eu\/?page_id=56883"},"modified":"2025-04-10T16:08:12","modified_gmt":"2025-04-10T14:08:12","slug":"quienes-somos","status":"publish","type":"page","link":"https:\/\/greenbuildingeurope.eu\/es\/quienes-somos\/","title":{"rendered":"Qui\u00e9nes somos"},"content":{"rendered":"\n<h1 class=\"wp-block-heading has-text-align-center\">\u00a1Bienvenida!<\/h1>\n\n<hr class=\"wp-block-separator has-alpha-channel-opacity\"\/>\n\n<p><br\/>Green Building Europe es una red que conecta a profesionales de la construcci\u00f3n ecol\u00f3gica centrados en la sostenibilidad y a propietarios de viviendas con proveedores de productos sostenibles y energ\u00e9ticamente eficientes. Nuestra misi\u00f3n es promover la construcci\u00f3n ecol\u00f3gica como forma de reducir el enorme impacto que los edificios y la construcci\u00f3n tienen en el medio ambiente. Lo hacemos mediante la educaci\u00f3n, la creaci\u00f3n de redes y la divulgaci\u00f3n.    <\/p>\n\n<p>Con nuestra biblioteca de gu\u00edas de recursos, art\u00edculos y bolet\u00edn<a href=\"https:\/\/greenbuildingeurope.eu\/es\/suscribete\/\">(suscr\u00edbete aqu\u00ed<\/a>) pretendemos informar e inspirar a los lectores para que adopten un enfoque sostenible de la construcci\u00f3n. Para apoyar al sector, funcionamos como un centro de conexi\u00f3n entre los proveedores de productos y servicios sostenibles y quienes los buscan. Avanzamos en nuestro objetivo facilitando el comercio entre los proveedores de productos de construcci\u00f3n sostenible de Europa con otros pa\u00edses.    <\/p>\n\n<div class=\"wp-block-uagb-container uagb-block-81543e0d alignfull uagb-is-root-container\"><div class=\"uagb-container-inner-blocks-wrap\">\n<div class=\"wp-block-uagb-call-to-action uagb-block-94f9622d wp-block-button\"><div class=\"uagb-cta__wrap\"><h3 class=\"uagb-cta__title\">Expande tu marca<\/h3><p class=\"uagb-cta__desc\">Contacta con nosotros para obtener m\u00e1s informaci\u00f3n sobre c\u00f3mo podemos ayudar a tu marca a alcanzar su potencial de ventas<\/p><\/div><div class=\"uagb-cta__buttons\"><a href=\"\/es\/?page_id=56913\" class=\"uagb-cta__button-link-wrapper wp-block-button__link\" target=\"_self\" rel=\"noopener noreferrer\">Contacta con nosotros<svg xmlns=\"https:\/\/www.w3.org\/2000\/svg\" viewbox=\"0 0 512 512\"><path d=\"M504.3 273.6l-112.1 104c-6.992 6.484-17.18 8.218-25.94 4.406c-8.758-3.812-14.42-12.45-14.42-21.1L351.9 288H32C14.33 288 .0002 273.7 .0002 255.1S14.33 224 32 224h319.9l0-72c0-9.547 5.66-18.19 14.42-22c8.754-3.809 18.95-2.075 25.94 4.41l112.1 104C514.6 247.9 514.6 264.1 504.3 273.6z\"><\/path><\/svg><\/a><\/div><\/div>\n<\/div><\/div>\n","protected":false},"excerpt":{"rendered":"<p>\u00a1Bienvenida! Green Building Europe es una red que conecta a profesionales de la construcci\u00f3n ecol\u00f3gica centrados en la sostenibilidad y a propietarios de viviendas con proveedores de productos sostenibles y energ\u00e9ticamente eficientes. Nuestra misi\u00f3n es promover la construcci\u00f3n ecol\u00f3gica como [&hellip;]<\/p>\n","protected":false},"author":93,"featured_media":0,"parent":0,"menu_order":0,"comment_status":"closed","ping_status":"closed","template":"","meta":{"_uag_custom_page_level_css":"","site-sidebar-layout":"default","site-content-layout":"","ast-site-content-layout":"default","site-content-style":"default","site-sidebar-style":"default","ast-global-header-display":"","ast-banner-title-visibility":"","ast-main-header-display":"","ast-hfb-above-header-display":"","ast-hfb-below-header-display":"","ast-hfb-mobile-header-display":"","site-post-title":"disabled","ast-breadcrumbs-content":"","ast-featured-img":"","footer-sml-layout":"","ast-disable-related-posts":"","theme-transparent-header-meta":"","adv-header-id-meta":"","stick-header-meta":"","header-above-stick-meta":"","header-main-stick-meta":"","header-below-stick-meta":"","astra-migrate-meta-layouts":"set","ast-page-background-enabled":"default","ast-page-background-meta":{"desktop":{"background-color":"var(--ast-global-color-4)","background-image":"","background-repeat":"repeat","background-position":"center center","background-size":"auto","background-attachment":"scroll","background-type":"","background-media":"","overlay-type":"","overlay-color":"","overlay-opacity":"","overlay-gradient":""},"tablet":{"background-color":"","background-image":"","background-repeat":"repeat","background-position":"center center","background-size":"auto","background-attachment":"scroll","background-type":"","background-media":"","overlay-type":"","overlay-color":"","overlay-opacity":"","overlay-gradient":""},"mobile":{"background-color":"","background-image":"","background-repeat":"repeat","background-position":"center center","background-size":"auto","background-attachment":"scroll","background-type":"","background-media":"","overlay-type":"","overlay-color":"","overlay-opacity":"","overlay-gradient":""}},"ast-content-background-meta":{"desktop":{"background-color":"var(--ast-global-color-5)","background-image":"","background-repeat":"repeat","background-position":"center center","background-size":"auto","background-attachment":"scroll","background-type":"","background-media":"","overlay-type":"","overlay-color":"","overlay-opacity":"","overlay-gradient":""},"tablet":{"background-color":"var(--ast-global-color-5)","background-image":"","background-repeat":"repeat","background-position":"center center","background-size":"auto","background-attachment":"scroll","background-type":"","background-media":"","overlay-type":"","overlay-color":"","overlay-opacity":"","overlay-gradient":""},"mobile":{"background-color":"var(--ast-global-color-5)","background-image":"","background-repeat":"repeat","background-position":"center center","background-size":"auto","background-attachment":"scroll","background-type":"","background-media":"","overlay-type":"","overlay-color":"","overlay-opacity":"","overlay-gradient":""}},"footnotes":""},"class_list":["post-56883","page","type-page","status-publish","hentry"],"uagb_featured_image_src":{"full":false,"thumbnail":false,"medium":false,"medium_large":false,"large":false,"1536x1536":false,"2048x2048":false},"uagb_author_info":{"display_name":"","author_link":"https:\/\/greenbuildingeurope.eu\/es\/author\/"},"uagb_comment_info":0,"uagb_excerpt":"\u00a1Bienvenida! Green Building Europe es una red que conecta a profesionales de la construcci\u00f3n ecol\u00f3gica centrados en la sostenibilidad y a propietarios de viviendas con proveedores de productos sostenibles y energ\u00e9ticamente eficientes. Nuestra misi\u00f3n es promover la construcci\u00f3n ecol\u00f3gica como [&hellip;]","_links":{"self":[{"href":"https:\/\/greenbuildingeurope.eu\/es\/wp-json\/wp\/v2\/pages\/56883","targetHints":{"allow":["GET"]}}],"collection":[{"href":"https:\/\/greenbuildingeurope.eu\/es\/wp-json\/wp\/v2\/pages"}],"about":[{"href":"https:\/\/greenbuildingeurope.eu\/es\/wp-json\/wp\/v2\/types\/page"}],"author":[{"embeddable":true,"href":"https:\/\/greenbuildingeurope.eu\/es\/wp-json\/wp\/v2\/users\/93"}],"replies":[{"embeddable":true,"href":"https:\/\/greenbuildingeurope.eu\/es\/wp-json\/wp\/v2\/comments?post=56883"}],"version-history":[{"count":0,"href":"https:\/\/greenbuildingeurope.eu\/es\/wp-json\/wp\/v2\/pages\/56883\/revisions"}],"wp:attachment":[{"href":"https:\/\/greenbuildingeurope.eu\/es\/wp-json\/wp\/v2\/media?parent=56883"}],"curies":[{"name":"wp","href":"https:\/\/api.w.org\/{rel}","templated":true}]}}