{"id":57097,"date":"2025-04-10T11:00:46","date_gmt":"2025-04-10T09:00:46","guid":{"rendered":"https:\/\/greenbuildingeurope.eu\/?page_id=57097"},"modified":"2025-04-11T00:32:41","modified_gmt":"2025-04-10T22:32:41","slug":"condiciones-generales","status":"publish","type":"page","link":"https:\/\/greenbuildingeurope.eu\/es\/condiciones-generales\/","title":{"rendered":"Condiciones generales"},"content":{"rendered":"\n<h1 class=\"wp-block-heading has-text-align-center\">Condiciones generales<\/h1>\n\n<hr class=\"wp-block-separator has-alpha-channel-opacity\"\/>\n\n<p>Bienvenido a nuestro sitio web. Si contin\u00faas navegando y utilizando este sitio web, aceptas cumplir y estar sujeto a los siguientes t\u00e9rminos y condiciones de uso, que junto con nuestra pol\u00edtica de privacidad rigen la relaci\u00f3n de Green Building Europe contigo en relaci\u00f3n con este sitio web. Si no est\u00e1s de acuerdo con alguna parte de estos t\u00e9rminos y condiciones, no utilices nuestro sitio web.  <\/p>\n\n<p>El t\u00e9rmino \u00abGreen Building Europe\u00bb o \u00abnosotros\u00bb se refiere al propietario del sitio web. El t\u00e9rmino \u00abt\u00fa\u00bb se refiere al usuario o visitante de nuestro sitio web. <\/p>\n\n<p>El uso de este sitio web est\u00e1 sujeto a las siguientes condiciones de uso:<\/p>\n\n<ul class=\"wp-block-list\">\n<li>El contenido de las p\u00e1ginas de este sitio web es s\u00f3lo para tu informaci\u00f3n y uso generales. Est\u00e1 sujeto a cambios sin previo aviso. <\/li>\n\n\n\n<li>Este sitio web utiliza cookies para controlar las preferencias de navegaci\u00f3n. Si permites el uso de cookies, es posible que almacenemos la siguiente informaci\u00f3n personal para su uso por parte de terceros: Google Analytics, Google Adsense, Google Adwords. <\/li>\n\n\n\n<li>Ni nosotros ni ning\u00fan tercero proporcionamos ninguna garant\u00eda en cuanto a la exactitud, puntualidad, rendimiento, integridad o idoneidad de la informaci\u00f3n y los materiales encontrados u ofrecidos en este sitio web para cualquier fin concreto. Reconoces que dicha informaci\u00f3n y materiales pueden contener inexactitudes o errores y excluimos expresamente toda responsabilidad por tales inexactitudes o errores en la m\u00e1xima medida permitida por la ley. <\/li>\n\n\n\n<li>El uso que hagas de cualquier informaci\u00f3n o material de este sitio web es enteramente por tu cuenta y riesgo, por lo que no seremos responsables. Ser\u00e1 tu responsabilidad asegurarte de que cualquier producto, servicio o informaci\u00f3n disponible a trav\u00e9s de este sitio web cumple tus requisitos espec\u00edficos. <\/li>\n\n\n\n<li>Este sitio web contiene material que nos pertenece o para el que tenemos licencia. Este material incluye, entre otros, el dise\u00f1o, la disposici\u00f3n, el aspecto, la apariencia y los gr\u00e1ficos. Queda prohibida su reproducci\u00f3n salvo de conformidad con el aviso de copyright, que forma parte de estas condiciones.  <\/li>\n\n\n\n<li>Todas las marcas reproducidas en este sitio web que no sean propiedad del operador ni est\u00e9n autorizadas por \u00e9ste se reconocen en el sitio web.<\/li>\n\n\n\n<li>El uso no autorizado de este sitio web puede dar lugar a una reclamaci\u00f3n por da\u00f1os y perjuicios y\/o constituir un delito.<\/li>\n\n\n\n<li>De vez en cuando, este sitio web tambi\u00e9n puede incluir enlaces a otros sitios web. Estos enlaces se facilitan para tu comodidad con el fin de proporcionarte m\u00e1s informaci\u00f3n. No significan que aprobemos el\/los sitio(s) web. No somos responsables del contenido de los sitios web enlazados.   <\/li>\n\n\n\n<li>Tu uso de este sitio web y cualquier disputa que surja de dicho uso del sitio web est\u00e1n sujetos a las leyes de Italia.<\/li>\n<\/ul>\n\n<h2 class=\"wp-block-heading has-text-align-center\">Descargo de responsabilidad del sitio web<\/h2>\n\n<hr class=\"wp-block-separator has-alpha-channel-opacity\"\/>\n\n<div>\n<p>La informaci\u00f3n contenida en este sitio web s\u00f3lo tiene fines de informaci\u00f3n general. La informaci\u00f3n es proporcionada por Green Building Europe y, aunque nos esforzamos por mantener la informaci\u00f3n actualizada y correcta, no hacemos representaciones ni garant\u00edas de ning\u00fan tipo, expresas o impl\u00edcitas, sobre la integridad, exactitud, fiabilidad, adecuaci\u00f3n o disponibilidad con respecto al sitio web o la informaci\u00f3n, productos, servicios o gr\u00e1ficos relacionados contenidos en el sitio web para cualquier prop\u00f3sito. Por lo tanto, cualquier confianza que deposites en dicha informaci\u00f3n es estrictamente por tu cuenta y riesgo.  <\/p>\n<p>En ning\u00fan caso seremos responsables de ninguna p\u00e9rdida o da\u00f1o, incluyendo, sin limitaci\u00f3n, p\u00e9rdidas o da\u00f1os indirectos o consecuentes, o cualquier p\u00e9rdida o da\u00f1o derivado de la p\u00e9rdida de datos o beneficios que surjan de, o est\u00e9n relacionados con, el uso de este sitio web.<\/p>\n<p>A trav\u00e9s de este sitio web puedes enlazar con otros sitios web que no est\u00e1n bajo el control de Green Building Europe. No tenemos ning\u00fan control sobre la naturaleza, el contenido y la disponibilidad de esos sitios. La inclusi\u00f3n de cualquier enlace no implica necesariamente una recomendaci\u00f3n ni respalda las opiniones expresadas en ellos.  <\/p>\n<p>Hacemos todo lo posible para que el sitio web funcione correctamente. Sin embargo, Green Building Europe no se hace responsable de que el sitio web no est\u00e9 disponible temporalmente debido a problemas t\u00e9cnicos ajenos a nuestro control. <\/p>\n<\/div>\n","protected":false},"excerpt":{"rendered":"<p>Condiciones generales Bienvenido a nuestro sitio web. Si contin\u00faas navegando y utilizando este sitio web, aceptas cumplir y estar sujeto a los siguientes t\u00e9rminos y condiciones de uso, que junto con nuestra pol\u00edtica de privacidad rigen la relaci\u00f3n de Green [&hellip;]<\/p>\n","protected":false},"author":93,"featured_media":0,"parent":0,"menu_order":0,"comment_status":"open","ping_status":"closed","template":"","meta":{"_uag_custom_page_level_css":"","site-sidebar-layout":"default","site-content-layout":"default","ast-site-content-layout":"default","site-content-style":"default","site-sidebar-style":"default","ast-global-header-display":"","ast-banner-title-visibility":"","ast-main-header-display":"","ast-hfb-above-header-display":"","ast-hfb-below-header-display":"","ast-hfb-mobile-header-display":"","site-post-title":"disabled","ast-breadcrumbs-content":"","ast-featured-img":"","footer-sml-layout":"","ast-disable-related-posts":"","theme-transparent-header-meta":"default","adv-header-id-meta":"","stick-header-meta":"default","header-above-stick-meta":"","header-main-stick-meta":"","header-below-stick-meta":"","astra-migrate-meta-layouts":"default","ast-page-background-enabled":"default","ast-page-background-meta":{"desktop":{"background-color":"var(--ast-global-color-4)","background-image":"","background-repeat":"repeat","background-position":"center center","background-size":"auto","background-attachment":"scroll","background-type":"","background-media":"","overlay-type":"","overlay-color":"","overlay-opacity":"","overlay-gradient":""},"tablet":{"background-color":"","background-image":"","background-repeat":"repeat","background-position":"center center","background-size":"auto","background-attachment":"scroll","background-type":"","background-media":"","overlay-type":"","overlay-color":"","overlay-opacity":"","overlay-gradient":""},"mobile":{"background-color":"","background-image":"","background-repeat":"repeat","background-position":"center center","background-size":"auto","background-attachment":"scroll","background-type":"","background-media":"","overlay-type":"","overlay-color":"","overlay-opacity":"","overlay-gradient":""}},"ast-content-background-meta":{"desktop":{"background-color":"var(--ast-global-color-5)","background-image":"","background-repeat":"repeat","background-position":"center center","background-size":"auto","background-attachment":"scroll","background-type":"","background-media":"","overlay-type":"","overlay-color":"","overlay-opacity":"","overlay-gradient":""},"tablet":{"background-color":"var(--ast-global-color-5)","background-image":"","background-repeat":"repeat","background-position":"center center","background-size":"auto","background-attachment":"scroll","background-type":"","background-media":"","overlay-type":"","overlay-color":"","overlay-opacity":"","overlay-gradient":""},"mobile":{"background-color":"var(--ast-global-color-5)","background-image":"","background-repeat":"repeat","background-position":"center center","background-size":"auto","background-attachment":"scroll","background-type":"","background-media":"","overlay-type":"","overlay-color":"","overlay-opacity":"","overlay-gradient":""}},"footnotes":""},"class_list":["post-57097","page","type-page","status-publish","hentry"],"uagb_featured_image_src":{"full":false,"thumbnail":false,"medium":false,"medium_large":false,"large":false,"1536x1536":false,"2048x2048":false},"uagb_author_info":{"display_name":"","author_link":"https:\/\/greenbuildingeurope.eu\/es\/author\/"},"uagb_comment_info":0,"uagb_excerpt":"Condiciones generales Bienvenido a nuestro sitio web. Si contin\u00faas navegando y utilizando este sitio web, aceptas cumplir y estar sujeto a los siguientes t\u00e9rminos y condiciones de uso, que junto con nuestra pol\u00edtica de privacidad rigen la relaci\u00f3n de Green [&hellip;]","_links":{"self":[{"href":"https:\/\/greenbuildingeurope.eu\/es\/wp-json\/wp\/v2\/pages\/57097","targetHints":{"allow":["GET"]}}],"collection":[{"href":"https:\/\/greenbuildingeurope.eu\/es\/wp-json\/wp\/v2\/pages"}],"about":[{"href":"https:\/\/greenbuildingeurope.eu\/es\/wp-json\/wp\/v2\/types\/page"}],"author":[{"embeddable":true,"href":"https:\/\/greenbuildingeurope.eu\/es\/wp-json\/wp\/v2\/users\/93"}],"replies":[{"embeddable":true,"href":"https:\/\/greenbuildingeurope.eu\/es\/wp-json\/wp\/v2\/comments?post=57097"}],"version-history":[{"count":0,"href":"https:\/\/greenbuildingeurope.eu\/es\/wp-json\/wp\/v2\/pages\/57097\/revisions"}],"wp:attachment":[{"href":"https:\/\/greenbuildingeurope.eu\/es\/wp-json\/wp\/v2\/media?parent=57097"}],"curies":[{"name":"wp","href":"https:\/\/api.w.org\/{rel}","templated":true}]}}