{"id":57119,"date":"2025-04-10T13:00:06","date_gmt":"2025-04-10T11:00:06","guid":{"rendered":"https:\/\/greenbuildingeurope.eu\/?page_id=57119"},"modified":"2025-04-11T00:32:40","modified_gmt":"2025-04-10T22:32:40","slug":"politica-de-privacidad","status":"publish","type":"page","link":"https:\/\/greenbuildingeurope.eu\/es\/politica-de-privacidad\/","title":{"rendered":"Pol\u00edtica de privacidad"},"content":{"rendered":"\n<h1 class=\"wp-block-heading has-text-align-center\">Pol\u00edtica de privacidad<\/h1>\n\n<hr class=\"wp-block-separator has-alpha-channel-opacity\"\/>\n\n<p>El sitio que est\u00e1s visitando es propiedad y est\u00e1 gestionado por Green Building Europe. Tu privacidad en Internet es de la m\u00e1xima importancia para nosotros. En Green Building Europe queremos que tu experiencia online sea satisfactoria y segura. Dado que recopilamos determinados tipos de informaci\u00f3n sobre nuestros usuarios, creemos que debes comprender plenamente nuestra pol\u00edtica y los t\u00e9rminos y condiciones que rodean la recopilaci\u00f3n y el uso de dicha informaci\u00f3n. Esta declaraci\u00f3n de privacidad revela qu\u00e9 informaci\u00f3n recopilamos y c\u00f3mo se utiliza esta informaci\u00f3n.    <\/p>\n\n<p><strong>Privacidad<\/strong><\/p>\n\n<p>Reconocemos que la privacidad de tu informaci\u00f3n personal es importante. Aqu\u00ed tienes informaci\u00f3n sobre qu\u00e9 tipos de informaci\u00f3n personal recibimos y recopilamos cuando utilizas y visitas este sitio web y c\u00f3mo salvaguardamos tu informaci\u00f3n. Nunca vendemos tu informaci\u00f3n personal a terceros.  <\/p>\n\n<p><strong>Archivos de registro<\/strong><\/p>\n\n<p>Como en la mayor\u00eda de los sitios web, recogemos y utilizamos los datos contenidos en los archivos de registro. La informaci\u00f3n de los archivos de registro incluye tu direcci\u00f3n IP (protocolo de Internet), tu ISP (proveedor de servicios de Internet, como Vodafone u Orange), el navegador que utilizaste para visitar nuestro sitio (como Chrome o Firefox), la hora a la que visitaste nuestro sitio y las p\u00e1ginas que visitaste en todo nuestro sitio. <\/p>\n\n<p><strong>Cookies y balizas web<\/strong><\/p>\n\n<p>Utilizamos cookies para almacenar informaci\u00f3n, como tus preferencias personales cuando visitas nuestro sitio. Esto podr\u00eda incluir que s\u00f3lo se te muestre una ventana emergente una vez en tu visita, o la posibilidad de iniciar sesi\u00f3n en algunas de nuestras funciones, como los foros. <\/p>\n\n<p>Tambi\u00e9n utilizamos anuncios de terceros para mantener este sitio. Algunos de estos anunciantes pueden utilizar tecnolog\u00eda como cookies y balizas web cuando se anuncian en nuestro sitio, lo que tambi\u00e9n enviar\u00e1 a estos anunciantes (como Google a trav\u00e9s del programa Google AdSense) informaci\u00f3n que incluye tu direcci\u00f3n IP, tu ISP , el navegador que utilizaste para visitar nuestro sitio y, en algunos casos, si tienes instalado Flash. Esto se utiliza generalmente con fines de geotargeting (mostrar anuncios inmobiliarios de Nueva York a alguien de Nueva York, por ejemplo) o mostrar ciertos anuncios basados en sitios espec\u00edficos visitados (como mostrar anuncios de cocina a alguien que frecuenta sitios de cocina).  <\/p>\n\n<p><strong>Cookies DART de DoubleClick<\/strong><\/p>\n\n<p>Tambi\u00e9n podemos utilizar cookies DART para la publicaci\u00f3n de anuncios a trav\u00e9s de DoubleClick de Google, que coloca una cookie en tu ordenador cuando navegas por la web y visitas un sitio que utiliza publicidad de DoubleClick (incluidos algunos anuncios de Google AdSense). Esta cookie se utiliza para publicar anuncios espec\u00edficos para ti y tus intereses (\u00aborientaci\u00f3n basada en intereses\u00bb). Los anuncios que se publiquen estar\u00e1n orientados en funci\u00f3n de tu historial de navegaci\u00f3n anterior (por ejemplo, si has estado viendo sitios sobre visitas a Las Vegas, es posible que veas anuncios de hoteles de Las Vegas cuando veas un sitio no relacionado, como en un sitio sobre hockey). DART utiliza \u00abinformaci\u00f3n no identificable personalmente\u00bb. NO rastrea informaci\u00f3n personal sobre ti, como tu nombre, direcci\u00f3n de correo electr\u00f3nico, direcci\u00f3n f\u00edsica, n\u00famero de tel\u00e9fono, n\u00fameros de la seguridad social, n\u00fameros de cuentas bancarias o n\u00fameros de tarjetas de cr\u00e9dito. Puedes excluirte de esta publicidad en todos los sitios que la utilizan visitando:<a href=\"http:\/\/www.doubleclick.com\/privacy\/dart_adserving.aspx\" target=\"_blank\" rel=\"noopener noreferrer\">http:\/\/www.doubleclick.com\/privacy\/dart_adserving.aspx<\/a>     <\/p>\n\n<p>Puedes optar por desactivar o desactivar selectivamente nuestras cookies o las cookies de terceros en la configuraci\u00f3n de tu navegador, o gestionando las preferencias en programas como Norton Internet Security. Sin embargo, esto puede afectar a la forma en que puedes interactuar con nuestro sitio, as\u00ed como con otros sitios web. Esto podr\u00eda incluir la imposibilidad de acceder a servicios o programas, como el inicio de sesi\u00f3n en foros o cuentas.  <\/p>\n\n<p>Eliminar las cookies no significa que quedes excluido permanentemente de cualquier programa publicitario. A menos que tengas una configuraci\u00f3n que deshabilite las cookies, la pr\u00f3xima vez que visites un sitio en el que se publique publicidad, se a\u00f1adir\u00e1 una nueva cookie. <\/p>\n\n<p><strong>Seguimiento del uso<\/strong><\/p>\n\n<p>Hacemos un seguimiento de los patrones de tr\u00e1fico de usuarios en todos nuestros sitios. Sin embargo, no correlacionamos esta informaci\u00f3n con datos sobre usuarios individuales. Las estad\u00edsticas se desglosan seg\u00fan el nombre de dominio de un usuario, el tipo de navegador y el tipo MIME leyendo esta informaci\u00f3n de la cadena del navegador (informaci\u00f3n contenida en el navegador de cada usuario).  <\/p>\n\n<p>Rastreamos y catalogamos los t\u00e9rminos de b\u00fasqueda que un usuario introduce en nuestra funci\u00f3n de B\u00fasqueda, pero este rastreo nunca se asocia a usuarios individuales. Utilizamos la informaci\u00f3n de seguimiento para determinar qu\u00e9 \u00e1reas de nuestros sitios gustan a los usuarios y cu\u00e1les no, bas\u00e1ndonos en el tr\u00e1fico a esas \u00e1reas. No rastreamos lo que leen los usuarios individuales, sino el rendimiento general de cada p\u00e1gina. Esto nos ayuda a seguir construyendo un servicio mejor para ti.   <\/p>\n\n<p><strong>Ni\u00f1os<\/strong><\/p>\n\n<p>Nunca solicitaremos informaci\u00f3n personal identificable a menores de 18 a\u00f1os sin pedir el consentimiento paterno.<\/p>\n\n<p><strong>Uso de la informaci\u00f3n<\/strong><\/p>\n\n<p>Actuamos a partir de la informaci\u00f3n que nos facilitan voluntariamente nuestros usuarios para mejorar su experiencia en nuestra red de sitios, ya sea para proporcionar elementos interactivos o personalizados en los sitios o para preparar mejor futuros contenidos basados en los intereses de nuestros usuarios.<\/p>\n\n<p>Como se ha indicado anteriormente, utilizamos la informaci\u00f3n que los usuarios facilitan voluntariamente para enviar boletines electr\u00f3nicos y para que los usuarios puedan participar en sondeos, encuestas, tablones de mensajes y foros. Enviamos boletines a los suscriptores de forma regular (dependiendo del bolet\u00edn), y ocasionalmente enviamos ediciones especiales cuando pensamos que los suscriptores podr\u00edan estar particularmente interesados en algo que estamos haciendo. Nunca compartimos las listas de correo de los boletines con terceros, incluidos anunciantes, patrocinadores o socios.  <\/p>\n\n<p>Cuando utilizamos informaci\u00f3n de seguimiento para determinar qu\u00e9 \u00e1reas de nuestros sitios gustan a los usuarios y cu\u00e1les no, bas\u00e1ndonos en el tr\u00e1fico a esas \u00e1reas. No rastreamos lo que lee cada usuario, sino el rendimiento general de cada p\u00e1gina. Esto nos ayuda a seguir construyendo un mejor servicio para ti. Hacemos un seguimiento de los t\u00e9rminos de b\u00fasqueda introducidos en la funci\u00f3n Buscar como una de las muchas medidas de lo que interesa a nuestros usuarios. Pero no rastreamos qu\u00e9 t\u00e9rminos introduce un usuario concreto.    <\/p>\n\n<p>Creamos informes agregados sobre datos demogr\u00e1ficos de los usuarios y patrones de tr\u00e1fico para anunciantes, patrocinadores y socios. Esto permite a nuestros anunciantes anunciarse con mayor eficacia, y a nuestros usuarios recibir anuncios que se ajustan a sus necesidades. Como no rastreamos los patrones de uso de los usuarios individuales, un anunciante o patrocinador nunca sabr\u00e1 que un usuario concreto ha hecho clic en su anuncio. No revelaremos ninguna informaci\u00f3n sobre ning\u00fan usuario individual excepto para cumplir la legislaci\u00f3n aplicable o un proceso legal v\u00e1lido, o para proteger la seguridad personal de nuestros usuarios o del p\u00fablico.   <\/p>\n\n<p><strong>COMPARTIR LA INFORMACI\u00d3N<\/strong><\/p>\n\n<p>Utilizamos la informaci\u00f3n descrita anteriormente para adaptar nuestro contenido a tus necesidades y ayudar a nuestros anunciantes a comprender mejor los datos demogr\u00e1ficos de nuestra audiencia. Esto es esencial para mantener nuestro servicio gratuito. No compartiremos informaci\u00f3n sobre usuarios individuales con terceros, excepto para cumplir la legislaci\u00f3n aplicable o un proceso legal v\u00e1lido o para proteger la seguridad personal de nuestros usuarios o del p\u00fablico.  <\/p>\n\n<p><strong>SEGURIDAD<\/strong><\/p>\n\n<p>Operamos con redes de datos seguras protegidas por cortafuegos est\u00e1ndar del sector y sistemas de protecci\u00f3n por contrase\u00f1a. Nuestras pol\u00edticas de seguridad y privacidad se revisan peri\u00f3dicamente y se mejoran seg\u00fan sea necesario, y s\u00f3lo las personas autorizadas tienen acceso a la informaci\u00f3n facilitada por nuestros clientes. <\/p>\n\n<p><strong>TU CONSENTIMIENTO<\/strong><\/p>\n\n<p>Al utilizar nuestros sitios, das tu consentimiento a la recogida y uso de esta informaci\u00f3n. Si decidimos cambiar nuestra pol\u00edtica de privacidad, publicaremos dichos cambios en esta p\u00e1gina para que siempre sepas qu\u00e9 informaci\u00f3n recopilamos, c\u00f3mo la utilizamos y en qu\u00e9 circunstancias la revelamos. <\/p>\n","protected":false},"excerpt":{"rendered":"<p>Pol\u00edtica de privacidad El sitio que est\u00e1s visitando es propiedad y est\u00e1 gestionado por Green Building Europe. Tu privacidad en Internet es de la m\u00e1xima importancia para nosotros. En Green Building Europe queremos que tu experiencia online sea satisfactoria y [&hellip;]<\/p>\n","protected":false},"author":93,"featured_media":0,"parent":0,"menu_order":0,"comment_status":"closed","ping_status":"closed","template":"","meta":{"_uag_custom_page_level_css":"","site-sidebar-layout":"default","site-content-layout":"default","ast-site-content-layout":"default","site-content-style":"default","site-sidebar-style":"default","ast-global-header-display":"","ast-banner-title-visibility":"","ast-main-header-display":"","ast-hfb-above-header-display":"","ast-hfb-below-header-display":"","ast-hfb-mobile-header-display":"","site-post-title":"disabled","ast-breadcrumbs-content":"","ast-featured-img":"","footer-sml-layout":"","ast-disable-related-posts":"","theme-transparent-header-meta":"default","adv-header-id-meta":"","stick-header-meta":"default","header-above-stick-meta":"","header-main-stick-meta":"","header-below-stick-meta":"","astra-migrate-meta-layouts":"default","ast-page-background-enabled":"default","ast-page-background-meta":{"desktop":{"background-color":"var(--ast-global-color-4)","background-image":"","background-repeat":"repeat","background-position":"center center","background-size":"auto","background-attachment":"scroll","background-type":"","background-media":"","overlay-type":"","overlay-color":"","overlay-opacity":"","overlay-gradient":""},"tablet":{"background-color":"","background-image":"","background-repeat":"repeat","background-position":"center center","background-size":"auto","background-attachment":"scroll","background-type":"","background-media":"","overlay-type":"","overlay-color":"","overlay-opacity":"","overlay-gradient":""},"mobile":{"background-color":"","background-image":"","background-repeat":"repeat","background-position":"center center","background-size":"auto","background-attachment":"scroll","background-type":"","background-media":"","overlay-type":"","overlay-color":"","overlay-opacity":"","overlay-gradient":""}},"ast-content-background-meta":{"desktop":{"background-color":"var(--ast-global-color-5)","background-image":"","background-repeat":"repeat","background-position":"center center","background-size":"auto","background-attachment":"scroll","background-type":"","background-media":"","overlay-type":"","overlay-color":"","overlay-opacity":"","overlay-gradient":""},"tablet":{"background-color":"var(--ast-global-color-5)","background-image":"","background-repeat":"repeat","background-position":"center center","background-size":"auto","background-attachment":"scroll","background-type":"","background-media":"","overlay-type":"","overlay-color":"","overlay-opacity":"","overlay-gradient":""},"mobile":{"background-color":"var(--ast-global-color-5)","background-image":"","background-repeat":"repeat","background-position":"center center","background-size":"auto","background-attachment":"scroll","background-type":"","background-media":"","overlay-type":"","overlay-color":"","overlay-opacity":"","overlay-gradient":""}},"footnotes":""},"class_list":["post-57119","page","type-page","status-publish","hentry"],"uagb_featured_image_src":{"full":false,"thumbnail":false,"medium":false,"medium_large":false,"large":false,"1536x1536":false,"2048x2048":false},"uagb_author_info":{"display_name":"","author_link":"https:\/\/greenbuildingeurope.eu\/es\/author\/"},"uagb_comment_info":0,"uagb_excerpt":"Pol\u00edtica de privacidad El sitio que est\u00e1s visitando es propiedad y est\u00e1 gestionado por Green Building Europe. Tu privacidad en Internet es de la m\u00e1xima importancia para nosotros. En Green Building Europe queremos que tu experiencia online sea satisfactoria y [&hellip;]","_links":{"self":[{"href":"https:\/\/greenbuildingeurope.eu\/es\/wp-json\/wp\/v2\/pages\/57119","targetHints":{"allow":["GET"]}}],"collection":[{"href":"https:\/\/greenbuildingeurope.eu\/es\/wp-json\/wp\/v2\/pages"}],"about":[{"href":"https:\/\/greenbuildingeurope.eu\/es\/wp-json\/wp\/v2\/types\/page"}],"author":[{"embeddable":true,"href":"https:\/\/greenbuildingeurope.eu\/es\/wp-json\/wp\/v2\/users\/93"}],"replies":[{"embeddable":true,"href":"https:\/\/greenbuildingeurope.eu\/es\/wp-json\/wp\/v2\/comments?post=57119"}],"version-history":[{"count":0,"href":"https:\/\/greenbuildingeurope.eu\/es\/wp-json\/wp\/v2\/pages\/57119\/revisions"}],"wp:attachment":[{"href":"https:\/\/greenbuildingeurope.eu\/es\/wp-json\/wp\/v2\/media?parent=57119"}],"curies":[{"name":"wp","href":"https:\/\/api.w.org\/{rel}","templated":true}]}}