{"id":56865,"date":"2025-03-31T14:13:21","date_gmt":"2025-03-31T12:13:21","guid":{"rendered":"https:\/\/greenbuildingeurope.eu\/?page_id=56865"},"modified":"2025-04-11T00:30:08","modified_gmt":"2025-04-10T22:30:08","slug":"a-propos-de-nous","status":"publish","type":"page","link":"https:\/\/greenbuildingeurope.eu\/fr\/a-propos-de-nous\/","title":{"rendered":"A propos de nous"},"content":{"rendered":"\n<h1 class=\"wp-block-heading has-text-align-center\">Bienvenue !<\/h1>\n\n<hr class=\"wp-block-separator has-alpha-channel-opacity\"\/>\n\n<p><br\/>Green Building Europe est un r\u00e9seau qui met en relation les professionnels de la construction \u00e9cologique ax\u00e9s sur le d\u00e9veloppement durable et les propri\u00e9taires de maisons avec les fournisseurs de produits durables et \u00e0 faible consommation d&rsquo;\u00e9nergie. Notre mission est de promouvoir la construction \u00e9cologique comme moyen de r\u00e9duire l&rsquo;impact massif des b\u00e2timents et de la construction sur l&rsquo;environnement. Nous y parvenons par l&rsquo;\u00e9ducation, la mise en r\u00e9seau et la sensibilisation.    <\/p>\n\n<p>Avec notre biblioth\u00e8que de guides de ressources, d&rsquo;articles et notre bulletin d&rsquo;information<a href=\"https:\/\/greenbuildingeurope.eu\/fr\/sabonner\/\">(inscrivez-vous ici<\/a>), nous cherchons \u00e0 informer et \u00e0 inspirer les lecteurs pour qu&rsquo;ils adoptent une approche durable de la construction. Pour soutenir l&rsquo;industrie, nous servons de plaque tournante pour mettre en relation les fournisseurs de produits et de services durables avec ceux qui les recherchent. Nous poursuivons notre objectif en facilitant les \u00e9changes entre les fournisseurs de produits de construction durables en Europe et dans d&rsquo;autres pays.    <\/p>\n\n<div class=\"wp-block-uagb-container uagb-block-81543e0d alignfull uagb-is-root-container\"><div class=\"uagb-container-inner-blocks-wrap\">\n<div class=\"wp-block-uagb-call-to-action uagb-block-94f9622d wp-block-button\"><div class=\"uagb-cta__wrap\"><h3 class=\"uagb-cta__title\">D\u00e9veloppez votre marque<\/h3><p class=\"uagb-cta__desc\">Contactez-nous pour plus d&rsquo;informations sur la fa\u00e7on dont nous pouvons aider votre marque \u00e0 atteindre son potentiel de vente.<\/p><\/div><div class=\"uagb-cta__buttons\"><a href=\"\/fr\/?page_id=56895\" class=\"uagb-cta__button-link-wrapper wp-block-button__link\" target=\"_self\" rel=\"noopener noreferrer\">Contactez nous<svg xmlns=\"https:\/\/www.w3.org\/2000\/svg\" viewbox=\"0 0 512 512\"><path d=\"M504.3 273.6l-112.1 104c-6.992 6.484-17.18 8.218-25.94 4.406c-8.758-3.812-14.42-12.45-14.42-21.1L351.9 288H32C14.33 288 .0002 273.7 .0002 255.1S14.33 224 32 224h319.9l0-72c0-9.547 5.66-18.19 14.42-22c8.754-3.809 18.95-2.075 25.94 4.41l112.1 104C514.6 247.9 514.6 264.1 504.3 273.6z\"><\/path><\/svg><\/a><\/div><\/div>\n<\/div><\/div>\n","protected":false},"excerpt":{"rendered":"<p>Bienvenue ! Green Building Europe est un r\u00e9seau qui met en relation les professionnels de la construction \u00e9cologique ax\u00e9s sur le d\u00e9veloppement durable et les propri\u00e9taires de maisons avec les fournisseurs de produits durables et \u00e0 faible consommation d&rsquo;\u00e9nergie. Notre [&hellip;]<\/p>\n","protected":false},"author":93,"featured_media":0,"parent":0,"menu_order":0,"comment_status":"closed","ping_status":"closed","template":"","meta":{"_uag_custom_page_level_css":"","site-sidebar-layout":"default","site-content-layout":"","ast-site-content-layout":"default","site-content-style":"default","site-sidebar-style":"default","ast-global-header-display":"","ast-banner-title-visibility":"","ast-main-header-display":"","ast-hfb-above-header-display":"","ast-hfb-below-header-display":"","ast-hfb-mobile-header-display":"","site-post-title":"disabled","ast-breadcrumbs-content":"","ast-featured-img":"","footer-sml-layout":"","ast-disable-related-posts":"","theme-transparent-header-meta":"","adv-header-id-meta":"","stick-header-meta":"","header-above-stick-meta":"","header-main-stick-meta":"","header-below-stick-meta":"","astra-migrate-meta-layouts":"set","ast-page-background-enabled":"default","ast-page-background-meta":{"desktop":{"background-color":"var(--ast-global-color-4)","background-image":"","background-repeat":"repeat","background-position":"center center","background-size":"auto","background-attachment":"scroll","background-type":"","background-media":"","overlay-type":"","overlay-color":"","overlay-opacity":"","overlay-gradient":""},"tablet":{"background-color":"","background-image":"","background-repeat":"repeat","background-position":"center center","background-size":"auto","background-attachment":"scroll","background-type":"","background-media":"","overlay-type":"","overlay-color":"","overlay-opacity":"","overlay-gradient":""},"mobile":{"background-color":"","background-image":"","background-repeat":"repeat","background-position":"center center","background-size":"auto","background-attachment":"scroll","background-type":"","background-media":"","overlay-type":"","overlay-color":"","overlay-opacity":"","overlay-gradient":""}},"ast-content-background-meta":{"desktop":{"background-color":"var(--ast-global-color-5)","background-image":"","background-repeat":"repeat","background-position":"center center","background-size":"auto","background-attachment":"scroll","background-type":"","background-media":"","overlay-type":"","overlay-color":"","overlay-opacity":"","overlay-gradient":""},"tablet":{"background-color":"var(--ast-global-color-5)","background-image":"","background-repeat":"repeat","background-position":"center center","background-size":"auto","background-attachment":"scroll","background-type":"","background-media":"","overlay-type":"","overlay-color":"","overlay-opacity":"","overlay-gradient":""},"mobile":{"background-color":"var(--ast-global-color-5)","background-image":"","background-repeat":"repeat","background-position":"center center","background-size":"auto","background-attachment":"scroll","background-type":"","background-media":"","overlay-type":"","overlay-color":"","overlay-opacity":"","overlay-gradient":""}},"footnotes":""},"class_list":["post-56865","page","type-page","status-publish","hentry"],"uagb_featured_image_src":{"full":false,"thumbnail":false,"medium":false,"medium_large":false,"large":false,"1536x1536":false,"2048x2048":false},"uagb_author_info":{"display_name":"","author_link":"https:\/\/greenbuildingeurope.eu\/fr\/author\/"},"uagb_comment_info":0,"uagb_excerpt":"Bienvenue ! Green Building Europe est un r\u00e9seau qui met en relation les professionnels de la construction \u00e9cologique ax\u00e9s sur le d\u00e9veloppement durable et les propri\u00e9taires de maisons avec les fournisseurs de produits durables et \u00e0 faible consommation d&rsquo;\u00e9nergie. Notre [&hellip;]","_links":{"self":[{"href":"https:\/\/greenbuildingeurope.eu\/fr\/wp-json\/wp\/v2\/pages\/56865","targetHints":{"allow":["GET"]}}],"collection":[{"href":"https:\/\/greenbuildingeurope.eu\/fr\/wp-json\/wp\/v2\/pages"}],"about":[{"href":"https:\/\/greenbuildingeurope.eu\/fr\/wp-json\/wp\/v2\/types\/page"}],"author":[{"embeddable":true,"href":"https:\/\/greenbuildingeurope.eu\/fr\/wp-json\/wp\/v2\/users\/93"}],"replies":[{"embeddable":true,"href":"https:\/\/greenbuildingeurope.eu\/fr\/wp-json\/wp\/v2\/comments?post=56865"}],"version-history":[{"count":0,"href":"https:\/\/greenbuildingeurope.eu\/fr\/wp-json\/wp\/v2\/pages\/56865\/revisions"}],"wp:attachment":[{"href":"https:\/\/greenbuildingeurope.eu\/fr\/wp-json\/wp\/v2\/media?parent=56865"}],"curies":[{"name":"wp","href":"https:\/\/api.w.org\/{rel}","templated":true}]}}