{"id":57098,"date":"2025-04-10T11:00:46","date_gmt":"2025-04-10T09:00:46","guid":{"rendered":"https:\/\/greenbuildingeurope.eu\/?page_id=57098"},"modified":"2025-04-11T00:30:06","modified_gmt":"2025-04-10T22:30:06","slug":"conditions-generales-dutilisation","status":"publish","type":"page","link":"https:\/\/greenbuildingeurope.eu\/fr\/conditions-generales-dutilisation\/","title":{"rendered":"Conditions g\u00e9n\u00e9rales d&rsquo;utilisation"},"content":{"rendered":"\n<h1 class=\"wp-block-heading has-text-align-center\">Conditions g\u00e9n\u00e9rales d&rsquo;utilisation<\/h1>\n\n<hr class=\"wp-block-separator has-alpha-channel-opacity\"\/>\n\n<p>Bienvenue sur notre site web. Si vous continuez \u00e0 naviguer et \u00e0 utiliser ce site web, vous acceptez de vous conformer et d&rsquo;\u00eatre li\u00e9 par les conditions d&rsquo;utilisation suivantes, qui, avec notre politique de confidentialit\u00e9, r\u00e9gissent les relations entre Green Building Europe et vous en ce qui concerne ce site web. Si vous n&rsquo;\u00eates pas d&rsquo;accord avec une quelconque partie de ces conditions, veuillez ne pas utiliser notre site web.  <\/p>\n\n<p>Le terme \u00ab\u00a0Green Building Europe\u00a0\u00bb ou \u00ab\u00a0nous\u00a0\u00bb d\u00e9signe le propri\u00e9taire du site web. Le terme \u00ab\u00a0vous\u00a0\u00bb d\u00e9signe l&rsquo;utilisateur ou le visiteur de notre site web. <\/p>\n\n<p>L&rsquo;utilisation de ce site web est soumise aux conditions d&rsquo;utilisation suivantes :<\/p>\n\n<ul class=\"wp-block-list\">\n<li>Le contenu des pages de ce site web est destin\u00e9 \u00e0 votre information et \u00e0 votre utilisation g\u00e9n\u00e9rales uniquement. Il peut \u00eatre modifi\u00e9 sans pr\u00e9avis. <\/li>\n\n\n\n<li>Ce site web utilise des cookies pour surveiller les pr\u00e9f\u00e9rences de navigation. Si vous autorisez l&rsquo;utilisation de cookies, les informations personnelles suivantes peuvent \u00eatre stock\u00e9es par nous pour \u00eatre utilis\u00e9es par des tiers : Google Analytics, Google Adsense, Google Adwords. <\/li>\n\n\n\n<li>Ni nous ni aucun tiers ne fournissons de garantie quant \u00e0 l&rsquo;exactitude, l&rsquo;actualit\u00e9, la performance, l&rsquo;exhaustivit\u00e9 ou l&rsquo;ad\u00e9quation des informations et du mat\u00e9riel trouv\u00e9s ou propos\u00e9s sur ce site web \u00e0 une fin particuli\u00e8re. Vous reconnaissez que ces informations et mat\u00e9riaux peuvent contenir des inexactitudes ou des erreurs et nous excluons express\u00e9ment toute responsabilit\u00e9 pour de telles inexactitudes ou erreurs dans toute la mesure permise par la loi. <\/li>\n\n\n\n<li>L&rsquo;utilisation des informations ou du mat\u00e9riel figurant sur ce site se fait enti\u00e8rement \u00e0 vos risques et p\u00e9rils, et nous n&rsquo;en sommes pas responsables. Il est de votre responsabilit\u00e9 de vous assurer que les produits, services ou informations disponibles sur ce site r\u00e9pondent \u00e0 vos besoins sp\u00e9cifiques. <\/li>\n\n\n\n<li>Ce site web contient du mat\u00e9riel qui nous appartient ou dont nous avons la licence. Ce mat\u00e9riel comprend, sans s&rsquo;y limiter, la conception, la mise en page, l&rsquo;aspect, la pr\u00e9sentation et les graphiques. La reproduction est interdite, sauf en conformit\u00e9 avec l&rsquo;avis de droit d&rsquo;auteur, qui fait partie des pr\u00e9sentes conditions g\u00e9n\u00e9rales.  <\/li>\n\n\n\n<li>Toutes les marques reproduites sur ce site web qui ne sont pas la propri\u00e9t\u00e9 de l&rsquo;op\u00e9rateur ou qui ne lui ont pas \u00e9t\u00e9 conc\u00e9d\u00e9es sous licence sont reconnues sur le site web.<\/li>\n\n\n\n<li>L&rsquo;utilisation non autoris\u00e9e de ce site web peut donner lieu \u00e0 une demande de dommages-int\u00e9r\u00eats et\/ou constituer une infraction p\u00e9nale.<\/li>\n\n\n\n<li>De temps \u00e0 autre, ce site web peut \u00e9galement inclure des liens vers d&rsquo;autres sites web. Ces liens sont fournis pour votre commodit\u00e9 afin de vous donner de plus amples informations. Ils ne signifient pas que nous approuvons le(s) site(s) web. Nous ne sommes pas responsables du contenu de ces sites.   <\/li>\n\n\n\n<li>Votre utilisation de ce site web et tout litige d\u00e9coulant de cette utilisation du site web sont soumis aux lois de l&rsquo;Italie.<\/li>\n<\/ul>\n\n<h2 class=\"wp-block-heading has-text-align-center\">Avis de non-responsabilit\u00e9 du site web<\/h2>\n\n<hr class=\"wp-block-separator has-alpha-channel-opacity\"\/>\n\n<div>\n<p>Les informations contenues dans ce site web sont uniquement destin\u00e9es \u00e0 des fins d&rsquo;information g\u00e9n\u00e9rale. Les informations sont fournies par Green Building Europe et, bien que nous nous efforcions de maintenir les informations \u00e0 jour et correctes, nous ne faisons aucune d\u00e9claration ni ne donnons aucune garantie de quelque nature que ce soit, expresse ou implicite, quant \u00e0 l&rsquo;exhaustivit\u00e9, l&rsquo;exactitude, la fiabilit\u00e9, l&rsquo;ad\u00e9quation ou la disponibilit\u00e9 du site web ou des informations, produits, services ou graphiques connexes contenus sur le site web, \u00e0 quelque fin que ce soit. La confiance que vous accordez \u00e0 ces informations est donc strictement \u00e0 vos risques et p\u00e9rils.  <\/p>\n<p>Nous ne serons en aucun cas responsables des pertes ou dommages, y compris, mais sans s&rsquo;y limiter, des pertes ou dommages indirects ou cons\u00e9cutifs, ou de toute perte ou dommage d\u00e9coulant de la perte de donn\u00e9es ou de b\u00e9n\u00e9fices r\u00e9sultant de l&rsquo;utilisation de ce site web ou en rapport avec celle-ci.<\/p>\n<p>Ce site web vous permet d&rsquo;acc\u00e9der \u00e0 d&rsquo;autres sites web qui ne sont pas sous le contr\u00f4le de Green Building Europe. Nous n&rsquo;avons aucun contr\u00f4le sur la nature, le contenu et la disponibilit\u00e9 de ces sites. L&rsquo;inclusion de liens n&rsquo;implique pas n\u00e9cessairement une recommandation ou une approbation des opinions exprim\u00e9es sur ces sites.  <\/p>\n<p>Tous les efforts sont faits pour que le site web reste op\u00e9rationnel et fonctionne sans heurts. Cependant, Green Building Europe n&rsquo;assume aucune responsabilit\u00e9 et ne peut \u00eatre tenu responsable de l&rsquo;indisponibilit\u00e9 temporaire du site web en raison de probl\u00e8mes techniques ind\u00e9pendants de notre volont\u00e9. <\/p>\n<\/div>\n","protected":false},"excerpt":{"rendered":"<p>Conditions g\u00e9n\u00e9rales d&rsquo;utilisation Bienvenue sur notre site web. Si vous continuez \u00e0 naviguer et \u00e0 utiliser ce site web, vous acceptez de vous conformer et d&rsquo;\u00eatre li\u00e9 par les conditions d&rsquo;utilisation suivantes, qui, avec notre politique de confidentialit\u00e9, r\u00e9gissent les [&hellip;]<\/p>\n","protected":false},"author":93,"featured_media":0,"parent":0,"menu_order":0,"comment_status":"open","ping_status":"closed","template":"","meta":{"_uag_custom_page_level_css":"","site-sidebar-layout":"default","site-content-layout":"default","ast-site-content-layout":"default","site-content-style":"default","site-sidebar-style":"default","ast-global-header-display":"","ast-banner-title-visibility":"","ast-main-header-display":"","ast-hfb-above-header-display":"","ast-hfb-below-header-display":"","ast-hfb-mobile-header-display":"","site-post-title":"disabled","ast-breadcrumbs-content":"","ast-featured-img":"","footer-sml-layout":"","ast-disable-related-posts":"","theme-transparent-header-meta":"default","adv-header-id-meta":"","stick-header-meta":"default","header-above-stick-meta":"","header-main-stick-meta":"","header-below-stick-meta":"","astra-migrate-meta-layouts":"default","ast-page-background-enabled":"default","ast-page-background-meta":{"desktop":{"background-color":"var(--ast-global-color-4)","background-image":"","background-repeat":"repeat","background-position":"center center","background-size":"auto","background-attachment":"scroll","background-type":"","background-media":"","overlay-type":"","overlay-color":"","overlay-opacity":"","overlay-gradient":""},"tablet":{"background-color":"","background-image":"","background-repeat":"repeat","background-position":"center center","background-size":"auto","background-attachment":"scroll","background-type":"","background-media":"","overlay-type":"","overlay-color":"","overlay-opacity":"","overlay-gradient":""},"mobile":{"background-color":"","background-image":"","background-repeat":"repeat","background-position":"center center","background-size":"auto","background-attachment":"scroll","background-type":"","background-media":"","overlay-type":"","overlay-color":"","overlay-opacity":"","overlay-gradient":""}},"ast-content-background-meta":{"desktop":{"background-color":"var(--ast-global-color-5)","background-image":"","background-repeat":"repeat","background-position":"center center","background-size":"auto","background-attachment":"scroll","background-type":"","background-media":"","overlay-type":"","overlay-color":"","overlay-opacity":"","overlay-gradient":""},"tablet":{"background-color":"var(--ast-global-color-5)","background-image":"","background-repeat":"repeat","background-position":"center center","background-size":"auto","background-attachment":"scroll","background-type":"","background-media":"","overlay-type":"","overlay-color":"","overlay-opacity":"","overlay-gradient":""},"mobile":{"background-color":"var(--ast-global-color-5)","background-image":"","background-repeat":"repeat","background-position":"center center","background-size":"auto","background-attachment":"scroll","background-type":"","background-media":"","overlay-type":"","overlay-color":"","overlay-opacity":"","overlay-gradient":""}},"footnotes":""},"class_list":["post-57098","page","type-page","status-publish","hentry"],"uagb_featured_image_src":{"full":false,"thumbnail":false,"medium":false,"medium_large":false,"large":false,"1536x1536":false,"2048x2048":false},"uagb_author_info":{"display_name":"","author_link":"https:\/\/greenbuildingeurope.eu\/fr\/author\/"},"uagb_comment_info":0,"uagb_excerpt":"Conditions g\u00e9n\u00e9rales d&rsquo;utilisation Bienvenue sur notre site web. Si vous continuez \u00e0 naviguer et \u00e0 utiliser ce site web, vous acceptez de vous conformer et d&rsquo;\u00eatre li\u00e9 par les conditions d&rsquo;utilisation suivantes, qui, avec notre politique de confidentialit\u00e9, r\u00e9gissent les [&hellip;]","_links":{"self":[{"href":"https:\/\/greenbuildingeurope.eu\/fr\/wp-json\/wp\/v2\/pages\/57098","targetHints":{"allow":["GET"]}}],"collection":[{"href":"https:\/\/greenbuildingeurope.eu\/fr\/wp-json\/wp\/v2\/pages"}],"about":[{"href":"https:\/\/greenbuildingeurope.eu\/fr\/wp-json\/wp\/v2\/types\/page"}],"author":[{"embeddable":true,"href":"https:\/\/greenbuildingeurope.eu\/fr\/wp-json\/wp\/v2\/users\/93"}],"replies":[{"embeddable":true,"href":"https:\/\/greenbuildingeurope.eu\/fr\/wp-json\/wp\/v2\/comments?post=57098"}],"version-history":[{"count":0,"href":"https:\/\/greenbuildingeurope.eu\/fr\/wp-json\/wp\/v2\/pages\/57098\/revisions"}],"wp:attachment":[{"href":"https:\/\/greenbuildingeurope.eu\/fr\/wp-json\/wp\/v2\/media?parent=57098"}],"curies":[{"name":"wp","href":"https:\/\/api.w.org\/{rel}","templated":true}]}}