{"id":57109,"date":"2025-04-10T13:00:06","date_gmt":"2025-04-10T11:00:06","guid":{"rendered":"https:\/\/greenbuildingeurope.eu\/?page_id=57109"},"modified":"2025-04-11T00:30:05","modified_gmt":"2025-04-10T22:30:05","slug":"politique-de-confidentialite","status":"publish","type":"page","link":"https:\/\/greenbuildingeurope.eu\/fr\/politique-de-confidentialite\/","title":{"rendered":"Politique de confidentialit\u00e9"},"content":{"rendered":"\n<h1 class=\"wp-block-heading has-text-align-center\">Politique de confidentialit\u00e9<\/h1>\n\n<hr class=\"wp-block-separator has-alpha-channel-opacity\"\/>\n\n<p>Le site que vous visitez est d\u00e9tenu et g\u00e9r\u00e9 par Green Building Europe. Nous attachons la plus grande importance au respect de votre vie priv\u00e9e sur Internet. Chez Green Building Europe, nous voulons que votre exp\u00e9rience en ligne soit satisfaisante et s\u00fbre. \u00c9tant donn\u00e9 que nous recueillons certains types d&rsquo;informations sur nos utilisateurs, nous estimons que vous devez bien comprendre notre politique et les conditions qui entourent la collecte et l&rsquo;utilisation de ces informations. La pr\u00e9sente d\u00e9claration de confidentialit\u00e9 d\u00e9crit les informations que nous recueillons et la mani\u00e8re dont elles sont utilis\u00e9es.    <\/p>\n\n<p><strong>Vie priv\u00e9e<\/strong><\/p>\n\n<p>Nous sommes conscients de l&rsquo;importance de la confidentialit\u00e9 de vos informations personnelles. Vous trouverez ci-dessous des informations sur les types d&rsquo;informations personnelles que nous recevons et collectons lorsque vous utilisez et visitez ce site web et sur la mani\u00e8re dont nous prot\u00e9geons vos informations. Nous ne vendons jamais vos informations personnelles \u00e0 des tiers.  <\/p>\n\n<p><strong>Fichiers journaux<\/strong><\/p>\n\n<p>Comme la plupart des autres sites web, nous collectons et utilisons les donn\u00e9es contenues dans les fichiers journaux. Les informations contenues dans les fichiers journaux comprennent votre adresse IP (protocole internet), votre FAI (fournisseur d&rsquo;acc\u00e8s \u00e0 internet, tel que Vodafone ou Orange), le navigateur que vous avez utilis\u00e9 pour visiter notre site (tel que Chrome ou Firefox), l&rsquo;heure \u00e0 laquelle vous avez visit\u00e9 notre site et les pages que vous avez consult\u00e9es sur notre site. <\/p>\n\n<p><strong>Cookies et balises web<\/strong><\/p>\n\n<p>Nous utilisons des cookies pour stocker des informations, telles que vos pr\u00e9f\u00e9rences personnelles lorsque vous visitez notre site. Il peut s&rsquo;agir par exemple de ne vous montrer une fen\u00eatre contextuelle qu&rsquo;une seule fois au cours de votre visite, ou de vous permettre de vous connecter \u00e0 certaines de nos fonctions, telles que les forums. <\/p>\n\n<p>Nous utilisons \u00e9galement des publicit\u00e9s de tiers pour soutenir ce site. Certains de ces annonceurs peuvent utiliser des technologies telles que les cookies et les balises web lorsqu&rsquo;ils font de la publicit\u00e9 sur notre site, ce qui enverra \u00e9galement \u00e0 ces annonceurs (tels que Google par l&rsquo;interm\u00e9diaire du programme Google AdSense) des informations telles que votre adresse IP, votre fournisseur d&rsquo;acc\u00e8s \u00e0 Internet, le navigateur que vous avez utilis\u00e9 pour visiter notre site et, dans certains cas, si Flash est install\u00e9 sur votre ordinateur. Ces informations sont g\u00e9n\u00e9ralement utilis\u00e9es \u00e0 des fins de g\u00e9o-ciblage (pour montrer des annonces immobili\u00e8res \u00e0 New York \u00e0 quelqu&rsquo;un qui se trouve \u00e0 New York, par exemple) ou pour montrer certaines annonces bas\u00e9es sur des sites sp\u00e9cifiques visit\u00e9s (pour montrer des annonces de cuisine \u00e0 quelqu&rsquo;un qui fr\u00e9quente des sites de cuisine, par exemple).  <\/p>\n\n<p><strong>Cookies DoubleClick DART<\/strong><\/p>\n\n<p>Nous pouvons \u00e9galement utiliser des cookies DART pour la diffusion d&rsquo;annonces par l&rsquo;interm\u00e9diaire de DoubleClick de Google, qui place un cookie sur votre ordinateur lorsque vous naviguez sur le web et visitez un site utilisant la publicit\u00e9 DoubleClick (y compris certaines publicit\u00e9s Google AdSense). Ce cookie est utilis\u00e9 pour diffuser des annonces sp\u00e9cifiques \u00e0 vous et \u00e0 vos centres d&rsquo;int\u00e9r\u00eat (\u00ab\u00a0ciblage par centres d&rsquo;int\u00e9r\u00eat\u00a0\u00bb). Les publicit\u00e9s diffus\u00e9es seront cibl\u00e9es en fonction de votre historique de navigation (par exemple, si vous avez consult\u00e9 des sites sur la visite de Las Vegas, il se peut que vous voyiez des publicit\u00e9s sur les h\u00f4tels de Las Vegas lorsque vous consultez un site sans rapport, par exemple un site sur le hockey). DART utilise des \u00ab\u00a0informations non personnellement identifiables\u00a0\u00bb. Il ne suit PAS les informations personnelles vous concernant, telles que votre nom, votre adresse \u00e9lectronique, votre adresse physique, votre num\u00e9ro de t\u00e9l\u00e9phone, votre num\u00e9ro de s\u00e9curit\u00e9 sociale, votre num\u00e9ro de compte bancaire ou votre num\u00e9ro de carte de cr\u00e9dit. Vous pouvez refuser la diffusion de cette publicit\u00e9 sur tous les sites qui l&rsquo;utilisent en vous rendant \u00e0 l&rsquo;adresse<a href=\"http:\/\/www.doubleclick.com\/privacy\/dart_adserving.aspx\" target=\"_blank\" rel=\"noopener noreferrer\">suivante : http:\/\/www.doubleclick.com\/privacy\/dart_adserving.aspx<\/a>     <\/p>\n\n<p>Vous pouvez choisir de d\u00e9sactiver nos cookies ou ceux de tiers dans les param\u00e8tres de votre navigateur ou en g\u00e9rant les pr\u00e9f\u00e9rences dans des programmes tels que Norton Internet Security. Cependant, cela peut affecter la fa\u00e7on dont vous pouvez interagir avec notre site et d&rsquo;autres sites web. Il peut s&rsquo;agir de l&rsquo;impossibilit\u00e9 de vous connecter \u00e0 des services ou \u00e0 des programmes, comme la connexion \u00e0 des forums ou \u00e0 des comptes.  <\/p>\n\n<p>La suppression des cookies ne signifie pas que vous \u00eates d\u00e9finitivement exclu d&rsquo;un programme publicitaire. \u00c0 moins que vos param\u00e8tres n&rsquo;interdisent les cookies, la prochaine fois que vous visiterez un site diffusant des publicit\u00e9s, un nouveau cookie sera ajout\u00e9. <\/p>\n\n<p><strong>Suivi de l&rsquo;utilisation<\/strong><\/p>\n\n<p>Nous suivons les sch\u00e9mas de trafic des utilisateurs sur l&rsquo;ensemble de nos sites. Toutefois, nous n&rsquo;\u00e9tablissons pas de corr\u00e9lation entre ces informations et les donn\u00e9es relatives aux utilisateurs individuels. Les statistiques sont ventil\u00e9es en fonction du nom de domaine, du type de navigateur et du type MIME de l&rsquo;utilisateur en lisant ces informations \u00e0 partir de la cha\u00eene du navigateur (informations contenues dans le navigateur de chaque utilisateur).  <\/p>\n\n<p>Nous suivons et cataloguons les termes de recherche qu&rsquo;un utilisateur saisit dans notre fonction de recherche, mais ce suivi n&rsquo;est jamais associ\u00e9 \u00e0 des utilisateurs individuels. Nous utilisons les informations de suivi pour d\u00e9terminer les parties de nos sites que les utilisateurs aiment ou n&rsquo;aiment pas, en fonction du trafic dans ces parties. Nous ne suivons pas ce que les utilisateurs individuels lisent, mais plut\u00f4t la performance globale de chaque page. Cela nous permet de continuer \u00e0 vous offrir un meilleur service.   <\/p>\n\n<p><strong>Les enfants<\/strong><\/p>\n\n<p>Nous ne demanderons jamais d&rsquo;informations personnellement identifiables \u00e0 une personne \u00e2g\u00e9e de moins de 18 ans sans demander le consentement de ses parents.<\/p>\n\n<p><strong>Utilisation des informations<\/strong><\/p>\n\n<p>Nous agissons sur la base des informations qui nous sont fournies volontairement par nos utilisateurs afin d&rsquo;am\u00e9liorer leur exp\u00e9rience sur notre r\u00e9seau de sites, que ce soit pour fournir des \u00e9l\u00e9ments interactifs ou personnalis\u00e9s sur les sites ou pour mieux pr\u00e9parer le contenu futur en fonction des int\u00e9r\u00eats de nos utilisateurs.<\/p>\n\n<p>Comme indiqu\u00e9 ci-dessus, nous utilisons les informations que les utilisateurs nous fournissent volontairement afin d&rsquo;envoyer des bulletins d&rsquo;information \u00e9lectroniques et de permettre aux utilisateurs de participer \u00e0 des sondages, des enqu\u00eates, des tableaux d&rsquo;affichage et des forums. Nous envoyons des bulletins d&rsquo;information aux abonn\u00e9s selon un calendrier r\u00e9gulier (en fonction du bulletin) et nous envoyons occasionnellement des \u00e9ditions sp\u00e9ciales lorsque nous pensons que les abonn\u00e9s pourraient \u00eatre particuli\u00e8rement int\u00e9ress\u00e9s par quelque chose que nous faisons. Nous ne partageons jamais les listes de diffusion des bulletins d&rsquo;information avec des tiers, y compris des annonceurs, des sponsors ou des partenaires.  <\/p>\n\n<p>Lorsque nous utilisons des informations de suivi pour d\u00e9terminer les parties de nos sites que les utilisateurs aiment ou n&rsquo;aiment pas, en fonction du trafic dans ces parties. Nous ne suivons pas ce que les utilisateurs individuels lisent, mais plut\u00f4t la performance globale de chaque page. Cela nous permet de continuer \u00e0 vous offrir un meilleur service. Nous suivons les termes de recherche entr\u00e9s dans la fonction de recherche comme l&rsquo;une des nombreuses mesures de ce qui int\u00e9resse nos utilisateurs. Mais nous ne suivons pas les termes saisis par un utilisateur particulier.    <\/p>\n\n<p>Nous cr\u00e9ons des rapports globaux sur les caract\u00e9ristiques d\u00e9mographiques des utilisateurs et les sch\u00e9mas de trafic pour les annonceurs, les sponsors et les partenaires. Cela permet \u00e0 nos annonceurs de faire de la publicit\u00e9 plus efficacement et \u00e0 nos utilisateurs de recevoir des publicit\u00e9s qui correspondent \u00e0 leurs besoins. Comme nous ne suivons pas les habitudes d&rsquo;utilisation des utilisateurs individuels, un annonceur ou un sponsor ne saura jamais qu&rsquo;un utilisateur sp\u00e9cifique a cliqu\u00e9 sur sa publicit\u00e9. Nous ne divulguerons aucune information concernant un utilisateur individuel, sauf pour nous conformer \u00e0 la l\u00e9gislation applicable ou \u00e0 une proc\u00e9dure judiciaire valide, ou pour prot\u00e9ger la s\u00e9curit\u00e9 personnelle de nos utilisateurs ou du public.   <\/p>\n\n<p><strong>PARTAGE DE L&rsquo;INFORMATION<\/strong><\/p>\n\n<p>Nous utilisons les informations d\u00e9crites ci-dessus pour adapter notre contenu \u00e0 vos besoins et aider nos annonceurs \u00e0 mieux comprendre les caract\u00e9ristiques d\u00e9mographiques de notre public. C&rsquo;est essentiel pour que notre service reste gratuit. Nous ne partagerons pas d&rsquo;informations sur les utilisateurs individuels avec des tiers, sauf pour nous conformer \u00e0 la l\u00e9gislation applicable ou \u00e0 une proc\u00e9dure judiciaire valide, ou pour prot\u00e9ger la s\u00e9curit\u00e9 personnelle de nos utilisateurs ou du public.  <\/p>\n\n<p><strong>S\u00c9CURIT\u00c9<\/strong><\/p>\n\n<p>Nous exploitons des r\u00e9seaux de donn\u00e9es s\u00e9curis\u00e9s, prot\u00e9g\u00e9s par des syst\u00e8mes de pare-feu et de protection par mot de passe conformes aux normes de l&rsquo;industrie. Nos politiques de s\u00e9curit\u00e9 et de protection de la vie priv\u00e9e sont r\u00e9guli\u00e8rement r\u00e9vis\u00e9es et am\u00e9lior\u00e9es si n\u00e9cessaire, et seules les personnes autoris\u00e9es ont acc\u00e8s aux informations fournies par nos clients. <\/p>\n\n<p><strong>VOTRE CONSENTEMENT<\/strong><\/p>\n\n<p>En utilisant nos sites, vous consentez \u00e0 la collecte et \u00e0 l&rsquo;utilisation de ces informations. Si nous d\u00e9cidons de modifier notre politique de confidentialit\u00e9, nous publierons ces changements sur cette page afin que vous soyez toujours au courant des informations que nous recueillons, de la mani\u00e8re dont nous les utilisons et des circonstances dans lesquelles nous les divulguons. <\/p>\n","protected":false},"excerpt":{"rendered":"<p>Politique de confidentialit\u00e9 Le site que vous visitez est d\u00e9tenu et g\u00e9r\u00e9 par Green Building Europe. Nous attachons la plus grande importance au respect de votre vie priv\u00e9e sur Internet. Chez Green Building Europe, nous voulons que votre exp\u00e9rience en [&hellip;]<\/p>\n","protected":false},"author":93,"featured_media":0,"parent":0,"menu_order":0,"comment_status":"closed","ping_status":"closed","template":"","meta":{"_uag_custom_page_level_css":"","site-sidebar-layout":"default","site-content-layout":"default","ast-site-content-layout":"default","site-content-style":"default","site-sidebar-style":"default","ast-global-header-display":"","ast-banner-title-visibility":"","ast-main-header-display":"","ast-hfb-above-header-display":"","ast-hfb-below-header-display":"","ast-hfb-mobile-header-display":"","site-post-title":"disabled","ast-breadcrumbs-content":"","ast-featured-img":"","footer-sml-layout":"","ast-disable-related-posts":"","theme-transparent-header-meta":"default","adv-header-id-meta":"","stick-header-meta":"default","header-above-stick-meta":"","header-main-stick-meta":"","header-below-stick-meta":"","astra-migrate-meta-layouts":"default","ast-page-background-enabled":"default","ast-page-background-meta":{"desktop":{"background-color":"var(--ast-global-color-4)","background-image":"","background-repeat":"repeat","background-position":"center center","background-size":"auto","background-attachment":"scroll","background-type":"","background-media":"","overlay-type":"","overlay-color":"","overlay-opacity":"","overlay-gradient":""},"tablet":{"background-color":"","background-image":"","background-repeat":"repeat","background-position":"center center","background-size":"auto","background-attachment":"scroll","background-type":"","background-media":"","overlay-type":"","overlay-color":"","overlay-opacity":"","overlay-gradient":""},"mobile":{"background-color":"","background-image":"","background-repeat":"repeat","background-position":"center center","background-size":"auto","background-attachment":"scroll","background-type":"","background-media":"","overlay-type":"","overlay-color":"","overlay-opacity":"","overlay-gradient":""}},"ast-content-background-meta":{"desktop":{"background-color":"var(--ast-global-color-5)","background-image":"","background-repeat":"repeat","background-position":"center center","background-size":"auto","background-attachment":"scroll","background-type":"","background-media":"","overlay-type":"","overlay-color":"","overlay-opacity":"","overlay-gradient":""},"tablet":{"background-color":"var(--ast-global-color-5)","background-image":"","background-repeat":"repeat","background-position":"center center","background-size":"auto","background-attachment":"scroll","background-type":"","background-media":"","overlay-type":"","overlay-color":"","overlay-opacity":"","overlay-gradient":""},"mobile":{"background-color":"var(--ast-global-color-5)","background-image":"","background-repeat":"repeat","background-position":"center center","background-size":"auto","background-attachment":"scroll","background-type":"","background-media":"","overlay-type":"","overlay-color":"","overlay-opacity":"","overlay-gradient":""}},"footnotes":""},"class_list":["post-57109","page","type-page","status-publish","hentry"],"uagb_featured_image_src":{"full":false,"thumbnail":false,"medium":false,"medium_large":false,"large":false,"1536x1536":false,"2048x2048":false},"uagb_author_info":{"display_name":"","author_link":"https:\/\/greenbuildingeurope.eu\/fr\/author\/"},"uagb_comment_info":0,"uagb_excerpt":"Politique de confidentialit\u00e9 Le site que vous visitez est d\u00e9tenu et g\u00e9r\u00e9 par Green Building Europe. Nous attachons la plus grande importance au respect de votre vie priv\u00e9e sur Internet. Chez Green Building Europe, nous voulons que votre exp\u00e9rience en [&hellip;]","_links":{"self":[{"href":"https:\/\/greenbuildingeurope.eu\/fr\/wp-json\/wp\/v2\/pages\/57109","targetHints":{"allow":["GET"]}}],"collection":[{"href":"https:\/\/greenbuildingeurope.eu\/fr\/wp-json\/wp\/v2\/pages"}],"about":[{"href":"https:\/\/greenbuildingeurope.eu\/fr\/wp-json\/wp\/v2\/types\/page"}],"author":[{"embeddable":true,"href":"https:\/\/greenbuildingeurope.eu\/fr\/wp-json\/wp\/v2\/users\/93"}],"replies":[{"embeddable":true,"href":"https:\/\/greenbuildingeurope.eu\/fr\/wp-json\/wp\/v2\/comments?post=57109"}],"version-history":[{"count":0,"href":"https:\/\/greenbuildingeurope.eu\/fr\/wp-json\/wp\/v2\/pages\/57109\/revisions"}],"wp:attachment":[{"href":"https:\/\/greenbuildingeurope.eu\/fr\/wp-json\/wp\/v2\/media?parent=57109"}],"curies":[{"name":"wp","href":"https:\/\/api.w.org\/{rel}","templated":true}]}}