{"id":56871,"date":"2025-03-31T14:13:21","date_gmt":"2025-03-31T12:13:21","guid":{"rendered":"https:\/\/greenbuildingeurope.eu\/?page_id=56871"},"modified":"2025-04-11T00:30:48","modified_gmt":"2025-04-10T22:30:48","slug":"chi-siamo","status":"publish","type":"page","link":"https:\/\/greenbuildingeurope.eu\/it\/chi-siamo\/","title":{"rendered":"Chi siamo"},"content":{"rendered":"\n<h1 class=\"wp-block-heading has-text-align-center\">Benvenuti!<\/h1>\n\n<hr class=\"wp-block-separator has-alpha-channel-opacity\"\/>\n\n<p><br\/>Green Building Europe \u00e8 una rete che mette in contatto i professionisti della bioedilizia e i proprietari di case orientati alla sostenibilit\u00e0 con i fornitori di prodotti sostenibili ed efficienti dal punto di vista energetico. La nostra missione \u00e8 promuovere la bioedilizia come metodo per ridurre l&#8217;enorme impatto che gli edifici e le costruzioni hanno sull&#8217;ambiente. Lo facciamo attraverso l&#8217;educazione, il networking e la sensibilizzazione.    <\/p>\n\n<p>Con la nostra libreria di guide, articoli e newsletter<a href=\"https:\/\/greenbuildingeurope.eu\/it\/iscriviti\/\">(iscriviti qui<\/a>) cerchiamo di informare e ispirare i lettori ad adottare un approccio sostenibile all&#8217;edilizia. Per sostenere l&#8217;industria, fungiamo da centro di collegamento tra i fornitori di prodotti e servizi sostenibili e coloro che li stanno cercando. Il nostro obiettivo \u00e8 quello di facilitare gli scambi tra i fornitori di prodotti per l&#8217;edilizia sostenibile in Europa e in altri paesi.    <\/p>\n\n<div class=\"wp-block-uagb-container uagb-block-81543e0d alignfull uagb-is-root-container\"><div class=\"uagb-container-inner-blocks-wrap\">\n<div class=\"wp-block-uagb-call-to-action uagb-block-94f9622d wp-block-button\"><div class=\"uagb-cta__wrap\"><h3 class=\"uagb-cta__title\">Espandi il tuo marchio<\/h3><p class=\"uagb-cta__desc\">Contattaci per avere maggiori informazioni su come possiamo aiutare il tuo marchio a raggiungere il suo potenziale di vendita.<\/p><\/div><div class=\"uagb-cta__buttons\"><a href=\"\/it\/?page_id=56899\" class=\"uagb-cta__button-link-wrapper wp-block-button__link\" target=\"_self\" rel=\"noopener noreferrer\">Contattaci<svg xmlns=\"https:\/\/www.w3.org\/2000\/svg\" viewbox=\"0 0 512 512\"><path d=\"M504.3 273.6l-112.1 104c-6.992 6.484-17.18 8.218-25.94 4.406c-8.758-3.812-14.42-12.45-14.42-21.1L351.9 288H32C14.33 288 .0002 273.7 .0002 255.1S14.33 224 32 224h319.9l0-72c0-9.547 5.66-18.19 14.42-22c8.754-3.809 18.95-2.075 25.94 4.41l112.1 104C514.6 247.9 514.6 264.1 504.3 273.6z\"><\/path><\/svg><\/a><\/div><\/div>\n<\/div><\/div>\n","protected":false},"excerpt":{"rendered":"<p>Benvenuti! Green Building Europe \u00e8 una rete che mette in contatto i professionisti della bioedilizia e i proprietari di case orientati alla sostenibilit\u00e0 con i fornitori di prodotti sostenibili ed efficienti dal punto di vista energetico. La nostra missione \u00e8 [&hellip;]<\/p>\n","protected":false},"author":93,"featured_media":0,"parent":0,"menu_order":0,"comment_status":"closed","ping_status":"closed","template":"","meta":{"_uag_custom_page_level_css":"","site-sidebar-layout":"default","site-content-layout":"","ast-site-content-layout":"default","site-content-style":"default","site-sidebar-style":"default","ast-global-header-display":"","ast-banner-title-visibility":"","ast-main-header-display":"","ast-hfb-above-header-display":"","ast-hfb-below-header-display":"","ast-hfb-mobile-header-display":"","site-post-title":"disabled","ast-breadcrumbs-content":"","ast-featured-img":"","footer-sml-layout":"","ast-disable-related-posts":"","theme-transparent-header-meta":"","adv-header-id-meta":"","stick-header-meta":"","header-above-stick-meta":"","header-main-stick-meta":"","header-below-stick-meta":"","astra-migrate-meta-layouts":"set","ast-page-background-enabled":"default","ast-page-background-meta":{"desktop":{"background-color":"var(--ast-global-color-4)","background-image":"","background-repeat":"repeat","background-position":"center center","background-size":"auto","background-attachment":"scroll","background-type":"","background-media":"","overlay-type":"","overlay-color":"","overlay-opacity":"","overlay-gradient":""},"tablet":{"background-color":"","background-image":"","background-repeat":"repeat","background-position":"center center","background-size":"auto","background-attachment":"scroll","background-type":"","background-media":"","overlay-type":"","overlay-color":"","overlay-opacity":"","overlay-gradient":""},"mobile":{"background-color":"","background-image":"","background-repeat":"repeat","background-position":"center center","background-size":"auto","background-attachment":"scroll","background-type":"","background-media":"","overlay-type":"","overlay-color":"","overlay-opacity":"","overlay-gradient":""}},"ast-content-background-meta":{"desktop":{"background-color":"var(--ast-global-color-5)","background-image":"","background-repeat":"repeat","background-position":"center center","background-size":"auto","background-attachment":"scroll","background-type":"","background-media":"","overlay-type":"","overlay-color":"","overlay-opacity":"","overlay-gradient":""},"tablet":{"background-color":"var(--ast-global-color-5)","background-image":"","background-repeat":"repeat","background-position":"center center","background-size":"auto","background-attachment":"scroll","background-type":"","background-media":"","overlay-type":"","overlay-color":"","overlay-opacity":"","overlay-gradient":""},"mobile":{"background-color":"var(--ast-global-color-5)","background-image":"","background-repeat":"repeat","background-position":"center center","background-size":"auto","background-attachment":"scroll","background-type":"","background-media":"","overlay-type":"","overlay-color":"","overlay-opacity":"","overlay-gradient":""}},"footnotes":""},"class_list":["post-56871","page","type-page","status-publish","hentry"],"uagb_featured_image_src":{"full":false,"thumbnail":false,"medium":false,"medium_large":false,"large":false,"1536x1536":false,"2048x2048":false},"uagb_author_info":{"display_name":"","author_link":"https:\/\/greenbuildingeurope.eu\/it\/author\/"},"uagb_comment_info":0,"uagb_excerpt":"Benvenuti! Green Building Europe \u00e8 una rete che mette in contatto i professionisti della bioedilizia e i proprietari di case orientati alla sostenibilit\u00e0 con i fornitori di prodotti sostenibili ed efficienti dal punto di vista energetico. La nostra missione \u00e8 [&hellip;]","_links":{"self":[{"href":"https:\/\/greenbuildingeurope.eu\/it\/wp-json\/wp\/v2\/pages\/56871","targetHints":{"allow":["GET"]}}],"collection":[{"href":"https:\/\/greenbuildingeurope.eu\/it\/wp-json\/wp\/v2\/pages"}],"about":[{"href":"https:\/\/greenbuildingeurope.eu\/it\/wp-json\/wp\/v2\/types\/page"}],"author":[{"embeddable":true,"href":"https:\/\/greenbuildingeurope.eu\/it\/wp-json\/wp\/v2\/users\/93"}],"replies":[{"embeddable":true,"href":"https:\/\/greenbuildingeurope.eu\/it\/wp-json\/wp\/v2\/comments?post=56871"}],"version-history":[{"count":0,"href":"https:\/\/greenbuildingeurope.eu\/it\/wp-json\/wp\/v2\/pages\/56871\/revisions"}],"wp:attachment":[{"href":"https:\/\/greenbuildingeurope.eu\/it\/wp-json\/wp\/v2\/media?parent=56871"}],"curies":[{"name":"wp","href":"https:\/\/api.w.org\/{rel}","templated":true}]}}