{"id":57086,"date":"2025-04-10T11:00:46","date_gmt":"2025-04-10T09:00:46","guid":{"rendered":"https:\/\/greenbuildingeurope.eu\/?page_id=57086"},"modified":"2025-04-11T00:30:47","modified_gmt":"2025-04-10T22:30:47","slug":"termini-e-condizioni","status":"publish","type":"page","link":"https:\/\/greenbuildingeurope.eu\/it\/termini-e-condizioni\/","title":{"rendered":"Termini e condizioni"},"content":{"rendered":"\n<h1 class=\"wp-block-heading has-text-align-center\">Termini e condizioni<\/h1>\n\n<hr class=\"wp-block-separator has-alpha-channel-opacity\"\/>\n\n<p>Benvenuto nel nostro sito web. Se continui a navigare e a utilizzare questo sito web, accetti di rispettare e di essere vincolato dai seguenti termini e condizioni d&#8217;uso, che insieme alla nostra politica sulla privacy regolano i rapporti di Green Building Europe con te in relazione a questo sito web. Se non sei d&#8217;accordo con qualsiasi parte di questi termini e condizioni, ti preghiamo di non utilizzare il nostro sito web.  <\/p>\n\n<p>Il termine &#8220;Green Building Europe&#8221; o &#8220;noi&#8221; si riferisce al proprietario del sito web. Il termine &#8220;tu&#8221; si riferisce all&#8217;utente o al visitatore del nostro sito web. <\/p>\n\n<p>L&#8217;utilizzo di questo sito web \u00e8 soggetto alle seguenti condizioni d&#8217;uso:<\/p>\n\n<ul class=\"wp-block-list\">\n<li>Il contenuto delle pagine di questo sito web \u00e8 destinato esclusivamente all&#8217;uso e all&#8217;informazione generale. \u00c8 soggetto a modifiche senza preavviso. <\/li>\n\n\n\n<li>Questo sito web utilizza i cookie per monitorare le preferenze di navigazione. Se l&#8217;utente consente l&#8217;utilizzo dei cookie, le seguenti informazioni personali potrebbero essere memorizzate da noi per essere utilizzate da terze parti: Google Analytics, Google Adsense, Google Adwords. <\/li>\n\n\n\n<li>N\u00e9 noi n\u00e9 terzi forniamo alcuna garanzia in merito all&#8217;accuratezza, alla tempestivit\u00e0, alle prestazioni, alla completezza o all&#8217;idoneit\u00e0 delle informazioni e dei materiali trovati o offerti su questo sito web per qualsiasi scopo particolare. L&#8217;utente riconosce che tali informazioni e materiali possono contenere imprecisioni o errori e noi escludiamo espressamente la responsabilit\u00e0 per tali imprecisioni o errori nella misura massima consentita dalla legge. <\/li>\n\n\n\n<li>L&#8217;utilizzo da parte dell&#8217;utente di qualsiasi informazione o materiale presente su questo sito web \u00e8 interamente a suo rischio e pericolo, per il quale non saremo responsabili. Sar\u00e0 tua responsabilit\u00e0 assicurarti che i prodotti, i servizi o le informazioni disponibili attraverso questo sito web soddisfino le tue specifiche esigenze. <\/li>\n\n\n\n<li>Questo sito web contiene materiale di nostra propriet\u00e0 o concesso in licenza. Tale materiale include, a titolo esemplificativo ma non esaustivo, il design, il layout, l&#8217;aspetto e la grafica. La riproduzione \u00e8 vietata se non in conformit\u00e0 con l&#8217;avviso di copyright, che fa parte di questi termini e condizioni.  <\/li>\n\n\n\n<li>Tutti i marchi riprodotti in questo sito web che non sono di propriet\u00e0 o concessi in licenza all&#8217;operatore sono riconosciuti sul sito web.<\/li>\n\n\n\n<li>L&#8217;uso non autorizzato di questo sito web pu\u00f2 dar luogo a una richiesta di risarcimento danni e\/o costituire un reato penale.<\/li>\n\n\n\n<li>Di tanto in tanto questo sito web pu\u00f2 contenere anche dei link ad altri siti web. Tali link sono forniti per comodit\u00e0 dell&#8217;utente al fine di fornire ulteriori informazioni. Non significano che approviamo i siti web. Non ci assumiamo alcuna responsabilit\u00e0 per il contenuto dei siti web collegati.   <\/li>\n\n\n\n<li>L&#8217;uso di questo sito web e qualsiasi controversia derivante da tale uso del sito web \u00e8 soggetto alle leggi italiane.<\/li>\n<\/ul>\n\n<h2 class=\"wp-block-heading has-text-align-center\">Disclaimer del sito web<\/h2>\n\n<hr class=\"wp-block-separator has-alpha-channel-opacity\"\/>\n\n<div>\n<p>Le informazioni contenute in questo sito web hanno uno scopo puramente informativo. Le informazioni sono fornite da Green Building Europe e, sebbene ci sforziamo di mantenere le informazioni aggiornate e corrette, non forniamo alcuna dichiarazione o garanzia di alcun tipo, espressa o implicita, circa la completezza, l&#8217;accuratezza, l&#8217;affidabilit\u00e0, l&#8217;idoneit\u00e0 o la disponibilit\u00e0 rispetto al sito web o alle informazioni, ai prodotti, ai servizi o alla relativa grafica contenuti nel sito web per qualsiasi scopo. Qualsiasi affidamento fatto su tali informazioni \u00e8 quindi strettamente a rischio dell&#8217;utente.  <\/p>\n<p>In nessun caso saremo responsabili per qualsiasi perdita o danno, inclusi, senza limitazioni, perdite o danni indiretti o consequenziali, o qualsiasi perdita o danno derivante da perdita di dati o profitti derivanti da, o in connessione con, l&#8217;uso di questo sito web.<\/p>\n<p>Attraverso questo sito web puoi collegarti ad altri siti web che non sono sotto il controllo di Green Building Europe. Non abbiamo alcun controllo sulla natura, il contenuto e la disponibilit\u00e0 di tali siti. L&#8217;inclusione di qualsiasi link non implica necessariamente una raccomandazione o l&#8217;approvazione delle opinioni espresse in essi.  <\/p>\n<p>Ogni sforzo \u00e8 fatto per mantenere il sito web attivo e funzionante senza problemi. Tuttavia, Green Building Europe non si assume alcuna responsabilit\u00e0 e non sar\u00e0 responsabile per la temporanea indisponibilit\u00e0 del sito web a causa di problemi tecnici che esulano dal nostro controllo. <\/p>\n<\/div>\n","protected":false},"excerpt":{"rendered":"<p>Termini e condizioni Benvenuto nel nostro sito web. Se continui a navigare e a utilizzare questo sito web, accetti di rispettare e di essere vincolato dai seguenti termini e condizioni d&#8217;uso, che insieme alla nostra politica sulla privacy regolano i [&hellip;]<\/p>\n","protected":false},"author":93,"featured_media":0,"parent":0,"menu_order":0,"comment_status":"open","ping_status":"closed","template":"","meta":{"_uag_custom_page_level_css":"","site-sidebar-layout":"default","site-content-layout":"default","ast-site-content-layout":"default","site-content-style":"default","site-sidebar-style":"default","ast-global-header-display":"","ast-banner-title-visibility":"","ast-main-header-display":"","ast-hfb-above-header-display":"","ast-hfb-below-header-display":"","ast-hfb-mobile-header-display":"","site-post-title":"disabled","ast-breadcrumbs-content":"","ast-featured-img":"","footer-sml-layout":"","ast-disable-related-posts":"","theme-transparent-header-meta":"default","adv-header-id-meta":"","stick-header-meta":"default","header-above-stick-meta":"","header-main-stick-meta":"","header-below-stick-meta":"","astra-migrate-meta-layouts":"default","ast-page-background-enabled":"default","ast-page-background-meta":{"desktop":{"background-color":"var(--ast-global-color-4)","background-image":"","background-repeat":"repeat","background-position":"center center","background-size":"auto","background-attachment":"scroll","background-type":"","background-media":"","overlay-type":"","overlay-color":"","overlay-opacity":"","overlay-gradient":""},"tablet":{"background-color":"","background-image":"","background-repeat":"repeat","background-position":"center center","background-size":"auto","background-attachment":"scroll","background-type":"","background-media":"","overlay-type":"","overlay-color":"","overlay-opacity":"","overlay-gradient":""},"mobile":{"background-color":"","background-image":"","background-repeat":"repeat","background-position":"center center","background-size":"auto","background-attachment":"scroll","background-type":"","background-media":"","overlay-type":"","overlay-color":"","overlay-opacity":"","overlay-gradient":""}},"ast-content-background-meta":{"desktop":{"background-color":"var(--ast-global-color-5)","background-image":"","background-repeat":"repeat","background-position":"center center","background-size":"auto","background-attachment":"scroll","background-type":"","background-media":"","overlay-type":"","overlay-color":"","overlay-opacity":"","overlay-gradient":""},"tablet":{"background-color":"var(--ast-global-color-5)","background-image":"","background-repeat":"repeat","background-position":"center center","background-size":"auto","background-attachment":"scroll","background-type":"","background-media":"","overlay-type":"","overlay-color":"","overlay-opacity":"","overlay-gradient":""},"mobile":{"background-color":"var(--ast-global-color-5)","background-image":"","background-repeat":"repeat","background-position":"center center","background-size":"auto","background-attachment":"scroll","background-type":"","background-media":"","overlay-type":"","overlay-color":"","overlay-opacity":"","overlay-gradient":""}},"footnotes":""},"class_list":["post-57086","page","type-page","status-publish","hentry"],"uagb_featured_image_src":{"full":false,"thumbnail":false,"medium":false,"medium_large":false,"large":false,"1536x1536":false,"2048x2048":false},"uagb_author_info":{"display_name":"","author_link":"https:\/\/greenbuildingeurope.eu\/it\/author\/"},"uagb_comment_info":0,"uagb_excerpt":"Termini e condizioni Benvenuto nel nostro sito web. Se continui a navigare e a utilizzare questo sito web, accetti di rispettare e di essere vincolato dai seguenti termini e condizioni d&#8217;uso, che insieme alla nostra politica sulla privacy regolano i [&hellip;]","_links":{"self":[{"href":"https:\/\/greenbuildingeurope.eu\/it\/wp-json\/wp\/v2\/pages\/57086","targetHints":{"allow":["GET"]}}],"collection":[{"href":"https:\/\/greenbuildingeurope.eu\/it\/wp-json\/wp\/v2\/pages"}],"about":[{"href":"https:\/\/greenbuildingeurope.eu\/it\/wp-json\/wp\/v2\/types\/page"}],"author":[{"embeddable":true,"href":"https:\/\/greenbuildingeurope.eu\/it\/wp-json\/wp\/v2\/users\/93"}],"replies":[{"embeddable":true,"href":"https:\/\/greenbuildingeurope.eu\/it\/wp-json\/wp\/v2\/comments?post=57086"}],"version-history":[{"count":0,"href":"https:\/\/greenbuildingeurope.eu\/it\/wp-json\/wp\/v2\/pages\/57086\/revisions"}],"wp:attachment":[{"href":"https:\/\/greenbuildingeurope.eu\/it\/wp-json\/wp\/v2\/media?parent=57086"}],"curies":[{"name":"wp","href":"https:\/\/api.w.org\/{rel}","templated":true}]}}