{"id":57114,"date":"2025-04-10T13:00:06","date_gmt":"2025-04-10T11:00:06","guid":{"rendered":"https:\/\/greenbuildingeurope.eu\/?page_id=57114"},"modified":"2025-04-11T00:30:46","modified_gmt":"2025-04-10T22:30:46","slug":"informativa-sulla-privacy","status":"publish","type":"page","link":"https:\/\/greenbuildingeurope.eu\/it\/informativa-sulla-privacy\/","title":{"rendered":"Informativa sulla privacy"},"content":{"rendered":"\n<h1 class=\"wp-block-heading has-text-align-center\">Informativa sulla privacy<\/h1>\n\n<hr class=\"wp-block-separator has-alpha-channel-opacity\"\/>\n\n<p>Il sito che stai visitando \u00e8 di propriet\u00e0 e gestito da Green Building Europe. La tua privacy su Internet \u00e8 di estrema importanza per noi. Noi di Green Building Europe vogliamo rendere la tua esperienza online soddisfacente e sicura. Poich\u00e9 raccogliamo alcuni tipi di informazioni sui nostri utenti, riteniamo che tu debba comprendere appieno la nostra politica e i termini e le condizioni relativi all&#8217;acquisizione e all&#8217;utilizzo di tali informazioni. La presente informativa sulla privacy illustra quali informazioni raccogliamo e come vengono utilizzate.    <\/p>\n\n<p><strong>Privacy<\/strong><\/p>\n\n<p>Siamo consapevoli dell&#8217;importanza della privacy dei tuoi dati personali. Ecco le informazioni sui tipi di informazioni personali che riceviamo e raccogliamo quando utilizzi e visiti questo sito web e su come salvaguardiamo le tue informazioni. Non vendiamo mai le tue informazioni personali a terzi.  <\/p>\n\n<p><strong>File di registro<\/strong><\/p>\n\n<p>Come la maggior parte dei siti web, raccogliamo e utilizziamo i dati contenuti nei file di log. Le informazioni contenute nei file di log includono il tuo indirizzo IP (protocollo internet), il tuo ISP (internet service provider, come Vodafone o Orange), il browser che hai utilizzato per visitare il nostro sito (come Chrome o Firefox), l&#8217;ora in cui hai visitato il nostro sito e le pagine che hai visitato all&#8217;interno del nostro sito. <\/p>\n\n<p><strong>Cookie e Web Beacon<\/strong><\/p>\n\n<p>Utilizziamo i cookie per memorizzare informazioni, ad esempio le tue preferenze personali quando visiti il nostro sito. Ci\u00f2 potrebbe includere la visualizzazione di un popup solo una volta durante la tua visita o la possibilit\u00e0 di accedere ad alcune delle nostre funzioni, come i forum. <\/p>\n\n<p>Per supportare questo sito utilizziamo anche pubblicit\u00e0 di terze parti. Alcuni di questi inserzionisti possono utilizzare tecnologie come cookie e web beacon quando fanno pubblicit\u00e0 sul nostro sito, che invieranno a questi inserzionisti (come Google attraverso il programma Google AdSense) informazioni come il tuo indirizzo IP, il tuo ISP, il browser che hai utilizzato per visitare il nostro sito e, in alcuni casi, se hai installato Flash. Queste informazioni vengono generalmente utilizzate per scopi di geotargeting (ad esempio, per mostrare annunci immobiliari di New York a persone che si trovano a New York) o per mostrare determinati annunci in base a specifici siti visitati (ad esempio, per mostrare annunci di cucina a persone che frequentano siti di cucina).  <\/p>\n\n<p><strong>Cookie DoubleClick DART<\/strong><\/p>\n\n<p>Possiamo anche utilizzare i cookie DART per la pubblicazione di annunci pubblicitari attraverso DoubleClick di Google, che inserisce un cookie nel tuo computer quando navighi sul web e visiti un sito che utilizza la pubblicit\u00e0 di DoubleClick (compresi alcuni annunci di Google AdSense). Questo cookie viene utilizzato per pubblicare annunci specifici per te e per i tuoi interessi (&#8220;targeting basato sugli interessi&#8221;). Gli annunci serviti saranno mirati in base alla tua precedente cronologia di navigazione (ad esempio, se hai visitato siti che parlano di Las Vegas, potresti vedere annunci di hotel di Las Vegas quando visiti un sito non correlato, come ad esempio un sito sull&#8217;hockey). DART utilizza &#8220;informazioni non identificabili personalmente&#8221;. NON tiene traccia di informazioni personali sull&#8217;utente, come il nome, l&#8217;indirizzo e-mail, l&#8217;indirizzo fisico, il numero di telefono, il numero di previdenza sociale, il numero di conto corrente o il numero di carta di credito. Puoi scegliere di non utilizzare questa pubblicit\u00e0 su tutti i siti che la utilizzano visitando il sito<a href=\"http:\/\/www.doubleclick.com\/privacy\/dart_adserving.aspx\" target=\"_blank\" rel=\"noopener noreferrer\">http:\/\/www.doubleclick.com\/privacy\/dart_adserving.aspx<\/a>.     <\/p>\n\n<p>Puoi scegliere di disabilitare o disattivare selettivamente i nostri cookie o i cookie di terze parti nelle impostazioni del tuo browser o gestendo le preferenze di programmi come Norton Internet Security. Tuttavia, ci\u00f2 pu\u00f2 influire sulla tua capacit\u00e0 di interagire con il nostro sito e con altri siti web. Ci\u00f2 potrebbe comportare l&#8217;impossibilit\u00e0 di accedere a servizi o programmi, come l&#8217;accesso a forum o account.  <\/p>\n\n<p>Cancellare i cookie non significa escludere definitivamente l&#8217;utente da qualsiasi programma pubblicitario. A meno che tu non abbia impostato la disattivazione dei cookie, la prossima volta che visiterai un sito con pubblicit\u00e0, verr\u00e0 aggiunto un nuovo cookie. <\/p>\n\n<p><strong>Tracciamento dell&#8217;utilizzo<\/strong><\/p>\n\n<p>Tracciamo i modelli di traffico degli utenti in tutti i nostri siti. Tuttavia, non correliamo queste informazioni con i dati relativi ai singoli utenti. Le statistiche sono suddivise in base al nome di dominio, al tipo di browser e al tipo di MIME dell&#8217;utente, leggendo queste informazioni dalla stringa del browser (informazioni contenute nel browser di ogni utente).  <\/p>\n\n<p>Tracciamo e cataloghiamo i termini di ricerca che un utente inserisce nella nostra funzione di ricerca, ma questo tracciamento non viene mai associato ai singoli utenti. Utilizziamo le informazioni di tracciamento per determinare quali aree del nostro sito piacciono e non piacciono agli utenti, in base al traffico verso tali aree. Non teniamo traccia di ci\u00f2 che leggono i singoli utenti, ma piuttosto del rendimento complessivo di ogni pagina. Questo ci aiuta a continuare a creare un servizio migliore per te.   <\/p>\n\n<p><strong>Bambini<\/strong><\/p>\n\n<p>Non richiederemo mai informazioni di identificazione personale a persone di et\u00e0 inferiore ai 18 anni senza richiedere il consenso dei genitori.<\/p>\n\n<p><strong>Utilizzo delle informazioni<\/strong><\/p>\n\n<p>Agiamo sulla base delle informazioni forniteci volontariamente dai nostri utenti per migliorare la loro esperienza nel nostro network di siti, sia per fornire elementi interattivi o personalizzati sui siti, sia per preparare meglio i contenuti futuri sulla base degli interessi dei nostri utenti.<\/p>\n\n<p>Come gi\u00e0 detto, utilizziamo le informazioni fornite volontariamente dagli utenti per inviare newsletter elettroniche e per consentire agli utenti di partecipare a sondaggi, inchieste, bacheche e forum. Inviamo le newsletter agli iscritti con cadenza regolare (a seconda della newsletter) e occasionalmente inviamo edizioni speciali quando pensiamo che gli iscritti possano essere particolarmente interessati a qualcosa che stiamo facendo. Non condividiamo mai le mailing list delle newsletter con terze parti, inclusi inserzionisti, sponsor o partner.  <\/p>\n\n<p>Quando utilizziamo le informazioni di tracciamento per determinare quali aree dei nostri siti piacciono o non piacciono agli utenti in base al traffico verso tali aree. Non teniamo traccia di ci\u00f2 che leggono i singoli utenti, ma piuttosto del rendimento complessivo di ogni pagina. Questo ci aiuta a continuare a creare un servizio migliore per te. Tracciamo i termini di ricerca inseriti nella funzione di ricerca come una delle tante misure di interesse per i nostri utenti. Ma non teniamo traccia dei termini inseriti da un determinato utente.    <\/p>\n\n<p>Creiamo rapporti aggregati sui dati demografici degli utenti e sui modelli di traffico per inserzionisti, sponsor e partner. Questo permette ai nostri inserzionisti di fare pubblicit\u00e0 in modo pi\u00f9 efficace e ai nostri utenti di ricevere pubblicit\u00e0 pertinenti alle loro esigenze. Poich\u00e9 non tracciamo i modelli di utilizzo dei singoli utenti, un inserzionista o uno sponsor non sapr\u00e0 mai che un utente specifico ha cliccato sul suo annuncio. Non divulgheremo alcuna informazione relativa a un singolo utente se non per ottemperare alle leggi vigenti o a un procedimento legale valido o per proteggere la sicurezza personale dei nostri utenti o del pubblico.   <\/p>\n\n<p><strong>CONDIVISIONE DELLE INFORMAZIONI<\/strong><\/p>\n\n<p>Utilizziamo le informazioni sopra descritte per adattare i nostri contenuti alle tue esigenze e per aiutare i nostri inserzionisti a comprendere meglio i dati demografici del nostro pubblico. Questo \u00e8 essenziale per mantenere il nostro servizio gratuito. Non condivideremo le informazioni sui singoli utenti con terzi, se non per ottemperare alle leggi vigenti o a procedimenti legali validi o per proteggere la sicurezza personale dei nostri utenti o del pubblico.  <\/p>\n\n<p><strong>SICUREZZA<\/strong><\/p>\n\n<p>Gestiamo reti di dati sicure, protette da firewall e sistemi di protezione con password standard del settore. Le nostre politiche di sicurezza e di privacy vengono riviste periodicamente e migliorate se necessario e solo le persone autorizzate hanno accesso alle informazioni fornite dai nostri clienti. <\/p>\n\n<p><strong>IL TUO CONSENSO<\/strong><\/p>\n\n<p>Utilizzando i nostri siti, acconsenti alla raccolta e all&#8217;utilizzo di queste informazioni. Qualora decidessimo di modificare la nostra politica sulla privacy, pubblicheremo tali modifiche su questa pagina in modo che l&#8217;utente sia sempre al corrente di quali informazioni raccogliamo, come le utilizziamo e in quali circostanze le divulghiamo. <\/p>\n","protected":false},"excerpt":{"rendered":"<p>Informativa sulla privacy Il sito che stai visitando \u00e8 di propriet\u00e0 e gestito da Green Building Europe. La tua privacy su Internet \u00e8 di estrema importanza per noi. Noi di Green Building Europe vogliamo rendere la tua esperienza online soddisfacente [&hellip;]<\/p>\n","protected":false},"author":93,"featured_media":0,"parent":0,"menu_order":0,"comment_status":"closed","ping_status":"closed","template":"","meta":{"_uag_custom_page_level_css":"","site-sidebar-layout":"default","site-content-layout":"default","ast-site-content-layout":"default","site-content-style":"default","site-sidebar-style":"default","ast-global-header-display":"","ast-banner-title-visibility":"","ast-main-header-display":"","ast-hfb-above-header-display":"","ast-hfb-below-header-display":"","ast-hfb-mobile-header-display":"","site-post-title":"disabled","ast-breadcrumbs-content":"","ast-featured-img":"","footer-sml-layout":"","ast-disable-related-posts":"","theme-transparent-header-meta":"default","adv-header-id-meta":"","stick-header-meta":"default","header-above-stick-meta":"","header-main-stick-meta":"","header-below-stick-meta":"","astra-migrate-meta-layouts":"default","ast-page-background-enabled":"default","ast-page-background-meta":{"desktop":{"background-color":"var(--ast-global-color-4)","background-image":"","background-repeat":"repeat","background-position":"center center","background-size":"auto","background-attachment":"scroll","background-type":"","background-media":"","overlay-type":"","overlay-color":"","overlay-opacity":"","overlay-gradient":""},"tablet":{"background-color":"","background-image":"","background-repeat":"repeat","background-position":"center center","background-size":"auto","background-attachment":"scroll","background-type":"","background-media":"","overlay-type":"","overlay-color":"","overlay-opacity":"","overlay-gradient":""},"mobile":{"background-color":"","background-image":"","background-repeat":"repeat","background-position":"center center","background-size":"auto","background-attachment":"scroll","background-type":"","background-media":"","overlay-type":"","overlay-color":"","overlay-opacity":"","overlay-gradient":""}},"ast-content-background-meta":{"desktop":{"background-color":"var(--ast-global-color-5)","background-image":"","background-repeat":"repeat","background-position":"center center","background-size":"auto","background-attachment":"scroll","background-type":"","background-media":"","overlay-type":"","overlay-color":"","overlay-opacity":"","overlay-gradient":""},"tablet":{"background-color":"var(--ast-global-color-5)","background-image":"","background-repeat":"repeat","background-position":"center center","background-size":"auto","background-attachment":"scroll","background-type":"","background-media":"","overlay-type":"","overlay-color":"","overlay-opacity":"","overlay-gradient":""},"mobile":{"background-color":"var(--ast-global-color-5)","background-image":"","background-repeat":"repeat","background-position":"center center","background-size":"auto","background-attachment":"scroll","background-type":"","background-media":"","overlay-type":"","overlay-color":"","overlay-opacity":"","overlay-gradient":""}},"footnotes":""},"class_list":["post-57114","page","type-page","status-publish","hentry"],"uagb_featured_image_src":{"full":false,"thumbnail":false,"medium":false,"medium_large":false,"large":false,"1536x1536":false,"2048x2048":false},"uagb_author_info":{"display_name":"","author_link":"https:\/\/greenbuildingeurope.eu\/it\/author\/"},"uagb_comment_info":0,"uagb_excerpt":"Informativa sulla privacy Il sito che stai visitando \u00e8 di propriet\u00e0 e gestito da Green Building Europe. La tua privacy su Internet \u00e8 di estrema importanza per noi. Noi di Green Building Europe vogliamo rendere la tua esperienza online soddisfacente [&hellip;]","_links":{"self":[{"href":"https:\/\/greenbuildingeurope.eu\/it\/wp-json\/wp\/v2\/pages\/57114","targetHints":{"allow":["GET"]}}],"collection":[{"href":"https:\/\/greenbuildingeurope.eu\/it\/wp-json\/wp\/v2\/pages"}],"about":[{"href":"https:\/\/greenbuildingeurope.eu\/it\/wp-json\/wp\/v2\/types\/page"}],"author":[{"embeddable":true,"href":"https:\/\/greenbuildingeurope.eu\/it\/wp-json\/wp\/v2\/users\/93"}],"replies":[{"embeddable":true,"href":"https:\/\/greenbuildingeurope.eu\/it\/wp-json\/wp\/v2\/comments?post=57114"}],"version-history":[{"count":0,"href":"https:\/\/greenbuildingeurope.eu\/it\/wp-json\/wp\/v2\/pages\/57114\/revisions"}],"wp:attachment":[{"href":"https:\/\/greenbuildingeurope.eu\/it\/wp-json\/wp\/v2\/media?parent=57114"}],"curies":[{"name":"wp","href":"https:\/\/api.w.org\/{rel}","templated":true}]}}