{"id":56875,"date":"2025-03-31T14:13:21","date_gmt":"2025-03-31T12:13:21","guid":{"rendered":"https:\/\/greenbuildingeurope.eu\/?page_id=56875"},"modified":"2025-04-11T00:31:12","modified_gmt":"2025-04-10T22:31:12","slug":"om-oss","status":"publish","type":"page","link":"https:\/\/greenbuildingeurope.eu\/no\/om-oss\/","title":{"rendered":"Om oss"},"content":{"rendered":"\n<h1 class=\"wp-block-heading has-text-align-center\">Velkommen!<\/h1>\n\n<hr class=\"wp-block-separator has-alpha-channel-opacity\"\/>\n\n<p><br\/>Green Building Europe er et nettverk som knytter sammen fagfolk og huseiere som fokuserer p\u00e5 b\u00e6rekraft, med leverand\u00f8rer av energieffektive og b\u00e6rekraftige produkter. V\u00e5rt m\u00e5l er \u00e5 fremme gr\u00f8nne bygg som en m\u00e5te \u00e5 redusere den enorme innvirkningen bygninger og konstruksjoner har p\u00e5 milj\u00f8et. Det gj\u00f8r vi gjennom utdanning, nettverksbygging og opps\u00f8kende virksomhet.    <\/p>\n\n<p>Med v\u00e5rt bibliotek av ressursveiledninger, artikler og nyhetsbrev<a href=\"https:\/\/greenbuildingeurope.eu\/no\/abonner\/\">(meld deg p\u00e5 her)<\/a> \u00f8nsker vi \u00e5 informere og inspirere leserne til en b\u00e6rekraftig tiln\u00e6rming til bygg. For \u00e5 st\u00f8tte bransjen fungerer vi som et knutepunkt for \u00e5 koble sammen leverand\u00f8rer av b\u00e6rekraftige produkter og tjenester med dem som s\u00f8ker etter dem. Vi fremmer m\u00e5let v\u00e5rt ved \u00e5 legge til rette for handel mellom leverand\u00f8rer av b\u00e6rekraftige byggevarer i Europa og andre land.    <\/p>\n\n<div class=\"wp-block-uagb-container uagb-block-81543e0d alignfull uagb-is-root-container\"><div class=\"uagb-container-inner-blocks-wrap\">\n<div class=\"wp-block-uagb-call-to-action uagb-block-94f9622d wp-block-button\"><div class=\"uagb-cta__wrap\"><h3 class=\"uagb-cta__title\">Utvid merkevaren din<\/h3><p class=\"uagb-cta__desc\">Kontakt oss for mer informasjon om hvordan vi kan hjelpe merkevaren din med \u00e5 n\u00e5 sitt salgspotensial<\/p><\/div><div class=\"uagb-cta__buttons\"><a href=\"\/no\/?page_id=56901\" class=\"uagb-cta__button-link-wrapper wp-block-button__link\" target=\"_self\" rel=\"noopener noreferrer\">Kontakt oss<svg xmlns=\"https:\/\/www.w3.org\/2000\/svg\" viewbox=\"0 0 512 512\"><path d=\"M504.3 273.6l-112.1 104c-6.992 6.484-17.18 8.218-25.94 4.406c-8.758-3.812-14.42-12.45-14.42-21.1L351.9 288H32C14.33 288 .0002 273.7 .0002 255.1S14.33 224 32 224h319.9l0-72c0-9.547 5.66-18.19 14.42-22c8.754-3.809 18.95-2.075 25.94 4.41l112.1 104C514.6 247.9 514.6 264.1 504.3 273.6z\"><\/path><\/svg><\/a><\/div><\/div>\n<\/div><\/div>\n","protected":false},"excerpt":{"rendered":"<p>Velkommen! Green Building Europe er et nettverk som knytter sammen fagfolk og huseiere som fokuserer p\u00e5 b\u00e6rekraft, med leverand\u00f8rer av energieffektive og b\u00e6rekraftige produkter. V\u00e5rt m\u00e5l er \u00e5 fremme gr\u00f8nne bygg som en m\u00e5te \u00e5 redusere den enorme innvirkningen bygninger [&hellip;]<\/p>\n","protected":false},"author":93,"featured_media":0,"parent":0,"menu_order":0,"comment_status":"closed","ping_status":"closed","template":"","meta":{"_uag_custom_page_level_css":"","site-sidebar-layout":"default","site-content-layout":"","ast-site-content-layout":"default","site-content-style":"default","site-sidebar-style":"default","ast-global-header-display":"","ast-banner-title-visibility":"","ast-main-header-display":"","ast-hfb-above-header-display":"","ast-hfb-below-header-display":"","ast-hfb-mobile-header-display":"","site-post-title":"disabled","ast-breadcrumbs-content":"","ast-featured-img":"","footer-sml-layout":"","ast-disable-related-posts":"","theme-transparent-header-meta":"","adv-header-id-meta":"","stick-header-meta":"","header-above-stick-meta":"","header-main-stick-meta":"","header-below-stick-meta":"","astra-migrate-meta-layouts":"set","ast-page-background-enabled":"default","ast-page-background-meta":{"desktop":{"background-color":"var(--ast-global-color-4)","background-image":"","background-repeat":"repeat","background-position":"center center","background-size":"auto","background-attachment":"scroll","background-type":"","background-media":"","overlay-type":"","overlay-color":"","overlay-opacity":"","overlay-gradient":""},"tablet":{"background-color":"","background-image":"","background-repeat":"repeat","background-position":"center center","background-size":"auto","background-attachment":"scroll","background-type":"","background-media":"","overlay-type":"","overlay-color":"","overlay-opacity":"","overlay-gradient":""},"mobile":{"background-color":"","background-image":"","background-repeat":"repeat","background-position":"center center","background-size":"auto","background-attachment":"scroll","background-type":"","background-media":"","overlay-type":"","overlay-color":"","overlay-opacity":"","overlay-gradient":""}},"ast-content-background-meta":{"desktop":{"background-color":"var(--ast-global-color-5)","background-image":"","background-repeat":"repeat","background-position":"center center","background-size":"auto","background-attachment":"scroll","background-type":"","background-media":"","overlay-type":"","overlay-color":"","overlay-opacity":"","overlay-gradient":""},"tablet":{"background-color":"var(--ast-global-color-5)","background-image":"","background-repeat":"repeat","background-position":"center center","background-size":"auto","background-attachment":"scroll","background-type":"","background-media":"","overlay-type":"","overlay-color":"","overlay-opacity":"","overlay-gradient":""},"mobile":{"background-color":"var(--ast-global-color-5)","background-image":"","background-repeat":"repeat","background-position":"center center","background-size":"auto","background-attachment":"scroll","background-type":"","background-media":"","overlay-type":"","overlay-color":"","overlay-opacity":"","overlay-gradient":""}},"footnotes":""},"class_list":["post-56875","page","type-page","status-publish","hentry"],"uagb_featured_image_src":{"full":false,"thumbnail":false,"medium":false,"medium_large":false,"large":false,"1536x1536":false,"2048x2048":false},"uagb_author_info":{"display_name":"","author_link":"https:\/\/greenbuildingeurope.eu\/no\/author\/"},"uagb_comment_info":0,"uagb_excerpt":"Velkommen! Green Building Europe er et nettverk som knytter sammen fagfolk og huseiere som fokuserer p\u00e5 b\u00e6rekraft, med leverand\u00f8rer av energieffektive og b\u00e6rekraftige produkter. V\u00e5rt m\u00e5l er \u00e5 fremme gr\u00f8nne bygg som en m\u00e5te \u00e5 redusere den enorme innvirkningen bygninger [&hellip;]","_links":{"self":[{"href":"https:\/\/greenbuildingeurope.eu\/no\/wp-json\/wp\/v2\/pages\/56875","targetHints":{"allow":["GET"]}}],"collection":[{"href":"https:\/\/greenbuildingeurope.eu\/no\/wp-json\/wp\/v2\/pages"}],"about":[{"href":"https:\/\/greenbuildingeurope.eu\/no\/wp-json\/wp\/v2\/types\/page"}],"author":[{"embeddable":true,"href":"https:\/\/greenbuildingeurope.eu\/no\/wp-json\/wp\/v2\/users\/93"}],"replies":[{"embeddable":true,"href":"https:\/\/greenbuildingeurope.eu\/no\/wp-json\/wp\/v2\/comments?post=56875"}],"version-history":[{"count":0,"href":"https:\/\/greenbuildingeurope.eu\/no\/wp-json\/wp\/v2\/pages\/56875\/revisions"}],"wp:attachment":[{"href":"https:\/\/greenbuildingeurope.eu\/no\/wp-json\/wp\/v2\/media?parent=56875"}],"curies":[{"name":"wp","href":"https:\/\/api.w.org\/{rel}","templated":true}]}}