{"id":57062,"date":"2025-04-10T23:35:19","date_gmt":"2025-04-10T21:35:19","guid":{"rendered":"https:\/\/greenbuildingeurope.eu\/?page_id=57062"},"modified":"2025-04-11T00:31:10","modified_gmt":"2025-04-10T22:31:10","slug":"abonner","status":"publish","type":"page","link":"https:\/\/greenbuildingeurope.eu\/no\/abonner\/","title":{"rendered":"Abonner"},"content":{"rendered":"\n<h1 class=\"wp-block-heading has-text-align-center\">Bli med oss<\/h1>\n\n<hr class=\"wp-block-separator has-alpha-channel-opacity\"\/>\n\n<p>Meld deg p\u00e5 Green Building Europes nyhetsbrev for \u00e5 f\u00e5 de siste nyhetene v\u00e5re og motta eksklusivt innhold. Vi liker verken spam eller overfylte postkasser, s\u00e5 vi sender bare ut meldinger ukentlig eller n\u00e5r vi har en kunngj\u00f8ring som vi mener er viktig. <\/p>\n\n<div class=\"wp-block-uagb-forms uagb-forms__outer-wrap uagb-block-af3e7a3d uagb-forms__medium-btn\"><form class=\"uagb-forms-main-form\" method=\"post\" autocomplete=\"on\" name=\"uagb-form-af3e7a3d\">\n<div class=\"wp-block-uagb-forms-name uagb-forms-name-wrap uagb-forms-field-set uagb-block-382e7dde\"><div class=\"uagb-forms-name-label required uagb-forms-input-label\" id=\"382e7dde\">Navn<\/div><input type=\"text\" placeholder=\"John Doe\" required=\"\" class=\"uagb-forms-name-input uagb-forms-input\" name=\"382e7dde\" autocomplete=\"name\"><\/div>\n\n\n\n<div class=\"wp-block-uagb-forms-email uagb-forms-email-wrap uagb-forms-field-set uagb-block-fc822602\"><div class=\"uagb-forms-email-label required uagb-forms-input-label\" id=\"fc822602\">E-post<\/div><input type=\"email\" class=\"uagb-forms-email-input uagb-forms-input\" placeholder=\"example@mail.com\" required=\"\" name=\"fc822602\" autocomplete=\"email\"><\/div>\n<div class=\"uagb-forms-form-hidden-data\"><input type=\"hidden\" class=\"uagb_forms_form_label\" value=\"Spectra Form\"\/><input type=\"hidden\" class=\"uagb_forms_form_id\" value=\"uagb-form-af3e7a3d\"\/><\/div><div class=\"uagb-form-reacaptcha-error-af3e7a3d\"><\/div><div class=\"uagb-forms-main-submit-button-wrap wp-block-button\"><button class=\"uagb-forms-main-submit-button wp-block-button__link\"><div class=\"uagb-forms-main-submit-button-text\">Send inn<\/div><\/button><\/div><\/form><div class=\"uagb-forms-success-message-af3e7a3d uagb-forms-submit-message-hide\"><span>The form has been submitted successfully!<\/span><\/div><div class=\"uagb-forms-failed-message-af3e7a3d uagb-forms-submit-message-hide\"><span>There has been some error while submitting the form. Please verify all form fields again.<\/span><\/div><\/div>\n","protected":false},"excerpt":{"rendered":"<p>Bli med oss Meld deg p\u00e5 Green Building Europes nyhetsbrev for \u00e5 f\u00e5 de siste nyhetene v\u00e5re og motta eksklusivt innhold. Vi liker verken spam eller overfylte postkasser, s\u00e5 vi sender bare ut meldinger ukentlig eller n\u00e5r vi har en [&hellip;]<\/p>\n","protected":false},"author":93,"featured_media":0,"parent":0,"menu_order":0,"comment_status":"closed","ping_status":"open","template":"","meta":{"_uag_custom_page_level_css":"","site-sidebar-layout":"default","site-content-layout":"default","ast-site-content-layout":"default","site-content-style":"default","site-sidebar-style":"default","ast-global-header-display":"","ast-banner-title-visibility":"","ast-main-header-display":"","ast-hfb-above-header-display":"","ast-hfb-below-header-display":"","ast-hfb-mobile-header-display":"","site-post-title":"disabled","ast-breadcrumbs-content":"","ast-featured-img":"","footer-sml-layout":"","ast-disable-related-posts":"","theme-transparent-header-meta":"default","adv-header-id-meta":"","stick-header-meta":"default","header-above-stick-meta":"","header-main-stick-meta":"","header-below-stick-meta":"","astra-migrate-meta-layouts":"default","ast-page-background-enabled":"default","ast-page-background-meta":{"desktop":{"background-color":"var(--ast-global-color-4)","background-image":"","background-repeat":"repeat","background-position":"center center","background-size":"auto","background-attachment":"scroll","background-type":"","background-media":"","overlay-type":"","overlay-color":"","overlay-opacity":"","overlay-gradient":""},"tablet":{"background-color":"","background-image":"","background-repeat":"repeat","background-position":"center center","background-size":"auto","background-attachment":"scroll","background-type":"","background-media":"","overlay-type":"","overlay-color":"","overlay-opacity":"","overlay-gradient":""},"mobile":{"background-color":"","background-image":"","background-repeat":"repeat","background-position":"center center","background-size":"auto","background-attachment":"scroll","background-type":"","background-media":"","overlay-type":"","overlay-color":"","overlay-opacity":"","overlay-gradient":""}},"ast-content-background-meta":{"desktop":{"background-color":"var(--ast-global-color-5)","background-image":"","background-repeat":"repeat","background-position":"center center","background-size":"auto","background-attachment":"scroll","background-type":"","background-media":"","overlay-type":"","overlay-color":"","overlay-opacity":"","overlay-gradient":""},"tablet":{"background-color":"var(--ast-global-color-5)","background-image":"","background-repeat":"repeat","background-position":"center center","background-size":"auto","background-attachment":"scroll","background-type":"","background-media":"","overlay-type":"","overlay-color":"","overlay-opacity":"","overlay-gradient":""},"mobile":{"background-color":"var(--ast-global-color-5)","background-image":"","background-repeat":"repeat","background-position":"center center","background-size":"auto","background-attachment":"scroll","background-type":"","background-media":"","overlay-type":"","overlay-color":"","overlay-opacity":"","overlay-gradient":""}},"footnotes":""},"class_list":["post-57062","page","type-page","status-publish","hentry"],"uagb_featured_image_src":{"full":false,"thumbnail":false,"medium":false,"medium_large":false,"large":false,"1536x1536":false,"2048x2048":false},"uagb_author_info":{"display_name":"","author_link":"https:\/\/greenbuildingeurope.eu\/no\/author\/"},"uagb_comment_info":0,"uagb_excerpt":"Bli med oss Meld deg p\u00e5 Green Building Europes nyhetsbrev for \u00e5 f\u00e5 de siste nyhetene v\u00e5re og motta eksklusivt innhold. Vi liker verken spam eller overfylte postkasser, s\u00e5 vi sender bare ut meldinger ukentlig eller n\u00e5r vi har en [&hellip;]","_links":{"self":[{"href":"https:\/\/greenbuildingeurope.eu\/no\/wp-json\/wp\/v2\/pages\/57062","targetHints":{"allow":["GET"]}}],"collection":[{"href":"https:\/\/greenbuildingeurope.eu\/no\/wp-json\/wp\/v2\/pages"}],"about":[{"href":"https:\/\/greenbuildingeurope.eu\/no\/wp-json\/wp\/v2\/types\/page"}],"author":[{"embeddable":true,"href":"https:\/\/greenbuildingeurope.eu\/no\/wp-json\/wp\/v2\/users\/93"}],"replies":[{"embeddable":true,"href":"https:\/\/greenbuildingeurope.eu\/no\/wp-json\/wp\/v2\/comments?post=57062"}],"version-history":[{"count":0,"href":"https:\/\/greenbuildingeurope.eu\/no\/wp-json\/wp\/v2\/pages\/57062\/revisions"}],"wp:attachment":[{"href":"https:\/\/greenbuildingeurope.eu\/no\/wp-json\/wp\/v2\/media?parent=57062"}],"curies":[{"name":"wp","href":"https:\/\/api.w.org\/{rel}","templated":true}]}}