{"id":57103,"date":"2025-04-10T11:00:46","date_gmt":"2025-04-10T09:00:46","guid":{"rendered":"https:\/\/greenbuildingeurope.eu\/?page_id=57103"},"modified":"2025-04-11T00:31:10","modified_gmt":"2025-04-10T22:31:10","slug":"vilkar-og-betingelser","status":"publish","type":"page","link":"https:\/\/greenbuildingeurope.eu\/no\/vilkar-og-betingelser\/","title":{"rendered":"Vilk\u00e5r og betingelser"},"content":{"rendered":"\n<h1 class=\"wp-block-heading has-text-align-center\">Vilk\u00e5r og betingelser<\/h1>\n\n<hr class=\"wp-block-separator has-alpha-channel-opacity\"\/>\n\n<p>Velkommen til v\u00e5re nettsider. Hvis du fortsetter \u00e5 bruke dette nettstedet, samtykker du i \u00e5 overholde og v\u00e6re bundet av f\u00f8lgende vilk\u00e5r og betingelser for bruk, som sammen med v\u00e5re retningslinjer for personvern regulerer Green Building Europes forhold til deg i forbindelse med dette nettstedet. Hvis du er uenig i noen del av disse vilk\u00e5rene og betingelsene, m\u00e5 du ikke bruke nettstedet v\u00e5rt.  <\/p>\n\n<p>Begrepet &laquo;Green Building Europe&raquo; eller &laquo;oss&raquo; eller &laquo;vi&raquo; refererer til eieren av nettstedet. Begrepet &laquo;du&raquo; refererer til brukeren eller betrakteren av nettstedet v\u00e5rt. <\/p>\n\n<p>Bruken av dette nettstedet er underlagt f\u00f8lgende vilk\u00e5r for bruk:<\/p>\n\n<ul class=\"wp-block-list\">\n<li>Innholdet p\u00e5 sidene p\u00e5 dette nettstedet er kun til generell informasjon og bruk. Det kan endres uten varsel. <\/li>\n\n\n\n<li>Dette nettstedet bruker informasjonskapsler for \u00e5 overv\u00e5ke nettleserens preferanser. Hvis du tillater bruk av informasjonskapsler, kan f\u00f8lgende personopplysninger bli lagret av oss for bruk av tredjeparter: Google Analytics, Google Adsense, Google Adwords. <\/li>\n\n\n\n<li>Verken vi eller tredjeparter gir noen garanti for n\u00f8yaktigheten, aktualiteten, ytelsen, fullstendigheten eller egnetheten til informasjonen og materialet som finnes eller tilbys p\u00e5 dette nettstedet til noe bestemt form\u00e5l. Du erkjenner at slik informasjon og materiale kan inneholde un\u00f8yaktigheter eller feil, og vi fraskriver oss uttrykkelig ansvar for slike un\u00f8yaktigheter eller feil i den grad det er tillatt i henhold til loven. <\/li>\n\n\n\n<li>Din bruk av informasjon eller materiale p\u00e5 dette nettstedet skjer helt og holdent p\u00e5 egen risiko, og vi kan ikke holdes ansvarlig for dette. Det er ditt eget ansvar \u00e5 s\u00f8rge for at produkter, tjenester eller informasjon som er tilgjengelig via dette nettstedet, oppfyller dine spesifikke krav. <\/li>\n\n\n\n<li>Dette nettstedet inneholder materiale som eies av eller er lisensiert til oss. Dette materialet inkluderer, men er ikke begrenset til, design, layout, utseende, utseende og grafikk. Reproduksjon er forbudt annet enn i samsvar med merknaden om opphavsrett, som utgj\u00f8r en del av disse vilk\u00e5rene og betingelsene.  <\/li>\n\n\n\n<li>Alle varemerker som er gjengitt p\u00e5 dette nettstedet, og som ikke tilh\u00f8rer eller er lisensiert til operat\u00f8ren, er oppgitt p\u00e5 nettstedet.<\/li>\n\n\n\n<li>Uautorisert bruk av dette nettstedet kan f\u00f8re til erstatningskrav og\/eller v\u00e6re straffbart.<\/li>\n\n\n\n<li>Fra tid til annen kan dette nettstedet ogs\u00e5 inneholde lenker til andre nettsteder. Disse lenkene er gitt for \u00e5 gi deg ytterligere informasjon. De betyr ikke at vi st\u00f8tter nettstedet\/nettsidene. Vi har ikke noe ansvar for innholdet p\u00e5 de(t) lenkede nettstedet(ene).   <\/li>\n\n\n\n<li>Din bruk av dette nettstedet og enhver tvist som oppst\u00e5r som f\u00f8lge av slik bruk av nettstedet, er underlagt lovene i Italia.<\/li>\n<\/ul>\n\n<h2 class=\"wp-block-heading has-text-align-center\">Ansvarsfraskrivelse p\u00e5 nettstedet<\/h2>\n\n<hr class=\"wp-block-separator has-alpha-channel-opacity\"\/>\n\n<div>\n<p>Informasjonen p\u00e5 dette nettstedet er kun ment som generell informasjon. Informasjonen er gitt av Green Building Europe, og selv om vi bestreber oss p\u00e5 \u00e5 holde informasjonen oppdatert og korrekt, gir vi ingen erkl\u00e6ringer eller garantier av noe slag, uttrykkelig eller underforst\u00e5tt, om fullstendighet, n\u00f8yaktighet, p\u00e5litelighet, egnethet eller tilgjengelighet med hensyn til nettstedet eller informasjonen, produktene, tjenestene eller den relaterte grafikken som finnes p\u00e5 nettstedet for noe form\u00e5l. Enhver tillit du setter til slik informasjon, er derfor strengt tatt p\u00e5 egen risiko.  <\/p>\n<p>Vi er under ingen omstendigheter ansvarlige for tap eller skade, inkludert, men ikke begrenset til, indirekte tap eller f\u00f8lgeskader, eller tap eller skade som f\u00f8lge av tap av data eller fortjeneste som oppst\u00e5r som f\u00f8lge av eller i forbindelse med bruken av dette nettstedet.<\/p>\n<p>Gjennom dette nettstedet kan du lenke til andre nettsteder som ikke er under Green Building Europes kontroll. Vi har ingen kontroll over disse nettstedenes art, innhold og tilgjengelighet. Inkluderingen av lenker inneb\u00e6rer ikke n\u00f8dvendigvis en anbefaling eller st\u00f8tte til synspunktene som kommer til uttrykk p\u00e5 dem.  <\/p>\n<p>Vi gj\u00f8r v\u00e5rt ytterste for \u00e5 holde nettstedet oppe og i drift. Green Building Europe tar imidlertid ikke ansvar for, og vil ikke v\u00e6re ansvarlig for, at nettstedet er midlertidig utilgjengelig p\u00e5 grunn av tekniske problemer utenfor v\u00e5r kontroll. <\/p>\n<\/div>\n","protected":false},"excerpt":{"rendered":"<p>Vilk\u00e5r og betingelser Velkommen til v\u00e5re nettsider. Hvis du fortsetter \u00e5 bruke dette nettstedet, samtykker du i \u00e5 overholde og v\u00e6re bundet av f\u00f8lgende vilk\u00e5r og betingelser for bruk, som sammen med v\u00e5re retningslinjer for personvern regulerer Green Building Europes [&hellip;]<\/p>\n","protected":false},"author":93,"featured_media":0,"parent":0,"menu_order":0,"comment_status":"open","ping_status":"closed","template":"","meta":{"_uag_custom_page_level_css":"","site-sidebar-layout":"default","site-content-layout":"default","ast-site-content-layout":"default","site-content-style":"default","site-sidebar-style":"default","ast-global-header-display":"","ast-banner-title-visibility":"","ast-main-header-display":"","ast-hfb-above-header-display":"","ast-hfb-below-header-display":"","ast-hfb-mobile-header-display":"","site-post-title":"disabled","ast-breadcrumbs-content":"","ast-featured-img":"","footer-sml-layout":"","ast-disable-related-posts":"","theme-transparent-header-meta":"default","adv-header-id-meta":"","stick-header-meta":"default","header-above-stick-meta":"","header-main-stick-meta":"","header-below-stick-meta":"","astra-migrate-meta-layouts":"default","ast-page-background-enabled":"default","ast-page-background-meta":{"desktop":{"background-color":"var(--ast-global-color-4)","background-image":"","background-repeat":"repeat","background-position":"center center","background-size":"auto","background-attachment":"scroll","background-type":"","background-media":"","overlay-type":"","overlay-color":"","overlay-opacity":"","overlay-gradient":""},"tablet":{"background-color":"","background-image":"","background-repeat":"repeat","background-position":"center center","background-size":"auto","background-attachment":"scroll","background-type":"","background-media":"","overlay-type":"","overlay-color":"","overlay-opacity":"","overlay-gradient":""},"mobile":{"background-color":"","background-image":"","background-repeat":"repeat","background-position":"center center","background-size":"auto","background-attachment":"scroll","background-type":"","background-media":"","overlay-type":"","overlay-color":"","overlay-opacity":"","overlay-gradient":""}},"ast-content-background-meta":{"desktop":{"background-color":"var(--ast-global-color-5)","background-image":"","background-repeat":"repeat","background-position":"center center","background-size":"auto","background-attachment":"scroll","background-type":"","background-media":"","overlay-type":"","overlay-color":"","overlay-opacity":"","overlay-gradient":""},"tablet":{"background-color":"var(--ast-global-color-5)","background-image":"","background-repeat":"repeat","background-position":"center center","background-size":"auto","background-attachment":"scroll","background-type":"","background-media":"","overlay-type":"","overlay-color":"","overlay-opacity":"","overlay-gradient":""},"mobile":{"background-color":"var(--ast-global-color-5)","background-image":"","background-repeat":"repeat","background-position":"center center","background-size":"auto","background-attachment":"scroll","background-type":"","background-media":"","overlay-type":"","overlay-color":"","overlay-opacity":"","overlay-gradient":""}},"footnotes":""},"class_list":["post-57103","page","type-page","status-publish","hentry"],"uagb_featured_image_src":{"full":false,"thumbnail":false,"medium":false,"medium_large":false,"large":false,"1536x1536":false,"2048x2048":false},"uagb_author_info":{"display_name":"","author_link":"https:\/\/greenbuildingeurope.eu\/no\/author\/"},"uagb_comment_info":0,"uagb_excerpt":"Vilk\u00e5r og betingelser Velkommen til v\u00e5re nettsider. Hvis du fortsetter \u00e5 bruke dette nettstedet, samtykker du i \u00e5 overholde og v\u00e6re bundet av f\u00f8lgende vilk\u00e5r og betingelser for bruk, som sammen med v\u00e5re retningslinjer for personvern regulerer Green Building Europes [&hellip;]","_links":{"self":[{"href":"https:\/\/greenbuildingeurope.eu\/no\/wp-json\/wp\/v2\/pages\/57103","targetHints":{"allow":["GET"]}}],"collection":[{"href":"https:\/\/greenbuildingeurope.eu\/no\/wp-json\/wp\/v2\/pages"}],"about":[{"href":"https:\/\/greenbuildingeurope.eu\/no\/wp-json\/wp\/v2\/types\/page"}],"author":[{"embeddable":true,"href":"https:\/\/greenbuildingeurope.eu\/no\/wp-json\/wp\/v2\/users\/93"}],"replies":[{"embeddable":true,"href":"https:\/\/greenbuildingeurope.eu\/no\/wp-json\/wp\/v2\/comments?post=57103"}],"version-history":[{"count":0,"href":"https:\/\/greenbuildingeurope.eu\/no\/wp-json\/wp\/v2\/pages\/57103\/revisions"}],"wp:attachment":[{"href":"https:\/\/greenbuildingeurope.eu\/no\/wp-json\/wp\/v2\/media?parent=57103"}],"curies":[{"name":"wp","href":"https:\/\/api.w.org\/{rel}","templated":true}]}}