{"id":57111,"date":"2025-04-10T13:00:06","date_gmt":"2025-04-10T11:00:06","guid":{"rendered":"https:\/\/greenbuildingeurope.eu\/?page_id=57111"},"modified":"2025-04-11T00:31:09","modified_gmt":"2025-04-10T22:31:09","slug":"retningslinjer-for-personvern","status":"publish","type":"page","link":"https:\/\/greenbuildingeurope.eu\/no\/retningslinjer-for-personvern\/","title":{"rendered":"Retningslinjer for personvern"},"content":{"rendered":"\n<h1 class=\"wp-block-heading has-text-align-center\">Retningslinjer for personvern<\/h1>\n\n<hr class=\"wp-block-separator has-alpha-channel-opacity\"\/>\n\n<p>Nettstedet du bes\u00f8ker eies og drives av Green Building Europe. Ditt personvern p\u00e5 Internett er av st\u00f8rste viktighet for oss. Hos Green Building Europe \u00f8nsker vi \u00e5 gj\u00f8re din opplevelse p\u00e5 nettet tilfredsstillende og trygg. Fordi vi samler inn visse typer informasjon om brukerne v\u00e5re, mener vi at du b\u00f8r forst\u00e5 v\u00e5re retningslinjer og vilk\u00e5rene for innhenting og bruk av denne informasjonen fullt ut. Denne personvernerkl\u00e6ringen beskriver hvilken informasjon vi samler inn og hvordan denne informasjonen brukes.    <\/p>\n\n<p><strong>Personvern<\/strong><\/p>\n\n<p>Vi erkjenner at det er viktig \u00e5 beskytte personopplysningene dine. Her finner du informasjon om hvilke typer personopplysninger vi mottar og samler inn n\u00e5r du bruker og bes\u00f8ker dette nettstedet, og hvordan vi beskytter opplysningene dine. Vi selger aldri personopplysningene dine til tredjeparter.  <\/p>\n\n<p><strong>Loggfiler<\/strong><\/p>\n\n<p>Som med de fleste andre nettsteder samler vi inn og bruker data i loggfiler. Informasjonen i loggfilene inkluderer IP-adressen din (internettprotokoll), din ISP (internettleverand\u00f8r, for eksempel Vodafone eller Orange), nettleseren du brukte til \u00e5 bes\u00f8ke nettstedet v\u00e5rt (for eksempel Chrome eller Firefox), tidspunktet du bes\u00f8kte nettstedet v\u00e5rt og hvilke sider du bes\u00f8kte p\u00e5 nettstedet v\u00e5rt. <\/p>\n\n<p><strong>Informasjonskapsler og sporingsbilder<\/strong><\/p>\n\n<p>Vi bruker informasjonskapsler til \u00e5 lagre informasjon, for eksempel dine personlige preferanser n\u00e5r du bes\u00f8ker nettstedet v\u00e5rt. Det kan for eksempel v\u00e6re at du bare f\u00e5r se en popup-visning \u00e9n gang under bes\u00f8ket, eller at du kan logge inn p\u00e5 noen av funksjonene v\u00e5re, for eksempel forumet. <\/p>\n\n<p>Vi bruker ogs\u00e5 tredjepartsannonser for \u00e5 st\u00f8tte dette nettstedet. Noen av disse annons\u00f8rene kan bruke teknologi som informasjonskapsler og websignaler n\u00e5r de annonserer p\u00e5 nettstedet v\u00e5rt, noe som ogs\u00e5 vil sende disse annons\u00f8rene (for eksempel Google gjennom Google AdSense-programmet) informasjon, inkludert IP-adressen din, Internett-leverand\u00f8ren din, nettleseren du brukte til \u00e5 bes\u00f8ke nettstedet v\u00e5rt, og i noen tilfeller om du har Flash installert. Dette brukes vanligvis til geom\u00e5lretting (for eksempel \u00e5 vise eiendomsannonser fra New York til noen i New York) eller til \u00e5 vise visse annonser basert p\u00e5 bestemte nettsteder du har bes\u00f8kt (for eksempel \u00e5 vise matlagingsannonser til noen som bes\u00f8ker matlagingsnettsteder).  <\/p>\n\n<p><strong>DoubleClick DART-informasjonskapsler<\/strong><\/p>\n\n<p>Vi kan ogs\u00e5 bruke DART-informasjonskapsler for annonsering gjennom Googles DoubleClick, som plasserer en informasjonskapsel p\u00e5 datamaskinen din n\u00e5r du surfer p\u00e5 nettet og bes\u00f8ker et nettsted som bruker DoubleClick-annonsering (inkludert noen Google AdSense-annonser). Denne informasjonskapselen brukes til \u00e5 vise annonser som er spesifikke for deg og dine interesser (&laquo;interessebasert m\u00e5lretting&raquo;). Annonsene som vises, vil v\u00e6re m\u00e5lrettet basert p\u00e5 din tidligere nettleserhistorikk (hvis du for eksempel har bes\u00f8kt nettsteder som handler om \u00e5 bes\u00f8ke Las Vegas, kan det hende at du ser annonser for Las Vegas-hoteller n\u00e5r du bes\u00f8ker et ikke-relatert nettsted, for eksempel et nettsted om hockey). DART bruker &laquo;ikke-personlig identifiserbar informasjon&raquo;. Den sporer IKKE personlig informasjon om deg, for eksempel navn, e-postadresse, fysisk adresse, telefonnummer, personnummer, bankkontonummer eller kredittkortnummer. Du kan velge bort denne annonseringen p\u00e5 alle nettsteder som bruker denne annonseringen ved \u00e5 g\u00e5 til<a href=\"http:\/\/www.doubleclick.com\/privacy\/dart_adserving.aspx\" target=\"_blank\" rel=\"noopener noreferrer\">:http:\/\/www.doubleclick.com\/privacy\/dart_adserving.aspx<\/a>     <\/p>\n\n<p>Du kan velge \u00e5 deaktivere eller selektivt sl\u00e5 av v\u00e5re informasjonskapsler eller tredjeparts informasjonskapsler i nettleserinnstillingene, eller ved \u00e5 administrere innstillinger i programmer som Norton Internet Security. Dette kan imidlertid p\u00e5virke hvordan du kan samhandle med nettstedet v\u00e5rt og andre nettsteder. Dette kan inneb\u00e6re at du ikke kan logge inn p\u00e5 tjenester eller programmer, for eksempel p\u00e5 forum eller kontoer.  <\/p>\n\n<p>Sletting av informasjonskapsler betyr ikke at du er permanent utmeldt av et annonseprogram. Med mindre du har innstillinger som ikke tillater informasjonskapsler, vil en ny informasjonskapsel bli lagt til neste gang du bes\u00f8ker et nettsted som viser annonsene. <\/p>\n\n<p><strong>Sporing av bruk<\/strong><\/p>\n\n<p>Vi sporer brukernes trafikkm\u00f8nster p\u00e5 alle nettstedene v\u00e5re. Vi korrelerer imidlertid ikke denne informasjonen med data om individuelle brukere. Statistikken er delt opp i henhold til en brukers domenenavn, nettlesertype og MIME-type ved \u00e5 lese denne informasjonen fra nettleserstrengen (informasjon som finnes i hver brukers nettleser).  <\/p>\n\n<p>Vi sporer og katalogiserer s\u00f8keordene som en bruker skriver inn i s\u00f8kefunksjonen v\u00e5r, men denne sporingen er aldri knyttet til individuelle brukere. Vi bruker sporingsinformasjon til \u00e5 finne ut hvilke omr\u00e5der av nettstedene v\u00e5re brukerne liker og ikke liker, basert p\u00e5 trafikken til disse omr\u00e5dene. Vi sporer ikke hva den enkelte bruker leser, men heller hvor godt hver side presterer totalt sett. Dette hjelper oss med \u00e5 fortsette \u00e5 bygge en bedre tjeneste for deg.   <\/p>\n\n<p><strong>Barn<\/strong><\/p>\n\n<p>Vi vil aldri be om personlig identifiserbar informasjon fra noen under 18 \u00e5r uten \u00e5 be om foreldrenes samtykke.<\/p>\n\n<p><strong>Bruk av informasjon<\/strong><\/p>\n\n<p>Vi bruker informasjon som brukerne v\u00e5re frivillig gir oss for \u00e5 forbedre brukeropplevelsen p\u00e5 nettstedene v\u00e5re, enten det er for \u00e5 tilby interaktive eller personaliserte elementer p\u00e5 nettstedene eller for \u00e5 forberede fremtidig innhold bedre basert p\u00e5 brukernes interesser.<\/p>\n\n<p>Som nevnt ovenfor bruker vi informasjon som brukerne frivillig oppgir for \u00e5 sende ut elektroniske nyhetsbrev og for \u00e5 gj\u00f8re det mulig for brukerne \u00e5 delta i avstemninger, sp\u00f8rreunders\u00f8kelser, oppslagstavler og fora. Vi sender ut nyhetsbrev til abonnentene regelmessig (avhengig av nyhetsbrevet), og av og til sender vi ut spesialutgaver n\u00e5r vi tror at abonnentene kan v\u00e6re spesielt interessert i noe vi driver med. Vi deler aldri nyhetsbrevets adresselister med tredjeparter, inkludert annons\u00f8rer, sponsorer eller partnere.  <\/p>\n\n<p>N\u00e5r vi bruker sporingsinformasjon for \u00e5 finne ut hvilke omr\u00e5der av nettstedene v\u00e5re brukerne liker og ikke liker, basert p\u00e5 trafikken til disse omr\u00e5dene. Vi sporer ikke hva den enkelte bruker leser, men heller hvor godt hver side fungerer totalt sett. Dette hjelper oss med \u00e5 fortsette \u00e5 bygge en bedre tjeneste for deg. Vi sporer s\u00f8keord som legges inn i s\u00f8kefunksjonen, som ett av mange m\u00e5l p\u00e5 hva som interesserer brukerne v\u00e5re. Men vi sporer ikke hvilke termer en bestemt bruker skriver inn.    <\/p>\n\n<p>Vi lager samlede rapporter om brukerdemografi og trafikkm\u00f8nstre for annons\u00f8rer, sponsorer og partnere. Dette gj\u00f8r det mulig for annons\u00f8rene v\u00e5re \u00e5 annonsere mer effektivt, og det gj\u00f8r det mulig for brukerne v\u00e5re \u00e5 motta annonser som er relevante for deres behov. Fordi vi ikke sporer bruksm\u00f8nstrene til individuelle brukere, vil en annons\u00f8r eller sponsor aldri f\u00e5 vite at en bestemt bruker har klikket p\u00e5 annonsen deres. Vi vil ikke utlevere informasjon om noen enkeltbruker, med mindre det er i samsvar med gjeldende lov eller gyldig juridisk prosess, eller for \u00e5 beskytte den personlige sikkerheten til v\u00e5re brukere eller offentligheten.   <\/p>\n\n<p><strong>DELING AV INFORMASJONEN<\/strong><\/p>\n\n<p>Vi bruker informasjonen ovenfor til \u00e5 skreddersy innholdet v\u00e5rt slik at det passer til dine behov, og til \u00e5 hjelpe annons\u00f8rene v\u00e5re med \u00e5 forst\u00e5 demografien til publikummet v\u00e5rt bedre. Dette er avgj\u00f8rende for \u00e5 holde tjenesten v\u00e5r gratis. Vi deler ikke informasjon om individuelle brukere med noen tredjepart, med mindre det er i samsvar med gjeldende lov eller gyldig juridisk prosess eller for \u00e5 beskytte den personlige sikkerheten til brukerne v\u00e5re eller offentligheten.  <\/p>\n\n<p><strong>SIKKERHET<\/strong><\/p>\n\n<p>Vi driver sikre datanettverk som er beskyttet av brannmurer og passordbeskyttelsessystemer av bransjestandard. V\u00e5re retningslinjer for sikkerhet og personvern gjennomg\u00e5s jevnlig og forbedres etter behov, og bare autoriserte personer har tilgang til informasjonen som kundene v\u00e5re oppgir. <\/p>\n\n<p><strong>DITT SAMTYKKE<\/strong><\/p>\n\n<p>Ved \u00e5 bruke nettstedene v\u00e5re samtykker du til innsamling og bruk av denne informasjonen. Hvis vi bestemmer oss for \u00e5 endre personvernerkl\u00e6ringen v\u00e5r, vil vi legge ut endringene p\u00e5 denne siden, slik at du alltid er klar over hvilken informasjon vi samler inn, hvordan vi bruker den, og under hvilke omstendigheter vi utleverer den. <\/p>\n","protected":false},"excerpt":{"rendered":"<p>Retningslinjer for personvern Nettstedet du bes\u00f8ker eies og drives av Green Building Europe. Ditt personvern p\u00e5 Internett er av st\u00f8rste viktighet for oss. Hos Green Building Europe \u00f8nsker vi \u00e5 gj\u00f8re din opplevelse p\u00e5 nettet tilfredsstillende og trygg. Fordi vi [&hellip;]<\/p>\n","protected":false},"author":93,"featured_media":0,"parent":0,"menu_order":0,"comment_status":"closed","ping_status":"closed","template":"","meta":{"_uag_custom_page_level_css":"","site-sidebar-layout":"default","site-content-layout":"default","ast-site-content-layout":"default","site-content-style":"default","site-sidebar-style":"default","ast-global-header-display":"","ast-banner-title-visibility":"","ast-main-header-display":"","ast-hfb-above-header-display":"","ast-hfb-below-header-display":"","ast-hfb-mobile-header-display":"","site-post-title":"disabled","ast-breadcrumbs-content":"","ast-featured-img":"","footer-sml-layout":"","ast-disable-related-posts":"","theme-transparent-header-meta":"default","adv-header-id-meta":"","stick-header-meta":"default","header-above-stick-meta":"","header-main-stick-meta":"","header-below-stick-meta":"","astra-migrate-meta-layouts":"default","ast-page-background-enabled":"default","ast-page-background-meta":{"desktop":{"background-color":"var(--ast-global-color-4)","background-image":"","background-repeat":"repeat","background-position":"center center","background-size":"auto","background-attachment":"scroll","background-type":"","background-media":"","overlay-type":"","overlay-color":"","overlay-opacity":"","overlay-gradient":""},"tablet":{"background-color":"","background-image":"","background-repeat":"repeat","background-position":"center center","background-size":"auto","background-attachment":"scroll","background-type":"","background-media":"","overlay-type":"","overlay-color":"","overlay-opacity":"","overlay-gradient":""},"mobile":{"background-color":"","background-image":"","background-repeat":"repeat","background-position":"center center","background-size":"auto","background-attachment":"scroll","background-type":"","background-media":"","overlay-type":"","overlay-color":"","overlay-opacity":"","overlay-gradient":""}},"ast-content-background-meta":{"desktop":{"background-color":"var(--ast-global-color-5)","background-image":"","background-repeat":"repeat","background-position":"center center","background-size":"auto","background-attachment":"scroll","background-type":"","background-media":"","overlay-type":"","overlay-color":"","overlay-opacity":"","overlay-gradient":""},"tablet":{"background-color":"var(--ast-global-color-5)","background-image":"","background-repeat":"repeat","background-position":"center center","background-size":"auto","background-attachment":"scroll","background-type":"","background-media":"","overlay-type":"","overlay-color":"","overlay-opacity":"","overlay-gradient":""},"mobile":{"background-color":"var(--ast-global-color-5)","background-image":"","background-repeat":"repeat","background-position":"center center","background-size":"auto","background-attachment":"scroll","background-type":"","background-media":"","overlay-type":"","overlay-color":"","overlay-opacity":"","overlay-gradient":""}},"footnotes":""},"class_list":["post-57111","page","type-page","status-publish","hentry"],"uagb_featured_image_src":{"full":false,"thumbnail":false,"medium":false,"medium_large":false,"large":false,"1536x1536":false,"2048x2048":false},"uagb_author_info":{"display_name":"","author_link":"https:\/\/greenbuildingeurope.eu\/no\/author\/"},"uagb_comment_info":0,"uagb_excerpt":"Retningslinjer for personvern Nettstedet du bes\u00f8ker eies og drives av Green Building Europe. Ditt personvern p\u00e5 Internett er av st\u00f8rste viktighet for oss. Hos Green Building Europe \u00f8nsker vi \u00e5 gj\u00f8re din opplevelse p\u00e5 nettet tilfredsstillende og trygg. Fordi vi [&hellip;]","_links":{"self":[{"href":"https:\/\/greenbuildingeurope.eu\/no\/wp-json\/wp\/v2\/pages\/57111","targetHints":{"allow":["GET"]}}],"collection":[{"href":"https:\/\/greenbuildingeurope.eu\/no\/wp-json\/wp\/v2\/pages"}],"about":[{"href":"https:\/\/greenbuildingeurope.eu\/no\/wp-json\/wp\/v2\/types\/page"}],"author":[{"embeddable":true,"href":"https:\/\/greenbuildingeurope.eu\/no\/wp-json\/wp\/v2\/users\/93"}],"replies":[{"embeddable":true,"href":"https:\/\/greenbuildingeurope.eu\/no\/wp-json\/wp\/v2\/comments?post=57111"}],"version-history":[{"count":0,"href":"https:\/\/greenbuildingeurope.eu\/no\/wp-json\/wp\/v2\/pages\/57111\/revisions"}],"wp:attachment":[{"href":"https:\/\/greenbuildingeurope.eu\/no\/wp-json\/wp\/v2\/media?parent=57111"}],"curies":[{"name":"wp","href":"https:\/\/api.w.org\/{rel}","templated":true}]}}