{"id":56612,"date":"2025-03-31T21:34:47","date_gmt":"2025-03-31T19:34:47","guid":{"rendered":"https:\/\/greenbuildingeurope.eu\/?page_id=56612"},"modified":"2025-04-21T12:04:16","modified_gmt":"2025-04-21T10:04:16","slug":"strona-glowna-green-building-europe","status":"publish","type":"page","link":"https:\/\/greenbuildingeurope.eu\/pl\/","title":{"rendered":"Strona g\u0142\u00f3wna &#8211; Green Building Europe"},"content":{"rendered":"\n<div class=\"wp-block-uagb-container uagb-block-e92d502d alignfull uagb-is-root-container\">\n<div class=\"wp-block-uagb-container uagb-block-c4c4cf02 alignfull uagb-is-root-container\">\n<div class=\"wp-block-uagb-call-to-action uagb-block-e8360020 wp-block-button\"><div class=\"uagb-cta__wrap\"><h3 class=\"uagb-cta__title\">Jak mo\u017cemy pom\u00f3c w rozwoju<\/h3><p class=\"uagb-cta__desc\">\u0141\u0105czymy producent\u00f3w, dostawc\u00f3w i us\u0142ugodawc\u00f3w zielonego budownictwa z tymi, kt\u00f3rzy ich szukaj\u0105. Dowiedz si\u0119, jak mo\u017cemy Ci pom\u00f3c. <\/p><\/div><div class=\"uagb-cta__buttons\"><a href=\"https:\/\/greenbuildingeurope.eu\/pl\/kontakt\/\" class=\"uagb-cta__button-link-wrapper wp-block-button__link\" target=\"_self\" rel=\"noopener noreferrer\">Kontakt<svg xmlns=\"https:\/\/www.w3.org\/2000\/svg\" viewbox=\"0 0 512 512\"><path d=\"M504.3 273.6l-112.1 104c-6.992 6.484-17.18 8.218-25.94 4.406c-8.758-3.812-14.42-12.45-14.42-21.1L351.9 288H32C14.33 288 .0002 273.7 .0002 255.1S14.33 224 32 224h319.9l0-72c0-9.547 5.66-18.19 14.42-22c8.754-3.809 18.95-2.075 25.94 4.41l112.1 104C514.6 247.9 514.6 264.1 504.3 273.6z\"><\/path><\/svg><\/a><\/div><\/div>\n<\/div>\n<\/div>\n\n<div style=\"height:40px\" aria-hidden=\"true\" class=\"wp-block-spacer\"><\/div>\n\n<h2 class=\"wp-block-heading has-text-align-center\" id=\"guides\" style=\"font-size:50px\">Przewodniki po zielonym budownictwie<\/h2>\n\n<hr class=\"wp-block-separator has-alpha-channel-opacity\"\/>\n\n<div class=\"wp-block-uagb-container uagb-block-b7b8a9bf alignfull uagb-is-root-container\"><div class=\"uagb-container-inner-blocks-wrap\">\n<div class=\"wp-block-uagb-container uagb-block-d2b4ada7\"><div class=\"uagb-container__shape uagb-container__shape-bottom uagb-container__invert\" data-negative=\"false\"><svg xmlns=\"https:\/\/www.w3.org\/2000\/svg\" viewBox=\"0 0 283.5 19.6\" preserveAspectRatio=\"none\"><path class=\"uagb-container__shape-fill\" opacity=\"0.33\" d=\"M0 0L0 18.8 141.8 4.1 283.5 18.8 283.5 0z\"><\/path><path class=\"uagb-container__shape-fill\" opacity=\"0.33\" d=\"M0 0L0 12.6 141.8 4 283.5 12.6 283.5 0z\"><\/path><path class=\"uagb-container__shape-fill\" opacity=\"0.33\" d=\"M0 0L0 6.4 141.8 4 283.5 6.4 283.5 0z\"><\/path><path class=\"uagb-container__shape-fill\" d=\"M0 0L0 1.2 141.8 4 283.5 1.2 283.5 0z\"><\/path><\/svg><\/div>\n<div class=\"wp-block-uagb-call-to-action uagb-block-8aa4cbf5\"><a href=\"#\" class=\"uagb-cta__link-to-all\" target=\"\" rel=\"noopener noreferrer\"><\/a><div class=\"uagb-cta__wrap\"><h3 class=\"uagb-cta__title\">Green Building Basics<\/h3><p class=\"uagb-cta__desc\">This introduction covers the basics of building green, from choosing the right materials, what techniques to use, certifications and benefits<\/p><\/div><div class=\"uagb-cta__buttons\"><\/div><\/div>\n<\/div>\n\n\n\n<div class=\"wp-block-uagb-container uagb-block-2e9ba370\"><div class=\"uagb-container__shape uagb-container__shape-bottom uagb-container__invert\" data-negative=\"false\"><svg xmlns=\"https:\/\/www.w3.org\/2000\/svg\" viewBox=\"0 0 283.5 19.6\" preserveAspectRatio=\"none\"><path class=\"uagb-container__shape-fill\" opacity=\"0.33\" d=\"M0 0L0 18.8 141.8 4.1 283.5 18.8 283.5 0z\"><\/path><path class=\"uagb-container__shape-fill\" opacity=\"0.33\" d=\"M0 0L0 12.6 141.8 4 283.5 12.6 283.5 0z\"><\/path><path class=\"uagb-container__shape-fill\" opacity=\"0.33\" d=\"M0 0L0 6.4 141.8 4 283.5 6.4 283.5 0z\"><\/path><path class=\"uagb-container__shape-fill\" d=\"M0 0L0 1.2 141.8 4 283.5 1.2 283.5 0z\"><\/path><\/svg><\/div>\n<div class=\"wp-block-uagb-call-to-action uagb-block-ad00f73b\"><a href=\"https:\/\/greenbuildingeurope.eu\/green-building-materials\/\" class=\"uagb-cta__link-to-all\" target=\"\" rel=\"noopener noreferrer\"><\/a><div class=\"uagb-cta__wrap\"><h3 class=\"uagb-cta__title\">Sustainable Materials<\/h3><p class=\"uagb-cta__desc\">Find out what choices builders have for green construction and finishing materials, how to tell if a material is eco-friendly and plan material\u2019s lifespan<\/p><\/div><div class=\"uagb-cta__buttons\"><\/div><\/div>\n<\/div>\n<\/div><\/div>\n\n<div class=\"wp-block-uagb-container uagb-block-33f6e926 alignfull uagb-is-root-container\"><div class=\"uagb-container-inner-blocks-wrap\">\n<div class=\"wp-block-uagb-container uagb-block-b30d50db\"><div class=\"uagb-container__shape uagb-container__shape-bottom uagb-container__invert\" data-negative=\"false\"><svg xmlns=\"https:\/\/www.w3.org\/2000\/svg\" viewBox=\"0 0 283.5 19.6\" preserveAspectRatio=\"none\"><path class=\"uagb-container__shape-fill\" opacity=\"0.33\" d=\"M0 0L0 18.8 141.8 4.1 283.5 18.8 283.5 0z\"><\/path><path class=\"uagb-container__shape-fill\" opacity=\"0.33\" d=\"M0 0L0 12.6 141.8 4 283.5 12.6 283.5 0z\"><\/path><path class=\"uagb-container__shape-fill\" opacity=\"0.33\" d=\"M0 0L0 6.4 141.8 4 283.5 6.4 283.5 0z\"><\/path><path class=\"uagb-container__shape-fill\" d=\"M0 0L0 1.2 141.8 4 283.5 1.2 283.5 0z\"><\/path><\/svg><\/div>\n<div class=\"wp-block-uagb-call-to-action uagb-block-1cd4dda5\"><a href=\"https:\/\/greenbuildingeurope.eu\/renewable-energy-efficiency\" class=\"uagb-cta__link-to-all\" target=\"\" rel=\"noopener noreferrer\"><\/a><div class=\"uagb-cta__wrap\"><h3 class=\"uagb-cta__title\">Renewables \/ Energy Efficiency<\/h3><p class=\"uagb-cta__desc\">This guide examines renewable energy sources and walks you through energy-saving strategies<\/p><\/div><div class=\"uagb-cta__buttons\"><\/div><\/div>\n<\/div>\n\n\n\n<div class=\"wp-block-uagb-container uagb-block-774d1ab2\"><div class=\"uagb-container__shape uagb-container__shape-bottom uagb-container__invert\" data-negative=\"false\"><svg xmlns=\"https:\/\/www.w3.org\/2000\/svg\" viewBox=\"0 0 283.5 19.6\" preserveAspectRatio=\"none\"><path class=\"uagb-container__shape-fill\" opacity=\"0.33\" d=\"M0 0L0 18.8 141.8 4.1 283.5 18.8 283.5 0z\"><\/path><path class=\"uagb-container__shape-fill\" opacity=\"0.33\" d=\"M0 0L0 12.6 141.8 4 283.5 12.6 283.5 0z\"><\/path><path class=\"uagb-container__shape-fill\" opacity=\"0.33\" d=\"M0 0L0 6.4 141.8 4 283.5 6.4 283.5 0z\"><\/path><path class=\"uagb-container__shape-fill\" d=\"M0 0L0 1.2 141.8 4 283.5 1.2 283.5 0z\"><\/path><\/svg><\/div>\n<div class=\"wp-block-uagb-call-to-action uagb-block-350f4836\"><a href=\"https:\/\/greenbuildingeurope.eu\/water-efficiency\/\" class=\"uagb-cta__link-to-all\" target=\"\" rel=\"noopener noreferrer\"><\/a><div class=\"uagb-cta__wrap\"><h3 class=\"uagb-cta__title\">Water Efficiency<\/h3><p class=\"uagb-cta__desc\">Learn how to minimize water use and water pollution during construction as well as improving water efficiency in landscaping and in the home<\/p><\/div><div class=\"uagb-cta__buttons\"><\/div><\/div>\n<\/div>\n<\/div><\/div>\n\n<div class=\"wp-block-uagb-container uagb-block-d2dc2daf alignfull uagb-is-root-container\"><div class=\"uagb-container-inner-blocks-wrap\">\n<div class=\"wp-block-uagb-container uagb-block-c43817ba\"><div class=\"uagb-container__shape uagb-container__shape-bottom uagb-container__invert\" data-negative=\"false\"><svg xmlns=\"https:\/\/www.w3.org\/2000\/svg\" viewBox=\"0 0 283.5 19.6\" preserveAspectRatio=\"none\"><path class=\"uagb-container__shape-fill\" opacity=\"0.33\" d=\"M0 0L0 18.8 141.8 4.1 283.5 18.8 283.5 0z\"><\/path><path class=\"uagb-container__shape-fill\" opacity=\"0.33\" d=\"M0 0L0 12.6 141.8 4 283.5 12.6 283.5 0z\"><\/path><path class=\"uagb-container__shape-fill\" opacity=\"0.33\" d=\"M0 0L0 6.4 141.8 4 283.5 6.4 283.5 0z\"><\/path><path class=\"uagb-container__shape-fill\" d=\"M0 0L0 1.2 141.8 4 283.5 1.2 283.5 0z\"><\/path><\/svg><\/div>\n<div class=\"wp-block-uagb-call-to-action uagb-block-164d1bb6\"><a href=\"https:\/\/greenbuildingeurope.eu\/construction-demolition-waste-reduction\" class=\"uagb-cta__link-to-all\" target=\"\" rel=\"noopener noreferrer\"><\/a><div class=\"uagb-cta__wrap\"><h3 class=\"uagb-cta__title\">C&amp;D Waste Reduction<\/h3><p class=\"uagb-cta__desc\">Gain some practical strategies for reducing waste in your building and renovation projects, from project start to finish<\/p><\/div><div class=\"uagb-cta__buttons\"><\/div><\/div>\n<\/div>\n\n\n\n<div class=\"wp-block-uagb-container uagb-block-e273b10e\"><div class=\"uagb-container__shape uagb-container__shape-bottom uagb-container__invert\" data-negative=\"false\"><svg xmlns=\"https:\/\/www.w3.org\/2000\/svg\" viewBox=\"0 0 283.5 19.6\" preserveAspectRatio=\"none\"><path class=\"uagb-container__shape-fill\" opacity=\"0.33\" d=\"M0 0L0 18.8 141.8 4.1 283.5 18.8 283.5 0z\"><\/path><path class=\"uagb-container__shape-fill\" opacity=\"0.33\" d=\"M0 0L0 12.6 141.8 4 283.5 12.6 283.5 0z\"><\/path><path class=\"uagb-container__shape-fill\" opacity=\"0.33\" d=\"M0 0L0 6.4 141.8 4 283.5 6.4 283.5 0z\"><\/path><path class=\"uagb-container__shape-fill\" d=\"M0 0L0 1.2 141.8 4 283.5 1.2 283.5 0z\"><\/path><\/svg><\/div>\n<div class=\"wp-block-uagb-call-to-action uagb-block-89a38cdd\"><a href=\"#\" class=\"uagb-cta__link-to-all\" target=\"\" rel=\"noopener noreferrer\"><\/a><div class=\"uagb-cta__wrap\"><h3 class=\"uagb-cta__title\">IEQ<\/h3><p class=\"uagb-cta__desc\">Learn what makes a healthy home and pick up techniques for improving indoor environmental quality (IEQ) on your own project<br\/><\/p><\/div><div class=\"uagb-cta__buttons\"><\/div><\/div>\n<\/div>\n<\/div><\/div>\n\n<div class=\"wp-block-uagb-container uagb-block-36213305 alignfull uagb-is-root-container\"><div class=\"uagb-container-inner-blocks-wrap\">\n<div class=\"wp-block-uagb-container uagb-block-c89eede7\"><div class=\"uagb-container__shape uagb-container__shape-bottom uagb-container__invert\" data-negative=\"false\"><svg xmlns=\"https:\/\/www.w3.org\/2000\/svg\" viewBox=\"0 0 283.5 19.6\" preserveAspectRatio=\"none\"><path class=\"uagb-container__shape-fill\" opacity=\"0.33\" d=\"M0 0L0 18.8 141.8 4.1 283.5 18.8 283.5 0z\"><\/path><path class=\"uagb-container__shape-fill\" opacity=\"0.33\" d=\"M0 0L0 12.6 141.8 4 283.5 12.6 283.5 0z\"><\/path><path class=\"uagb-container__shape-fill\" opacity=\"0.33\" d=\"M0 0L0 6.4 141.8 4 283.5 6.4 283.5 0z\"><\/path><path class=\"uagb-container__shape-fill\" d=\"M0 0L0 1.2 141.8 4 283.5 1.2 283.5 0z\"><\/path><\/svg><\/div>\n<div class=\"wp-block-uagb-call-to-action uagb-block-82634b55\"><a href=\"https:\/\/greenbuildingeurope.eu\/sustainable-building-design\/\" class=\"uagb-cta__link-to-all\" target=\"\" rel=\"noopener noreferrer\"><\/a><div class=\"uagb-cta__wrap\"><h3 class=\"uagb-cta__title\">Sustainable Building Design<\/h3><p class=\"uagb-cta__desc\">Discover some possible solutions you can consider in the designing and planning stages of a project<\/p><\/div><div class=\"uagb-cta__buttons\"><\/div><\/div>\n<\/div>\n\n\n\n<div class=\"wp-block-uagb-container uagb-block-70a7d42b\"><div class=\"uagb-container__shape uagb-container__shape-bottom uagb-container__invert\" data-negative=\"false\"><svg xmlns=\"https:\/\/www.w3.org\/2000\/svg\" viewBox=\"0 0 283.5 19.6\" preserveAspectRatio=\"none\"><path class=\"uagb-container__shape-fill\" opacity=\"0.33\" d=\"M0 0L0 18.8 141.8 4.1 283.5 18.8 283.5 0z\"><\/path><path class=\"uagb-container__shape-fill\" opacity=\"0.33\" d=\"M0 0L0 12.6 141.8 4 283.5 12.6 283.5 0z\"><\/path><path class=\"uagb-container__shape-fill\" opacity=\"0.33\" d=\"M0 0L0 6.4 141.8 4 283.5 6.4 283.5 0z\"><\/path><path class=\"uagb-container__shape-fill\" d=\"M0 0L0 1.2 141.8 4 283.5 1.2 283.5 0z\"><\/path><\/svg><\/div>\n<div class=\"wp-block-uagb-call-to-action uagb-block-605f49f3\"><a href=\"https:\/\/greenbuildingcanada.ca\/guide-to-green-roofs\/\" class=\"uagb-cta__link-to-all\" target=\"\" rel=\"noopener noreferrer\"><\/a><div class=\"uagb-cta__wrap\"><h3 class=\"uagb-cta__title\">Green Roofs<\/h3><p class=\"uagb-cta__desc\">This guide covers the different types of green roofs, how they are designed and their benefits and drawbacks<\/p><\/div><div class=\"uagb-cta__buttons\"><\/div><\/div>\n<\/div>\n<\/div><\/div>\n","protected":false},"excerpt":{"rendered":"<p>Przewodniki po zielonym budownictwie<\/p>\n","protected":false},"author":88,"featured_media":0,"parent":0,"menu_order":0,"comment_status":"closed","ping_status":"closed","template":"","meta":{"_uag_custom_page_level_css":"","site-sidebar-layout":"default","site-content-layout":"default","ast-site-content-layout":"full-width-container","site-content-style":"default","site-sidebar-style":"default","ast-global-header-display":"","ast-banner-title-visibility":"","ast-main-header-display":"","ast-hfb-above-header-display":"","ast-hfb-below-header-display":"","ast-hfb-mobile-header-display":"","site-post-title":"disabled","ast-breadcrumbs-content":"","ast-featured-img":"","footer-sml-layout":"","ast-disable-related-posts":"","theme-transparent-header-meta":"default","adv-header-id-meta":"","stick-header-meta":"default","header-above-stick-meta":"","header-main-stick-meta":"","header-below-stick-meta":"","astra-migrate-meta-layouts":"default","ast-page-background-enabled":"default","ast-page-background-meta":{"desktop":{"background-color":"var(--ast-global-color-4)","background-image":"","background-repeat":"repeat","background-position":"center center","background-size":"auto","background-attachment":"scroll","background-type":"","background-media":"","overlay-type":"","overlay-color":"","overlay-opacity":"","overlay-gradient":""},"tablet":{"background-color":"","background-image":"","background-repeat":"repeat","background-position":"center center","background-size":"auto","background-attachment":"scroll","background-type":"","background-media":"","overlay-type":"","overlay-color":"","overlay-opacity":"","overlay-gradient":""},"mobile":{"background-color":"","background-image":"","background-repeat":"repeat","background-position":"center center","background-size":"auto","background-attachment":"scroll","background-type":"","background-media":"","overlay-type":"","overlay-color":"","overlay-opacity":"","overlay-gradient":""}},"ast-content-background-meta":{"desktop":{"background-color":"var(--ast-global-color-5)","background-image":"","background-repeat":"repeat","background-position":"center center","background-size":"auto","background-attachment":"scroll","background-type":"","background-media":"","overlay-type":"","overlay-color":"","overlay-opacity":"","overlay-gradient":""},"tablet":{"background-color":"var(--ast-global-color-5)","background-image":"","background-repeat":"repeat","background-position":"center center","background-size":"auto","background-attachment":"scroll","background-type":"","background-media":"","overlay-type":"","overlay-color":"","overlay-opacity":"","overlay-gradient":""},"mobile":{"background-color":"var(--ast-global-color-5)","background-image":"","background-repeat":"repeat","background-position":"center center","background-size":"auto","background-attachment":"scroll","background-type":"","background-media":"","overlay-type":"","overlay-color":"","overlay-opacity":"","overlay-gradient":""}},"footnotes":""},"class_list":["post-56612","page","type-page","status-publish","hentry"],"uagb_featured_image_src":{"full":false,"thumbnail":false,"medium":false,"medium_large":false,"large":false,"1536x1536":false,"2048x2048":false},"uagb_author_info":{"display_name":"","author_link":"https:\/\/greenbuildingeurope.eu\/pl\/author\/"},"uagb_comment_info":0,"uagb_excerpt":"Przewodniki po zielonym budownictwie","_links":{"self":[{"href":"https:\/\/greenbuildingeurope.eu\/pl\/wp-json\/wp\/v2\/pages\/56612","targetHints":{"allow":["GET"]}}],"collection":[{"href":"https:\/\/greenbuildingeurope.eu\/pl\/wp-json\/wp\/v2\/pages"}],"about":[{"href":"https:\/\/greenbuildingeurope.eu\/pl\/wp-json\/wp\/v2\/types\/page"}],"author":[{"embeddable":true,"href":"https:\/\/greenbuildingeurope.eu\/pl\/wp-json\/wp\/v2\/users\/88"}],"replies":[{"embeddable":true,"href":"https:\/\/greenbuildingeurope.eu\/pl\/wp-json\/wp\/v2\/comments?post=56612"}],"version-history":[{"count":0,"href":"https:\/\/greenbuildingeurope.eu\/pl\/wp-json\/wp\/v2\/pages\/56612\/revisions"}],"wp:attachment":[{"href":"https:\/\/greenbuildingeurope.eu\/pl\/wp-json\/wp\/v2\/media?parent=56612"}],"curies":[{"name":"wp","href":"https:\/\/api.w.org\/{rel}","templated":true}]}}