{"id":56877,"date":"2025-03-31T14:13:21","date_gmt":"2025-03-31T12:13:21","guid":{"rendered":"https:\/\/greenbuildingeurope.eu\/?page_id=56877"},"modified":"2025-04-10T16:07:17","modified_gmt":"2025-04-10T14:07:17","slug":"o-nas","status":"publish","type":"page","link":"https:\/\/greenbuildingeurope.eu\/pl\/o-nas\/","title":{"rendered":"O nas"},"content":{"rendered":"\n<h1 class=\"wp-block-heading has-text-align-center\">Witamy!<\/h1>\n\n<hr class=\"wp-block-separator has-alpha-channel-opacity\"\/>\n\n<p><br\/>Green Building Europe to sie\u0107 \u0142\u0105cz\u0105ca zorientowanych na zr\u00f3wnowa\u017cony rozw\u00f3j profesjonalist\u00f3w i w\u0142a\u015bcicieli dom\u00f3w z dostawcami energooszcz\u0119dnych i zr\u00f3wnowa\u017conych produkt\u00f3w. Nasz\u0105 misj\u0105 jest promowanie zielonego budownictwa jako sposobu na zmniejszenie ogromnego wp\u0142ywu budynk\u00f3w i budownictwa na \u015brodowisko. Robimy to poprzez edukacj\u0119, tworzenie sieci kontakt\u00f3w i dzia\u0142ania informacyjne.    <\/p>\n\n<p>Dzi\u0119ki naszej bibliotece przewodnik\u00f3w, artyku\u0142\u00f3w i biuletynu<a href=\"https:\/\/greenbuildingeurope.eu\/pl\/subskrybuj\/\">(zarejestruj si\u0119 tutaj<\/a>) staramy si\u0119 informowa\u0107 i inspirowa\u0107 czytelnik\u00f3w do przyj\u0119cia zr\u00f3wnowa\u017conego podej\u015bcia do budownictwa. Aby wspiera\u0107 bran\u017c\u0119, dzia\u0142amy jako centrum \u0142\u0105cz\u0105ce dostawc\u00f3w zr\u00f3wnowa\u017conych produkt\u00f3w i us\u0142ug z tymi, kt\u00f3rzy ich szukaj\u0105. Realizujemy nasz cel poprzez u\u0142atwianie handlu mi\u0119dzy dostawcami zr\u00f3wnowa\u017conych produkt\u00f3w budowlanych w Europie i innych krajach.    <\/p>\n\n<div class=\"wp-block-uagb-container uagb-block-81543e0d alignfull uagb-is-root-container\"><div class=\"uagb-container-inner-blocks-wrap\">\n<div class=\"wp-block-uagb-call-to-action uagb-block-94f9622d wp-block-button\"><div class=\"uagb-cta__wrap\"><h3 class=\"uagb-cta__title\">Rozwi\u0144 swoj\u0105 mark\u0119<\/h3><p class=\"uagb-cta__desc\">Skontaktuj si\u0119 z nami, aby uzyska\u0107 wi\u0119cej informacji o tym, jak mo\u017cemy pom\u00f3c Twojej marce osi\u0105gn\u0105\u0107 jej potencja\u0142 sprzeda\u017cowy<\/p><\/div><div class=\"uagb-cta__buttons\"><a href=\"\/pl\/?page_id=56905\" class=\"uagb-cta__button-link-wrapper wp-block-button__link\" target=\"_self\" rel=\"noopener noreferrer\">Kontakt<svg xmlns=\"https:\/\/www.w3.org\/2000\/svg\" viewbox=\"0 0 512 512\"><path d=\"M504.3 273.6l-112.1 104c-6.992 6.484-17.18 8.218-25.94 4.406c-8.758-3.812-14.42-12.45-14.42-21.1L351.9 288H32C14.33 288 .0002 273.7 .0002 255.1S14.33 224 32 224h319.9l0-72c0-9.547 5.66-18.19 14.42-22c8.754-3.809 18.95-2.075 25.94 4.41l112.1 104C514.6 247.9 514.6 264.1 504.3 273.6z\"><\/path><\/svg><\/a><\/div><\/div>\n<\/div><\/div>\n","protected":false},"excerpt":{"rendered":"<p>Witamy! Green Building Europe to sie\u0107 \u0142\u0105cz\u0105ca zorientowanych na zr\u00f3wnowa\u017cony rozw\u00f3j profesjonalist\u00f3w i w\u0142a\u015bcicieli dom\u00f3w z dostawcami energooszcz\u0119dnych i zr\u00f3wnowa\u017conych produkt\u00f3w. Nasz\u0105 misj\u0105 jest promowanie zielonego budownictwa jako sposobu na zmniejszenie ogromnego wp\u0142ywu budynk\u00f3w i budownictwa na \u015brodowisko. Robimy to [&hellip;]<\/p>\n","protected":false},"author":93,"featured_media":0,"parent":0,"menu_order":0,"comment_status":"closed","ping_status":"closed","template":"","meta":{"_uag_custom_page_level_css":"","site-sidebar-layout":"default","site-content-layout":"","ast-site-content-layout":"default","site-content-style":"default","site-sidebar-style":"default","ast-global-header-display":"","ast-banner-title-visibility":"","ast-main-header-display":"","ast-hfb-above-header-display":"","ast-hfb-below-header-display":"","ast-hfb-mobile-header-display":"","site-post-title":"disabled","ast-breadcrumbs-content":"","ast-featured-img":"","footer-sml-layout":"","ast-disable-related-posts":"","theme-transparent-header-meta":"","adv-header-id-meta":"","stick-header-meta":"","header-above-stick-meta":"","header-main-stick-meta":"","header-below-stick-meta":"","astra-migrate-meta-layouts":"set","ast-page-background-enabled":"default","ast-page-background-meta":{"desktop":{"background-color":"var(--ast-global-color-4)","background-image":"","background-repeat":"repeat","background-position":"center center","background-size":"auto","background-attachment":"scroll","background-type":"","background-media":"","overlay-type":"","overlay-color":"","overlay-opacity":"","overlay-gradient":""},"tablet":{"background-color":"","background-image":"","background-repeat":"repeat","background-position":"center center","background-size":"auto","background-attachment":"scroll","background-type":"","background-media":"","overlay-type":"","overlay-color":"","overlay-opacity":"","overlay-gradient":""},"mobile":{"background-color":"","background-image":"","background-repeat":"repeat","background-position":"center center","background-size":"auto","background-attachment":"scroll","background-type":"","background-media":"","overlay-type":"","overlay-color":"","overlay-opacity":"","overlay-gradient":""}},"ast-content-background-meta":{"desktop":{"background-color":"var(--ast-global-color-5)","background-image":"","background-repeat":"repeat","background-position":"center center","background-size":"auto","background-attachment":"scroll","background-type":"","background-media":"","overlay-type":"","overlay-color":"","overlay-opacity":"","overlay-gradient":""},"tablet":{"background-color":"var(--ast-global-color-5)","background-image":"","background-repeat":"repeat","background-position":"center center","background-size":"auto","background-attachment":"scroll","background-type":"","background-media":"","overlay-type":"","overlay-color":"","overlay-opacity":"","overlay-gradient":""},"mobile":{"background-color":"var(--ast-global-color-5)","background-image":"","background-repeat":"repeat","background-position":"center center","background-size":"auto","background-attachment":"scroll","background-type":"","background-media":"","overlay-type":"","overlay-color":"","overlay-opacity":"","overlay-gradient":""}},"footnotes":""},"class_list":["post-56877","page","type-page","status-publish","hentry"],"uagb_featured_image_src":{"full":false,"thumbnail":false,"medium":false,"medium_large":false,"large":false,"1536x1536":false,"2048x2048":false},"uagb_author_info":{"display_name":"","author_link":"https:\/\/greenbuildingeurope.eu\/pl\/author\/"},"uagb_comment_info":0,"uagb_excerpt":"Witamy! Green Building Europe to sie\u0107 \u0142\u0105cz\u0105ca zorientowanych na zr\u00f3wnowa\u017cony rozw\u00f3j profesjonalist\u00f3w i w\u0142a\u015bcicieli dom\u00f3w z dostawcami energooszcz\u0119dnych i zr\u00f3wnowa\u017conych produkt\u00f3w. Nasz\u0105 misj\u0105 jest promowanie zielonego budownictwa jako sposobu na zmniejszenie ogromnego wp\u0142ywu budynk\u00f3w i budownictwa na \u015brodowisko. Robimy to [&hellip;]","_links":{"self":[{"href":"https:\/\/greenbuildingeurope.eu\/pl\/wp-json\/wp\/v2\/pages\/56877","targetHints":{"allow":["GET"]}}],"collection":[{"href":"https:\/\/greenbuildingeurope.eu\/pl\/wp-json\/wp\/v2\/pages"}],"about":[{"href":"https:\/\/greenbuildingeurope.eu\/pl\/wp-json\/wp\/v2\/types\/page"}],"author":[{"embeddable":true,"href":"https:\/\/greenbuildingeurope.eu\/pl\/wp-json\/wp\/v2\/users\/93"}],"replies":[{"embeddable":true,"href":"https:\/\/greenbuildingeurope.eu\/pl\/wp-json\/wp\/v2\/comments?post=56877"}],"version-history":[{"count":0,"href":"https:\/\/greenbuildingeurope.eu\/pl\/wp-json\/wp\/v2\/pages\/56877\/revisions"}],"wp:attachment":[{"href":"https:\/\/greenbuildingeurope.eu\/pl\/wp-json\/wp\/v2\/media?parent=56877"}],"curies":[{"name":"wp","href":"https:\/\/api.w.org\/{rel}","templated":true}]}}