{"id":57087,"date":"2025-04-10T11:00:46","date_gmt":"2025-04-10T09:00:46","guid":{"rendered":"https:\/\/greenbuildingeurope.eu\/?page_id=57087"},"modified":"2025-04-11T00:31:30","modified_gmt":"2025-04-10T22:31:30","slug":"regulamin","status":"publish","type":"page","link":"https:\/\/greenbuildingeurope.eu\/pl\/regulamin\/","title":{"rendered":"Regulamin"},"content":{"rendered":"\n<h1 class=\"wp-block-heading has-text-align-center\">Regulamin<\/h1>\n\n<hr class=\"wp-block-separator has-alpha-channel-opacity\"\/>\n\n<p>Witamy na naszej stronie internetowej. Kontynuuj\u0105c przegl\u0105danie i korzystanie z tej witryny, wyra\u017casz zgod\u0119 na przestrzeganie poni\u017cszych warunk\u00f3w u\u017cytkowania, kt\u00f3re wraz z nasz\u0105 polityk\u0105 prywatno\u015bci reguluj\u0105 relacje Green Building Europe z Tob\u0105 w zwi\u0105zku z t\u0105 witryn\u0105. Je\u015bli nie zgadzasz si\u0119 z jak\u0105kolwiek cz\u0119\u015bci\u0105 tych warunk\u00f3w, nie korzystaj z naszej strony internetowej.  <\/p>\n\n<p>Termin &#8222;Green Building Europe&#8221; lub &#8222;nas&#8221; lub &#8222;my&#8221; odnosi si\u0119 do w\u0142a\u015bciciela strony internetowej. Termin &#8222;Ty&#8221; odnosi si\u0119 do u\u017cytkownika lub osoby przegl\u0105daj\u0105cej nasz\u0105 stron\u0119 internetow\u0105. <\/p>\n\n<p>Korzystanie z tej witryny podlega nast\u0119puj\u0105cym warunkom u\u017cytkowania:<\/p>\n\n<ul class=\"wp-block-list\">\n<li>Zawarto\u015b\u0107 stron tej witryny s\u0142u\u017cy wy\u0142\u0105cznie do og\u00f3lnych informacji i u\u017cytku. Mo\u017ce ona ulec zmianie bez powiadomienia. <\/li>\n\n\n\n<li>Ta strona wykorzystuje pliki cookie do monitorowania preferencji przegl\u0105dania. Je\u015bli u\u017cytkownik zezwoli na korzystanie z plik\u00f3w cookie, nast\u0119puj\u0105ce dane osobowe mog\u0105 by\u0107 przechowywane przez nas w celu wykorzystania przez osoby trzecie: Google Analytics, Google Adsense, Google Adwords. <\/li>\n\n\n\n<li>Ani my, ani osoby trzecie nie udzielamy \u017cadnej gwarancji ani r\u0119kojmi co do dok\u0142adno\u015bci, aktualno\u015bci, wydajno\u015bci, kompletno\u015bci lub przydatno\u015bci informacji i materia\u0142\u00f3w znalezionych lub oferowanych na tej stronie internetowej do jakiegokolwiek konkretnego celu. U\u017cytkownik przyjmuje do wiadomo\u015bci, \u017ce takie informacje i materia\u0142y mog\u0105 zawiera\u0107 nie\u015bcis\u0142o\u015bci lub b\u0142\u0119dy, a my wyra\u017anie wy\u0142\u0105czamy odpowiedzialno\u015b\u0107 za wszelkie takie nie\u015bcis\u0142o\u015bci lub b\u0142\u0119dy w najszerszym zakresie dozwolonym przez prawo. <\/li>\n\n\n\n<li>U\u017cytkownik korzysta z wszelkich informacji lub materia\u0142\u00f3w zawartych na niniejszej stronie internetowej wy\u0142\u0105cznie na w\u0142asne ryzyko, za kt\u00f3re nie ponosimy odpowiedzialno\u015bci. U\u017cytkownik ponosi odpowiedzialno\u015b\u0107 za upewnienie si\u0119, \u017ce wszelkie produkty, us\u0142ugi lub informacje dost\u0119pne za po\u015brednictwem niniejszej strony internetowej spe\u0142niaj\u0105 jego okre\u015blone wymagania. <\/li>\n\n\n\n<li>Niniejsza witryna internetowa zawiera materia\u0142y, kt\u00f3re s\u0105 nasz\u0105 w\u0142asno\u015bci\u0105 lub s\u0105 przez nas licencjonowane. Materia\u0142y te obejmuj\u0105 mi\u0119dzy innymi projekt, uk\u0142ad, wygl\u0105d i grafik\u0119. Powielanie jest zabronione w spos\u00f3b inny ni\u017c zgodnie z informacj\u0105 o prawach autorskich, kt\u00f3ra stanowi cz\u0119\u015b\u0107 niniejszych warunk\u00f3w.  <\/li>\n\n\n\n<li>Wszystkie znaki towarowe reprodukowane na tej stronie internetowej, kt\u00f3re nie s\u0105 w\u0142asno\u015bci\u0105 operatora lub nie s\u0105 przez niego licencjonowane, s\u0105 potwierdzone na stronie internetowej.<\/li>\n\n\n\n<li>Nieautoryzowane korzystanie z tej strony internetowej mo\u017ce stanowi\u0107 podstaw\u0119 do roszczenia o odszkodowanie i\/lub by\u0107 przest\u0119pstwem.<\/li>\n\n\n\n<li>Od czasu do czasu niniejsza witryna mo\u017ce r\u00f3wnie\u017c zawiera\u0107 \u0142\u0105cza do innych witryn internetowych. \u0141\u0105cza te s\u0105 udost\u0119pniane dla wygody u\u017cytkownika w celu dostarczenia dalszych informacji. Nie oznaczaj\u0105 one, \u017ce popieramy te strony internetowe. Nie ponosimy odpowiedzialno\u015bci za tre\u015b\u0107 stron internetowych, do kt\u00f3rych prowadz\u0105 \u0142\u0105cza.   <\/li>\n\n\n\n<li>Korzystanie przez u\u017cytkownika z niniejszej strony internetowej oraz wszelkie spory wynikaj\u0105ce z takiego korzystania ze strony internetowej podlegaj\u0105 prawu w\u0142oskiemu.<\/li>\n<\/ul>\n\n<h2 class=\"wp-block-heading has-text-align-center\">Zastrze\u017cenie dotycz\u0105ce strony internetowej<\/h2>\n\n<hr class=\"wp-block-separator has-alpha-channel-opacity\"\/>\n\n<div>\n<p>Informacje zawarte na tej stronie internetowej s\u0142u\u017c\u0105 wy\u0142\u0105cznie do og\u00f3lnych cel\u00f3w informacyjnych. Informacje s\u0105 dostarczane przez Green Building Europe i chocia\u017c dok\u0142adamy wszelkich stara\u0144, aby informacje by\u0142y aktualne i poprawne, nie sk\u0142adamy \u017cadnych o\u015bwiadcze\u0144 ani gwarancji, wyra\u017anych ani dorozumianych, dotycz\u0105cych kompletno\u015bci, dok\u0142adno\u015bci, niezawodno\u015bci, przydatno\u015bci lub dost\u0119pno\u015bci w odniesieniu do strony internetowej lub informacji, produkt\u00f3w, us\u0142ug lub powi\u0105zanych grafik zawartych na stronie internetowej w jakimkolwiek celu. U\u017cytkownik polega na takich informacjach wy\u0142\u0105cznie na w\u0142asne ryzyko.  <\/p>\n<p>W \u017cadnym wypadku nie b\u0119dziemy ponosi\u0107 odpowiedzialno\u015bci za jakiekolwiek straty lub szkody, w tym bez ogranicze\u0144, po\u015brednie lub wt\u00f3rne straty lub szkody, lub jakiekolwiek straty lub szkody wynikaj\u0105ce z utraty danych lub zysk\u00f3w wynikaj\u0105cych z lub w zwi\u0105zku z korzystaniem z tej strony internetowej.<\/p>\n<p>Za po\u015brednictwem tej strony internetowej mo\u017cna po\u0142\u0105czy\u0107 si\u0119 z innymi stronami internetowymi, kt\u00f3re nie s\u0105 pod kontrol\u0105 Green Building Europe. Nie mamy kontroli nad charakterem, tre\u015bci\u0105 i dost\u0119pno\u015bci\u0105 tych stron. W\u0142\u0105czenie jakichkolwiek link\u00f3w niekoniecznie oznacza rekomendacj\u0119 lub poparcie dla pogl\u0105d\u00f3w w nich wyra\u017conych.  <\/p>\n<p>Dok\u0142adamy wszelkich stara\u0144, aby strona dzia\u0142a\u0142a sprawnie. Green Building Europe nie ponosi jednak odpowiedzialno\u015bci za tymczasow\u0105 niedost\u0119pno\u015b\u0107 strony z powodu problem\u00f3w technicznych pozostaj\u0105cych poza nasz\u0105 kontrol\u0105. <\/p>\n<\/div>\n","protected":false},"excerpt":{"rendered":"<p>Regulamin Witamy na naszej stronie internetowej. Kontynuuj\u0105c przegl\u0105danie i korzystanie z tej witryny, wyra\u017casz zgod\u0119 na przestrzeganie poni\u017cszych warunk\u00f3w u\u017cytkowania, kt\u00f3re wraz z nasz\u0105 polityk\u0105 prywatno\u015bci reguluj\u0105 relacje Green Building Europe z Tob\u0105 w zwi\u0105zku z t\u0105 witryn\u0105. Je\u015bli nie [&hellip;]<\/p>\n","protected":false},"author":93,"featured_media":0,"parent":0,"menu_order":0,"comment_status":"open","ping_status":"closed","template":"","meta":{"_uag_custom_page_level_css":"","site-sidebar-layout":"default","site-content-layout":"default","ast-site-content-layout":"default","site-content-style":"default","site-sidebar-style":"default","ast-global-header-display":"","ast-banner-title-visibility":"","ast-main-header-display":"","ast-hfb-above-header-display":"","ast-hfb-below-header-display":"","ast-hfb-mobile-header-display":"","site-post-title":"disabled","ast-breadcrumbs-content":"","ast-featured-img":"","footer-sml-layout":"","ast-disable-related-posts":"","theme-transparent-header-meta":"default","adv-header-id-meta":"","stick-header-meta":"default","header-above-stick-meta":"","header-main-stick-meta":"","header-below-stick-meta":"","astra-migrate-meta-layouts":"default","ast-page-background-enabled":"default","ast-page-background-meta":{"desktop":{"background-color":"var(--ast-global-color-4)","background-image":"","background-repeat":"repeat","background-position":"center center","background-size":"auto","background-attachment":"scroll","background-type":"","background-media":"","overlay-type":"","overlay-color":"","overlay-opacity":"","overlay-gradient":""},"tablet":{"background-color":"","background-image":"","background-repeat":"repeat","background-position":"center center","background-size":"auto","background-attachment":"scroll","background-type":"","background-media":"","overlay-type":"","overlay-color":"","overlay-opacity":"","overlay-gradient":""},"mobile":{"background-color":"","background-image":"","background-repeat":"repeat","background-position":"center center","background-size":"auto","background-attachment":"scroll","background-type":"","background-media":"","overlay-type":"","overlay-color":"","overlay-opacity":"","overlay-gradient":""}},"ast-content-background-meta":{"desktop":{"background-color":"var(--ast-global-color-5)","background-image":"","background-repeat":"repeat","background-position":"center center","background-size":"auto","background-attachment":"scroll","background-type":"","background-media":"","overlay-type":"","overlay-color":"","overlay-opacity":"","overlay-gradient":""},"tablet":{"background-color":"var(--ast-global-color-5)","background-image":"","background-repeat":"repeat","background-position":"center center","background-size":"auto","background-attachment":"scroll","background-type":"","background-media":"","overlay-type":"","overlay-color":"","overlay-opacity":"","overlay-gradient":""},"mobile":{"background-color":"var(--ast-global-color-5)","background-image":"","background-repeat":"repeat","background-position":"center center","background-size":"auto","background-attachment":"scroll","background-type":"","background-media":"","overlay-type":"","overlay-color":"","overlay-opacity":"","overlay-gradient":""}},"footnotes":""},"class_list":["post-57087","page","type-page","status-publish","hentry"],"uagb_featured_image_src":{"full":false,"thumbnail":false,"medium":false,"medium_large":false,"large":false,"1536x1536":false,"2048x2048":false},"uagb_author_info":{"display_name":"","author_link":"https:\/\/greenbuildingeurope.eu\/pl\/author\/"},"uagb_comment_info":0,"uagb_excerpt":"Regulamin Witamy na naszej stronie internetowej. Kontynuuj\u0105c przegl\u0105danie i korzystanie z tej witryny, wyra\u017casz zgod\u0119 na przestrzeganie poni\u017cszych warunk\u00f3w u\u017cytkowania, kt\u00f3re wraz z nasz\u0105 polityk\u0105 prywatno\u015bci reguluj\u0105 relacje Green Building Europe z Tob\u0105 w zwi\u0105zku z t\u0105 witryn\u0105. Je\u015bli nie [&hellip;]","_links":{"self":[{"href":"https:\/\/greenbuildingeurope.eu\/pl\/wp-json\/wp\/v2\/pages\/57087","targetHints":{"allow":["GET"]}}],"collection":[{"href":"https:\/\/greenbuildingeurope.eu\/pl\/wp-json\/wp\/v2\/pages"}],"about":[{"href":"https:\/\/greenbuildingeurope.eu\/pl\/wp-json\/wp\/v2\/types\/page"}],"author":[{"embeddable":true,"href":"https:\/\/greenbuildingeurope.eu\/pl\/wp-json\/wp\/v2\/users\/93"}],"replies":[{"embeddable":true,"href":"https:\/\/greenbuildingeurope.eu\/pl\/wp-json\/wp\/v2\/comments?post=57087"}],"version-history":[{"count":0,"href":"https:\/\/greenbuildingeurope.eu\/pl\/wp-json\/wp\/v2\/pages\/57087\/revisions"}],"wp:attachment":[{"href":"https:\/\/greenbuildingeurope.eu\/pl\/wp-json\/wp\/v2\/media?parent=57087"}],"curies":[{"name":"wp","href":"https:\/\/api.w.org\/{rel}","templated":true}]}}