{"id":57116,"date":"2025-04-10T13:00:06","date_gmt":"2025-04-10T11:00:06","guid":{"rendered":"https:\/\/greenbuildingeurope.eu\/?page_id=57116"},"modified":"2025-04-11T00:31:29","modified_gmt":"2025-04-10T22:31:29","slug":"polityka-prywatnosci","status":"publish","type":"page","link":"https:\/\/greenbuildingeurope.eu\/pl\/polityka-prywatnosci\/","title":{"rendered":"Polityka prywatno\u015bci"},"content":{"rendered":"\n<h1 class=\"wp-block-heading has-text-align-center\">Polityka prywatno\u015bci<\/h1>\n\n<hr class=\"wp-block-separator has-alpha-channel-opacity\"\/>\n\n<p>Witryna, kt\u00f3r\u0105 odwiedzasz, jest w\u0142asno\u015bci\u0105 i jest obs\u0142ugiwana przez Green Building Europe. Twoja prywatno\u015b\u0107 w Internecie ma dla nas ogromne znaczenie. W Green Building Europe chcemy, aby Twoje do\u015bwiadczenia online by\u0142y satysfakcjonuj\u0105ce i bezpieczne. Poniewa\u017c gromadzimy okre\u015blone rodzaje informacji o naszych u\u017cytkownikach, uwa\u017camy, \u017ce powiniene\u015b w pe\u0142ni zrozumie\u0107 nasz\u0105 polityk\u0119 oraz warunki dotycz\u0105ce gromadzenia i wykorzystywania tych informacji. Niniejsze o\u015bwiadczenie o ochronie prywatno\u015bci ujawnia, jakie informacje gromadzimy i w jaki spos\u00f3b s\u0105 one wykorzystywane.    <\/p>\n\n<p><strong>Prywatno\u015b\u0107<\/strong><\/p>\n\n<p>Zdajemy sobie spraw\u0119, \u017ce prywatno\u015b\u0107 danych osobowych u\u017cytkownik\u00f3w jest wa\u017cna. Poni\u017cej znajduj\u0105 si\u0119 informacje o tym, jakie rodzaje danych osobowych otrzymujemy i gromadzimy podczas korzystania i odwiedzania tej witryny oraz w jaki spos\u00f3b chronimy te informacje. Nigdy nie sprzedajemy danych osobowych u\u017cytkownik\u00f3w stronom trzecim.  <\/p>\n\n<p><strong>Pliki dziennika<\/strong><\/p>\n\n<p>Podobnie jak w przypadku wi\u0119kszo\u015bci innych witryn internetowych, gromadzimy i wykorzystujemy dane zawarte w plikach dziennika. Informacje zawarte w plikach dziennika obejmuj\u0105 adres IP (protok\u00f3\u0142 internetowy) u\u017cytkownika, dostawc\u0119 us\u0142ug internetowych (np. Vodafone lub Orange), przegl\u0105dark\u0119 u\u017cywan\u0105 do odwiedzenia naszej witryny (np. Chrome lub Firefox), czas odwiedzenia naszej witryny oraz strony odwiedzone w naszej witrynie. <\/p>\n\n<p><strong>Pliki cookie i sygna\u0142y nawigacyjne w sieci Web<\/strong><\/p>\n\n<p>U\u017cywamy plik\u00f3w cookie do przechowywania informacji, takich jak osobiste preferencje u\u017cytkownika podczas odwiedzania naszej witryny. Mo\u017ce to obejmowa\u0107 wy\u015bwietlanie wyskakuj\u0105cego okienka tylko raz podczas wizyty lub mo\u017cliwo\u015b\u0107 zalogowania si\u0119 do niekt\u00f3rych naszych funkcji, takich jak fora. <\/p>\n\n<p>Korzystamy r\u00f3wnie\u017c z reklam stron trzecich w celu wsparcia tej witryny. Niekt\u00f3rzy z tych reklamodawc\u00f3w mog\u0105 korzysta\u0107 z technologii, takich jak pliki cookie i sygnalizatory WWW, gdy reklamuj\u0105 si\u0119 w naszej witrynie, co r\u00f3wnie\u017c wysy\u0142a tym reklamodawcom (takim jak Google za po\u015brednictwem programu Google AdSense) informacje, w tym adres IP u\u017cytkownika, dostawc\u0119 us\u0142ug internetowych, przegl\u0105dark\u0119 u\u017cywan\u0105 do odwiedzenia naszej witryny, a w niekt\u00f3rych przypadkach, czy u\u017cytkownik ma zainstalowany Flash. Jest to zazwyczaj wykorzystywane do cel\u00f3w geotargetowania (na przyk\u0142ad wy\u015bwietlanie reklam nieruchomo\u015bci w Nowym Jorku osobom z Nowego Jorku) lub wy\u015bwietlania okre\u015blonych reklam na podstawie odwiedzanych witryn (na przyk\u0142ad wy\u015bwietlanie reklam kulinarnych osobom, kt\u00f3re cz\u0119sto odwiedzaj\u0105 witryny kulinarne).  <\/p>\n\n<p><strong>Pliki cookie DoubleClick DART<\/strong><\/p>\n\n<p>Mo\u017cemy r\u00f3wnie\u017c u\u017cywa\u0107 plik\u00f3w cookie DART do wy\u015bwietlania reklam za po\u015brednictwem Google DoubleClick, kt\u00f3ry umieszcza plik cookie na komputerze u\u017cytkownika podczas przegl\u0105dania sieci i odwiedzania witryny korzystaj\u0105cej z reklam DoubleClick (w tym niekt\u00f3rych reklam Google AdSense). Ten plik cookie s\u0142u\u017cy do wy\u015bwietlania reklam dostosowanych do u\u017cytkownika i jego zainteresowa\u0144 (&#8222;targetowanie oparte na zainteresowaniach&#8221;). Wy\u015bwietlane reklamy b\u0119d\u0105 ukierunkowane na podstawie historii przegl\u0105dania (na przyk\u0142ad, je\u015bli u\u017cytkownik przegl\u0105da\u0142 strony dotycz\u0105ce odwiedzania Las Vegas, mo\u017ce zobaczy\u0107 reklamy hotelu Las Vegas podczas przegl\u0105dania strony niezwi\u0105zanej z tym tematem, na przyk\u0142ad na stronie po\u015bwi\u0119conej hokejowi). DART wykorzystuje &#8222;informacje nieumo\u017cliwiaj\u0105ce identyfikacji u\u017cytkownika&#8221;. NIE \u015bledzi danych osobowych u\u017cytkownika, takich jak imi\u0119 i nazwisko, adres e-mail, adres fizyczny, numer telefonu, numery ubezpieczenia spo\u0142ecznego, numery kont bankowych lub numery kart kredytowych. U\u017cytkownik mo\u017ce zrezygnowa\u0107 z wy\u015bwietlania tej reklamy we wszystkich witrynach korzystaj\u0105cych z tej reklamy, odwiedzaj\u0105c stron\u0119<a href=\"http:\/\/www.doubleclick.com\/privacy\/dart_adserving.aspx\" target=\"_blank\" rel=\"noopener noreferrer\">:http:\/\/www.doubleclick.com\/privacy\/dart_adserving.aspx<\/a>     <\/p>\n\n<p>U\u017cytkownik mo\u017ce zdecydowa\u0107 si\u0119 na wy\u0142\u0105czenie lub selektywne wy\u0142\u0105czenie naszych plik\u00f3w cookie lub plik\u00f3w cookie stron trzecich w ustawieniach przegl\u0105darki lub poprzez zarz\u0105dzanie preferencjami w programach takich jak Norton Internet Security. Mo\u017ce to jednak wp\u0142yn\u0105\u0107 na spos\u00f3b interakcji z nasz\u0105 witryn\u0105 oraz innymi witrynami internetowymi. Mo\u017ce to obejmowa\u0107 niemo\u017cno\u015b\u0107 zalogowania si\u0119 do us\u0142ug lub program\u00f3w, takich jak logowanie si\u0119 na fora lub konta.  <\/p>\n\n<p>Usuni\u0119cie plik\u00f3w cookie nie oznacza trwa\u0142ej rezygnacji z jakiegokolwiek programu reklamowego. O ile u\u017cytkownik nie ma ustawie\u0144, kt\u00f3re nie zezwalaj\u0105 na pliki cookie, przy nast\u0119pnej wizycie w witrynie z reklamami zostanie dodany nowy plik cookie. <\/p>\n\n<p><strong>\u015aledzenie u\u017cycia<\/strong><\/p>\n\n<p>\u015aledzimy wzorce ruchu u\u017cytkownik\u00f3w we wszystkich naszych witrynach. Nie korelujemy jednak tych informacji z danymi dotycz\u0105cymi poszczeg\u00f3lnych u\u017cytkownik\u00f3w. Statystyki s\u0105 dzielone wed\u0142ug nazwy domeny u\u017cytkownika, typu przegl\u0105darki i typu MIME poprzez odczytanie tych informacji z \u0142a\u0144cucha przegl\u0105darki (informacje zawarte w przegl\u0105darce ka\u017cdego u\u017cytkownika).  <\/p>\n\n<p>\u015aledzimy i katalogujemy wyszukiwane has\u0142a, kt\u00f3re u\u017cytkownik wprowadza w naszej funkcji wyszukiwania, ale to \u015bledzenie nigdy nie jest powi\u0105zane z poszczeg\u00f3lnymi u\u017cytkownikami. U\u017cywamy informacji o \u015bledzeniu, aby okre\u015bli\u0107, kt\u00f3re obszary naszych witryn u\u017cytkownicy lubi\u0105, a kt\u00f3rych nie, w oparciu o ruch w tych obszarach. Nie \u015bledzimy tego, co czytaj\u0105 poszczeg\u00f3lni u\u017cytkownicy, ale raczej og\u00f3lne wyniki ka\u017cdej strony. Pomaga nam to w dalszym tworzeniu lepszych us\u0142ug dla u\u017cytkownik\u00f3w.   <\/p>\n\n<p><strong>Dzieci<\/strong><\/p>\n\n<p>Nigdy nie b\u0119dziemy prosi\u0107 o podanie danych osobowych os\u00f3b poni\u017cej 18 roku \u017cycia bez uzyskania zgody rodzic\u00f3w.<\/p>\n\n<p><strong>Wykorzystanie informacji<\/strong><\/p>\n\n<p>Dzia\u0142amy w oparciu o informacje dostarczane nam dobrowolnie przez naszych u\u017cytkownik\u00f3w w celu poprawy ich do\u015bwiadcze\u0144 w naszej sieci witryn, czy to w celu zapewnienia interaktywnych lub spersonalizowanych element\u00f3w w witrynach, czy te\u017c w celu lepszego przygotowania przysz\u0142ych tre\u015bci w oparciu o zainteresowania naszych u\u017cytkownik\u00f3w.<\/p>\n\n<p>Jak wspomniano powy\u017cej, wykorzystujemy informacje, kt\u00f3re u\u017cytkownicy dobrowolnie przekazuj\u0105 w celu wysy\u0142ania elektronicznych biuletyn\u00f3w i umo\u017cliwienia u\u017cytkownikom udzia\u0142u w ankietach, sonda\u017cach, forach dyskusyjnych i forach. Wysy\u0142amy biuletyny do subskrybent\u00f3w zgodnie z regularnym harmonogramem (w zale\u017cno\u015bci od biuletynu), a od czasu do czasu wysy\u0142amy wydania specjalne, gdy uwa\u017camy, \u017ce subskrybenci mog\u0105 by\u0107 szczeg\u00f3lnie zainteresowani czym\u015b, co robimy. Nigdy nie udost\u0119pniamy list mailingowych newslettera stronom trzecim, w tym reklamodawcom, sponsorom lub partnerom.  <\/p>\n\n<p>Kiedy u\u017cywamy informacji o \u015bledzeniu, aby okre\u015bli\u0107, kt\u00f3re obszary naszych witryn u\u017cytkownicy lubi\u0105, a kt\u00f3rych nie, w oparciu o ruch w tych obszarach. Nie \u015bledzimy tego, co czytaj\u0105 poszczeg\u00f3lni u\u017cytkownicy, ale raczej og\u00f3lne wyniki ka\u017cdej strony. Pomaga nam to w dalszym tworzeniu lepszych us\u0142ug dla u\u017cytkownik\u00f3w. \u015aledzimy wyszukiwane has\u0142a wprowadzane w funkcji wyszukiwania jako jedn\u0105 z wielu miar tego, co interesuje naszych u\u017cytkownik\u00f3w. Nie \u015bledzimy jednak termin\u00f3w wprowadzanych przez poszczeg\u00f3lnych u\u017cytkownik\u00f3w.    <\/p>\n\n<p>Tworzymy zbiorcze raporty dotycz\u0105ce danych demograficznych u\u017cytkownik\u00f3w i wzorc\u00f3w ruchu dla reklamodawc\u00f3w, sponsor\u00f3w i partner\u00f3w. Pozwala to naszym reklamodawcom na skuteczniejsz\u0105 reklam\u0119, a naszym u\u017cytkownikom na otrzymywanie reklam, kt\u00f3re s\u0105 adekwatne do ich potrzeb. Poniewa\u017c nie \u015bledzimy wzorc\u00f3w u\u017cytkowania poszczeg\u00f3lnych u\u017cytkownik\u00f3w, reklamodawca lub sponsor nigdy nie dowie si\u0119, \u017ce konkretny u\u017cytkownik klikn\u0105\u0142 jego reklam\u0119. Nie ujawniamy \u017cadnych informacji o poszczeg\u00f3lnych u\u017cytkownikach, z wyj\u0105tkiem przypadk\u00f3w, gdy jest to zgodne z obowi\u0105zuj\u0105cym prawem lub wa\u017cnym procesem prawnym lub w celu ochrony bezpiecze\u0144stwa osobistego naszych u\u017cytkownik\u00f3w lub spo\u0142ecze\u0144stwa.   <\/p>\n\n<p><strong>UDOST\u0118PNIANIE INFORMACJI<\/strong><\/p>\n\n<p>U\u017cywamy wy\u017cej opisanych informacji, aby dostosowa\u0107 nasze tre\u015bci do Twoich potrzeb i pom\u00f3c naszym reklamodawcom lepiej zrozumie\u0107 dane demograficzne naszych odbiorc\u00f3w. Jest to niezb\u0119dne do utrzymania bezp\u0142atno\u015bci naszych us\u0142ug. Nie b\u0119dziemy udost\u0119pnia\u0107 informacji o poszczeg\u00f3lnych u\u017cytkownikach stronom trzecim, z wyj\u0105tkiem przypadk\u00f3w, gdy jest to zgodne z obowi\u0105zuj\u0105cym prawem lub wa\u017cnym procesem prawnym lub w celu ochrony bezpiecze\u0144stwa osobistego naszych u\u017cytkownik\u00f3w lub spo\u0142ecze\u0144stwa.  <\/p>\n\n<p><strong>BEZPIECZE\u0143STWO<\/strong><\/p>\n\n<p>Obs\u0142ugujemy bezpieczne sieci danych chronione przez standardowe w bran\u017cy zapory ogniowe i systemy ochrony has\u0142em. Nasze polityki bezpiecze\u0144stwa i prywatno\u015bci s\u0105 okresowo weryfikowane i ulepszane w razie potrzeby, a dost\u0119p do informacji dostarczanych przez naszych klient\u00f3w maj\u0105 wy\u0142\u0105cznie upowa\u017cnione osoby. <\/p>\n\n<p><strong>TWOJA ZGODA<\/strong><\/p>\n\n<p>Korzystaj\u0105c z naszych witryn, u\u017cytkownik wyra\u017ca zgod\u0119 na gromadzenie i wykorzystywanie tych informacji. Je\u015bli zdecydujemy si\u0119 zmieni\u0107 nasz\u0105 polityk\u0119 prywatno\u015bci, opublikujemy te zmiany na tej stronie, aby u\u017cytkownik by\u0142 zawsze \u015bwiadomy tego, jakie informacje gromadzimy, w jaki spos\u00f3b je wykorzystujemy i w jakich okoliczno\u015bciach je ujawniamy. <\/p>\n","protected":false},"excerpt":{"rendered":"<p>Polityka prywatno\u015bci Witryna, kt\u00f3r\u0105 odwiedzasz, jest w\u0142asno\u015bci\u0105 i jest obs\u0142ugiwana przez Green Building Europe. Twoja prywatno\u015b\u0107 w Internecie ma dla nas ogromne znaczenie. W Green Building Europe chcemy, aby Twoje do\u015bwiadczenia online by\u0142y satysfakcjonuj\u0105ce i bezpieczne. Poniewa\u017c gromadzimy okre\u015blone rodzaje [&hellip;]<\/p>\n","protected":false},"author":93,"featured_media":0,"parent":0,"menu_order":0,"comment_status":"closed","ping_status":"closed","template":"","meta":{"_uag_custom_page_level_css":"","site-sidebar-layout":"default","site-content-layout":"default","ast-site-content-layout":"default","site-content-style":"default","site-sidebar-style":"default","ast-global-header-display":"","ast-banner-title-visibility":"","ast-main-header-display":"","ast-hfb-above-header-display":"","ast-hfb-below-header-display":"","ast-hfb-mobile-header-display":"","site-post-title":"disabled","ast-breadcrumbs-content":"","ast-featured-img":"","footer-sml-layout":"","ast-disable-related-posts":"","theme-transparent-header-meta":"default","adv-header-id-meta":"","stick-header-meta":"default","header-above-stick-meta":"","header-main-stick-meta":"","header-below-stick-meta":"","astra-migrate-meta-layouts":"default","ast-page-background-enabled":"default","ast-page-background-meta":{"desktop":{"background-color":"var(--ast-global-color-4)","background-image":"","background-repeat":"repeat","background-position":"center center","background-size":"auto","background-attachment":"scroll","background-type":"","background-media":"","overlay-type":"","overlay-color":"","overlay-opacity":"","overlay-gradient":""},"tablet":{"background-color":"","background-image":"","background-repeat":"repeat","background-position":"center center","background-size":"auto","background-attachment":"scroll","background-type":"","background-media":"","overlay-type":"","overlay-color":"","overlay-opacity":"","overlay-gradient":""},"mobile":{"background-color":"","background-image":"","background-repeat":"repeat","background-position":"center center","background-size":"auto","background-attachment":"scroll","background-type":"","background-media":"","overlay-type":"","overlay-color":"","overlay-opacity":"","overlay-gradient":""}},"ast-content-background-meta":{"desktop":{"background-color":"var(--ast-global-color-5)","background-image":"","background-repeat":"repeat","background-position":"center center","background-size":"auto","background-attachment":"scroll","background-type":"","background-media":"","overlay-type":"","overlay-color":"","overlay-opacity":"","overlay-gradient":""},"tablet":{"background-color":"var(--ast-global-color-5)","background-image":"","background-repeat":"repeat","background-position":"center center","background-size":"auto","background-attachment":"scroll","background-type":"","background-media":"","overlay-type":"","overlay-color":"","overlay-opacity":"","overlay-gradient":""},"mobile":{"background-color":"var(--ast-global-color-5)","background-image":"","background-repeat":"repeat","background-position":"center center","background-size":"auto","background-attachment":"scroll","background-type":"","background-media":"","overlay-type":"","overlay-color":"","overlay-opacity":"","overlay-gradient":""}},"footnotes":""},"class_list":["post-57116","page","type-page","status-publish","hentry"],"uagb_featured_image_src":{"full":false,"thumbnail":false,"medium":false,"medium_large":false,"large":false,"1536x1536":false,"2048x2048":false},"uagb_author_info":{"display_name":"","author_link":"https:\/\/greenbuildingeurope.eu\/pl\/author\/"},"uagb_comment_info":0,"uagb_excerpt":"Polityka prywatno\u015bci Witryna, kt\u00f3r\u0105 odwiedzasz, jest w\u0142asno\u015bci\u0105 i jest obs\u0142ugiwana przez Green Building Europe. Twoja prywatno\u015b\u0107 w Internecie ma dla nas ogromne znaczenie. W Green Building Europe chcemy, aby Twoje do\u015bwiadczenia online by\u0142y satysfakcjonuj\u0105ce i bezpieczne. Poniewa\u017c gromadzimy okre\u015blone rodzaje [&hellip;]","_links":{"self":[{"href":"https:\/\/greenbuildingeurope.eu\/pl\/wp-json\/wp\/v2\/pages\/57116","targetHints":{"allow":["GET"]}}],"collection":[{"href":"https:\/\/greenbuildingeurope.eu\/pl\/wp-json\/wp\/v2\/pages"}],"about":[{"href":"https:\/\/greenbuildingeurope.eu\/pl\/wp-json\/wp\/v2\/types\/page"}],"author":[{"embeddable":true,"href":"https:\/\/greenbuildingeurope.eu\/pl\/wp-json\/wp\/v2\/users\/93"}],"replies":[{"embeddable":true,"href":"https:\/\/greenbuildingeurope.eu\/pl\/wp-json\/wp\/v2\/comments?post=57116"}],"version-history":[{"count":0,"href":"https:\/\/greenbuildingeurope.eu\/pl\/wp-json\/wp\/v2\/pages\/57116\/revisions"}],"wp:attachment":[{"href":"https:\/\/greenbuildingeurope.eu\/pl\/wp-json\/wp\/v2\/media?parent=57116"}],"curies":[{"name":"wp","href":"https:\/\/api.w.org\/{rel}","templated":true}]}}