{"id":56879,"date":"2025-03-31T14:13:21","date_gmt":"2025-03-31T12:13:21","guid":{"rendered":"https:\/\/greenbuildingeurope.eu\/?page_id=56879"},"modified":"2025-04-11T00:31:56","modified_gmt":"2025-04-10T22:31:56","slug":"sobre-nos","status":"publish","type":"page","link":"https:\/\/greenbuildingeurope.eu\/pt-pt\/sobre-nos\/","title":{"rendered":"Sobre n\u00f3s"},"content":{"rendered":"\n<h1 class=\"wp-block-heading has-text-align-center\">S\u00ea bem-vindo!<\/h1>\n\n<hr class=\"wp-block-separator has-alpha-channel-opacity\"\/>\n\n<p><br\/>A Green Building Europe \u00e9 uma rede que liga os profissionais da constru\u00e7\u00e3o ecol\u00f3gica e os propriet\u00e1rios de habita\u00e7\u00f5es, centrados na sustentabilidade, aos fornecedores de produtos sustent\u00e1veis e energeticamente eficientes. A nossa miss\u00e3o \u00e9 promover a constru\u00e7\u00e3o ecol\u00f3gica como forma de reduzir o enorme impacto que os edif\u00edcios e a constru\u00e7\u00e3o t\u00eam no ambiente. Fazemo-lo atrav\u00e9s da educa\u00e7\u00e3o, do trabalho em rede e da divulga\u00e7\u00e3o.    <\/p>\n\n<p>Com a nossa biblioteca de guias de recursos, artigos e boletim informativo<a href=\"https:\/\/greenbuildingeurope.eu\/pt-pt\/subscreve-te\/\">(inscreve-te aqui<\/a>), procuramos informar e inspirar os leitores a adoptarem uma abordagem sustent\u00e1vel \u00e0 constru\u00e7\u00e3o. Para apoiar a ind\u00fastria, funcionamos como um centro de liga\u00e7\u00e3o entre os fornecedores de produtos e servi\u00e7os sustent\u00e1veis e aqueles que os procuram. O nosso objetivo \u00e9 facilitar o com\u00e9rcio entre fornecedores de produtos de constru\u00e7\u00e3o sustent\u00e1veis na Europa e noutros pa\u00edses.    <\/p>\n\n<div class=\"wp-block-uagb-container uagb-block-81543e0d alignfull uagb-is-root-container\"><div class=\"uagb-container-inner-blocks-wrap\">\n<div class=\"wp-block-uagb-call-to-action uagb-block-94f9622d wp-block-button\"><div class=\"uagb-cta__wrap\"><h3 class=\"uagb-cta__title\">Expande a tua marca<\/h3><p class=\"uagb-cta__desc\">Contacta-nos para mais informa\u00e7\u00f5es sobre como podemos ajudar a tua marca a atingir o seu potencial de vendas<\/p><\/div><div class=\"uagb-cta__buttons\"><a href=\"\/pt-pt\/?page_id=56907\" class=\"uagb-cta__button-link-wrapper wp-block-button__link\" target=\"_self\" rel=\"noopener noreferrer\">Contacta-nos<svg xmlns=\"https:\/\/www.w3.org\/2000\/svg\" viewbox=\"0 0 512 512\"><path d=\"M504.3 273.6l-112.1 104c-6.992 6.484-17.18 8.218-25.94 4.406c-8.758-3.812-14.42-12.45-14.42-21.1L351.9 288H32C14.33 288 .0002 273.7 .0002 255.1S14.33 224 32 224h319.9l0-72c0-9.547 5.66-18.19 14.42-22c8.754-3.809 18.95-2.075 25.94 4.41l112.1 104C514.6 247.9 514.6 264.1 504.3 273.6z\"><\/path><\/svg><\/a><\/div><\/div>\n<\/div><\/div>\n","protected":false},"excerpt":{"rendered":"<p>S\u00ea bem-vindo! A Green Building Europe \u00e9 uma rede que liga os profissionais da constru\u00e7\u00e3o ecol\u00f3gica e os propriet\u00e1rios de habita\u00e7\u00f5es, centrados na sustentabilidade, aos fornecedores de produtos sustent\u00e1veis e energeticamente eficientes. A nossa miss\u00e3o \u00e9 promover a constru\u00e7\u00e3o ecol\u00f3gica [&hellip;]<\/p>\n","protected":false},"author":93,"featured_media":0,"parent":0,"menu_order":0,"comment_status":"closed","ping_status":"closed","template":"","meta":{"_uag_custom_page_level_css":"","site-sidebar-layout":"default","site-content-layout":"","ast-site-content-layout":"default","site-content-style":"default","site-sidebar-style":"default","ast-global-header-display":"","ast-banner-title-visibility":"","ast-main-header-display":"","ast-hfb-above-header-display":"","ast-hfb-below-header-display":"","ast-hfb-mobile-header-display":"","site-post-title":"disabled","ast-breadcrumbs-content":"","ast-featured-img":"","footer-sml-layout":"","ast-disable-related-posts":"","theme-transparent-header-meta":"","adv-header-id-meta":"","stick-header-meta":"","header-above-stick-meta":"","header-main-stick-meta":"","header-below-stick-meta":"","astra-migrate-meta-layouts":"default","ast-page-background-enabled":"default","ast-page-background-meta":{"desktop":{"background-color":"var(--ast-global-color-4)","background-image":"","background-repeat":"repeat","background-position":"center center","background-size":"auto","background-attachment":"scroll","background-type":"","background-media":"","overlay-type":"","overlay-color":"","overlay-opacity":"","overlay-gradient":""},"tablet":{"background-color":"","background-image":"","background-repeat":"repeat","background-position":"center center","background-size":"auto","background-attachment":"scroll","background-type":"","background-media":"","overlay-type":"","overlay-color":"","overlay-opacity":"","overlay-gradient":""},"mobile":{"background-color":"","background-image":"","background-repeat":"repeat","background-position":"center center","background-size":"auto","background-attachment":"scroll","background-type":"","background-media":"","overlay-type":"","overlay-color":"","overlay-opacity":"","overlay-gradient":""}},"ast-content-background-meta":{"desktop":{"background-color":"var(--ast-global-color-5)","background-image":"","background-repeat":"repeat","background-position":"center center","background-size":"auto","background-attachment":"scroll","background-type":"","background-media":"","overlay-type":"","overlay-color":"","overlay-opacity":"","overlay-gradient":""},"tablet":{"background-color":"var(--ast-global-color-5)","background-image":"","background-repeat":"repeat","background-position":"center center","background-size":"auto","background-attachment":"scroll","background-type":"","background-media":"","overlay-type":"","overlay-color":"","overlay-opacity":"","overlay-gradient":""},"mobile":{"background-color":"var(--ast-global-color-5)","background-image":"","background-repeat":"repeat","background-position":"center center","background-size":"auto","background-attachment":"scroll","background-type":"","background-media":"","overlay-type":"","overlay-color":"","overlay-opacity":"","overlay-gradient":""}},"footnotes":""},"class_list":["post-56879","page","type-page","status-publish","hentry"],"uagb_featured_image_src":{"full":false,"thumbnail":false,"medium":false,"medium_large":false,"large":false,"1536x1536":false,"2048x2048":false},"uagb_author_info":{"display_name":"","author_link":"https:\/\/greenbuildingeurope.eu\/pt-pt\/author\/"},"uagb_comment_info":0,"uagb_excerpt":"S\u00ea bem-vindo! A Green Building Europe \u00e9 uma rede que liga os profissionais da constru\u00e7\u00e3o ecol\u00f3gica e os propriet\u00e1rios de habita\u00e7\u00f5es, centrados na sustentabilidade, aos fornecedores de produtos sustent\u00e1veis e energeticamente eficientes. A nossa miss\u00e3o \u00e9 promover a constru\u00e7\u00e3o ecol\u00f3gica [&hellip;]","_links":{"self":[{"href":"https:\/\/greenbuildingeurope.eu\/pt-pt\/wp-json\/wp\/v2\/pages\/56879","targetHints":{"allow":["GET"]}}],"collection":[{"href":"https:\/\/greenbuildingeurope.eu\/pt-pt\/wp-json\/wp\/v2\/pages"}],"about":[{"href":"https:\/\/greenbuildingeurope.eu\/pt-pt\/wp-json\/wp\/v2\/types\/page"}],"author":[{"embeddable":true,"href":"https:\/\/greenbuildingeurope.eu\/pt-pt\/wp-json\/wp\/v2\/users\/93"}],"replies":[{"embeddable":true,"href":"https:\/\/greenbuildingeurope.eu\/pt-pt\/wp-json\/wp\/v2\/comments?post=56879"}],"version-history":[{"count":0,"href":"https:\/\/greenbuildingeurope.eu\/pt-pt\/wp-json\/wp\/v2\/pages\/56879\/revisions"}],"wp:attachment":[{"href":"https:\/\/greenbuildingeurope.eu\/pt-pt\/wp-json\/wp\/v2\/media?parent=56879"}],"curies":[{"name":"wp","href":"https:\/\/api.w.org\/{rel}","templated":true}]}}