{"id":57101,"date":"2025-04-10T11:00:46","date_gmt":"2025-04-10T09:00:46","guid":{"rendered":"https:\/\/greenbuildingeurope.eu\/?page_id=57101"},"modified":"2025-04-11T00:31:53","modified_gmt":"2025-04-10T22:31:53","slug":"termos-e-condicoes","status":"publish","type":"page","link":"https:\/\/greenbuildingeurope.eu\/pt-pt\/termos-e-condicoes\/","title":{"rendered":"Termos e condi\u00e7\u00f5es"},"content":{"rendered":"\n<h1 class=\"wp-block-heading has-text-align-center\">Termos e condi\u00e7\u00f5es<\/h1>\n\n<hr class=\"wp-block-separator has-alpha-channel-opacity\"\/>\n\n<p>Bem-vindo ao nosso s\u00edtio Web. Se continuares a navegar e a utilizar este s\u00edtio Web, est\u00e1s a concordar em cumprir e a ficar vinculado aos seguintes termos e condi\u00e7\u00f5es de utiliza\u00e7\u00e3o, que, juntamente com a nossa pol\u00edtica de privacidade, regem a rela\u00e7\u00e3o da Green Building Europe contigo em rela\u00e7\u00e3o a este s\u00edtio Web. Se n\u00e3o concordares com qualquer parte destes termos e condi\u00e7\u00f5es, n\u00e3o utilizes o nosso s\u00edtio Web.  <\/p>\n\n<p>O termo &#8220;Green Building Europe&#8221; ou &#8220;n\u00f3s&#8221; refere-se ao propriet\u00e1rio do s\u00edtio Web. O termo &#8220;tu&#8221; refere-se ao utilizador ou espetador do nosso s\u00edtio Web. <\/p>\n\n<p>A utiliza\u00e7\u00e3o deste s\u00edtio Web est\u00e1 sujeita \u00e0s seguintes condi\u00e7\u00f5es de utiliza\u00e7\u00e3o:<\/p>\n\n<ul class=\"wp-block-list\">\n<li>O conte\u00fado das p\u00e1ginas deste s\u00edtio Web destina-se apenas \u00e0 tua informa\u00e7\u00e3o e utiliza\u00e7\u00e3o gerais. Est\u00e1 sujeito a altera\u00e7\u00f5es sem aviso pr\u00e9vio. <\/li>\n\n\n\n<li>Este s\u00edtio Web utiliza cookies para monitorizar as tuas prefer\u00eancias de navega\u00e7\u00e3o. Se autorizares a utiliza\u00e7\u00e3o de cookies, as seguintes informa\u00e7\u00f5es pessoais podem ser armazenadas por n\u00f3s para serem utilizadas por terceiros: Google Analytics, Google Adsense, Google Adwords. <\/li>\n\n\n\n<li>Nem n\u00f3s nem terceiros fornecemos qualquer garantia quanto \u00e0 exatid\u00e3o, atualidade, desempenho, integridade ou adequa\u00e7\u00e3o das informa\u00e7\u00f5es e materiais encontrados ou oferecidos neste s\u00edtio Web para qualquer fim espec\u00edfico. Reconheces que essas informa\u00e7\u00f5es e materiais podem conter imprecis\u00f5es ou erros e exclu\u00edmos expressamente a responsabilidade por tais imprecis\u00f5es ou erros na medida m\u00e1xima permitida por lei. <\/li>\n\n\n\n<li>A utiliza\u00e7\u00e3o de quaisquer informa\u00e7\u00f5es ou materiais neste s\u00edtio Web \u00e9 feita inteiramente por tua conta e risco, pelo que n\u00e3o seremos respons\u00e1veis. \u00c9 da tua responsabilidade garantir que quaisquer produtos, servi\u00e7os ou informa\u00e7\u00f5es dispon\u00edveis atrav\u00e9s deste s\u00edtio Web satisfazem as tuas necessidades espec\u00edficas. <\/li>\n\n\n\n<li>Este s\u00edtio Web cont\u00e9m material que \u00e9 propriedade nossa ou que nos foi licenciado. Este material inclui, entre outros, o design, a disposi\u00e7\u00e3o, o aspeto, a apar\u00eancia e os gr\u00e1ficos. A reprodu\u00e7\u00e3o \u00e9 proibida, exceto se estiver em conformidade com o aviso de direitos de autor, que faz parte destes termos e condi\u00e7\u00f5es.  <\/li>\n\n\n\n<li>Todas as marcas registadas reproduzidas neste s\u00edtio Web que n\u00e3o sejam propriedade ou licenciadas pelo operador s\u00e3o reconhecidas no s\u00edtio Web.<\/li>\n\n\n\n<li>A utiliza\u00e7\u00e3o n\u00e3o autorizada deste s\u00edtio Web pode dar origem a um pedido de indemniza\u00e7\u00e3o e\/ou constituir uma infra\u00e7\u00e3o penal.<\/li>\n\n\n\n<li>Ocasionalmente, este s\u00edtio Web pode tamb\u00e9m incluir liga\u00e7\u00f5es a outros s\u00edtios Web. Estas liga\u00e7\u00f5es s\u00e3o fornecidas para tua conveni\u00eancia, a fim de fornecer mais informa\u00e7\u00f5es. N\u00e3o significam que apoiamos o(s) s\u00edtio(s) Web. N\u00e3o nos responsabilizamos pelo conte\u00fado do(s) s\u00edtio(s) Web ligado(s).   <\/li>\n\n\n\n<li>A tua utiliza\u00e7\u00e3o deste s\u00edtio Web e qualquer lit\u00edgio resultante dessa utiliza\u00e7\u00e3o est\u00e3o sujeitos \u00e0 legisla\u00e7\u00e3o italiana.<\/li>\n<\/ul>\n\n<h2 class=\"wp-block-heading has-text-align-center\">Isen\u00e7\u00e3o de responsabilidade do s\u00edtio Web<\/h2>\n\n<hr class=\"wp-block-separator has-alpha-channel-opacity\"\/>\n\n<div>\n<p>As informa\u00e7\u00f5es contidas neste s\u00edtio Web destinam-se apenas a fins de informa\u00e7\u00e3o geral. As informa\u00e7\u00f5es s\u00e3o fornecidas pela Green Building Europe e, embora nos esforcemos por manter as informa\u00e7\u00f5es actualizadas e corretas, n\u00e3o fazemos representa\u00e7\u00f5es ou garantias de qualquer tipo, expressas ou impl\u00edcitas, sobre a exaustividade, precis\u00e3o, fiabilidade, adequa\u00e7\u00e3o ou disponibilidade relativamente ao s\u00edtio Web ou \u00e0s informa\u00e7\u00f5es, produtos, servi\u00e7os ou gr\u00e1ficos relacionados contidos no s\u00edtio Web para qualquer fim. Qualquer confian\u00e7a que deposites nessas informa\u00e7\u00f5es \u00e9, portanto, estritamente por tua conta e risco.  <\/p>\n<p>Em nenhuma circunst\u00e2ncia seremos respons\u00e1veis por qualquer perda ou dano, incluindo, sem limita\u00e7\u00e3o, perdas ou danos indirectos ou consequentes, ou qualquer perda ou dano resultante da perda de dados ou lucros decorrentes de, ou relacionados com, a utiliza\u00e7\u00e3o deste s\u00edtio Web.<\/p>\n<p>Atrav\u00e9s deste s\u00edtio Web, podes estabelecer liga\u00e7\u00f5es a outros s\u00edtios Web que n\u00e3o est\u00e3o sob o controlo da Green Building Europe. N\u00e3o temos qualquer controlo sobre a natureza, o conte\u00fado e a disponibilidade desses s\u00edtios. A inclus\u00e3o de quaisquer hiperliga\u00e7\u00f5es n\u00e3o implica necessariamente uma recomenda\u00e7\u00e3o ou a aprova\u00e7\u00e3o das opini\u00f5es nelas expressas.  <\/p>\n<p>S\u00e3o envidados todos os esfor\u00e7os para manter o s\u00edtio Web em funcionamento sem problemas. No entanto, a Green Building Europe n\u00e3o assume qualquer responsabilidade e n\u00e3o ser\u00e1 respons\u00e1vel pela indisponibilidade tempor\u00e1ria do s\u00edtio devido a quest\u00f5es t\u00e9cnicas fora do seu controlo. <\/p>\n<\/div>\n","protected":false},"excerpt":{"rendered":"<p>Termos e condi\u00e7\u00f5es Bem-vindo ao nosso s\u00edtio Web. Se continuares a navegar e a utilizar este s\u00edtio Web, est\u00e1s a concordar em cumprir e a ficar vinculado aos seguintes termos e condi\u00e7\u00f5es de utiliza\u00e7\u00e3o, que, juntamente com a nossa pol\u00edtica [&hellip;]<\/p>\n","protected":false},"author":93,"featured_media":0,"parent":0,"menu_order":0,"comment_status":"open","ping_status":"closed","template":"","meta":{"_uag_custom_page_level_css":"","site-sidebar-layout":"default","site-content-layout":"default","ast-site-content-layout":"default","site-content-style":"default","site-sidebar-style":"default","ast-global-header-display":"","ast-banner-title-visibility":"","ast-main-header-display":"","ast-hfb-above-header-display":"","ast-hfb-below-header-display":"","ast-hfb-mobile-header-display":"","site-post-title":"disabled","ast-breadcrumbs-content":"","ast-featured-img":"","footer-sml-layout":"","ast-disable-related-posts":"","theme-transparent-header-meta":"default","adv-header-id-meta":"","stick-header-meta":"default","header-above-stick-meta":"","header-main-stick-meta":"","header-below-stick-meta":"","astra-migrate-meta-layouts":"default","ast-page-background-enabled":"default","ast-page-background-meta":{"desktop":{"background-color":"var(--ast-global-color-4)","background-image":"","background-repeat":"repeat","background-position":"center center","background-size":"auto","background-attachment":"scroll","background-type":"","background-media":"","overlay-type":"","overlay-color":"","overlay-opacity":"","overlay-gradient":""},"tablet":{"background-color":"","background-image":"","background-repeat":"repeat","background-position":"center center","background-size":"auto","background-attachment":"scroll","background-type":"","background-media":"","overlay-type":"","overlay-color":"","overlay-opacity":"","overlay-gradient":""},"mobile":{"background-color":"","background-image":"","background-repeat":"repeat","background-position":"center center","background-size":"auto","background-attachment":"scroll","background-type":"","background-media":"","overlay-type":"","overlay-color":"","overlay-opacity":"","overlay-gradient":""}},"ast-content-background-meta":{"desktop":{"background-color":"var(--ast-global-color-5)","background-image":"","background-repeat":"repeat","background-position":"center center","background-size":"auto","background-attachment":"scroll","background-type":"","background-media":"","overlay-type":"","overlay-color":"","overlay-opacity":"","overlay-gradient":""},"tablet":{"background-color":"var(--ast-global-color-5)","background-image":"","background-repeat":"repeat","background-position":"center center","background-size":"auto","background-attachment":"scroll","background-type":"","background-media":"","overlay-type":"","overlay-color":"","overlay-opacity":"","overlay-gradient":""},"mobile":{"background-color":"var(--ast-global-color-5)","background-image":"","background-repeat":"repeat","background-position":"center center","background-size":"auto","background-attachment":"scroll","background-type":"","background-media":"","overlay-type":"","overlay-color":"","overlay-opacity":"","overlay-gradient":""}},"footnotes":""},"class_list":["post-57101","page","type-page","status-publish","hentry"],"uagb_featured_image_src":{"full":false,"thumbnail":false,"medium":false,"medium_large":false,"large":false,"1536x1536":false,"2048x2048":false},"uagb_author_info":{"display_name":"","author_link":"https:\/\/greenbuildingeurope.eu\/pt-pt\/author\/"},"uagb_comment_info":0,"uagb_excerpt":"Termos e condi\u00e7\u00f5es Bem-vindo ao nosso s\u00edtio Web. Se continuares a navegar e a utilizar este s\u00edtio Web, est\u00e1s a concordar em cumprir e a ficar vinculado aos seguintes termos e condi\u00e7\u00f5es de utiliza\u00e7\u00e3o, que, juntamente com a nossa pol\u00edtica [&hellip;]","_links":{"self":[{"href":"https:\/\/greenbuildingeurope.eu\/pt-pt\/wp-json\/wp\/v2\/pages\/57101","targetHints":{"allow":["GET"]}}],"collection":[{"href":"https:\/\/greenbuildingeurope.eu\/pt-pt\/wp-json\/wp\/v2\/pages"}],"about":[{"href":"https:\/\/greenbuildingeurope.eu\/pt-pt\/wp-json\/wp\/v2\/types\/page"}],"author":[{"embeddable":true,"href":"https:\/\/greenbuildingeurope.eu\/pt-pt\/wp-json\/wp\/v2\/users\/93"}],"replies":[{"embeddable":true,"href":"https:\/\/greenbuildingeurope.eu\/pt-pt\/wp-json\/wp\/v2\/comments?post=57101"}],"version-history":[{"count":0,"href":"https:\/\/greenbuildingeurope.eu\/pt-pt\/wp-json\/wp\/v2\/pages\/57101\/revisions"}],"wp:attachment":[{"href":"https:\/\/greenbuildingeurope.eu\/pt-pt\/wp-json\/wp\/v2\/media?parent=57101"}],"curies":[{"name":"wp","href":"https:\/\/api.w.org\/{rel}","templated":true}]}}