{"id":57117,"date":"2025-04-10T13:00:06","date_gmt":"2025-04-10T11:00:06","guid":{"rendered":"https:\/\/greenbuildingeurope.eu\/?page_id=57117"},"modified":"2025-04-11T00:31:52","modified_gmt":"2025-04-10T22:31:52","slug":"politica-de-privacidade","status":"publish","type":"page","link":"https:\/\/greenbuildingeurope.eu\/pt-pt\/politica-de-privacidade\/","title":{"rendered":"Pol\u00edtica de privacidade"},"content":{"rendered":"\n<h1 class=\"wp-block-heading has-text-align-center\">Pol\u00edtica de privacidade<\/h1>\n\n<hr class=\"wp-block-separator has-alpha-channel-opacity\"\/>\n\n<p>O s\u00edtio que est\u00e1s a visitar pertence e \u00e9 gerido pela Green Building Europe. A tua privacidade na Internet \u00e9 da maior import\u00e2ncia para n\u00f3s. Na Green Building Europe, queremos que a tua experi\u00eancia online seja satisfat\u00f3ria e segura. Uma vez que recolhemos determinados tipos de informa\u00e7\u00f5es sobre os nossos utilizadores, consideramos que deves compreender plenamente a nossa pol\u00edtica e os termos e condi\u00e7\u00f5es que envolvem a recolha e utiliza\u00e7\u00e3o dessas informa\u00e7\u00f5es. Esta declara\u00e7\u00e3o de privacidade revela as informa\u00e7\u00f5es que recolhemos e a forma como s\u00e3o utilizadas.    <\/p>\n\n<p><strong>Privacidade<\/strong><\/p>\n\n<p>Reconhecemos que a privacidade das tuas informa\u00e7\u00f5es pessoais \u00e9 importante. Aqui est\u00e3o informa\u00e7\u00f5es sobre os tipos de informa\u00e7\u00f5es pessoais que recebemos e recolhemos quando utilizas e visitas este s\u00edtio Web e como protegemos as tuas informa\u00e7\u00f5es. Nunca vendemos as tuas informa\u00e7\u00f5es pessoais a terceiros.  <\/p>\n\n<p><strong>Ficheiros de registo<\/strong><\/p>\n\n<p>Tal como acontece com a maioria dos outros s\u00edtios Web, recolhemos e utilizamos os dados contidos nos ficheiros de registo. As informa\u00e7\u00f5es contidas nos ficheiros de registo incluem o teu endere\u00e7o IP (protocolo de Internet), o teu ISP (fornecedor de servi\u00e7os de Internet, como a Vodafone ou a Orange), o browser que utilizaste para visitar o nosso site (como o Chrome ou o Firefox), a hora a que visitaste o nosso site e as p\u00e1ginas que visitaste no nosso site. <\/p>\n\n<p><strong>Cookies e Web Beacons<\/strong><\/p>\n\n<p>Utilizamos cookies para armazenar informa\u00e7\u00f5es, tais como as tuas prefer\u00eancias pessoais quando visitas o nosso site. Isto pode incluir mostrar-te um popup apenas uma vez durante a tua visita, ou a capacidade de iniciar sess\u00e3o em algumas das nossas funcionalidades, como os f\u00f3runs. <\/p>\n\n<p>Tamb\u00e9m utilizamos an\u00fancios de terceiros para apoiar este s\u00edtio. Alguns destes anunciantes podem utilizar tecnologias como cookies e web beacons quando anunciam no nosso site, o que tamb\u00e9m enviar\u00e1 a estes anunciantes (como o Google atrav\u00e9s do programa Google AdSense) informa\u00e7\u00f5es que incluem o teu endere\u00e7o IP, o teu ISP, o browser que utilizaste para visitar o nosso site e, em alguns casos, se tens o Flash instalado. Isto \u00e9 geralmente utilizado para fins de segmenta\u00e7\u00e3o geogr\u00e1fica (mostrar an\u00fancios imobili\u00e1rios de Nova Iorque a algu\u00e9m em Nova Iorque, por exemplo) ou mostrar determinados an\u00fancios com base em sites espec\u00edficos visitados (como mostrar an\u00fancios de culin\u00e1ria a algu\u00e9m que frequenta sites de culin\u00e1ria).  <\/p>\n\n<p><strong>Cookies DART da DoubleClick<\/strong><\/p>\n\n<p>Tamb\u00e9m podemos utilizar cookies DART para a apresenta\u00e7\u00e3o de an\u00fancios atrav\u00e9s do DoubleClick da Google, que coloca um cookie no teu computador quando est\u00e1s a navegar na Web e visitas um site que utiliza publicidade do DoubleClick (incluindo alguns an\u00fancios do Google AdSense). Este cookie \u00e9 utilizado para apresentar an\u00fancios espec\u00edficos para ti e para os teus interesses (&#8220;segmenta\u00e7\u00e3o baseada em interesses&#8221;). Os an\u00fancios apresentados ser\u00e3o direcionados com base no teu hist\u00f3rico de navega\u00e7\u00e3o anterior (por exemplo, se tens visto sites sobre visitar Las Vegas, podes ver an\u00fancios de hot\u00e9is em Las Vegas quando v\u00eas um site n\u00e3o relacionado, como um site sobre h\u00f3quei). O DART utiliza &#8220;informa\u00e7\u00f5es n\u00e3o pessoalmente identific\u00e1veis&#8221;. N\u00c3O rastreia informa\u00e7\u00f5es pessoais sobre ti, como o teu nome, endere\u00e7o de e-mail, endere\u00e7o f\u00edsico, n\u00famero de telefone, n\u00fameros de seguran\u00e7a social, n\u00fameros de contas banc\u00e1rias ou n\u00fameros de cart\u00f5es de cr\u00e9dito. Podes optar por n\u00e3o receber este an\u00fancio em todos os sites que utilizam esta publicidade visitando:<a href=\"http:\/\/www.doubleclick.com\/privacy\/dart_adserving.aspx\" target=\"_blank\" rel=\"noopener noreferrer\">http:\/\/www.doubleclick.com\/privacy\/dart_adserving.aspx<\/a>     <\/p>\n\n<p>Podes optar por desativar ou desativar seletivamente os nossos cookies ou os cookies de terceiros nas defini\u00e7\u00f5es do teu browser ou gerindo as prefer\u00eancias em programas como o Norton Internet Security. No entanto, isto pode afetar a forma como podes interagir com o nosso site, bem como com outros sites. Isto pode incluir a incapacidade de iniciares sess\u00e3o em servi\u00e7os ou programas, como iniciar sess\u00e3o em f\u00f3runs ou contas.  <\/p>\n\n<p>A elimina\u00e7\u00e3o de cookies n\u00e3o significa que estejas permanentemente exclu\u00eddo de qualquer programa de publicidade. A menos que tenhas defini\u00e7\u00f5es que impe\u00e7am os cookies, da pr\u00f3xima vez que visitares um site com publicidade, ser\u00e1 adicionado um novo cookie. <\/p>\n\n<p><strong>Acompanhamento da utiliza\u00e7\u00e3o<\/strong><\/p>\n\n<p>Seguimos os padr\u00f5es de tr\u00e1fego dos utilizadores em todos os nossos sites. No entanto, n\u00e3o correlacionamos estas informa\u00e7\u00f5es com dados sobre utilizadores individuais. As estat\u00edsticas s\u00e3o divididas de acordo com o nome de dom\u00ednio, o tipo de browser e o tipo MIME de um utilizador, lendo estas informa\u00e7\u00f5es a partir da cadeia do browser (informa\u00e7\u00f5es contidas no browser de cada utilizador).  <\/p>\n\n<p>Rastreamos e catalogamos os termos de pesquisa que um utilizador introduz na nossa fun\u00e7\u00e3o de Pesquisa, mas este rastreio nunca \u00e9 associado a utilizadores individuais. Utilizamos informa\u00e7\u00f5es de rastreio para determinar quais as \u00e1reas dos nossos sites que os utilizadores gostam e n\u00e3o gostam, com base no tr\u00e1fego para essas \u00e1reas. N\u00e3o monitorizamos o que os utilizadores l\u00eaem individualmente, mas sim o desempenho geral de cada p\u00e1gina. Isto ajuda-nos a continuar a construir um melhor servi\u00e7o para ti.   <\/p>\n\n<p><strong>Crian\u00e7as<\/strong><\/p>\n\n<p>Nunca solicitaremos informa\u00e7\u00f5es de identifica\u00e7\u00e3o pessoal a menores de 18 anos sem pedir o consentimento dos pais.<\/p>\n\n<p><strong>Utiliza\u00e7\u00e3o das informa\u00e7\u00f5es<\/strong><\/p>\n\n<p>Agimos com base nas informa\u00e7\u00f5es que nos s\u00e3o fornecidas voluntariamente pelos nossos utilizadores para melhorar a sua experi\u00eancia na nossa rede de sites, quer para fornecer elementos interactivos ou personalizados nos sites, quer para preparar melhor o conte\u00fado futuro com base nos interesses dos nossos utilizadores.<\/p>\n\n<p>Tal como referido anteriormente, utilizamos informa\u00e7\u00f5es que os utilizadores fornecem voluntariamente para enviar boletins informativos electr\u00f3nicos e para permitir que os utilizadores participem em sondagens, inqu\u00e9ritos, quadros de mensagens e f\u00f3runs. Enviamos boletins informativos aos assinantes num hor\u00e1rio regular (dependendo do boletim informativo) e, ocasionalmente, enviamos edi\u00e7\u00f5es especiais quando pensamos que os assinantes podem estar particularmente interessados em algo que estamos a fazer. Nunca partilhamos listas de distribui\u00e7\u00e3o de boletins informativos com terceiros, incluindo anunciantes, patrocinadores ou parceiros.  <\/p>\n\n<p>Quando utilizamos informa\u00e7\u00f5es de rastreio para determinar quais as \u00e1reas dos nossos sites que os utilizadores gostam e n\u00e3o gostam, com base no tr\u00e1fego para essas \u00e1reas. N\u00e3o monitorizamos o que os utilizadores l\u00eaem individualmente, mas sim o desempenho geral de cada p\u00e1gina. Isto ajuda-nos a continuar a criar um melhor servi\u00e7o para ti. Controlamos os termos de pesquisa introduzidos na fun\u00e7\u00e3o Pesquisar como uma das muitas medidas do que interessa aos nossos utilizadores. Mas n\u00e3o registamos os termos que um determinado utilizador introduz.    <\/p>\n\n<p>Criamos relat\u00f3rios agregados sobre dados demogr\u00e1ficos dos utilizadores e padr\u00f5es de tr\u00e1fego para anunciantes, patrocinadores e parceiros. Isto permite que os nossos anunciantes fa\u00e7am publicidade de forma mais eficaz e que os nossos utilizadores recebam an\u00fancios que s\u00e3o pertinentes para as suas necessidades. Como n\u00e3o controlamos os padr\u00f5es de utiliza\u00e7\u00e3o de utilizadores individuais, um anunciante ou patrocinador nunca saber\u00e1 que um utilizador espec\u00edfico clicou no seu an\u00fancio. N\u00e3o divulgaremos quaisquer informa\u00e7\u00f5es sobre qualquer utilizador individual, exceto para cumprir a lei aplic\u00e1vel ou um processo legal v\u00e1lido ou para proteger a seguran\u00e7a pessoal dos nossos utilizadores ou do p\u00fablico.   <\/p>\n\n<p><strong>PARTILHA DA INFORMA\u00c7\u00c3O<\/strong><\/p>\n\n<p>Utilizamos as informa\u00e7\u00f5es acima descritas para adaptar o nosso conte\u00fado \u00e0s tuas necessidades e ajudar os nossos anunciantes a compreender melhor os dados demogr\u00e1ficos do nosso p\u00fablico. Isto \u00e9 essencial para manter o nosso servi\u00e7o gratuito. N\u00e3o partilharemos informa\u00e7\u00f5es sobre utilizadores individuais com terceiros, exceto para cumprir a lei aplic\u00e1vel ou um processo legal v\u00e1lido ou para proteger a seguran\u00e7a pessoal dos nossos utilizadores ou do p\u00fablico.  <\/p>\n\n<p><strong>SEGURAN\u00c7A<\/strong><\/p>\n\n<p>Utilizamos redes de dados seguras protegidas por sistemas de prote\u00e7\u00e3o por firewall e palavra-passe padr\u00e3o da ind\u00fastria. As nossas pol\u00edticas de seguran\u00e7a e privacidade s\u00e3o revistas periodicamente e melhoradas conforme necess\u00e1rio e apenas indiv\u00edduos autorizados t\u00eam acesso \u00e0s informa\u00e7\u00f5es fornecidas pelos nossos clientes. <\/p>\n\n<p><strong>O TEU CONSENTIMENTO<\/strong><\/p>\n\n<p>Ao utilizar os nossos s\u00edtios, consente a recolha e utiliza\u00e7\u00e3o destas informa\u00e7\u00f5es. Se decidirmos alterar a nossa pol\u00edtica de privacidade, publicaremos essas altera\u00e7\u00f5es nesta p\u00e1gina para que estejas sempre ciente das informa\u00e7\u00f5es que recolhemos, como as utilizamos e em que circunst\u00e2ncias as divulgamos. <\/p>\n","protected":false},"excerpt":{"rendered":"<p>Pol\u00edtica de privacidade O s\u00edtio que est\u00e1s a visitar pertence e \u00e9 gerido pela Green Building Europe. A tua privacidade na Internet \u00e9 da maior import\u00e2ncia para n\u00f3s. Na Green Building Europe, queremos que a tua experi\u00eancia online seja satisfat\u00f3ria [&hellip;]<\/p>\n","protected":false},"author":93,"featured_media":0,"parent":0,"menu_order":0,"comment_status":"closed","ping_status":"closed","template":"","meta":{"_uag_custom_page_level_css":"","site-sidebar-layout":"default","site-content-layout":"default","ast-site-content-layout":"default","site-content-style":"default","site-sidebar-style":"default","ast-global-header-display":"","ast-banner-title-visibility":"","ast-main-header-display":"","ast-hfb-above-header-display":"","ast-hfb-below-header-display":"","ast-hfb-mobile-header-display":"","site-post-title":"disabled","ast-breadcrumbs-content":"","ast-featured-img":"","footer-sml-layout":"","ast-disable-related-posts":"","theme-transparent-header-meta":"default","adv-header-id-meta":"","stick-header-meta":"default","header-above-stick-meta":"","header-main-stick-meta":"","header-below-stick-meta":"","astra-migrate-meta-layouts":"default","ast-page-background-enabled":"default","ast-page-background-meta":{"desktop":{"background-color":"var(--ast-global-color-4)","background-image":"","background-repeat":"repeat","background-position":"center center","background-size":"auto","background-attachment":"scroll","background-type":"","background-media":"","overlay-type":"","overlay-color":"","overlay-opacity":"","overlay-gradient":""},"tablet":{"background-color":"","background-image":"","background-repeat":"repeat","background-position":"center center","background-size":"auto","background-attachment":"scroll","background-type":"","background-media":"","overlay-type":"","overlay-color":"","overlay-opacity":"","overlay-gradient":""},"mobile":{"background-color":"","background-image":"","background-repeat":"repeat","background-position":"center center","background-size":"auto","background-attachment":"scroll","background-type":"","background-media":"","overlay-type":"","overlay-color":"","overlay-opacity":"","overlay-gradient":""}},"ast-content-background-meta":{"desktop":{"background-color":"var(--ast-global-color-5)","background-image":"","background-repeat":"repeat","background-position":"center center","background-size":"auto","background-attachment":"scroll","background-type":"","background-media":"","overlay-type":"","overlay-color":"","overlay-opacity":"","overlay-gradient":""},"tablet":{"background-color":"var(--ast-global-color-5)","background-image":"","background-repeat":"repeat","background-position":"center center","background-size":"auto","background-attachment":"scroll","background-type":"","background-media":"","overlay-type":"","overlay-color":"","overlay-opacity":"","overlay-gradient":""},"mobile":{"background-color":"var(--ast-global-color-5)","background-image":"","background-repeat":"repeat","background-position":"center center","background-size":"auto","background-attachment":"scroll","background-type":"","background-media":"","overlay-type":"","overlay-color":"","overlay-opacity":"","overlay-gradient":""}},"footnotes":""},"class_list":["post-57117","page","type-page","status-publish","hentry"],"uagb_featured_image_src":{"full":false,"thumbnail":false,"medium":false,"medium_large":false,"large":false,"1536x1536":false,"2048x2048":false},"uagb_author_info":{"display_name":"","author_link":"https:\/\/greenbuildingeurope.eu\/pt-pt\/author\/"},"uagb_comment_info":0,"uagb_excerpt":"Pol\u00edtica de privacidade O s\u00edtio que est\u00e1s a visitar pertence e \u00e9 gerido pela Green Building Europe. A tua privacidade na Internet \u00e9 da maior import\u00e2ncia para n\u00f3s. Na Green Building Europe, queremos que a tua experi\u00eancia online seja satisfat\u00f3ria [&hellip;]","_links":{"self":[{"href":"https:\/\/greenbuildingeurope.eu\/pt-pt\/wp-json\/wp\/v2\/pages\/57117","targetHints":{"allow":["GET"]}}],"collection":[{"href":"https:\/\/greenbuildingeurope.eu\/pt-pt\/wp-json\/wp\/v2\/pages"}],"about":[{"href":"https:\/\/greenbuildingeurope.eu\/pt-pt\/wp-json\/wp\/v2\/types\/page"}],"author":[{"embeddable":true,"href":"https:\/\/greenbuildingeurope.eu\/pt-pt\/wp-json\/wp\/v2\/users\/93"}],"replies":[{"embeddable":true,"href":"https:\/\/greenbuildingeurope.eu\/pt-pt\/wp-json\/wp\/v2\/comments?post=57117"}],"version-history":[{"count":0,"href":"https:\/\/greenbuildingeurope.eu\/pt-pt\/wp-json\/wp\/v2\/pages\/57117\/revisions"}],"wp:attachment":[{"href":"https:\/\/greenbuildingeurope.eu\/pt-pt\/wp-json\/wp\/v2\/media?parent=57117"}],"curies":[{"name":"wp","href":"https:\/\/api.w.org\/{rel}","templated":true}]}}