{"id":56881,"date":"2025-03-31T14:13:21","date_gmt":"2025-03-31T12:13:21","guid":{"rendered":"https:\/\/greenbuildingeurope.eu\/?page_id=56881"},"modified":"2025-04-10T16:07:46","modified_gmt":"2025-04-10T14:07:46","slug":"despre-noi","status":"publish","type":"page","link":"https:\/\/greenbuildingeurope.eu\/ro\/despre-noi\/","title":{"rendered":"Despre noi"},"content":{"rendered":"\n<h1 class=\"wp-block-heading has-text-align-center\">Bine a\u021bi venit!<\/h1>\n\n<hr class=\"wp-block-separator has-alpha-channel-opacity\"\/>\n\n<p><br\/>Green Building Europe este o re\u021bea care pune \u00een leg\u0103tur\u0103 profesioni\u0219tii din domeniul construc\u021biilor ecologice axate pe durabilitate \u0219i proprietarii de locuin\u021be cu furnizorii de produse eficiente energetic \u0219i durabile. Misiunea noastr\u0103 este de a promova construc\u021biile ecologice ca modalitate de a reduce impactul masiv pe care cl\u0103dirile \u0219i construc\u021biile \u00eel au asupra mediului. Realiz\u0103m acest lucru prin educa\u021bie, crearea de re\u021bele \u0219i informare.    <\/p>\n\n<p>Prin intermediul bibliotecii noastre de ghiduri de resurse, articole \u0219i buletin informativ<a href=\"https:\/\/greenbuildingeurope.eu\/ro\/abonare\/\">(abona\u021bi-v\u0103 aici<\/a>), \u00eencerc\u0103m s\u0103 inform\u0103m \u0219i s\u0103 inspir\u0103m cititorii s\u0103 adopte o abordare durabil\u0103 a construc\u021biilor. Pentru a sprijini industria, func\u021bion\u0103m ca un hub pentru a pune \u00een leg\u0103tur\u0103 furnizorii de produse \u0219i servicii durabile cu cei care le caut\u0103. Ne urm\u0103rim obiectivul facilit\u00e2nd comer\u021bul dintre furnizorii de produse durabile pentru construc\u021bii din Europa cu alte \u021b\u0103ri.    <\/p>\n\n<div class=\"wp-block-uagb-container uagb-block-81543e0d alignfull uagb-is-root-container\"><div class=\"uagb-container-inner-blocks-wrap\">\n<div class=\"wp-block-uagb-call-to-action uagb-block-94f9622d wp-block-button\"><div class=\"uagb-cta__wrap\"><h3 class=\"uagb-cta__title\">Extinde\u021bi-v\u0103 brandul<\/h3><p class=\"uagb-cta__desc\">Contacta\u021bi-ne pentru mai multe informa\u021bii despre cum v\u0103 putem ajuta brandul s\u0103 \u00ee\u0219i ating\u0103 poten\u021bialul de v\u00e2nz\u0103ri<\/p><\/div><div class=\"uagb-cta__buttons\"><a href=\"\/ro\/?page_id=56911\" class=\"uagb-cta__button-link-wrapper wp-block-button__link\" target=\"_self\" rel=\"noopener noreferrer\">Contacta\u021bi-ne<svg xmlns=\"https:\/\/www.w3.org\/2000\/svg\" viewbox=\"0 0 512 512\"><path d=\"M504.3 273.6l-112.1 104c-6.992 6.484-17.18 8.218-25.94 4.406c-8.758-3.812-14.42-12.45-14.42-21.1L351.9 288H32C14.33 288 .0002 273.7 .0002 255.1S14.33 224 32 224h319.9l0-72c0-9.547 5.66-18.19 14.42-22c8.754-3.809 18.95-2.075 25.94 4.41l112.1 104C514.6 247.9 514.6 264.1 504.3 273.6z\"><\/path><\/svg><\/a><\/div><\/div>\n<\/div><\/div>\n","protected":false},"excerpt":{"rendered":"<p>Bine a\u021bi venit! Green Building Europe este o re\u021bea care pune \u00een leg\u0103tur\u0103 profesioni\u0219tii din domeniul construc\u021biilor ecologice axate pe durabilitate \u0219i proprietarii de locuin\u021be cu furnizorii de produse eficiente energetic \u0219i durabile. Misiunea noastr\u0103 este de a promova construc\u021biile [&hellip;]<\/p>\n","protected":false},"author":93,"featured_media":0,"parent":0,"menu_order":0,"comment_status":"closed","ping_status":"closed","template":"","meta":{"_uag_custom_page_level_css":"","site-sidebar-layout":"default","site-content-layout":"","ast-site-content-layout":"default","site-content-style":"default","site-sidebar-style":"default","ast-global-header-display":"","ast-banner-title-visibility":"","ast-main-header-display":"","ast-hfb-above-header-display":"","ast-hfb-below-header-display":"","ast-hfb-mobile-header-display":"","site-post-title":"disabled","ast-breadcrumbs-content":"","ast-featured-img":"","footer-sml-layout":"","ast-disable-related-posts":"","theme-transparent-header-meta":"","adv-header-id-meta":"","stick-header-meta":"","header-above-stick-meta":"","header-main-stick-meta":"","header-below-stick-meta":"","astra-migrate-meta-layouts":"set","ast-page-background-enabled":"default","ast-page-background-meta":{"desktop":{"background-color":"var(--ast-global-color-4)","background-image":"","background-repeat":"repeat","background-position":"center center","background-size":"auto","background-attachment":"scroll","background-type":"","background-media":"","overlay-type":"","overlay-color":"","overlay-opacity":"","overlay-gradient":""},"tablet":{"background-color":"","background-image":"","background-repeat":"repeat","background-position":"center center","background-size":"auto","background-attachment":"scroll","background-type":"","background-media":"","overlay-type":"","overlay-color":"","overlay-opacity":"","overlay-gradient":""},"mobile":{"background-color":"","background-image":"","background-repeat":"repeat","background-position":"center center","background-size":"auto","background-attachment":"scroll","background-type":"","background-media":"","overlay-type":"","overlay-color":"","overlay-opacity":"","overlay-gradient":""}},"ast-content-background-meta":{"desktop":{"background-color":"var(--ast-global-color-5)","background-image":"","background-repeat":"repeat","background-position":"center center","background-size":"auto","background-attachment":"scroll","background-type":"","background-media":"","overlay-type":"","overlay-color":"","overlay-opacity":"","overlay-gradient":""},"tablet":{"background-color":"var(--ast-global-color-5)","background-image":"","background-repeat":"repeat","background-position":"center center","background-size":"auto","background-attachment":"scroll","background-type":"","background-media":"","overlay-type":"","overlay-color":"","overlay-opacity":"","overlay-gradient":""},"mobile":{"background-color":"var(--ast-global-color-5)","background-image":"","background-repeat":"repeat","background-position":"center center","background-size":"auto","background-attachment":"scroll","background-type":"","background-media":"","overlay-type":"","overlay-color":"","overlay-opacity":"","overlay-gradient":""}},"footnotes":""},"class_list":["post-56881","page","type-page","status-publish","hentry"],"uagb_featured_image_src":{"full":false,"thumbnail":false,"medium":false,"medium_large":false,"large":false,"1536x1536":false,"2048x2048":false},"uagb_author_info":{"display_name":"","author_link":"https:\/\/greenbuildingeurope.eu\/ro\/author\/"},"uagb_comment_info":0,"uagb_excerpt":"Bine a\u021bi venit! Green Building Europe este o re\u021bea care pune \u00een leg\u0103tur\u0103 profesioni\u0219tii din domeniul construc\u021biilor ecologice axate pe durabilitate \u0219i proprietarii de locuin\u021be cu furnizorii de produse eficiente energetic \u0219i durabile. Misiunea noastr\u0103 este de a promova construc\u021biile [&hellip;]","_links":{"self":[{"href":"https:\/\/greenbuildingeurope.eu\/ro\/wp-json\/wp\/v2\/pages\/56881","targetHints":{"allow":["GET"]}}],"collection":[{"href":"https:\/\/greenbuildingeurope.eu\/ro\/wp-json\/wp\/v2\/pages"}],"about":[{"href":"https:\/\/greenbuildingeurope.eu\/ro\/wp-json\/wp\/v2\/types\/page"}],"author":[{"embeddable":true,"href":"https:\/\/greenbuildingeurope.eu\/ro\/wp-json\/wp\/v2\/users\/93"}],"replies":[{"embeddable":true,"href":"https:\/\/greenbuildingeurope.eu\/ro\/wp-json\/wp\/v2\/comments?post=56881"}],"version-history":[{"count":0,"href":"https:\/\/greenbuildingeurope.eu\/ro\/wp-json\/wp\/v2\/pages\/56881\/revisions"}],"wp:attachment":[{"href":"https:\/\/greenbuildingeurope.eu\/ro\/wp-json\/wp\/v2\/media?parent=56881"}],"curies":[{"name":"wp","href":"https:\/\/api.w.org\/{rel}","templated":true}]}}