{"id":57092,"date":"2025-04-10T11:00:46","date_gmt":"2025-04-10T09:00:46","guid":{"rendered":"https:\/\/greenbuildingeurope.eu\/?page_id=57092"},"modified":"2025-04-11T00:32:21","modified_gmt":"2025-04-10T22:32:21","slug":"termeni-si-conditii","status":"publish","type":"page","link":"https:\/\/greenbuildingeurope.eu\/ro\/termeni-si-conditii\/","title":{"rendered":"Termeni \u0219i condi\u021bii"},"content":{"rendered":"\n<h1 class=\"wp-block-heading has-text-align-center\">Termeni \u0219i condi\u021bii<\/h1>\n\n<hr class=\"wp-block-separator has-alpha-channel-opacity\"\/>\n\n<p>Bine a\u021bi venit pe site-ul nostru. Dac\u0103 continua\u021bi s\u0103 naviga\u021bi \u0219i s\u0103 utiliza\u021bi acest site, sunte\u021bi de acord s\u0103 respecta\u021bi \u0219i s\u0103 v\u0103 supune\u021bi urm\u0103torilor termeni \u0219i condi\u021bii de utilizare, care, \u00eempreun\u0103 cu politica noastr\u0103 de confiden\u021bialitate, reglementeaz\u0103 rela\u021bia Green Building Europe cu dumneavoastr\u0103 \u00een leg\u0103tur\u0103 cu acest site. Dac\u0103 nu sunte\u021bi de acord cu oricare parte a acestor termeni \u0219i condi\u021bii, v\u0103 rug\u0103m s\u0103 nu utiliza\u021bi site-ul nostru web.  <\/p>\n\n<p>Termenul &#8222;Green Building Europe&#8221; sau &#8222;noi&#8221; sau &#8222;ne&#8221; se refer\u0103 la proprietarul site-ului. Termenul &#8222;dumneavoastr\u0103&#8221; se refer\u0103 la utilizatorul sau vizitatorul site-ului nostru web. <\/p>\n\n<p>Utilizarea acestui site web este supus\u0103 urm\u0103toarelor condi\u021bii de utilizare:<\/p>\n\n<ul class=\"wp-block-list\">\n<li>Con\u021binutul paginilor acestui site este destinat exclusiv inform\u0103rii \u0219i utiliz\u0103rii dumneavoastr\u0103 generale. Acesta poate fi modificat f\u0103r\u0103 notificare prealabil\u0103. <\/li>\n\n\n\n<li>Acest site utilizeaz\u0103 module cookie pentru a monitoriza preferin\u021bele de navigare. Dac\u0103 permite\u021bi utilizarea cookie-urilor, urm\u0103toarele informa\u021bii personale pot fi stocate de noi pentru a fi utilizate de ter\u021bi: Google Analytics, Google Adsense, Google Adwords. <\/li>\n\n\n\n<li>Nici noi \u0219i nici ter\u021bii nu oferim nicio garan\u021bie cu privire la acurate\u021bea, actualitatea, performan\u021ba, exhaustivitatea sau adecvarea informa\u021biilor \u0219i materialelor g\u0103site sau oferite pe acest site pentru un anumit scop. Recunoa\u0219te\u021bi c\u0103 astfel de informa\u021bii \u0219i materiale pot con\u021bine inexactit\u0103\u021bi sau erori, iar noi excludem \u00een mod expres r\u0103spunderea pentru orice astfel de inexactit\u0103\u021bi sau erori, \u00een cea mai mare m\u0103sur\u0103 permis\u0103 de lege. <\/li>\n\n\n\n<li>Utilizarea de c\u0103tre dvs. a oric\u0103ror informa\u021bii sau materiale de pe acest site web se face pe propriul dvs. risc, pentru care noi nu vom fi r\u0103spunz\u0103tori. Va fi responsabilitatea dumneavoastr\u0103 s\u0103 v\u0103 asigura\u021bi c\u0103 orice produse, servicii sau informa\u021bii disponibile prin intermediul acestui site web corespund cerin\u021belor dumneavoastr\u0103 specifice. <\/li>\n\n\n\n<li>Acest site web con\u021bine materiale care ne apar\u021bin sau ne sunt licen\u021biate. Acest material include, f\u0103r\u0103 a se limita la acestea, designul, structura, aspectul, aspectul \u0219i grafica. Reproducerea este interzis\u0103 altfel dec\u00e2t \u00een conformitate cu notificarea privind drepturile de autor, care face parte din ace\u0219ti termeni \u0219i condi\u021bii.  <\/li>\n\n\n\n<li>Toate m\u0103rcile comerciale reproduse pe acest site web care nu sunt proprietatea operatorului sau licen\u021biate de acesta sunt recunoscute pe site.<\/li>\n\n\n\n<li>Utilizarea neautorizat\u0103 a acestui site web poate da na\u0219tere la o cerere de desp\u0103gubire \u0219i\/sau poate constitui o infrac\u021biune.<\/li>\n\n\n\n<li>Din c\u00e2nd \u00een c\u00e2nd, acest site web poate include, de asemenea, linkuri c\u0103tre alte site-uri web. Aceste linkuri sunt furnizate pentru confortul dumneavoastr\u0103 \u0219i pentru a oferi informa\u021bii suplimentare. Acestea nu \u00eenseamn\u0103 c\u0103 noi sus\u021binem site-ul (site-urile) web respectiv(e). Nu ne asum\u0103m nicio responsabilitate pentru con\u021binutul site-ului (site-urilor) web legat(e).   <\/li>\n\n\n\n<li>Utilizarea de c\u0103tre dvs. a acestui site web \u0219i orice litigiu care rezult\u0103 dintr-o astfel de utilizare a site-ului web se supun legilor din Italia.<\/li>\n<\/ul>\n\n<h2 class=\"wp-block-heading has-text-align-center\">Disclaimer<\/h2>\n\n<hr class=\"wp-block-separator has-alpha-channel-opacity\"\/>\n\n<div>\n<p>Informa\u021biile con\u021binute \u00een acest site au doar scop informativ general. Informa\u021biile sunt furnizate de Green Building Europe \u0219i, de\u0219i ne str\u0103duim s\u0103 men\u021binem informa\u021biile actualizate \u0219i corecte, nu facem nicio declara\u021bie sau garan\u021bie de niciun fel, expres\u0103 sau implicit\u0103, cu privire la exhaustivitatea, acurate\u021bea, fiabilitatea, adecvarea sau disponibilitatea \u00een ceea ce prive\u0219te site-ul web sau informa\u021biile, produsele, serviciile sau graficele aferente con\u021binute pe site \u00een orice scop. Prin urmare, orice \u00eencredere pe care o acorda\u021bi unor astfel de informa\u021bii este strict pe riscul dumneavoastr\u0103.  <\/p>\n<p>\u00cen niciun caz nu vom fi r\u0103spunz\u0103tori pentru nicio pierdere sau daun\u0103, inclusiv, f\u0103r\u0103 limitare, pierderi sau daune indirecte sau subsecvente, sau orice pierdere sau daun\u0103 care rezult\u0103 din pierderea de date sau profituri rezultate din sau \u00een leg\u0103tur\u0103 cu utilizarea acestui site web.<\/p>\n<p>Prin intermediul acestui site, ave\u021bi posibilitatea de a accesa alte site-uri care nu se afl\u0103 sub controlul Green Building Europe. Nu avem niciun control asupra naturii, con\u021binutului \u0219i disponibilit\u0103\u021bii acestor site-uri. Includerea oric\u0103ror linkuri nu implic\u0103 \u00een mod necesar o recomandare sau nu sus\u021bine opiniile exprimate \u00een cadrul acestora.  <\/p>\n<p>Se depun toate eforturile pentru ca site-ul s\u0103 func\u021bioneze f\u0103r\u0103 probleme. Cu toate acestea, Green Building Europe nu \u00ee\u0219i asum\u0103 nicio responsabilitate \u0219i nu va fi r\u0103spunz\u0103toare pentru indisponibilitatea temporar\u0103 a site-ului din cauza unor probleme tehnice independente de controlul nostru. <\/p>\n<\/div>\n","protected":false},"excerpt":{"rendered":"<p>Termeni \u0219i condi\u021bii Bine a\u021bi venit pe site-ul nostru. Dac\u0103 continua\u021bi s\u0103 naviga\u021bi \u0219i s\u0103 utiliza\u021bi acest site, sunte\u021bi de acord s\u0103 respecta\u021bi \u0219i s\u0103 v\u0103 supune\u021bi urm\u0103torilor termeni \u0219i condi\u021bii de utilizare, care, \u00eempreun\u0103 cu politica noastr\u0103 de confiden\u021bialitate, [&hellip;]<\/p>\n","protected":false},"author":93,"featured_media":0,"parent":0,"menu_order":0,"comment_status":"open","ping_status":"closed","template":"","meta":{"_uag_custom_page_level_css":"","site-sidebar-layout":"default","site-content-layout":"default","ast-site-content-layout":"default","site-content-style":"default","site-sidebar-style":"default","ast-global-header-display":"","ast-banner-title-visibility":"","ast-main-header-display":"","ast-hfb-above-header-display":"","ast-hfb-below-header-display":"","ast-hfb-mobile-header-display":"","site-post-title":"disabled","ast-breadcrumbs-content":"","ast-featured-img":"","footer-sml-layout":"","ast-disable-related-posts":"","theme-transparent-header-meta":"default","adv-header-id-meta":"","stick-header-meta":"default","header-above-stick-meta":"","header-main-stick-meta":"","header-below-stick-meta":"","astra-migrate-meta-layouts":"default","ast-page-background-enabled":"default","ast-page-background-meta":{"desktop":{"background-color":"var(--ast-global-color-4)","background-image":"","background-repeat":"repeat","background-position":"center center","background-size":"auto","background-attachment":"scroll","background-type":"","background-media":"","overlay-type":"","overlay-color":"","overlay-opacity":"","overlay-gradient":""},"tablet":{"background-color":"","background-image":"","background-repeat":"repeat","background-position":"center center","background-size":"auto","background-attachment":"scroll","background-type":"","background-media":"","overlay-type":"","overlay-color":"","overlay-opacity":"","overlay-gradient":""},"mobile":{"background-color":"","background-image":"","background-repeat":"repeat","background-position":"center center","background-size":"auto","background-attachment":"scroll","background-type":"","background-media":"","overlay-type":"","overlay-color":"","overlay-opacity":"","overlay-gradient":""}},"ast-content-background-meta":{"desktop":{"background-color":"var(--ast-global-color-5)","background-image":"","background-repeat":"repeat","background-position":"center center","background-size":"auto","background-attachment":"scroll","background-type":"","background-media":"","overlay-type":"","overlay-color":"","overlay-opacity":"","overlay-gradient":""},"tablet":{"background-color":"var(--ast-global-color-5)","background-image":"","background-repeat":"repeat","background-position":"center center","background-size":"auto","background-attachment":"scroll","background-type":"","background-media":"","overlay-type":"","overlay-color":"","overlay-opacity":"","overlay-gradient":""},"mobile":{"background-color":"var(--ast-global-color-5)","background-image":"","background-repeat":"repeat","background-position":"center center","background-size":"auto","background-attachment":"scroll","background-type":"","background-media":"","overlay-type":"","overlay-color":"","overlay-opacity":"","overlay-gradient":""}},"footnotes":""},"class_list":["post-57092","page","type-page","status-publish","hentry"],"uagb_featured_image_src":{"full":false,"thumbnail":false,"medium":false,"medium_large":false,"large":false,"1536x1536":false,"2048x2048":false},"uagb_author_info":{"display_name":"","author_link":"https:\/\/greenbuildingeurope.eu\/ro\/author\/"},"uagb_comment_info":0,"uagb_excerpt":"Termeni \u0219i condi\u021bii Bine a\u021bi venit pe site-ul nostru. Dac\u0103 continua\u021bi s\u0103 naviga\u021bi \u0219i s\u0103 utiliza\u021bi acest site, sunte\u021bi de acord s\u0103 respecta\u021bi \u0219i s\u0103 v\u0103 supune\u021bi urm\u0103torilor termeni \u0219i condi\u021bii de utilizare, care, \u00eempreun\u0103 cu politica noastr\u0103 de confiden\u021bialitate, [&hellip;]","_links":{"self":[{"href":"https:\/\/greenbuildingeurope.eu\/ro\/wp-json\/wp\/v2\/pages\/57092","targetHints":{"allow":["GET"]}}],"collection":[{"href":"https:\/\/greenbuildingeurope.eu\/ro\/wp-json\/wp\/v2\/pages"}],"about":[{"href":"https:\/\/greenbuildingeurope.eu\/ro\/wp-json\/wp\/v2\/types\/page"}],"author":[{"embeddable":true,"href":"https:\/\/greenbuildingeurope.eu\/ro\/wp-json\/wp\/v2\/users\/93"}],"replies":[{"embeddable":true,"href":"https:\/\/greenbuildingeurope.eu\/ro\/wp-json\/wp\/v2\/comments?post=57092"}],"version-history":[{"count":0,"href":"https:\/\/greenbuildingeurope.eu\/ro\/wp-json\/wp\/v2\/pages\/57092\/revisions"}],"wp:attachment":[{"href":"https:\/\/greenbuildingeurope.eu\/ro\/wp-json\/wp\/v2\/media?parent=57092"}],"curies":[{"name":"wp","href":"https:\/\/api.w.org\/{rel}","templated":true}]}}