{"id":57120,"date":"2025-04-10T13:00:06","date_gmt":"2025-04-10T11:00:06","guid":{"rendered":"https:\/\/greenbuildingeurope.eu\/?page_id=57120"},"modified":"2025-04-11T00:32:20","modified_gmt":"2025-04-10T22:32:20","slug":"politica-de-confidentialitate","status":"publish","type":"page","link":"https:\/\/greenbuildingeurope.eu\/ro\/politica-de-confidentialitate\/","title":{"rendered":"Politica de confiden\u021bialitate"},"content":{"rendered":"\n<h1 class=\"wp-block-heading has-text-align-center\">Politica de confiden\u021bialitate<\/h1>\n\n<hr class=\"wp-block-separator has-alpha-channel-opacity\"\/>\n\n<p>Site-ul pe care \u00eel vizita\u021bi este de\u021binut \u0219i operat de Green Building Europe. Confiden\u021bialitatea dumneavoastr\u0103 pe internet este de cea mai mare importan\u021b\u0103 pentru noi. La Green Building Europe, dorim s\u0103 v\u0103 facem experien\u021ba online satisf\u0103c\u0103toare \u0219i sigur\u0103. Deoarece colect\u0103m anumite tipuri de informa\u021bii despre utilizatorii no\u0219tri, consider\u0103m c\u0103 trebuie s\u0103 \u00een\u021belege\u021bi pe deplin politica noastr\u0103 \u0219i termenii \u0219i condi\u021biile legate de colectarea \u0219i utilizarea acestor informa\u021bii. Aceast\u0103 declara\u021bie de confiden\u021bialitate dezv\u0103luie ce informa\u021bii colect\u0103m \u0219i cum sunt utilizate aceste informa\u021bii.    <\/p>\n\n<p><strong>Confiden\u021bialitate<\/strong><\/p>\n\n<p>Recunoa\u0219tem c\u0103 confiden\u021bialitatea informa\u021biilor dvs. personale este important\u0103. Iat\u0103 informa\u021bii privind tipurile de informa\u021bii personale pe care le primim \u0219i le colect\u0103m atunci c\u00e2nd utiliza\u021bi \u0219i vizita\u021bi acest site web \u0219i modul \u00een care v\u0103 protej\u0103m informa\u021biile. Nu vindem niciodat\u0103 informa\u021biile dvs. personale unor ter\u021be p\u0103r\u021bi.  <\/p>\n\n<p><strong>Fi\u0219iere de jurnal<\/strong><\/p>\n\n<p>La fel ca majoritatea site-urilor web, colect\u0103m \u0219i utiliz\u0103m datele con\u021binute \u00een fi\u0219ierele jurnal. Informa\u021biile din fi\u0219ierele jurnal includ adresa dvs. IP (protocol de internet), ISP-ul dvs. (furnizorul de servicii de internet, cum ar fi Vodafone sau Orange), browser-ul pe care l-a\u021bi utilizat pentru a vizita site-ul nostru (cum ar fi Chrome sau Firefox), ora la care a\u021bi vizitat site-ul nostru \u0219i paginile pe care le-a\u021bi vizitat \u00een cadrul site-ului nostru. <\/p>\n\n<p><strong>Module cookie \u0219i balize web<\/strong><\/p>\n\n<p>Utiliz\u0103m module cookie pentru a stoca informa\u021bii, cum ar fi preferin\u021bele dvs. personale atunci c\u00e2nd vizita\u021bi site-ul nostru. Aceasta ar putea include afi\u0219area unui pop-up o singur\u0103 dat\u0103 \u00een timpul vizitei sau posibilitatea de a v\u0103 conecta la unele dintre caracteristicile noastre, cum ar fi forumurile. <\/p>\n\n<p>De asemenea, utiliz\u0103m reclame ale ter\u021bilor pentru a sus\u021bine acest site. Unii dintre ace\u0219ti agen\u021bi de publicitate pot utiliza tehnologii cum ar fi modulele cookie \u0219i balizele web atunci c\u00e2nd fac publicitate pe site-ul nostru, care vor trimite, de asemenea, acestor agen\u021bi de publicitate (cum ar fi Google prin programul Google AdSense) informa\u021bii, inclusiv adresa dvs. de IP, furnizorul dvs. de internet, browserul pe care l-a\u021bi utilizat pentru a vizita site-ul nostru \u0219i, \u00een unele cazuri, dac\u0103 ave\u021bi instalat Flash. Aceste informa\u021bii sunt utilizate, \u00een general, \u00een scopuri de geotargetare (de exemplu, afi\u0219area anun\u021burilor imobiliare din New York unei persoane din New York) sau afi\u0219area anumitor anun\u021buri \u00een func\u021bie de anumite site-uri vizitate (cum ar fi afi\u0219area anun\u021burilor de g\u0103tit unei persoane care frecventeaz\u0103 site-uri de g\u0103tit).  <\/p>\n\n<p><strong>Module cookie DoubleClick DART<\/strong><\/p>\n\n<p>De asemenea, putem utiliza module cookie DART pentru difuzarea de anun\u021buri prin DoubleClick de la Google, care plaseaz\u0103 un modul cookie pe computerul dvs. atunci c\u00e2nd naviga\u021bi pe internet \u0219i vizita\u021bi un site care utilizeaz\u0103 publicitate DoubleClick (inclusiv unele anun\u021buri Google AdSense). Acest modul cookie este utilizat pentru a afi\u0219a anun\u021buri specifice dumneavoastr\u0103 \u0219i intereselor dumneavoastr\u0103 (&#8222;targetare bazat\u0103 pe interese&#8221;). Reclamele servite vor fi direc\u021bionate \u00een func\u021bie de istoricul dvs. de navigare anterior (de exemplu, dac\u0103 a\u021bi vizionat site-uri despre vizitarea Las Vegas, este posibil s\u0103 vede\u021bi reclame la hoteluri din Las Vegas atunci c\u00e2nd viziona\u021bi un site f\u0103r\u0103 leg\u0103tur\u0103, cum ar fi un site despre hochei). DART utilizeaz\u0103 &#8222;informa\u021bii neidentificabile personal&#8221;. Acesta NU urm\u0103re\u0219te informa\u021bii personale despre dvs., cum ar fi numele, adresa de e-mail, adresa fizic\u0103, num\u0103rul de telefon, numerele de securitate social\u0103, numerele de cont bancar sau numerele de card de credit. Pute\u021bi renun\u021ba la difuzarea acestei reclame pe toate site-urile care utilizeaz\u0103 aceast\u0103 publicitate acces\u00e2nd<a href=\"http:\/\/www.doubleclick.com\/privacy\/dart_adserving.aspx\" target=\"_blank\" rel=\"noopener noreferrer\">:http:\/\/www.doubleclick.com\/privacy\/dart_adserving.aspx<\/a>     <\/p>\n\n<p>Pute\u021bi alege s\u0103 dezactiva\u021bi sau s\u0103 dezactiva\u021bi selectiv cookie-urile noastre sau ale ter\u021bilor \u00een set\u0103rile browserului sau prin gestionarea preferin\u021belor \u00een programe precum Norton Internet Security. Cu toate acestea, acest lucru poate afecta modul \u00een care sunte\u021bi capabil s\u0103 interac\u021biona\u021bi cu site-ul nostru, precum \u0219i cu alte site-uri web. Aceasta ar putea include incapacitatea de a v\u0103 conecta la servicii sau programe, cum ar fi conectarea la forumuri sau conturi.  <\/p>\n\n<p>\u0218tergerea modulelor cookie nu \u00eenseamn\u0103 c\u0103 sunte\u021bi exclus definitiv din orice program de publicitate. Cu excep\u021bia cazului \u00een care ave\u021bi set\u0103ri care interzic cookie-urile, data viitoare c\u00e2nd vizita\u021bi un site pe care ruleaz\u0103 reclame, va fi ad\u0103ugat un nou cookie. <\/p>\n\n<p><strong>Urm\u0103rirea utiliz\u0103rii<\/strong><\/p>\n\n<p>Urm\u0103rim modelele de trafic ale utilizatorilor pe toate site-urile noastre. Cu toate acestea, nu corel\u0103m aceste informa\u021bii cu date despre utilizatori individuali. Statisticile sunt defalcate \u00een func\u021bie de numele de domeniu, tipul de browser \u0219i tipul MIME ale unui utilizator prin citirea acestor informa\u021bii din \u0219irul browserului (informa\u021bii con\u021binute \u00een browserul fiec\u0103rui utilizator).  <\/p>\n\n<p>Noi urm\u0103rim \u0219i catalog\u0103m termenii de c\u0103utare pe care un utilizator \u00eei introduce \u00een func\u021bia noastr\u0103 de c\u0103utare, dar aceast\u0103 urm\u0103rire nu este niciodat\u0103 asociat\u0103 cu utilizatori individuali. Utiliz\u0103m informa\u021biile de urm\u0103rire pentru a determina ce zone ale site-urilor noastre plac \u0219i ce nu plac utilizatorilor, pe baza traficului c\u0103tre acele zone. Nu urm\u0103rim ce citesc utilizatorii individuali, ci mai degrab\u0103 c\u00e2t de bine func\u021bioneaz\u0103 fiecare pagin\u0103 \u00een ansamblu. Acest lucru ne ajut\u0103 s\u0103 continu\u0103m s\u0103 construim un serviciu mai bun pentru dvs.   <\/p>\n\n<p><strong>Copii<\/strong><\/p>\n\n<p>Nu vom solicita niciodat\u0103 informa\u021bii de identificare personal\u0103 de la persoane cu v\u00e2rsta sub 18 ani f\u0103r\u0103 a solicita acordul p\u0103rin\u021bilor.<\/p>\n\n<p><strong>Utilizarea informa\u021biilor<\/strong><\/p>\n\n<p>Ac\u021bion\u0103m pe baza informa\u021biilor furnizate \u00een mod voluntar de c\u0103tre utilizatorii no\u0219tri pentru a \u00eembun\u0103t\u0103\u021bi experien\u021ba acestora \u00een re\u021beaua noastr\u0103 de site-uri, fie pentru a oferi elemente interactive sau personalizate pe site-uri, fie pentru a preg\u0103ti mai bine con\u021binutul viitor pe baza intereselor utilizatorilor no\u0219tri.<\/p>\n\n<p>Dup\u0103 cum s-a men\u021bionat mai sus, utiliz\u0103m informa\u021biile furnizate \u00een mod voluntar de utilizatori pentru a trimite buletine informative electronice \u0219i pentru a permite utilizatorilor s\u0103 participe la sondaje, anchete, forumuri \u0219i panouri de mesaje. Trimitem buletine informative abona\u021bilor dup\u0103 un program regulat (\u00een func\u021bie de buletinul informativ) \u0219i, ocazional, trimitem edi\u021bii speciale atunci c\u00e2nd credem c\u0103 abona\u021bii ar putea fi interesa\u021bi \u00een mod deosebit de ceva ce facem. Nu partaj\u0103m niciodat\u0103 listele de distribu\u021bie a buletinelor informative cu ter\u021bi, inclusiv cu agen\u021bii de publicitate, sponsori sau parteneri.  <\/p>\n\n<p>Atunci c\u00e2nd folosim informa\u021bii de urm\u0103rire pentru a determina ce zone ale site-urilor noastre plac \u0219i ce nu plac utilizatorilor, pe baza traficului c\u0103tre acele zone. Nu urm\u0103rim ce citesc utilizatorii individuali, ci mai degrab\u0103 c\u00e2t de bine func\u021bioneaz\u0103 fiecare pagin\u0103 \u00een ansamblu. Acest lucru ne ajut\u0103 s\u0103 continu\u0103m s\u0103 construim un serviciu mai bun pentru dvs. Urm\u0103rim termenii de c\u0103utare introdu\u0219i \u00een func\u021bia de c\u0103utare ca una dintre multele m\u0103suri ale intereselor utilizatorilor no\u0219tri. Dar nu urm\u0103rim ce termeni introduce un anumit utilizator.    <\/p>\n\n<p>Cre\u0103m rapoarte agregate privind datele demografice ale utilizatorilor \u0219i modelele de trafic pentru agen\u021bii de publicitate, sponsori \u0219i parteneri. Acest lucru le permite agen\u021bilor no\u0219tri de publicitate s\u0103 \u00ee\u0219i fac\u0103 publicitate mai eficient, iar utilizatorilor no\u0219tri s\u0103 primeasc\u0103 reclame care sunt relevante pentru nevoile lor. Deoarece nu urm\u0103rim modelele de utilizare ale utilizatorilor individuali, un agent de publicitate sau un sponsor nu va \u0219ti niciodat\u0103 c\u0103 un anumit utilizator a f\u0103cut clic pe anun\u021bul s\u0103u. Nu vom dezv\u0103lui nicio informa\u021bie despre niciun utilizator individual, cu excep\u021bia cazului \u00een care trebuie s\u0103 respect\u0103m legea aplicabil\u0103 sau un proces legal valabil sau pentru a proteja siguran\u021ba personal\u0103 a utilizatorilor no\u0219tri sau a publicului.   <\/p>\n\n<p><strong>SCHIMBUL DE INFORMA\u021aII<\/strong><\/p>\n\n<p>Utiliz\u0103m informa\u021biile descrise mai sus pentru a ne adapta con\u021binutul \u00een func\u021bie de nevoile dvs. \u0219i pentru a-i ajuta pe agen\u021bii no\u0219tri de publicitate s\u0103 \u00een\u021beleag\u0103 mai bine caracteristicile demografice ale publicului nostru. Acest lucru este esen\u021bial pentru a men\u021bine serviciul nostru gratuit. Nu vom \u00eemp\u0103rt\u0103\u0219i informa\u021bii despre utilizatorii individuali cu nicio ter\u021b\u0103 parte, cu excep\u021bia cazului \u00een care trebuie s\u0103 respect\u0103m legea aplicabil\u0103 sau un proces legal valabil sau pentru a proteja siguran\u021ba personal\u0103 a utilizatorilor no\u0219tri sau a publicului.  <\/p>\n\n<p><strong>SECURITATE<\/strong><\/p>\n\n<p>Oper\u0103m re\u021bele de date securizate, protejate de firewall-uri standard \u0219i sisteme de protec\u021bie prin parol\u0103. Politicile noastre de securitate \u0219i confiden\u021bialitate sunt revizuite periodic \u0219i \u00eembun\u0103t\u0103\u021bite \u00een func\u021bie de necesit\u0103\u021bi \u0219i numai persoanele autorizate au acces la informa\u021biile furnizate de clien\u021bii no\u0219tri. <\/p>\n\n<p><strong>CONSIM\u021a\u0102M\u00c2NTUL DUMNEAVOASTR\u0102<\/strong><\/p>\n\n<p>Prin utilizarea site-urilor noastre, sunte\u021bi de acord cu colectarea \u0219i utilizarea acestor informa\u021bii. \u00cen cazul \u00een care decidem s\u0103 ne modific\u0103m politica de confiden\u021bialitate, vom publica modific\u0103rile respective pe aceast\u0103 pagin\u0103, astfel \u00eenc\u00e2t s\u0103 fi\u021bi \u00eentotdeauna la curent cu informa\u021biile pe care le colect\u0103m, cu modul \u00een care le utiliz\u0103m \u0219i \u00een ce circumstan\u021be le dezv\u0103luim. <\/p>\n","protected":false},"excerpt":{"rendered":"<p>Politica de confiden\u021bialitate Site-ul pe care \u00eel vizita\u021bi este de\u021binut \u0219i operat de Green Building Europe. Confiden\u021bialitatea dumneavoastr\u0103 pe internet este de cea mai mare importan\u021b\u0103 pentru noi. La Green Building Europe, dorim s\u0103 v\u0103 facem experien\u021ba online satisf\u0103c\u0103toare \u0219i [&hellip;]<\/p>\n","protected":false},"author":93,"featured_media":0,"parent":0,"menu_order":0,"comment_status":"closed","ping_status":"closed","template":"","meta":{"_uag_custom_page_level_css":"","site-sidebar-layout":"default","site-content-layout":"default","ast-site-content-layout":"default","site-content-style":"default","site-sidebar-style":"default","ast-global-header-display":"","ast-banner-title-visibility":"","ast-main-header-display":"","ast-hfb-above-header-display":"","ast-hfb-below-header-display":"","ast-hfb-mobile-header-display":"","site-post-title":"disabled","ast-breadcrumbs-content":"","ast-featured-img":"","footer-sml-layout":"","ast-disable-related-posts":"","theme-transparent-header-meta":"default","adv-header-id-meta":"","stick-header-meta":"default","header-above-stick-meta":"","header-main-stick-meta":"","header-below-stick-meta":"","astra-migrate-meta-layouts":"default","ast-page-background-enabled":"default","ast-page-background-meta":{"desktop":{"background-color":"var(--ast-global-color-4)","background-image":"","background-repeat":"repeat","background-position":"center center","background-size":"auto","background-attachment":"scroll","background-type":"","background-media":"","overlay-type":"","overlay-color":"","overlay-opacity":"","overlay-gradient":""},"tablet":{"background-color":"","background-image":"","background-repeat":"repeat","background-position":"center center","background-size":"auto","background-attachment":"scroll","background-type":"","background-media":"","overlay-type":"","overlay-color":"","overlay-opacity":"","overlay-gradient":""},"mobile":{"background-color":"","background-image":"","background-repeat":"repeat","background-position":"center center","background-size":"auto","background-attachment":"scroll","background-type":"","background-media":"","overlay-type":"","overlay-color":"","overlay-opacity":"","overlay-gradient":""}},"ast-content-background-meta":{"desktop":{"background-color":"var(--ast-global-color-5)","background-image":"","background-repeat":"repeat","background-position":"center center","background-size":"auto","background-attachment":"scroll","background-type":"","background-media":"","overlay-type":"","overlay-color":"","overlay-opacity":"","overlay-gradient":""},"tablet":{"background-color":"var(--ast-global-color-5)","background-image":"","background-repeat":"repeat","background-position":"center center","background-size":"auto","background-attachment":"scroll","background-type":"","background-media":"","overlay-type":"","overlay-color":"","overlay-opacity":"","overlay-gradient":""},"mobile":{"background-color":"var(--ast-global-color-5)","background-image":"","background-repeat":"repeat","background-position":"center center","background-size":"auto","background-attachment":"scroll","background-type":"","background-media":"","overlay-type":"","overlay-color":"","overlay-opacity":"","overlay-gradient":""}},"footnotes":""},"class_list":["post-57120","page","type-page","status-publish","hentry"],"uagb_featured_image_src":{"full":false,"thumbnail":false,"medium":false,"medium_large":false,"large":false,"1536x1536":false,"2048x2048":false},"uagb_author_info":{"display_name":"","author_link":"https:\/\/greenbuildingeurope.eu\/ro\/author\/"},"uagb_comment_info":0,"uagb_excerpt":"Politica de confiden\u021bialitate Site-ul pe care \u00eel vizita\u021bi este de\u021binut \u0219i operat de Green Building Europe. Confiden\u021bialitatea dumneavoastr\u0103 pe internet este de cea mai mare importan\u021b\u0103 pentru noi. La Green Building Europe, dorim s\u0103 v\u0103 facem experien\u021ba online satisf\u0103c\u0103toare \u0219i [&hellip;]","_links":{"self":[{"href":"https:\/\/greenbuildingeurope.eu\/ro\/wp-json\/wp\/v2\/pages\/57120","targetHints":{"allow":["GET"]}}],"collection":[{"href":"https:\/\/greenbuildingeurope.eu\/ro\/wp-json\/wp\/v2\/pages"}],"about":[{"href":"https:\/\/greenbuildingeurope.eu\/ro\/wp-json\/wp\/v2\/types\/page"}],"author":[{"embeddable":true,"href":"https:\/\/greenbuildingeurope.eu\/ro\/wp-json\/wp\/v2\/users\/93"}],"replies":[{"embeddable":true,"href":"https:\/\/greenbuildingeurope.eu\/ro\/wp-json\/wp\/v2\/comments?post=57120"}],"version-history":[{"count":0,"href":"https:\/\/greenbuildingeurope.eu\/ro\/wp-json\/wp\/v2\/pages\/57120\/revisions"}],"wp:attachment":[{"href":"https:\/\/greenbuildingeurope.eu\/ro\/wp-json\/wp\/v2\/media?parent=57120"}],"curies":[{"name":"wp","href":"https:\/\/api.w.org\/{rel}","templated":true}]}}