{"id":56885,"date":"2025-03-31T14:13:21","date_gmt":"2025-03-31T12:13:21","guid":{"rendered":"https:\/\/greenbuildingeurope.eu\/?page_id=56885"},"modified":"2025-04-10T16:08:59","modified_gmt":"2025-04-10T14:08:59","slug":"om-oss","status":"publish","type":"page","link":"https:\/\/greenbuildingeurope.eu\/sv\/om-oss\/","title":{"rendered":"Om oss"},"content":{"rendered":"\n<h1 class=\"wp-block-heading has-text-align-center\">V\u00e4lkommen!<\/h1>\n\n<hr class=\"wp-block-separator has-alpha-channel-opacity\"\/>\n\n<p><br\/>Green Building Europe \u00e4r ett n\u00e4tverk som sammanf\u00f6r h\u00e5llbarhetsinriktade yrkesverksamma inom gr\u00f6nt byggande och hus\u00e4gare med leverant\u00f6rer av energieffektiva och h\u00e5llbara produkter. V\u00e5rt uppdrag \u00e4r att fr\u00e4mja gr\u00f6nt byggande som ett s\u00e4tt att minska den enorma p\u00e5verkan som byggnader och byggande har p\u00e5 milj\u00f6n. Vi g\u00f6r det genom utbildning, n\u00e4tverkande och upps\u00f6kande verksamhet.    <\/p>\n\n<p>Med v\u00e5rt bibliotek av guider, artiklar och nyhetsbrev<a href=\"https:\/\/greenbuildingeurope.eu\/sv\/prenumerera\/\">(anm\u00e4l dig h\u00e4r)<\/a> vill vi informera och inspirera l\u00e4sarna till ett h\u00e5llbart byggande. F\u00f6r att st\u00f6dja branschen fungerar vi som ett nav som sammanf\u00f6r leverant\u00f6rer av h\u00e5llbara produkter och tj\u00e4nster med dem som s\u00f6ker efter dem. Vi fr\u00e4mjar v\u00e5rt m\u00e5l genom att underl\u00e4tta handeln mellan leverant\u00f6rer av h\u00e5llbara byggprodukter i Europa och andra l\u00e4nder.    <\/p>\n\n<div class=\"wp-block-uagb-container uagb-block-81543e0d alignfull uagb-is-root-container\"><div class=\"uagb-container-inner-blocks-wrap\">\n<div class=\"wp-block-uagb-call-to-action uagb-block-94f9622d wp-block-button\"><div class=\"uagb-cta__wrap\"><h3 class=\"uagb-cta__title\">Expandera ditt varum\u00e4rke<\/h3><p class=\"uagb-cta__desc\">Kontakta oss f\u00f6r mer information om hur vi kan hj\u00e4lpa ditt varum\u00e4rke att n\u00e5 sin f\u00f6rs\u00e4ljningspotential<\/p><\/div><div class=\"uagb-cta__buttons\"><a href=\"\/sv\/?page_id=56915\" class=\"uagb-cta__button-link-wrapper wp-block-button__link\" target=\"_self\" rel=\"noopener noreferrer\">Kontakta oss<svg xmlns=\"https:\/\/www.w3.org\/2000\/svg\" viewbox=\"0 0 512 512\"><path d=\"M504.3 273.6l-112.1 104c-6.992 6.484-17.18 8.218-25.94 4.406c-8.758-3.812-14.42-12.45-14.42-21.1L351.9 288H32C14.33 288 .0002 273.7 .0002 255.1S14.33 224 32 224h319.9l0-72c0-9.547 5.66-18.19 14.42-22c8.754-3.809 18.95-2.075 25.94 4.41l112.1 104C514.6 247.9 514.6 264.1 504.3 273.6z\"><\/path><\/svg><\/a><\/div><\/div>\n<\/div><\/div>\n","protected":false},"excerpt":{"rendered":"<p>V\u00e4lkommen! Green Building Europe \u00e4r ett n\u00e4tverk som sammanf\u00f6r h\u00e5llbarhetsinriktade yrkesverksamma inom gr\u00f6nt byggande och hus\u00e4gare med leverant\u00f6rer av energieffektiva och h\u00e5llbara produkter. V\u00e5rt uppdrag \u00e4r att fr\u00e4mja gr\u00f6nt byggande som ett s\u00e4tt att minska den enorma p\u00e5verkan som byggnader [&hellip;]<\/p>\n","protected":false},"author":93,"featured_media":0,"parent":0,"menu_order":0,"comment_status":"closed","ping_status":"closed","template":"","meta":{"_uag_custom_page_level_css":"","site-sidebar-layout":"default","site-content-layout":"","ast-site-content-layout":"default","site-content-style":"default","site-sidebar-style":"default","ast-global-header-display":"","ast-banner-title-visibility":"","ast-main-header-display":"","ast-hfb-above-header-display":"","ast-hfb-below-header-display":"","ast-hfb-mobile-header-display":"","site-post-title":"disabled","ast-breadcrumbs-content":"","ast-featured-img":"","footer-sml-layout":"","ast-disable-related-posts":"","theme-transparent-header-meta":"","adv-header-id-meta":"","stick-header-meta":"","header-above-stick-meta":"","header-main-stick-meta":"","header-below-stick-meta":"","astra-migrate-meta-layouts":"set","ast-page-background-enabled":"default","ast-page-background-meta":{"desktop":{"background-color":"var(--ast-global-color-4)","background-image":"","background-repeat":"repeat","background-position":"center center","background-size":"auto","background-attachment":"scroll","background-type":"","background-media":"","overlay-type":"","overlay-color":"","overlay-opacity":"","overlay-gradient":""},"tablet":{"background-color":"","background-image":"","background-repeat":"repeat","background-position":"center center","background-size":"auto","background-attachment":"scroll","background-type":"","background-media":"","overlay-type":"","overlay-color":"","overlay-opacity":"","overlay-gradient":""},"mobile":{"background-color":"","background-image":"","background-repeat":"repeat","background-position":"center center","background-size":"auto","background-attachment":"scroll","background-type":"","background-media":"","overlay-type":"","overlay-color":"","overlay-opacity":"","overlay-gradient":""}},"ast-content-background-meta":{"desktop":{"background-color":"var(--ast-global-color-5)","background-image":"","background-repeat":"repeat","background-position":"center center","background-size":"auto","background-attachment":"scroll","background-type":"","background-media":"","overlay-type":"","overlay-color":"","overlay-opacity":"","overlay-gradient":""},"tablet":{"background-color":"var(--ast-global-color-5)","background-image":"","background-repeat":"repeat","background-position":"center center","background-size":"auto","background-attachment":"scroll","background-type":"","background-media":"","overlay-type":"","overlay-color":"","overlay-opacity":"","overlay-gradient":""},"mobile":{"background-color":"var(--ast-global-color-5)","background-image":"","background-repeat":"repeat","background-position":"center center","background-size":"auto","background-attachment":"scroll","background-type":"","background-media":"","overlay-type":"","overlay-color":"","overlay-opacity":"","overlay-gradient":""}},"footnotes":""},"class_list":["post-56885","page","type-page","status-publish","hentry"],"uagb_featured_image_src":{"full":false,"thumbnail":false,"medium":false,"medium_large":false,"large":false,"1536x1536":false,"2048x2048":false},"uagb_author_info":{"display_name":"","author_link":"https:\/\/greenbuildingeurope.eu\/sv\/author\/"},"uagb_comment_info":0,"uagb_excerpt":"V\u00e4lkommen! Green Building Europe \u00e4r ett n\u00e4tverk som sammanf\u00f6r h\u00e5llbarhetsinriktade yrkesverksamma inom gr\u00f6nt byggande och hus\u00e4gare med leverant\u00f6rer av energieffektiva och h\u00e5llbara produkter. V\u00e5rt uppdrag \u00e4r att fr\u00e4mja gr\u00f6nt byggande som ett s\u00e4tt att minska den enorma p\u00e5verkan som byggnader [&hellip;]","_links":{"self":[{"href":"https:\/\/greenbuildingeurope.eu\/sv\/wp-json\/wp\/v2\/pages\/56885","targetHints":{"allow":["GET"]}}],"collection":[{"href":"https:\/\/greenbuildingeurope.eu\/sv\/wp-json\/wp\/v2\/pages"}],"about":[{"href":"https:\/\/greenbuildingeurope.eu\/sv\/wp-json\/wp\/v2\/types\/page"}],"author":[{"embeddable":true,"href":"https:\/\/greenbuildingeurope.eu\/sv\/wp-json\/wp\/v2\/users\/93"}],"replies":[{"embeddable":true,"href":"https:\/\/greenbuildingeurope.eu\/sv\/wp-json\/wp\/v2\/comments?post=56885"}],"version-history":[{"count":0,"href":"https:\/\/greenbuildingeurope.eu\/sv\/wp-json\/wp\/v2\/pages\/56885\/revisions"}],"wp:attachment":[{"href":"https:\/\/greenbuildingeurope.eu\/sv\/wp-json\/wp\/v2\/media?parent=56885"}],"curies":[{"name":"wp","href":"https:\/\/api.w.org\/{rel}","templated":true}]}}