{"id":57112,"date":"2025-04-10T11:00:46","date_gmt":"2025-04-10T09:00:46","guid":{"rendered":"https:\/\/greenbuildingeurope.eu\/?page_id=57112"},"modified":"2025-04-11T00:33:04","modified_gmt":"2025-04-10T22:33:04","slug":"villkor-och-anvisningar","status":"publish","type":"page","link":"https:\/\/greenbuildingeurope.eu\/sv\/villkor-och-anvisningar\/","title":{"rendered":"Villkor och anvisningar"},"content":{"rendered":"\n<h1 class=\"wp-block-heading has-text-align-center\">Villkor och anvisningar<\/h1>\n\n<hr class=\"wp-block-separator has-alpha-channel-opacity\"\/>\n\n<p>V\u00e4lkommen till v\u00e5r webbplats. Om du forts\u00e4tter att surfa och anv\u00e4nda denna webbplats samtycker du till att f\u00f6lja och vara bunden av f\u00f6ljande anv\u00e4ndarvillkor, som tillsammans med v\u00e5r integritetspolicy reglerar Green Building Europes f\u00f6rh\u00e5llande till dig i f\u00f6rh\u00e5llande till denna webbplats. Om du inte h\u00e5ller med om n\u00e5gon del av dessa villkor och best\u00e4mmelser, v\u00e4nligen anv\u00e4nd inte v\u00e5r webbplats.  <\/p>\n\n<p>Termen &#8221;Green Building Europe&#8221; eller &#8221;oss&#8221; eller &#8221;vi&#8221; avser \u00e4garen av webbplatsen. Termen &#8221;du&#8221; avser anv\u00e4ndaren eller tittaren p\u00e5 v\u00e5r webbplats. <\/p>\n\n<p>Anv\u00e4ndningen av denna webbplats \u00e4r underkastad f\u00f6ljande anv\u00e4ndarvillkor:<\/p>\n\n<ul class=\"wp-block-list\">\n<li>Inneh\u00e5llet p\u00e5 sidorna p\u00e5 denna webbplats \u00e4r endast avsett f\u00f6r allm\u00e4n information och anv\u00e4ndning. Det kan komma att \u00e4ndras utan f\u00f6reg\u00e5ende meddelande. <\/li>\n\n\n\n<li>Denna webbplats anv\u00e4nder cookies f\u00f6r att \u00f6vervaka webbl\u00e4sarens preferenser. Om du till\u00e5ter att cookies anv\u00e4nds kan f\u00f6ljande personuppgifter lagras av oss f\u00f6r att anv\u00e4ndas av tredje part: Google Analytics, Google Adsense, Google Adwords. <\/li>\n\n\n\n<li>Varken vi eller n\u00e5gon tredje part l\u00e4mnar n\u00e5gon garanti f\u00f6r att den information och det material som finns eller erbjuds p\u00e5 denna webbplats \u00e4r korrekt, aktuell, \u00e4ndam\u00e5lsenlig, fullst\u00e4ndig eller l\u00e4mplig f\u00f6r n\u00e5got s\u00e4rskilt \u00e4ndam\u00e5l. Du bekr\u00e4ftar att s\u00e5dan information och s\u00e5dant material kan inneh\u00e5lla felaktigheter eller fel och vi utesluter uttryckligen ansvar f\u00f6r s\u00e5dana felaktigheter eller fel i den utstr\u00e4ckning som lagen till\u00e5ter. <\/li>\n\n\n\n<li>Anv\u00e4ndningen av information eller material p\u00e5 denna webbplats sker helt p\u00e5 egen risk, f\u00f6r vilken vi inte kan h\u00e5llas ansvariga. Det \u00e4r ditt eget ansvar att se till att produkter, tj\u00e4nster eller information som finns tillg\u00e4nglig via denna webbplats uppfyller dina specifika krav. <\/li>\n\n\n\n<li>Denna webbplats inneh\u00e5ller material som \u00e4gs av eller \u00e4r licensierat till oss. Detta material inkluderar, men \u00e4r inte begr\u00e4nsat till, design, layout, utseende, utseende och grafik. Reproduktion \u00e4r f\u00f6rbjuden annat \u00e4n i enlighet med upphovsr\u00e4ttsmeddelandet, som utg\u00f6r en del av dessa villkor.  <\/li>\n\n\n\n<li>Alla varum\u00e4rken som \u00e5terges p\u00e5 denna webbplats och som inte tillh\u00f6r eller \u00e4r licensierade till operat\u00f6ren anges p\u00e5 webbplatsen.<\/li>\n\n\n\n<li>Obeh\u00f6rig anv\u00e4ndning av denna webbplats kan ge upphov till skadest\u00e5ndsanspr\u00e5k och\/eller utg\u00f6ra ett brott.<\/li>\n\n\n\n<li>Fr\u00e5n tid till annan kan denna webbplats ocks\u00e5 inneh\u00e5lla l\u00e4nkar till andra webbplatser. Dessa l\u00e4nkar tillhandah\u00e5lls f\u00f6r din bekv\u00e4mlighet f\u00f6r att ge ytterligare information. De inneb\u00e4r inte att vi st\u00f6djer webbplatsen\/webbplatserna. Vi har inget ansvar f\u00f6r inneh\u00e5llet p\u00e5 den eller de l\u00e4nkade webbplatserna.   <\/li>\n\n\n\n<li>Din anv\u00e4ndning av denna webbplats och eventuella tvister som uppst\u00e5r p\u00e5 grund av s\u00e5dan anv\u00e4ndning av webbplatsen omfattas av italiensk lag.<\/li>\n<\/ul>\n\n<h2 class=\"wp-block-heading has-text-align-center\">Ansvarsfriskrivning f\u00f6r webbplatsen<\/h2>\n\n<hr class=\"wp-block-separator has-alpha-channel-opacity\"\/>\n\n<div>\n<p>Informationen p\u00e5 denna webbplats \u00e4r endast avsedd som allm\u00e4n information. Informationen tillhandah\u00e5lls av Green Building Europe och \u00e4ven om vi str\u00e4var efter att h\u00e5lla informationen uppdaterad och korrekt, g\u00f6r vi inga utf\u00e4stelser eller garantier av n\u00e5got slag, uttryckliga eller underf\u00f6rst\u00e5dda, om fullst\u00e4ndighet, noggrannhet, tillf\u00f6rlitlighet, l\u00e4mplighet eller tillg\u00e4nglighet med avseende p\u00e5 webbplatsen eller informationen, produkterna, tj\u00e4nsterna eller relaterad grafik som finns p\u00e5 webbplatsen f\u00f6r n\u00e5got \u00e4ndam\u00e5l. Om du f\u00f6rlitar dig p\u00e5 s\u00e5dan information sker det d\u00e4rf\u00f6r p\u00e5 egen risk.  <\/p>\n<p>Under inga omst\u00e4ndigheter kommer vi att vara ansvariga f\u00f6r n\u00e5gon f\u00f6rlust eller skada, inklusive utan begr\u00e4nsning, indirekt eller f\u00f6ljdf\u00f6rlust eller skada, eller n\u00e5gon f\u00f6rlust eller skada som uppst\u00e5r p\u00e5 grund av f\u00f6rlust av data eller vinst som uppst\u00e5r p\u00e5 grund av eller i samband med anv\u00e4ndningen av denna webbplats.<\/p>\n<p>Via denna webbplats har du m\u00f6jlighet att l\u00e4nka till andra webbplatser som inte kontrolleras av Green Building Europe. Vi har ingen kontroll \u00f6ver dessa webbplatsers karakt\u00e4r, inneh\u00e5ll och tillg\u00e4nglighet. Inf\u00f6randet av l\u00e4nkar inneb\u00e4r inte n\u00f6dv\u00e4ndigtvis en rekommendation eller ett st\u00f6d f\u00f6r de \u00e5sikter som uttrycks i dem.  <\/p>\n<p>Vi g\u00f6r v\u00e5rt yttersta f\u00f6r att webbplatsen ska fungera smidigt. Green Building Europe tar dock inget ansvar f\u00f6r att webbplatsen tillf\u00e4lligt inte \u00e4r tillg\u00e4nglig p\u00e5 grund av tekniska problem som ligger utanf\u00f6r v\u00e5r kontroll. <\/p>\n<\/div>\n","protected":false},"excerpt":{"rendered":"<p>Villkor och anvisningar V\u00e4lkommen till v\u00e5r webbplats. Om du forts\u00e4tter att surfa och anv\u00e4nda denna webbplats samtycker du till att f\u00f6lja och vara bunden av f\u00f6ljande anv\u00e4ndarvillkor, som tillsammans med v\u00e5r integritetspolicy reglerar Green Building Europes f\u00f6rh\u00e5llande till dig i [&hellip;]<\/p>\n","protected":false},"author":93,"featured_media":0,"parent":0,"menu_order":0,"comment_status":"open","ping_status":"closed","template":"","meta":{"_uag_custom_page_level_css":"","site-sidebar-layout":"default","site-content-layout":"default","ast-site-content-layout":"default","site-content-style":"default","site-sidebar-style":"default","ast-global-header-display":"","ast-banner-title-visibility":"","ast-main-header-display":"","ast-hfb-above-header-display":"","ast-hfb-below-header-display":"","ast-hfb-mobile-header-display":"","site-post-title":"disabled","ast-breadcrumbs-content":"","ast-featured-img":"","footer-sml-layout":"","ast-disable-related-posts":"","theme-transparent-header-meta":"default","adv-header-id-meta":"","stick-header-meta":"default","header-above-stick-meta":"","header-main-stick-meta":"","header-below-stick-meta":"","astra-migrate-meta-layouts":"default","ast-page-background-enabled":"default","ast-page-background-meta":{"desktop":{"background-color":"var(--ast-global-color-4)","background-image":"","background-repeat":"repeat","background-position":"center center","background-size":"auto","background-attachment":"scroll","background-type":"","background-media":"","overlay-type":"","overlay-color":"","overlay-opacity":"","overlay-gradient":""},"tablet":{"background-color":"","background-image":"","background-repeat":"repeat","background-position":"center center","background-size":"auto","background-attachment":"scroll","background-type":"","background-media":"","overlay-type":"","overlay-color":"","overlay-opacity":"","overlay-gradient":""},"mobile":{"background-color":"","background-image":"","background-repeat":"repeat","background-position":"center center","background-size":"auto","background-attachment":"scroll","background-type":"","background-media":"","overlay-type":"","overlay-color":"","overlay-opacity":"","overlay-gradient":""}},"ast-content-background-meta":{"desktop":{"background-color":"var(--ast-global-color-5)","background-image":"","background-repeat":"repeat","background-position":"center center","background-size":"auto","background-attachment":"scroll","background-type":"","background-media":"","overlay-type":"","overlay-color":"","overlay-opacity":"","overlay-gradient":""},"tablet":{"background-color":"var(--ast-global-color-5)","background-image":"","background-repeat":"repeat","background-position":"center center","background-size":"auto","background-attachment":"scroll","background-type":"","background-media":"","overlay-type":"","overlay-color":"","overlay-opacity":"","overlay-gradient":""},"mobile":{"background-color":"var(--ast-global-color-5)","background-image":"","background-repeat":"repeat","background-position":"center center","background-size":"auto","background-attachment":"scroll","background-type":"","background-media":"","overlay-type":"","overlay-color":"","overlay-opacity":"","overlay-gradient":""}},"footnotes":""},"class_list":["post-57112","page","type-page","status-publish","hentry"],"uagb_featured_image_src":{"full":false,"thumbnail":false,"medium":false,"medium_large":false,"large":false,"1536x1536":false,"2048x2048":false},"uagb_author_info":{"display_name":"","author_link":"https:\/\/greenbuildingeurope.eu\/sv\/author\/"},"uagb_comment_info":0,"uagb_excerpt":"Villkor och anvisningar V\u00e4lkommen till v\u00e5r webbplats. Om du forts\u00e4tter att surfa och anv\u00e4nda denna webbplats samtycker du till att f\u00f6lja och vara bunden av f\u00f6ljande anv\u00e4ndarvillkor, som tillsammans med v\u00e5r integritetspolicy reglerar Green Building Europes f\u00f6rh\u00e5llande till dig i [&hellip;]","_links":{"self":[{"href":"https:\/\/greenbuildingeurope.eu\/sv\/wp-json\/wp\/v2\/pages\/57112","targetHints":{"allow":["GET"]}}],"collection":[{"href":"https:\/\/greenbuildingeurope.eu\/sv\/wp-json\/wp\/v2\/pages"}],"about":[{"href":"https:\/\/greenbuildingeurope.eu\/sv\/wp-json\/wp\/v2\/types\/page"}],"author":[{"embeddable":true,"href":"https:\/\/greenbuildingeurope.eu\/sv\/wp-json\/wp\/v2\/users\/93"}],"replies":[{"embeddable":true,"href":"https:\/\/greenbuildingeurope.eu\/sv\/wp-json\/wp\/v2\/comments?post=57112"}],"version-history":[{"count":0,"href":"https:\/\/greenbuildingeurope.eu\/sv\/wp-json\/wp\/v2\/pages\/57112\/revisions"}],"wp:attachment":[{"href":"https:\/\/greenbuildingeurope.eu\/sv\/wp-json\/wp\/v2\/media?parent=57112"}],"curies":[{"name":"wp","href":"https:\/\/api.w.org\/{rel}","templated":true}]}}