{"id":57125,"date":"2025-04-10T13:00:06","date_gmt":"2025-04-10T11:00:06","guid":{"rendered":"https:\/\/greenbuildingeurope.eu\/?page_id=57125"},"modified":"2025-04-11T00:33:03","modified_gmt":"2025-04-10T22:33:03","slug":"integritetspolicy","status":"publish","type":"page","link":"https:\/\/greenbuildingeurope.eu\/sv\/integritetspolicy\/","title":{"rendered":"Integritetspolicy"},"content":{"rendered":"\n<h1 class=\"wp-block-heading has-text-align-center\">Integritetspolicy<\/h1>\n\n<hr class=\"wp-block-separator has-alpha-channel-opacity\"\/>\n\n<p>Den webbplats du bes\u00f6ker \u00e4gs och drivs av Green Building Europe. Din integritet p\u00e5 Internet \u00e4r av yttersta vikt f\u00f6r oss. P\u00e5 Green Building Europe vill vi g\u00f6ra din upplevelse online tillfredsst\u00e4llande och s\u00e4ker. Eftersom vi samlar in vissa typer av information om v\u00e5ra anv\u00e4ndare anser vi att du b\u00f6r f\u00f6rst\u00e5 v\u00e5r policy och de villkor som g\u00e4ller f\u00f6r insamling och anv\u00e4ndning av den informationen. Denna sekretesspolicy beskriver vilken information vi samlar in och hur denna information anv\u00e4nds.    <\/p>\n\n<p><strong>Integritet<\/strong><\/p>\n\n<p>Vi \u00e4r medvetna om att det \u00e4r viktigt att skydda din personliga information. H\u00e4r f\u00f6ljer information om vilka typer av personuppgifter vi tar emot och samlar in n\u00e4r du anv\u00e4nder och bes\u00f6ker denna webbplats och hur vi skyddar din information. Vi s\u00e4ljer aldrig din personliga information till tredje part.  <\/p>\n\n<p><strong>Loggfiler<\/strong><\/p>\n\n<p>Precis som p\u00e5 de flesta andra webbplatser samlar vi in och anv\u00e4nder data i loggfiler. Informationen i loggfilerna omfattar din IP-adress (internetprotokoll), din ISP (internetleverant\u00f6r, t.ex. Vodafone eller Orange), den webbl\u00e4sare du anv\u00e4nde f\u00f6r att bes\u00f6ka v\u00e5r webbplats (t.ex. Chrome eller Firefox), den tid du bes\u00f6kte v\u00e5r webbplats och vilka sidor du bes\u00f6kte p\u00e5 v\u00e5r webbplats. <\/p>\n\n<p><strong>Cookies och webb-beacons<\/strong><\/p>\n\n<p>Vi anv\u00e4nder cookies f\u00f6r att lagra information, t.ex. dina personliga preferenser n\u00e4r du bes\u00f6ker v\u00e5r webbplats. Det kan till exempel handla om att du bara ska se en popup en g\u00e5ng under ditt bes\u00f6k eller att du ska kunna logga in p\u00e5 vissa av v\u00e5ra funktioner, till exempel forum. <\/p>\n\n<p>Vi anv\u00e4nder ocks\u00e5 annonser fr\u00e5n tredje part f\u00f6r att st\u00f6dja denna webbplats. Vissa av dessa annons\u00f6rer kan anv\u00e4nda teknik som cookies och webbsignaler n\u00e4r de annonserar p\u00e5 v\u00e5r webbplats, vilket ocks\u00e5 skickar dessa annons\u00f6rer (till exempel Google via Google AdSense-programmet) information inklusive din IP-adress, din Internetleverant\u00f6r, webbl\u00e4saren du anv\u00e4nde f\u00f6r att bes\u00f6ka v\u00e5r webbplats och i vissa fall om du har Flash installerat. Detta anv\u00e4nds i allm\u00e4nhet f\u00f6r geotargeting (t.ex. att visa fastighetsannonser fr\u00e5n New York f\u00f6r n\u00e5gon i New York) eller f\u00f6r att visa vissa annonser baserat p\u00e5 specifika bes\u00f6kta webbplatser (t.ex. att visa matlagningsannonser f\u00f6r n\u00e5gon som bes\u00f6ker matlagningssajter).  <\/p>\n\n<p><strong>DoubleClick DART-cookies<\/strong><\/p>\n\n<p>Vi kan ocks\u00e5 anv\u00e4nda DART-cookies f\u00f6r annonsering via Googles DoubleClick, som placerar en cookie p\u00e5 din dator n\u00e4r du surfar p\u00e5 webben och bes\u00f6ker en webbplats som anv\u00e4nder DoubleClick-annonsering (inklusive vissa Google AdSense-annonser). Den h\u00e4r cookien anv\u00e4nds f\u00f6r att visa annonser som \u00e4r specifika f\u00f6r dig och dina intressen (&#8221;intressebaserad inriktning&#8221;). Annonserna som visas kommer att riktas baserat p\u00e5 din tidigare surfhistorik (om du till exempel har tittat p\u00e5 webbplatser om att bes\u00f6ka Las Vegas kan du se Las Vegas-hotellannonser n\u00e4r du tittar p\u00e5 en icke-relaterad webbplats, till exempel p\u00e5 en webbplats om hockey). DART anv\u00e4nder &#8221;icke-personligt identifierbar information&#8221;. Den sp\u00e5rar INTE personlig information om dig, till exempel ditt namn, e-postadress, fysisk adress, telefonnummer, personnummer, bankkontonummer eller kreditkortsnummer. Du kan v\u00e4lja bort denna annonsering p\u00e5 alla webbplatser som anv\u00e4nder denna annonsering genom att bes\u00f6ka<a href=\"http:\/\/www.doubleclick.com\/privacy\/dart_adserving.aspx\" target=\"_blank\" rel=\"noopener noreferrer\">:http:\/\/www.doubleclick.com\/privacy\/dart_adserving.aspx<\/a>     <\/p>\n\n<p>Du kan v\u00e4lja att inaktivera eller selektivt st\u00e4nga av v\u00e5ra cookies eller cookies fr\u00e5n tredje part i webbl\u00e4sarinst\u00e4llningarna eller genom att hantera inst\u00e4llningar i program som Norton Internet Security. Detta kan dock p\u00e5verka hur du kan interagera med v\u00e5r webbplats och andra webbplatser. Detta kan inkludera of\u00f6rm\u00e5ga att logga in p\u00e5 tj\u00e4nster eller program, till exempel att logga in p\u00e5 forum eller konton.  <\/p>\n\n<p>Att radera cookies inneb\u00e4r inte att du permanent har avbrutit ditt deltagande i n\u00e5got annonsprogram. Om du inte har inst\u00e4llningar som g\u00f6r att cookies inte till\u00e5ts kommer en ny cookie att l\u00e4ggas till n\u00e4sta g\u00e5ng du bes\u00f6ker en webbplats som k\u00f6r annonserna. <\/p>\n\n<p><strong>Sp\u00e5rning av anv\u00e4ndning<\/strong><\/p>\n\n<p>Vi sp\u00e5rar anv\u00e4ndarnas trafikm\u00f6nster p\u00e5 alla v\u00e5ra webbplatser. Vi korrelerar dock inte denna information med uppgifter om enskilda anv\u00e4ndare. Statistiken delas upp enligt en anv\u00e4ndares dom\u00e4nnamn, webbl\u00e4sartyp och MIME-typ genom att l\u00e4sa denna information fr\u00e5n webbl\u00e4sarstr\u00e4ngen (information som finns i varje anv\u00e4ndares webbl\u00e4sare).  <\/p>\n\n<p>Vi sp\u00e5rar och katalogiserar de s\u00f6ktermer som en anv\u00e4ndare anger i v\u00e5r s\u00f6kfunktion, men denna sp\u00e5rning \u00e4r aldrig kopplad till enskilda anv\u00e4ndare. Vi anv\u00e4nder sp\u00e5rningsinformation f\u00f6r att avg\u00f6ra vilka omr\u00e5den p\u00e5 v\u00e5ra webbplatser som anv\u00e4ndarna gillar och inte gillar baserat p\u00e5 trafiken till dessa omr\u00e5den. Vi sp\u00e5rar inte vad enskilda anv\u00e4ndare l\u00e4ser, utan snarare hur bra varje sida presterar totalt sett. Detta hj\u00e4lper oss att forts\u00e4tta bygga en b\u00e4ttre tj\u00e4nst f\u00f6r dig.   <\/p>\n\n<p><strong>Barn och ungdomar<\/strong><\/p>\n\n<p>Vi kommer aldrig att beg\u00e4ra personligt identifierbar information fr\u00e5n n\u00e5gon under 18 \u00e5r utan att be om f\u00f6r\u00e4ldrarnas samtycke.<\/p>\n\n<p><strong>Anv\u00e4ndning av information<\/strong><\/p>\n\n<p>Vi agerar p\u00e5 information som v\u00e5ra anv\u00e4ndare frivilligt l\u00e4mnar till oss f\u00f6r att f\u00f6rb\u00e4ttra deras upplevelse av v\u00e5rt n\u00e4tverk av webbplatser, oavsett om det g\u00e4ller att tillhandah\u00e5lla interaktiva eller personliga element p\u00e5 webbplatserna eller f\u00f6r att b\u00e4ttre f\u00f6rbereda framtida inneh\u00e5ll baserat p\u00e5 v\u00e5ra anv\u00e4ndares intressen.<\/p>\n\n<p>Som n\u00e4mnts ovan anv\u00e4nder vi information som anv\u00e4ndare frivilligt l\u00e4mnar f\u00f6r att skicka ut elektroniska nyhetsbrev och f\u00f6r att g\u00f6ra det m\u00f6jligt f\u00f6r anv\u00e4ndare att delta i omr\u00f6stningar, unders\u00f6kningar, anslagstavlor och forum. Vi skickar ut nyhetsbrev till prenumeranterna enligt ett regelbundet schema (beroende p\u00e5 nyhetsbrevet) och skickar ibland ut specialutg\u00e5vor n\u00e4r vi tror att prenumeranterna kan vara s\u00e4rskilt intresserade av n\u00e5got vi g\u00f6r. Vi delar aldrig nyhetsbrevets s\u00e4ndlistor med n\u00e5gon tredje part, inklusive annons\u00f6rer, sponsorer eller partners.  <\/p>\n\n<p>N\u00e4r vi anv\u00e4nder sp\u00e5rningsinformation f\u00f6r att avg\u00f6ra vilka omr\u00e5den p\u00e5 v\u00e5ra webbplatser som anv\u00e4ndarna gillar och inte gillar baserat p\u00e5 trafiken till dessa omr\u00e5den. Vi sp\u00e5rar inte vad enskilda anv\u00e4ndare l\u00e4ser, utan snarare hur bra varje sida presterar totalt sett. Detta hj\u00e4lper oss att forts\u00e4tta bygga en b\u00e4ttre tj\u00e4nst f\u00f6r dig. Vi sp\u00e5rar s\u00f6ktermer som skrivs in i s\u00f6kfunktionen som ett av m\u00e5nga m\u00e5tt p\u00e5 vad som intresserar v\u00e5ra anv\u00e4ndare. Men vi sp\u00e5rar inte vilka termer en viss anv\u00e4ndare skriver in.    <\/p>\n\n<p>Vi skapar samlade rapporter om anv\u00e4ndarnas demografi och trafikm\u00f6nster f\u00f6r annons\u00f6rer, sponsorer och partners. Detta g\u00f6r det m\u00f6jligt f\u00f6r v\u00e5ra annons\u00f6rer att annonsera mer effektivt och f\u00f6r v\u00e5ra anv\u00e4ndare att f\u00e5 annonser som \u00e4r relevanta f\u00f6r deras behov. Eftersom vi inte sp\u00e5rar enskilda anv\u00e4ndares anv\u00e4ndningsm\u00f6nster kommer en annons\u00f6r eller sponsor aldrig att f\u00e5 veta att en viss anv\u00e4ndare har klickat p\u00e5 deras annons. Vi kommer inte att l\u00e4mna ut n\u00e5gon information om n\u00e5gon enskild anv\u00e4ndare f\u00f6rutom f\u00f6r att f\u00f6lja till\u00e4mplig lag eller giltig juridisk process eller f\u00f6r att skydda v\u00e5ra anv\u00e4ndares eller allm\u00e4nhetens personliga s\u00e4kerhet.   <\/p>\n\n<p><strong>DELNING AV INFORMATION<\/strong><\/p>\n\n<p>Vi anv\u00e4nder den ovan beskrivna informationen f\u00f6r att skr\u00e4ddarsy v\u00e5rt inneh\u00e5ll s\u00e5 att det passar dina behov och f\u00f6r att hj\u00e4lpa v\u00e5ra annons\u00f6rer att b\u00e4ttre f\u00f6rst\u00e5 v\u00e5r publiks demografi. Detta \u00e4r viktigt f\u00f6r att h\u00e5lla v\u00e5r tj\u00e4nst gratis. Vi kommer inte att dela information om enskilda anv\u00e4ndare med n\u00e5gon tredje part, f\u00f6rutom f\u00f6r att f\u00f6lja till\u00e4mplig lag eller giltig juridisk process eller f\u00f6r att skydda v\u00e5ra anv\u00e4ndares eller allm\u00e4nhetens personliga s\u00e4kerhet.  <\/p>\n\n<p><strong>S\u00c4KERHET<\/strong><\/p>\n\n<p>Vi driver s\u00e4kra datan\u00e4tverk som skyddas av brandv\u00e4ggar och l\u00f6senordsskyddssystem av branschstandard. V\u00e5r s\u00e4kerhets- och integritetspolicy granskas regelbundet och f\u00f6rb\u00e4ttras vid behov, och endast beh\u00f6riga personer har tillg\u00e5ng till den information som v\u00e5ra kunder tillhandah\u00e5ller. <\/p>\n\n<p><strong>DITT SAMTYCKE<\/strong><\/p>\n\n<p>Genom att anv\u00e4nda v\u00e5ra webbplatser samtycker du till insamling och anv\u00e4ndning av denna information. Om vi beslutar oss f\u00f6r att \u00e4ndra v\u00e5r integritetspolicy kommer vi att publicera dessa \u00e4ndringar p\u00e5 denna sida s\u00e5 att du alltid \u00e4r medveten om vilken information vi samlar in, hur vi anv\u00e4nder den och under vilka omst\u00e4ndigheter vi l\u00e4mnar ut den. <\/p>\n","protected":false},"excerpt":{"rendered":"<p>Integritetspolicy Den webbplats du bes\u00f6ker \u00e4gs och drivs av Green Building Europe. Din integritet p\u00e5 Internet \u00e4r av yttersta vikt f\u00f6r oss. P\u00e5 Green Building Europe vill vi g\u00f6ra din upplevelse online tillfredsst\u00e4llande och s\u00e4ker. Eftersom vi samlar in vissa [&hellip;]<\/p>\n","protected":false},"author":93,"featured_media":0,"parent":0,"menu_order":0,"comment_status":"closed","ping_status":"closed","template":"","meta":{"_uag_custom_page_level_css":"","site-sidebar-layout":"default","site-content-layout":"default","ast-site-content-layout":"default","site-content-style":"default","site-sidebar-style":"default","ast-global-header-display":"","ast-banner-title-visibility":"","ast-main-header-display":"","ast-hfb-above-header-display":"","ast-hfb-below-header-display":"","ast-hfb-mobile-header-display":"","site-post-title":"disabled","ast-breadcrumbs-content":"","ast-featured-img":"","footer-sml-layout":"","ast-disable-related-posts":"","theme-transparent-header-meta":"default","adv-header-id-meta":"","stick-header-meta":"default","header-above-stick-meta":"","header-main-stick-meta":"","header-below-stick-meta":"","astra-migrate-meta-layouts":"default","ast-page-background-enabled":"default","ast-page-background-meta":{"desktop":{"background-color":"var(--ast-global-color-4)","background-image":"","background-repeat":"repeat","background-position":"center center","background-size":"auto","background-attachment":"scroll","background-type":"","background-media":"","overlay-type":"","overlay-color":"","overlay-opacity":"","overlay-gradient":""},"tablet":{"background-color":"","background-image":"","background-repeat":"repeat","background-position":"center center","background-size":"auto","background-attachment":"scroll","background-type":"","background-media":"","overlay-type":"","overlay-color":"","overlay-opacity":"","overlay-gradient":""},"mobile":{"background-color":"","background-image":"","background-repeat":"repeat","background-position":"center center","background-size":"auto","background-attachment":"scroll","background-type":"","background-media":"","overlay-type":"","overlay-color":"","overlay-opacity":"","overlay-gradient":""}},"ast-content-background-meta":{"desktop":{"background-color":"var(--ast-global-color-5)","background-image":"","background-repeat":"repeat","background-position":"center center","background-size":"auto","background-attachment":"scroll","background-type":"","background-media":"","overlay-type":"","overlay-color":"","overlay-opacity":"","overlay-gradient":""},"tablet":{"background-color":"var(--ast-global-color-5)","background-image":"","background-repeat":"repeat","background-position":"center center","background-size":"auto","background-attachment":"scroll","background-type":"","background-media":"","overlay-type":"","overlay-color":"","overlay-opacity":"","overlay-gradient":""},"mobile":{"background-color":"var(--ast-global-color-5)","background-image":"","background-repeat":"repeat","background-position":"center center","background-size":"auto","background-attachment":"scroll","background-type":"","background-media":"","overlay-type":"","overlay-color":"","overlay-opacity":"","overlay-gradient":""}},"footnotes":""},"class_list":["post-57125","page","type-page","status-publish","hentry"],"uagb_featured_image_src":{"full":false,"thumbnail":false,"medium":false,"medium_large":false,"large":false,"1536x1536":false,"2048x2048":false},"uagb_author_info":{"display_name":"","author_link":"https:\/\/greenbuildingeurope.eu\/sv\/author\/"},"uagb_comment_info":0,"uagb_excerpt":"Integritetspolicy Den webbplats du bes\u00f6ker \u00e4gs och drivs av Green Building Europe. Din integritet p\u00e5 Internet \u00e4r av yttersta vikt f\u00f6r oss. P\u00e5 Green Building Europe vill vi g\u00f6ra din upplevelse online tillfredsst\u00e4llande och s\u00e4ker. Eftersom vi samlar in vissa [&hellip;]","_links":{"self":[{"href":"https:\/\/greenbuildingeurope.eu\/sv\/wp-json\/wp\/v2\/pages\/57125","targetHints":{"allow":["GET"]}}],"collection":[{"href":"https:\/\/greenbuildingeurope.eu\/sv\/wp-json\/wp\/v2\/pages"}],"about":[{"href":"https:\/\/greenbuildingeurope.eu\/sv\/wp-json\/wp\/v2\/types\/page"}],"author":[{"embeddable":true,"href":"https:\/\/greenbuildingeurope.eu\/sv\/wp-json\/wp\/v2\/users\/93"}],"replies":[{"embeddable":true,"href":"https:\/\/greenbuildingeurope.eu\/sv\/wp-json\/wp\/v2\/comments?post=57125"}],"version-history":[{"count":0,"href":"https:\/\/greenbuildingeurope.eu\/sv\/wp-json\/wp\/v2\/pages\/57125\/revisions"}],"wp:attachment":[{"href":"https:\/\/greenbuildingeurope.eu\/sv\/wp-json\/wp\/v2\/media?parent=57125"}],"curies":[{"name":"wp","href":"https:\/\/api.w.org\/{rel}","templated":true}]}}